{"id":48594,"date":"2019-07-11T12:17:36","date_gmt":"2019-07-11T16:17:36","guid":{"rendered":"https:\/\/www.ottawahospital.on.ca\/?page_id=48594"},"modified":"2019-07-16T16:27:54","modified_gmt":"2019-07-16T20:27:54","slug":"campus-riverside","status":"publish","type":"page","link":"https:\/\/www.ottawahospital.on.ca\/fr\/notre-modele-de-soins\/notre-equipe-de-professionnels-de-la-sante\/physiotherapie\/services-externes-de-readaptation\/campus-riverside\/","title":{"rendered":"Campus Riverside"},"content":{"rendered":"\n<p>Les\nphysioth\u00e9rapeutes du Campus Riverside sont sp\u00e9cialis\u00e9s dans la gestion de\ntroubles orthop\u00e9diques et chirurgicaux. Ils poss\u00e8dent plus de 30&nbsp;ann\u00e9es\nd\u2019exp\u00e9rience en tant que sp\u00e9cialistes et \u00e9ducateurs en r\u00e9adaptation. L\u2019\u00e9quipe\ninclut des physioth\u00e9rapeutes, des ergoth\u00e9rapeutes, des massoth\u00e9rapeutes, des\nkin\u00e9siologues, des assistants en r\u00e9adaptation et des assistants au\nphysioth\u00e9rapeute.<\/p>\n\n\n\n<p><strong>Physioth\u00e9rapie par p\u00e9riode de traitement au\nCampus Riverside de L\u2019H\u00f4pital d\u2019Ottawa<\/strong><\/p>\n\n\n\n<p><strong>Qu\u2019est-ce que la physioth\u00e9rapie par p\u00e9riode de\ntraitement?<\/strong><\/p>\n\n\n\n<p>Il s\u2019agit\nd\u2019un programme de qui vous permet de g\u00e9rer votre propre physioth\u00e9rapie pour la\ndur\u00e9e d\u2019une \u00ab&nbsp;p\u00e9riode de traitement&nbsp;\u00bb. Votre physioth\u00e9rapeute\n\u00e9valuera vos besoins et dressera avec vous un plan personnalis\u00e9 pour vous aider\n\u00e0 r\u00e9aliser vos objectifs<\/p>\n\n\n\n<p><strong>Qui a droit \u00e0 ces services?<\/strong><\/p>\n\n\n\n<p>Un m\u00e9decin\nou une infirmi\u00e8re praticienne doit pr\u00e9senter une demande de services (et donc\nfournir une ordonnance) ET le patient doit r\u00e9pondre \u00e0 au moins un des crit\u00e8res\nsuivants :<\/p>\n\n\n\n<ul class=\"wp-block-list\"><li>Avoir 19 ans ou moins.<\/li><li>Avoir 65 ans ou plus.<\/li><li>Avoir \u00e9t\u00e9 hospitalis\u00e9 en raison du probl\u00e8me de sant\u00e9 pr\u00e9cis\u00e9 dans l\u2019ordonnance.<\/li><li>\u00catre b\u00e9n\u00e9ficiaire du Programme ontarien de soutien aux personnes handicap\u00e9es ou du programme Ontario au travail.<\/li><\/ul>\n\n\n\n<p><strong>Combien les services co\u00fbtent-ils?<\/strong><\/p>\n\n\n\n<p>Les\npatients n\u2019ont pas \u00e0 payer pour ces services, qui sont couverts par le r\u00e9gime\nprovincial d\u2019assurance-sant\u00e9.<\/p>\n\n\n\n<p><strong>Services\nofferts et probl\u00e8mes de sant\u00e9 couverts par le programme :<\/strong><\/p>\n\n\n\n<ul class=\"wp-block-list\"><li>Blessure aigu\u00eb<\/li><li>R\u00e9adaptation \u00e0 la suite d\u2019une fracture<\/li><li>R\u00e9adaptation postop\u00e9ratoire<\/li><li>Douleur articulaire ou vert\u00e9brale<\/li><li>Arthrite<\/li><li>Probl\u00e8me d\u2019\u00e9quilibre ou de chute<\/li><\/ul>\n\n\n\n<p><strong>O\u00f9\nfaut-il appeler pour obtenir un rendez-vous?<\/strong><\/p>\n\n\n\n<p>Appelez au 613-738-8208 ou allez directement sur place pour obtenir un rendez-vous. Vous avez le choix d\u2019envoyer la demande de services par t\u00e9l\u00e9copieur au 613-738-8431 ou par courriel (si vous pouvez la num\u00e9riser) \u00e0 <a href=\"mailto:rivrehabdept@lho.ca\">rivrehabdept@lho.ca<\/a> avant votre rendez-vous ou de l\u2019apporter le jour du rendez-vous.<\/p>\n\n\n\n<p><a href=\"https:\/\/www.ottawahospital.on.ca\/en\/documents\/2019\/07\/hea-54-referral-form.pdf\/\">HEA 54 Referral Form<\/a><\/p>\n\n\n\n<p><strong>Clinique\nexterne de r\u00e9adaptation de L\u2019H\u00f4pital d\u2019Ottawa (Campus Riverside)<\/strong><\/p>\n\n\n\n<p>Voici un\naper\u00e7u des services sp\u00e9cialis\u00e9s offerts&nbsp;:<\/p>\n\n\n\n<ul class=\"wp-block-list\"><li>R\u00e9adaptation postop\u00e9ratoire<\/li><li>R\u00e9adaptation d\u2019une fracture<\/li><li>Th\u00e9rapie de la main (par ergoth\u00e9rapeute)<\/li><li>Orth\u00e8se sur mesure<\/li><li>R\u00e9adaptation apr\u00e8s un traumatisme<\/li><\/ul>\n\n\n\n<p>Nous\nn\u2019offrons pas de service pour traiter les probl\u00e8mes suivants&nbsp;:<\/p>\n\n\n\n<ul class=\"wp-block-list\"><li>Blessure de tissus mous<\/li><li>Blessure subaigu\u00eb ou chronique (remontant \u00e0 plus de six semaines)<\/li><li>R\u00e9adaptation apr\u00e8s une chirurgie non urgente<\/li><li>R\u00e9adaptation du plancher pelvien<\/li><\/ul>\n\n\n\n<p>Que faut-il\nfaire pour obtenir un rendez-vous?<\/p>\n\n\n\n<p>Demandez \u00e0 votre m\u00e9decin de remplir une demande de services en votre nom. Vous pouvez ensuite nous l\u2019envoyer par t\u00e9l\u00e9copieur au 613-738-8431 ou par courriel (si vous pouvez la num\u00e9riser) \u00e0 <a href=\"mailto:rivrehabdept@lho.ca\">rivrehabdept@lho.ca<\/a> ou nous l\u2019apporter en personne. Nous traitons les demandes par ordre de r\u00e9ception.<\/p>\n\n\n\n<p><a href=\"https:\/\/www.ottawahospital.on.ca\/en\/documents\/2019\/07\/rhb-15-referral.pdf\/\">Riverside referral \u2013 RHB 15 referral Oct 2015\ufeff<\/a><\/p>\n","protected":false},"excerpt":{"rendered":"<p>Les physioth\u00e9rapeutes du Campus Riverside sont sp\u00e9cialis\u00e9s dans la gestion de troubles orthop\u00e9diques et chirurgicaux. Ils poss\u00e8dent plus de 30&nbsp;ann\u00e9es d\u2019exp\u00e9rience en tant que sp\u00e9cialistes et \u00e9ducateurs en r\u00e9adaptation. L\u2019\u00e9quipe inclut des physioth\u00e9rapeutes, des ergoth\u00e9rapeutes, des massoth\u00e9rapeutes, des kin\u00e9siologues, des assistants en r\u00e9adaptation et des assistants au physioth\u00e9rapeute. Physioth\u00e9rapie par p\u00e9riode de traitement au Campus [&hellip;]<\/p>\n","protected":false},"author":25,"featured_media":0,"parent":7058,"menu_order":0,"comment_status":"closed","ping_status":"closed","template":"","meta":{"_acf_changed":false,"_mc_calendar":[],"footnotes":""},"class_list":["post-48594","page","type-page","status-publish","hentry"],"acf":[],"wps_subtitle":"","_links":{"self":[{"href":"https:\/\/www.ottawahospital.on.ca\/fr\/wp-json\/wp\/v2\/pages\/48594","targetHints":{"allow":["GET"]}}],"collection":[{"href":"https:\/\/www.ottawahospital.on.ca\/fr\/wp-json\/wp\/v2\/pages"}],"about":[{"href":"https:\/\/www.ottawahospital.on.ca\/fr\/wp-json\/wp\/v2\/types\/page"}],"author":[{"embeddable":true,"href":"https:\/\/www.ottawahospital.on.ca\/fr\/wp-json\/wp\/v2\/users\/25"}],"replies":[{"embeddable":true,"href":"https:\/\/www.ottawahospital.on.ca\/fr\/wp-json\/wp\/v2\/comments?post=48594"}],"version-history":[{"count":0,"href":"https:\/\/www.ottawahospital.on.ca\/fr\/wp-json\/wp\/v2\/pages\/48594\/revisions"}],"up":[{"embeddable":true,"href":"https:\/\/www.ottawahospital.on.ca\/fr\/wp-json\/wp\/v2\/pages\/7058"}],"wp:attachment":[{"href":"https:\/\/www.ottawahospital.on.ca\/fr\/wp-json\/wp\/v2\/media?parent=48594"}],"curies":[{"name":"wp","href":"https:\/\/api.w.org\/{rel}","templated":true}]}}