{"id":48591,"date":"2019-07-11T10:59:24","date_gmt":"2019-07-11T14:59:24","guid":{"rendered":"https:\/\/www.ottawahospital.on.ca\/?page_id=48591"},"modified":"2019-07-11T10:59:45","modified_gmt":"2019-07-11T14:59:45","slug":"services-de-readaptation-aux-patients-hospitalises","status":"publish","type":"page","link":"https:\/\/www.ottawahospital.on.ca\/fr\/notre-modele-de-soins\/notre-equipe-de-professionnels-de-la-sante\/physiotherapie\/services-de-readaptation-aux-patients-hospitalises\/","title":{"rendered":"Services de r\u00e9adaptation aux patients hospitalis\u00e9s"},"content":{"rendered":"\n<p>Les patients qui ont encore besoin de services de\nphysioth\u00e9rapie avant de rentrer chez eux peuvent \u00eatre r\u00e9f\u00e9r\u00e9s \u00e0 un programme de\nr\u00e9adaptation pour patients hospitalis\u00e9s.<\/p>\n\n\n\n<p>Il faut alors pr\u00e9senter une\ndemande de services pour faire \u00e9valuer l\u2019admissibilit\u00e9 d\u2019un patient au\nprogramme de r\u00e9adaptation le mieux adapt\u00e9 \u00e0 ses besoins dans la r\u00e9gion d\u2019Ottawa.<\/p>\n\n\n\n<p>L\u2019H\u00f4pital d\u2019Ottawa offre certains services de\nr\u00e9adaptation au Centre de r\u00e9adaptation situ\u00e9 au Campus G\u00e9n\u00e9ral (505,\nchemin&nbsp;Smyth). Les patients peuvent y \u00eatre r\u00e9f\u00e9r\u00e9s en fonction de leurs\nbesoins. <\/p>\n\n\n\n<h2 class=\"wp-block-heading\"><strong>Centre de r\u00e9adaptation de\nL\u2019H\u00f4pital d\u2019Ottawa<\/strong><\/h2>\n\n\n\n<p>Les patients qui ont besoin\nd\u2019une r\u00e9adaptation intensive d\u2019une dur\u00e9e prolong\u00e9e peuvent \u00eatre r\u00e9f\u00e9r\u00e9s au\nCentre de r\u00e9adaptation de L\u2019H\u00f4pital d\u2019Ottawa. Son personnel sp\u00e9cialis\u00e9 en\nphysioth\u00e9rapie travaille en \u00e9quipe interdisciplinaire pour offrir des soins\ndans le cadre des quatre programmes suivants&nbsp;: <\/p>\n\n\n\n<ul class=\"wp-block-list\"><li>Troubles locomoteurs<\/li><li>Troubles neuromusculaires<\/li><li>Troubles neurocognitifs <\/li><li>Troubles orthop\u00e9diques\n(patients externes)<\/li><\/ul>\n\n\n\n<p>Le personnel du Centre de\nr\u00e9adaptation aide notamment des gens qui ont une amputation, une maladie\npulmonaire chronique, des troubles orthop\u00e9diques complexes, des br\u00fblures, une\nmaladie ou blessure neurologique (comme une l\u00e9sion de la moelle \u00e9pini\u00e8re, un\nAVC ou la scl\u00e9rose en plaques) et une l\u00e9sion c\u00e9r\u00e9brale acquise ou traumatique. Pour\nen savoir davantage sur le Centre de r\u00e9adaptation, consultez son <a href=\"https:\/\/www.ottawahospital.on.ca\/en\/clinical-services\/deptpgrmcs\/departments\/rehabilitation-centre\/\">site Web<\/a>.<\/p>\n\n\n\n<p>Il faut d\u2019abord pr\u00e9senter\nune demande de services pour faire \u00e9valuer l\u2019admissibilit\u00e9 d\u2019un patient aux\ndivers programmes de traitement. Chaque patient en attente d\u2019une admission est \u00e9valu\u00e9\npar un clinicien ou un m\u00e9decin (physiatre) sp\u00e9cialis\u00e9 en r\u00e9adaptation qui\nd\u00e9terminera si le personnel peut r\u00e9pondre \u00e0 ses besoins sp\u00e9cifiques et l\u2019aider\n\u00e0 atteindre ses objectifs en mati\u00e8re de r\u00e9adaptation.<\/p>\n\n\n\n<h2 class=\"wp-block-heading\"><strong>Unit\u00e9\nde r\u00e9adaptation \u00e0 court terme<\/strong><\/h2>\n\n\n\n<p>L\u2019Unit\u00e9 de r\u00e9adaptation \u00e0 court terme met l\u2019accent sur l\u2019\u00e9valuation et\nle traitement des patients qui ont besoin d\u2019une r\u00e9adaptation intensive \u00e0 court\nterme (trois semaines ou moins) en milieu hospitalier \u00e0 la suite d\u2019une\nchirurgie ou d\u2019une maladie afin d\u2019accro\u00eetre leur autonomie au quotidien.<\/p>\n\n\n\n<p>L\u2019\u00e9quipe m\u00e9dicale de l\u2019unit\u00e9 de soins actifs du patient doit d\u2019abord transmettre\nune demande de services. Un clinicien sp\u00e9cialis\u00e9 en r\u00e9adaptation de notre \u00e9quipe\nde triage \u00e9valuera ensuite le patient pour d\u00e9terminer si la r\u00e9adaptation \u00e0\ncourt terme peut r\u00e9pondre \u00e0 ses besoins et l\u2019aider \u00e0 atteindre ses objectifs en\nmati\u00e8re de r\u00e9adaptation. <\/p>\n\n\n\n<p>Cette\nunit\u00e9 est situ\u00e9e au Centre de r\u00e9adaptation de L\u2019H\u00f4pital d\u2019Ottawa. <\/p>\n","protected":false},"excerpt":{"rendered":"<p>Les patients qui ont encore besoin de services de physioth\u00e9rapie avant de rentrer chez eux peuvent \u00eatre r\u00e9f\u00e9r\u00e9s \u00e0 un programme de r\u00e9adaptation pour patients hospitalis\u00e9s. Il faut alors pr\u00e9senter une demande de services pour faire \u00e9valuer l\u2019admissibilit\u00e9 d\u2019un patient au programme de r\u00e9adaptation le mieux adapt\u00e9 \u00e0 ses besoins dans la r\u00e9gion d\u2019Ottawa. L\u2019H\u00f4pital [&hellip;]<\/p>\n","protected":false},"author":25,"featured_media":0,"parent":7023,"menu_order":2,"comment_status":"closed","ping_status":"closed","template":"","meta":{"_acf_changed":false,"_mc_calendar":[],"footnotes":""},"class_list":["post-48591","page","type-page","status-publish","hentry"],"acf":[],"wps_subtitle":"","_links":{"self":[{"href":"https:\/\/www.ottawahospital.on.ca\/fr\/wp-json\/wp\/v2\/pages\/48591","targetHints":{"allow":["GET"]}}],"collection":[{"href":"https:\/\/www.ottawahospital.on.ca\/fr\/wp-json\/wp\/v2\/pages"}],"about":[{"href":"https:\/\/www.ottawahospital.on.ca\/fr\/wp-json\/wp\/v2\/types\/page"}],"author":[{"embeddable":true,"href":"https:\/\/www.ottawahospital.on.ca\/fr\/wp-json\/wp\/v2\/users\/25"}],"replies":[{"embeddable":true,"href":"https:\/\/www.ottawahospital.on.ca\/fr\/wp-json\/wp\/v2\/comments?post=48591"}],"version-history":[{"count":0,"href":"https:\/\/www.ottawahospital.on.ca\/fr\/wp-json\/wp\/v2\/pages\/48591\/revisions"}],"up":[{"embeddable":true,"href":"https:\/\/www.ottawahospital.on.ca\/fr\/wp-json\/wp\/v2\/pages\/7023"}],"wp:attachment":[{"href":"https:\/\/www.ottawahospital.on.ca\/fr\/wp-json\/wp\/v2\/media?parent=48591"}],"curies":[{"name":"wp","href":"https:\/\/api.w.org\/{rel}","templated":true}]}}