{"id":48551,"date":"2019-07-10T10:46:42","date_gmt":"2019-07-10T14:46:42","guid":{"rendered":"https:\/\/www.ottawahospital.on.ca\/?page_id=48551"},"modified":"2025-07-09T10:09:21","modified_gmt":"2025-07-09T14:09:21","slug":"paul-davidson","status":"publish","type":"page","link":"https:\/\/www.ottawahospital.on.ca\/fr\/about-us\/notre-equipe-de-direction\/conseil-des-gouverneurs\/membres-du-conseil\/paul-davidson\/","title":{"rendered":"Paul Davidson"},"content":{"rendered":"<div class=\"wp-caption alignleft\" style=\"width: 145px;\"><img decoding=\"async\" class=\"img-responsive\" src=\"https:\/\/www.ottawahospital.on.ca\/wp-content\/uploads\/2019\/07\/Paul-Davidson-Profile.jpg\" alt=\"Paul Davidson\" \/><\/p>\n<p class=\"wp-caption-text\"><strong>Paul Davidson<\/strong><\/p>\n<p><span class=\"TextRun SCXW41818264 BCX0\" lang=\"FR-CA\" xml:lang=\"FR-CA\" data-contrast=\"auto\"><span class=\"NormalTextRun SCXW41818264 BCX0\">Vice-pr\u00e9sident<\/span><span class=\"NormalTextRun SCXW41818264 BCX0\">, Conseil des gouverneurs, <span class=\"NormalTextRun SCXW179217542 BCX0\">Vice-pr\u00e9sident, l\u2019Institut de recherche de l\u2019<\/span><span class=\"NormalTextRun SpellingErrorV2Themed SCXW179217542 BCX0\">Hopital<\/span><span class=\"NormalTextRun SCXW179217542 BCX0\"> d\u2019Ottawa<\/span><\/span><\/span><\/p>\n<\/div>\n<p><span data-contrast=\"none\">Pendant plus de 30 ans, Paul Davidson a occup\u00e9 des postes de direction au sein du gouvernement ainsi que dans les secteurs priv\u00e9 et b\u00e9n\u00e9vole.<\/span><span data-ccp-props=\"{&quot;201341983&quot;:0,&quot;335559739&quot;:160,&quot;335559740&quot;:259}\">\u00a0<\/span><\/p>\n<p><span data-contrast=\"none\">En mai 2009, il a int\u00e9gr\u00e9 Universit\u00e9s Canada au poste de pr\u00e9sident-directeur g\u00e9n\u00e9ral. Universit\u00e9s Canada est le porte-parole des universit\u00e9s canadiennes au pays et \u00e0 l\u2019\u00e9tranger. En plus d\u2019augmenter le financement octroy\u00e9 \u00e0 la recherche, M<\/span><span data-contrast=\"none\">r <\/span><span data-contrast=\"none\">Davidson a r\u00e9ussi \u00e0 accro\u00eetre les ressources consacr\u00e9es \u00e0 l\u2019apprentissage int\u00e9gr\u00e9 au travail et \u00e0 des d\u00e9bouch\u00e9s \u00e0 l\u2019\u00e9tranger pour les \u00e9tudiants. Il a aussi plaid\u00e9 en faveur d\u2019accorder une plus grande attention aux questions d\u2019acc\u00e8s \u00e0 l\u2019\u00e9ducation et de r\u00e9ussite scolaire des \u00e9tudiants autochtones.<\/span><span data-ccp-props=\"{&quot;201341983&quot;:0,&quot;335559739&quot;:160,&quot;335559740&quot;:259}\">\u00a0<\/span><\/p>\n<p><span data-contrast=\"none\">Avant de se joindre \u00e0 Universit\u00e9s Canada, M<\/span><span data-contrast=\"none\">r<\/span><span data-contrast=\"none\"> Davidson a exerc\u00e9 les fonctions de directeur g\u00e9n\u00e9ral d\u2019Entraide universitaire mondiale du Canada (EUMC).<\/span><span data-ccp-props=\"{&quot;201341983&quot;:0,&quot;335559739&quot;:160,&quot;335559740&quot;:259}\">\u00a0<\/span><\/p>\n<p><span data-contrast=\"none\">M<\/span><span data-contrast=\"none\">r<\/span><span data-contrast=\"none\"> Davidson a aussi occup\u00e9 des postes de direction dans des maisons d\u2019\u00e9dition canadiennes, dont 5 ann\u00e9es comme directeur g\u00e9n\u00e9ral de l\u2019<\/span><i><span data-contrast=\"none\">Association of Canadian Publishers<\/span><\/i><span data-contrast=\"none\">. Au d\u00e9but des ann\u00e9es 1990, M<\/span><span data-contrast=\"none\">r <\/span><span data-contrast=\"none\">Davidson a dirig\u00e9 le bureau torontois d\u2019une \u00e9minente compagnie de relations gouvernementales, apr\u00e8s avoir \u00e9t\u00e9 conseiller politique du chef de l\u2019opposition, du tr\u00e9sorier et du vice-premier ministre de l\u2019Ontario.<\/span><span data-ccp-props=\"{&quot;201341983&quot;:0,&quot;335559739&quot;:160,&quot;335559740&quot;:259}\">\u00a0<\/span><\/p>\n<p><span data-contrast=\"none\">Paul Davidson et son \u00e9pouse Elly Vandenberg ont trois gar\u00e7ons d\u2019\u00e2ge adulte.<\/span><span data-ccp-props=\"{&quot;201341983&quot;:0,&quot;335559739&quot;:160,&quot;335559740&quot;:259}\">\u00a0<\/span><\/p>\n<p><i><span data-contrast=\"auto\">Nomm\u00e9 de 2019 \u00e0 2025.<\/span><\/i><span data-ccp-props=\"{&quot;201341983&quot;:0,&quot;335559739&quot;:160,&quot;335559740&quot;:257}\">\u00a0<\/span><\/p>\n","protected":false},"excerpt":{"rendered":"<p>Paul Davidson Vice-pr\u00e9sident, Conseil des gouverneurs, Vice-pr\u00e9sident, l\u2019Institut de recherche de l\u2019Hopital d\u2019Ottawa Pendant plus de 30 ans, Paul Davidson a occup\u00e9 des postes de direction au sein du gouvernement ainsi que dans les secteurs priv\u00e9 et b\u00e9n\u00e9vole.\u00a0 En mai 2009, il a int\u00e9gr\u00e9 Universit\u00e9s Canada au poste de pr\u00e9sident-directeur g\u00e9n\u00e9ral. Universit\u00e9s Canada est le [&hellip;]<\/p>\n","protected":false},"author":25,"featured_media":0,"parent":4561,"menu_order":3,"comment_status":"closed","ping_status":"closed","template":"","meta":{"_acf_changed":false,"_mc_calendar":[],"footnotes":""},"class_list":["post-48551","page","type-page","status-publish","hentry"],"acf":[],"wps_subtitle":"","_links":{"self":[{"href":"https:\/\/www.ottawahospital.on.ca\/fr\/wp-json\/wp\/v2\/pages\/48551","targetHints":{"allow":["GET"]}}],"collection":[{"href":"https:\/\/www.ottawahospital.on.ca\/fr\/wp-json\/wp\/v2\/pages"}],"about":[{"href":"https:\/\/www.ottawahospital.on.ca\/fr\/wp-json\/wp\/v2\/types\/page"}],"author":[{"embeddable":true,"href":"https:\/\/www.ottawahospital.on.ca\/fr\/wp-json\/wp\/v2\/users\/25"}],"replies":[{"embeddable":true,"href":"https:\/\/www.ottawahospital.on.ca\/fr\/wp-json\/wp\/v2\/comments?post=48551"}],"version-history":[{"count":0,"href":"https:\/\/www.ottawahospital.on.ca\/fr\/wp-json\/wp\/v2\/pages\/48551\/revisions"}],"up":[{"embeddable":true,"href":"https:\/\/www.ottawahospital.on.ca\/fr\/wp-json\/wp\/v2\/pages\/4561"}],"wp:attachment":[{"href":"https:\/\/www.ottawahospital.on.ca\/fr\/wp-json\/wp\/v2\/media?parent=48551"}],"curies":[{"name":"wp","href":"https:\/\/api.w.org\/{rel}","templated":true}]}}