{"id":4825,"date":"2016-11-08T11:28:02","date_gmt":"2016-11-08T16:28:02","guid":{"rendered":"http:\/\/52.229.122.34\/fr\/?page_id=4825"},"modified":"2016-11-08T11:28:02","modified_gmt":"2016-11-08T16:28:02","slug":"objets-a-apporter","status":"publish","type":"page","link":"https:\/\/www.ottawahospital.on.ca\/fr\/patients-et-visiteurs\/sejour-a-lhopital\/objets-a-apporter\/","title":{"rendered":"Objets \u00e0 apporter"},"content":{"rendered":"<p>Puisque l&rsquo;espace de rangement est limit\u00e9, on vous demande d&rsquo;apporter seulement quelques articles personnels :<\/p>\n<ul>\n<li>pyjama ou jaquette (l&rsquo;H\u00f4pital vous fournira une jaquette bleue pour patients)<\/li>\n<li>robe de chambre, pantoufles et sous-v\u00eatements<\/li>\n<li>articles de toilette : peigne, brosse \u00e0 cheveux, brosse \u00e0 dents et dentifrice, savon, d\u00e9sodorisant, shampooing, trousse de rasage, etc.<\/li>\n<li>autres objets personnels comme vos lunettes ou votre appareil auditif.<\/li>\n<\/ul>\n<h2>Ce que vous pouvez apporter \u00e0 l\u2019H\u00f4pital<\/h2>\n<ul>\n<li>Appareils \u00e0 piles comme un rasoir, une lampe ou une radio avec \u00e9couteurs.<\/li>\n<li>S\u00e9choir \u00e0 cheveux (de moins de 800 watts) ou un fer \u00e0 friser, mais vous ne pouvez pas les utiliser au lit ou quand vous \u00eates seul dans la chambre.<\/li>\n<li>Petite somme d\u2019argent pour les achats personnels (journal, location de t\u00e9l\u00e9viseur\u2026)<\/li>\n<\/ul>\n<h2>Ce que vous ne pouvez pas apporter \u00e0 l\u2019H\u00f4pital<\/h2>\n<ul>\n<li>Tout appareil \u00e9lectrique qui consomme plus que 800 watts est interdit.<\/li>\n<li>Tout appareil aliment\u00e9 au butane ou \u00e0 tout autre gaz est interdit.<\/li>\n<li>Bijoux. On vous demandera d&rsquo;enlever tous vos bijoux, y compris les bagues, les cha\u00eenes, les bijoux de per\u00e7age, etc.<\/li>\n<li>Tout adaptateur, chargeur et t\u00e9l\u00e9phone cellulaire est interdit.<\/li>\n<li>Interdit\u00a0: machine \u00e0 caf\u00e9, ventilateur, humidificateur, s\u00e9choir \u00e0 cheveux de plus de 800 watts, t\u00e9l\u00e9viseur personnel, t\u00e9l\u00e9copieur.<\/li>\n<li>Tout appareil dont le connecteur \u00e9lectrique a \u00e9t\u00e9 modifi\u00e9 ou endommag\u00e9 (p. ex. contact de mise \u00e0 la terre retir\u00e9) est interdit.<\/li>\n<li>Sommes d&rsquo;argent importantes, cartes de cr\u00e9dit, documents importants. Si ce n&rsquo;est pas possible, il y des coffres au Service de s\u00e9curit\u00e9 o\u00f9 vous pouvez laisser ces objets de valeur.<\/li>\n<\/ul>\n<h2>M\u00e9dicaments<\/h2>\n<p>Si vous avez apport\u00e9 des m\u00e9dicaments (avec et sans ordonnance, et tout produit \u00e0 base d&rsquo;herbes m\u00e9dicinales) que vous prenez pr\u00e9sentement de fa\u00e7on r\u00e9guli\u00e8re, remettez-les \u00e0 l&rsquo;infirmi\u00e8re ou au m\u00e9decin qui s&rsquo;occupe de votre admission. Un parent ou un ami pourra alors rapporter vos m\u00e9dicaments chez vous. Si ce n&rsquo;est pas possible, on gardera le m\u00e9dicament pour vous jusqu&rsquo;\u00e0 votre d\u00e9part de l&rsquo;H\u00f4pital. N&rsquo;oubliez pas de demander votre m\u00e9dicament quand on vous dira que vous quitterez l&rsquo;h\u00f4pital. Ne prenez aucun de vos propres m\u00e9dicaments pendant que vous \u00eates \u00e0 l&rsquo;H\u00f4pital \u00e0 moins que votre m\u00e9decin, votre pharmacien ou votre infirmi\u00e8re ne vous demande de le faire.<\/p>\n<h2>Objets de valeur<\/h2>\n<p>L\u2019H\u00f4pital d\u2019Ottawa n\u2019est aucunement responsable des objets de valeur perdus ou vol\u00e9s. Nous encourageons les patients \u00e0 laisser leurs appareils \u00e9lectroniques \u00e0 la maison ou \u00e0 les confier \u00e0 un membre de la famille ou un ami pour les garder dans un endroit s\u00e9curitaire. Les patients peuvent d\u00e9poser leurs objets de valeur dans un coffret de s\u00fbret\u00e9 \u00e0 notre bureau de la s\u00e9curit\u00e9. Les objets y resteront pendant tout leur s\u00e9jour \u00e0 l&rsquo;h\u00f4pital. Veuillez appeler le bureau de la s\u00e9curit\u00e9 ou demander plus de renseignements \u00e0 un membre de votre cercle de soins.<\/p>\n<p><strong>Campus Civic :\u00a0<\/strong><br \/>\n613-761-4888<\/p>\n<p><strong>Campus G\u00e9n\u00e9ral :<\/strong><br \/>\n613-737-8899, poste 72003<\/p>\n","protected":false},"excerpt":{"rendered":"<p>Puisque l&rsquo;espace de rangement est limit\u00e9, on vous demande d&rsquo;apporter seulement quelques articles personnels : pyjama ou jaquette (l&rsquo;H\u00f4pital vous fournira une jaquette bleue pour patients) robe de chambre, pantoufles et sous-v\u00eatements articles de toilette : peigne, brosse \u00e0 cheveux, brosse \u00e0 dents et dentifrice, savon, d\u00e9sodorisant, shampooing, trousse de rasage, etc. autres objets personnels [&hellip;]<\/p>\n","protected":false},"author":25,"featured_media":0,"parent":225,"menu_order":2,"comment_status":"closed","ping_status":"closed","template":"","meta":{"_acf_changed":false,"_mc_calendar":[],"footnotes":""},"class_list":["post-4825","page","type-page","status-publish","hentry"],"acf":[],"wps_subtitle":"","_links":{"self":[{"href":"https:\/\/www.ottawahospital.on.ca\/fr\/wp-json\/wp\/v2\/pages\/4825","targetHints":{"allow":["GET"]}}],"collection":[{"href":"https:\/\/www.ottawahospital.on.ca\/fr\/wp-json\/wp\/v2\/pages"}],"about":[{"href":"https:\/\/www.ottawahospital.on.ca\/fr\/wp-json\/wp\/v2\/types\/page"}],"author":[{"embeddable":true,"href":"https:\/\/www.ottawahospital.on.ca\/fr\/wp-json\/wp\/v2\/users\/25"}],"replies":[{"embeddable":true,"href":"https:\/\/www.ottawahospital.on.ca\/fr\/wp-json\/wp\/v2\/comments?post=4825"}],"version-history":[{"count":0,"href":"https:\/\/www.ottawahospital.on.ca\/fr\/wp-json\/wp\/v2\/pages\/4825\/revisions"}],"up":[{"embeddable":true,"href":"https:\/\/www.ottawahospital.on.ca\/fr\/wp-json\/wp\/v2\/pages\/225"}],"wp:attachment":[{"href":"https:\/\/www.ottawahospital.on.ca\/fr\/wp-json\/wp\/v2\/media?parent=4825"}],"curies":[{"name":"wp","href":"https:\/\/api.w.org\/{rel}","templated":true}]}}