{"id":4809,"date":"2016-11-08T11:11:29","date_gmt":"2016-11-08T16:11:29","guid":{"rendered":"http:\/\/52.229.122.34\/fr\/?page_id=4809"},"modified":"2026-03-27T13:09:39","modified_gmt":"2026-03-27T17:09:39","slug":"heures-et-politiques-de-visite","status":"publish","type":"page","link":"https:\/\/www.ottawahospital.on.ca\/fr\/patients-et-visiteurs\/visites-a-lhopital\/heures-et-politiques-de-visite\/","title":{"rendered":"Heures et politiques de visite"},"content":{"rendered":"<h2>Information pour les patients et les visiteurs de L\u2019H\u00f4pital d\u2019Ottawa<\/h2>\n<p>La COVID-19 et d\u2019autres maladies respiratoires demeurent bien pr\u00e9sentes dans notre collectivit\u00e9. Veuillez continuer de suivre les recommandations de sant\u00e9 publique pour la s\u00e9curit\u00e9 de tous \u2013 vous-m\u00eame, vos proches et le public.<\/p>\n<p>Si les responsables de la sant\u00e9 publique vous ont demand\u00e9 de vous isoler ou si vous devez le faire en vertu de lignes directrices f\u00e9d\u00e9rales sur les voyages, nous vous prions de ne pas venir \u00e0 L\u2019H\u00f4pital d\u2019Ottawa.<\/p>\n<p>Si vous avez des sympt\u00f4mes de COVID-19 ou de grippe qui s\u2019aggravent, prenez un rendez-vous \u00e0 un <a href=\"https:\/\/www.santepubliqueottawa.ca\/fr\/shared-content\/assessment-centres.aspx\">centre d&rsquo;\u00e9valuation de la COVID-19<\/a> pr\u00e8s de chez vous. Ne vous pr\u00e9sentez pas \u00e0 l\u2019Urgence, sauf s\u2019il s\u2019agit d\u2019une urgence m\u00e9dicale.<\/p>\n<p>En cas d\u2019urgence m\u00e9dicale, appelez le 911 ou pr\u00e9sentez-vous \u00e0 l\u2019Urgence la plus pr\u00e8s de chez vous.<\/p>\n<h2>Visiteurs \u00e0 l\u2019H\u00f4pital<\/h2>\n<p><strong>L\u2019H\u00f4pital d\u2019Ottawa\u00a0accepte en ce moment les visiteurs, conform\u00e9ment\u00a0\u00e0\u00a0sa politique sur les visiteurs et la pr\u00e9sence\u00a0de la famille.<\/strong><\/p>\n<p>La politique encourage les patients, les familles et les \u00e9quipes soignantes \u00e0 d\u00e9cider du nombre de personnes pouvant \u00eatre pr\u00e9sentes \u00e0 tout moment.<\/p>\n<div id=\"accordion\" class=\"panel-group\">\n<div class=\"panel panel-default\">\n<div class=\"panel-heading\">\n<h4 class=\"panel-title\"><a href=\"#collapse2\" data-toggle=\"collapse\" data-parent=\"#accordion\" aria-expanded=\"false\">Faut-il prendre un rendez-vous pour visiter un patient hospitalis\u00e9?<\/a><\/h4>\n<\/div>\n<div id=\"collapse2\" class=\"panel-collapse collapse\" aria-expanded=\"false\">\n<div class=\"panel-body\">\n<p>Non.<\/p>\n<\/div>\n<\/div>\n<\/div>\n<div class=\"panel panel-default\">\n<div class=\"panel-heading\">\n<h4 class=\"panel-title\"><a href=\"#collapse4\" data-toggle=\"collapse\" data-parent=\"#accordion\" aria-expanded=\"false\">Quelles sont les heures de visite?<\/a><\/h4>\n<\/div>\n<div id=\"collapse4\" class=\"panel-collapse collapse\" aria-expanded=\"false\">\n<div class=\"panel-body\">\n<p>La pr\u00e9sente politique ne d\u00e9finit pas les heures de visite, et les proches de patients sont les bienvenus \u00e0 L\u2019H\u00f4pital d\u2019Ottawa aux heures qui conviennent davantage aux patients apr\u00e8s concertation avec les \u00e9quipes soignantes.<\/p>\n<\/div>\n<\/div>\n<\/div>\n<div class=\"panel panel-default\">\n<div class=\"panel-heading\">\n<h4 class=\"panel-title\"><a href=\"#collapse5\" data-toggle=\"collapse\" data-parent=\"#accordion\" aria-expanded=\"false\">Peut-on accompagner une personne \u00e0 un rendez-vous en clinique externe?<\/a><\/h4>\n<\/div>\n<div id=\"collapse5\" class=\"panel-collapse collapse\" aria-expanded=\"false\">\n<div class=\"panel-body\">\n<p>Oui.<\/p>\n<\/div>\n<\/div>\n<\/div>\n<div class=\"panel panel-default\">\n<div class=\"panel-heading\">\n<h4 class=\"panel-title\"><a href=\"#collapse6\" data-toggle=\"collapse\" data-parent=\"#accordion\" aria-expanded=\"false\">Les patients, les visiteurs et les partenaires de soins essentiels sont-ils tenus de porter un masque dans l\u2019h\u00f4pital?<\/a><\/h4>\n<\/div>\n<div id=\"collapse6\" class=\"panel-collapse collapse\" aria-expanded=\"false\">\n<div class=\"panel-body\">\n<p>Le port du masque est facultatif dans tout l\u2019h\u00f4pital, mais obligatoire :<\/p>\n<ul>\n<li>pour tout patient se rendant \u00e0 un rendez-vous, et toute personne pr\u00e9sentant des sympt\u00f4mes ou devant porter un masque \u00e0 la suite d\u2019un test de d\u00e9pistage.<\/li>\n<li>dans les chambres, selon les mesures de pr\u00e9caution propres \u00e0 chaque patient.<\/li>\n<li>dans les unit\u00e9s vis\u00e9es par l\u2019\u00e9closion d\u2019une maladie respiratoire.<\/li>\n<\/ul>\n<p>Les personnes qui le souhaitent peuvent aussi porter un masque tout le temps o\u00f9 elles se trouvent \u00e0 l\u2019h\u00f4pital.<\/p>\n<\/div>\n<\/div>\n<\/div>\n<div class=\"panel panel-default\">\n<div class=\"panel-heading\">\n<h4 class=\"panel-title\"><a href=\"#collapse7\" data-toggle=\"collapse\" data-parent=\"#accordion\" aria-expanded=\"false\">Qu\u2019est-ce qu\u2019un partenaire de soins essentiels?<\/a><\/h4>\n<\/div>\n<div id=\"collapse7\" class=\"panel-collapse collapse\" aria-expanded=\"false\">\n<div class=\"panel-body\">\n<p>Un partenaire de soins essentiels n\u2019est pas un visiteur. Un partenaire de soins essentiels est une personne de soutien dont la pr\u00e9sence est jug\u00e9e essentielle \u00e0 la s\u00e9curit\u00e9 et au bien-\u00eatre d\u2019un patient \u00e0 l\u2019h\u00f4pital<strong>.<\/strong><strong>\u00a0<\/strong><\/p>\n<p>Renseignez-vous davantage sur le <a href=\"https:\/\/www.ottawahospital.on.ca\/fr\/patients-et-visiteurs\/partenaires-de-soins-essentiels\/\">programme des partenaires de soins essentiels<\/a>.<\/p>\n<\/div>\n<\/div>\n<\/div>\n<div class=\"panel panel-default\">\n<div class=\"panel-heading\">\n<h4 class=\"panel-title\"><a href=\"#collapse9\" data-toggle=\"collapse\" data-parent=\"#accordion\" aria-expanded=\"false\">Peut-on visiter un patient dans une unit\u00e9 touch\u00e9e par une \u00e9closion? <\/a><\/h4>\n<\/div>\n<div id=\"collapse9\" class=\"panel-collapse collapse\" aria-expanded=\"false\">\n<div class=\"panel-body\">\n<p>Une unit\u00e9 touch\u00e9e par une \u00e9closion peut imposer des pr\u00e9cautions suppl\u00e9mentaires pour assurer la s\u00e9curit\u00e9 des patients, du personnel et des partenaires de soins essentiels. Avant de vous rendre dans une unit\u00e9 de L\u2019H\u00f4pital d\u2019Ottawa touch\u00e9e par une \u00e9closion, veuillez d\u2019abord consulter le personnel de l\u2019unit\u00e9.<\/p>\n<\/div>\n<\/div>\n<\/div>\n<div class=\"panel panel-default\">\n<div class=\"panel-heading\">\n<h4 class=\"panel-title\"><a href=\"#collapse10\" data-toggle=\"collapse\" data-parent=\"#accordion\" aria-expanded=\"false\">Peut-on visiter une personne qui vient d\u2019accoucher?<\/a><\/h4>\n<\/div>\n<div id=\"collapse10\" class=\"panel-collapse collapse\" aria-expanded=\"false\">\n<div class=\"panel-body\">\n<p>Oui, \u00e0 condition que la personne hospitalis\u00e9e accepte de recevoir des visiteurs.<\/p>\n<\/div>\n<\/div>\n<\/div>\n<div class=\"panel panel-default\">\n<div class=\"panel-heading\">\n<h4 class=\"panel-title\"><a href=\"#collapse11\" data-toggle=\"collapse\" data-parent=\"#accordion\" aria-expanded=\"false\">Un enfant peut-il visiter un patient \u00e0 l\u2019H\u00f4pital?<\/a><\/h4>\n<\/div>\n<div id=\"collapse11\" class=\"panel-collapse collapse\" aria-expanded=\"false\">\n<div class=\"panel-body\">\n<p>Si vous souhaitez qu\u2019un enfant rende visite \u00e0 un patient hospitalis\u00e9, veuillez en parler \u00e0 l\u2019avance avec le patient et son \u00e9quipe de soins.<\/p>\n<\/div>\n<\/div>\n<\/div>\n<\/div>\n\n\n<p><\/p>\n","protected":false},"excerpt":{"rendered":"<p>Information pour les patients et les visiteurs de L\u2019H\u00f4pital d\u2019Ottawa La COVID-19 et d\u2019autres maladies respiratoires demeurent bien pr\u00e9sentes dans notre collectivit\u00e9. Veuillez continuer de suivre les recommandations de sant\u00e9 publique pour la s\u00e9curit\u00e9 de tous \u2013 vous-m\u00eame, vos proches et le public. Si les responsables de la sant\u00e9 publique vous ont demand\u00e9 de vous [&hellip;]<\/p>\n","protected":false},"author":25,"featured_media":0,"parent":206,"menu_order":1,"comment_status":"closed","ping_status":"closed","template":"","meta":{"_acf_changed":false,"_mc_calendar":[],"footnotes":""},"class_list":["post-4809","page","type-page","status-publish","hentry"],"acf":[],"wps_subtitle":"","_links":{"self":[{"href":"https:\/\/www.ottawahospital.on.ca\/fr\/wp-json\/wp\/v2\/pages\/4809","targetHints":{"allow":["GET"]}}],"collection":[{"href":"https:\/\/www.ottawahospital.on.ca\/fr\/wp-json\/wp\/v2\/pages"}],"about":[{"href":"https:\/\/www.ottawahospital.on.ca\/fr\/wp-json\/wp\/v2\/types\/page"}],"author":[{"embeddable":true,"href":"https:\/\/www.ottawahospital.on.ca\/fr\/wp-json\/wp\/v2\/users\/25"}],"replies":[{"embeddable":true,"href":"https:\/\/www.ottawahospital.on.ca\/fr\/wp-json\/wp\/v2\/comments?post=4809"}],"version-history":[{"count":1,"href":"https:\/\/www.ottawahospital.on.ca\/fr\/wp-json\/wp\/v2\/pages\/4809\/revisions"}],"predecessor-version":[{"id":278030,"href":"https:\/\/www.ottawahospital.on.ca\/fr\/wp-json\/wp\/v2\/pages\/4809\/revisions\/278030"}],"up":[{"embeddable":true,"href":"https:\/\/www.ottawahospital.on.ca\/fr\/wp-json\/wp\/v2\/pages\/206"}],"wp:attachment":[{"href":"https:\/\/www.ottawahospital.on.ca\/fr\/wp-json\/wp\/v2\/media?parent=4809"}],"curies":[{"name":"wp","href":"https:\/\/api.w.org\/{rel}","templated":true}]}}