{"id":4795,"date":"2016-11-08T10:32:59","date_gmt":"2016-11-08T15:32:59","guid":{"rendered":"http:\/\/52.229.122.34\/fr\/?page_id=4795"},"modified":"2021-06-01T12:58:07","modified_gmt":"2021-06-01T16:58:07","slug":"liens-utiles-sur-la-sante","status":"publish","type":"page","link":"https:\/\/www.ottawahospital.on.ca\/fr\/patients-et-visiteurs\/services-offerts-sur-les-campus\/services-dapprentissage\/liens-utiles-sur-la-sante\/","title":{"rendered":"Liens utiles sur la sant\u00e9"},"content":{"rendered":"<h2>Renseignements sur la sant\u00e9 et outils \u00e0 l\u2019usage des patients<\/h2>\n<ul>\n<li><a href=\"https:\/\/decisionaid.ohri.ca\/francais\/gpdo.html\" target=\"_blank\" rel=\"noopener noreferrer\">Guide personnel pour la prise de d\u00e9cision (Ottawa)<\/a><\/li>\n<li><a href=\"\/fr\/patients-et-visiteurs\/services-offerts-sur-les-campus\/services-dapprentissage\/liens-a-des-renseignements-sur-la-sante\/\">Liens utiles sur la sant\u00e9<\/a><\/li>\n<li><a href=\"https:\/\/www.ohri.ca\/decisionaid\/\" target=\"_blank\" rel=\"noopener noreferrer\">Outils d&rsquo;aide \u00e0 la prise de d\u00e9cisions pour les patients<\/a><\/li>\n<li><a href=\"\/fr\/notre-modele-de-soins\/plans-cliniques\/guides-daccompagnement-du-patient\/\" target=\"_blank\" rel=\"noopener noreferrer\">Plans cliniques \u00e0 l&rsquo;intention des patients<\/a><\/li>\n<\/ul>\n<h2>Autres biblioth\u00e8ques et centres de ressources<\/h2>\n<ul>\n<li><a href=\"https:\/\/www.leroyal.ca\/mental-health-centre\/patients-and-families\/mental-health-and-addictions-resource-centre\/\" target=\"_blank\" rel=\"noopener noreferrer\">Centre de ressources sur la sant\u00e9 mentale et la d\u00e9pendance &#8211; Centre de sant\u00e9 mental Royal Ottawa<\/a><\/li>\n<li><a href=\"https:\/\/www.leroyal.ca\/mental-health-centre\/patients-and-families\/mental-health-and-addictions-resource-centre\/brockville\/\" target=\"_blank\" rel=\"noopener noreferrer\">Centre de ressources sur la sant\u00e9 mentale et la d\u00e9pendance de Brockville<\/a><\/li>\n<\/ul>\n","protected":false},"excerpt":{"rendered":"<p>Renseignements sur la sant\u00e9 et outils \u00e0 l\u2019usage des patients Guide personnel pour la prise de d\u00e9cision (Ottawa) Liens utiles sur la sant\u00e9 Outils d&rsquo;aide \u00e0 la prise de d\u00e9cisions pour les patients Plans cliniques \u00e0 l&rsquo;intention des patients Autres biblioth\u00e8ques et centres de ressources Centre de ressources sur la sant\u00e9 mentale et la d\u00e9pendance [&hellip;]<\/p>\n","protected":false},"author":25,"featured_media":0,"parent":4787,"menu_order":3,"comment_status":"closed","ping_status":"closed","template":"","meta":{"_acf_changed":false,"_mc_calendar":[],"footnotes":""},"class_list":["post-4795","page","type-page","status-publish","hentry"],"acf":[],"wps_subtitle":"","_links":{"self":[{"href":"https:\/\/www.ottawahospital.on.ca\/fr\/wp-json\/wp\/v2\/pages\/4795","targetHints":{"allow":["GET"]}}],"collection":[{"href":"https:\/\/www.ottawahospital.on.ca\/fr\/wp-json\/wp\/v2\/pages"}],"about":[{"href":"https:\/\/www.ottawahospital.on.ca\/fr\/wp-json\/wp\/v2\/types\/page"}],"author":[{"embeddable":true,"href":"https:\/\/www.ottawahospital.on.ca\/fr\/wp-json\/wp\/v2\/users\/25"}],"replies":[{"embeddable":true,"href":"https:\/\/www.ottawahospital.on.ca\/fr\/wp-json\/wp\/v2\/comments?post=4795"}],"version-history":[{"count":0,"href":"https:\/\/www.ottawahospital.on.ca\/fr\/wp-json\/wp\/v2\/pages\/4795\/revisions"}],"up":[{"embeddable":true,"href":"https:\/\/www.ottawahospital.on.ca\/fr\/wp-json\/wp\/v2\/pages\/4787"}],"wp:attachment":[{"href":"https:\/\/www.ottawahospital.on.ca\/fr\/wp-json\/wp\/v2\/media?parent=4795"}],"curies":[{"name":"wp","href":"https:\/\/api.w.org\/{rel}","templated":true}]}}