{"id":4791,"date":"2016-11-08T10:28:02","date_gmt":"2016-11-08T15:28:02","guid":{"rendered":"http:\/\/52.229.122.34\/fr\/?page_id=4791"},"modified":"2021-09-21T12:41:02","modified_gmt":"2021-09-21T16:41:02","slug":"liens-a-des-renseignements-sur-la-sante","status":"publish","type":"page","link":"https:\/\/www.ottawahospital.on.ca\/fr\/patients-et-visiteurs\/services-offerts-sur-les-campus\/services-dapprentissage\/liens-a-des-renseignements-sur-la-sante\/","title":{"rendered":"Liens \u00e0 des renseignements sur la sant\u00e9"},"content":{"rendered":"<h2>Principales sources de renseignements<\/h2>\n<p><strong>Temps d&rsquo;attente en Ontario<\/strong> <a href=\"https:\/\/www.health.gov.on.ca\/fr\/public\/programs\/waittimes\/\" target=\"_blank\" rel=\"noopener noreferrer\">https:\/\/www.health.gov.on.ca\/fr\/public\/programs\/waittimes\/<\/a><br \/>\nCe site Web renferme les renseignements les plus r\u00e9cents au sujet des temps d&rsquo;attente en Ontario. Les renseignements vous permettent de comparer les temps d&rsquo;attente \/ listes d&rsquo;attente dans votre r\u00e9gion par rapport aux autres r\u00e9gions de la province. Ils vous aideront \u00e0 faire un choix plus \u00e9clair\u00e9 lorsque vous choisirez, avec votre m\u00e9decin, l&rsquo;endroit o\u00f9 vous serez soign\u00e9.<\/p>\n<p>La <strong>Mayo Clinic<\/strong> <a href=\"https:\/\/www.mayoclinic.org\/\" target=\"_blank\" rel=\"noopener noreferrer\">www.mayoClinic.org<\/a> (en anglais seulement), r\u00e9cipiendaire de plusieurs prix, vous permet d&rsquo;obtenir des renseignements m\u00e9dicaux et sur la sant\u00e9, ainsi que des outils pour vivre sainement.<\/p>\n<p><strong>MedlinePlus (\u00c9tats-Unis) <\/strong><a href=\"https:\/\/medlineplus.gov\/\" target=\"_blank\" rel=\"noopener noreferrer\">medlineplus.gov\/<\/a> (en anglais seulement)<br \/>\nMedlinePlus rassemble de l&rsquo;information digne de confiance provenant de la National Library of Medicine (NLM), des National Institutes of Health (NIH) et d&rsquo;autres organismes am\u00e9ricains gouvernementaux et du domaine de la sant\u00e9.<\/p>\n<p><strong>CISMeF : Catalogage et l&rsquo;Indexation des Sites M\u00e9dicaux Francophones <\/strong><a href=\"https:\/\/www.chu-rouen.fr\/cismef\/\" target=\"_blank\" rel=\"noopener noreferrer\">www.chu-rouen.fr\/cismef\/<\/a><br \/>\nCISMeF est un projet initi\u00e9 par le Centre Hospitalier Universitaire de Rouen &#8211; H\u00f4pitaux de Rouen.<\/p>\n<h2>Info-sant\u00e9 de A \u00e0 Z<\/h2>\n<p><strong>Agressions sexuelles et abus par un partenaire (violence conjugale)<br \/>\n<\/strong>CALACS francophone d&rsquo;Ottawa <a href=\"https:\/\/www.calacs.ca\" target=\"_blank\" rel=\"noopener noreferrer\">www.calacs.ca<\/a><br \/>\n<a href=\"\/fr\/services-cliniques\/deptpgrmcs\/programmes\/programme-de-soins-aux-victimes-dagression-sexuelle-ou-dabus-par-un-partenaire\/\" target=\"_blank\" rel=\"noopener noreferrer\">Programme de soins aux victimes d\u2019agressions sexuelles et d\u2019abus par un partenaire (L&rsquo;HO)<\/a>&nbsp;<a href=\"\/fr\/services-cliniques\/deptpgrmcs\/programmes\/programme-de-soins-aux-victimes-dagression-sexuelle-ou-dabus-par-un-partenaire\/obtenir-de-laide\/\" target=\"_blank\" rel=\"noopener noreferrer\"><br \/>\nRessources et lignes d&rsquo;\u00e9coute (24-heures sur 24)<\/a><br \/>\nDistress Centre, Ottawa and Region <a href=\"https:\/\/www.dcottawa.on.ca\/\/\" target=\"_blank\" rel=\"noopener noreferrer\">www.dcottawa.on.ca<\/a><br \/>\nOttawa Rape Crisis Centre <a href=\"https:\/\/www.orcc.net\/\" target=\"_blank\" rel=\"noopener noreferrer\">www.orcc.net<\/a><\/p>\n<p><strong>Aidants naturels<\/strong><br \/>\nCoalition ontarienne des aidantes et aidants naturels <a href=\"https:\/\/www.ontariocaregivercoalition.ca\/\" target=\"_blank\" rel=\"noopener noreferrer\">www.ontariocaregivercoalition.ca\/<\/a><\/p>\n<p><strong>Arthrite<\/strong><br \/>\nLa Soci\u00e9t\u00e9 d\u2019arthrite <a href=\"https:\/\/www.arthritis.ca\/\" target=\"_blank\" rel=\"noopener noreferrer\">www.arthritis.ca<\/a><\/p>\n<p><strong>Asthme<br \/>\n<\/strong>Soci\u00e9t\u00e9 d\u2019asthme <a href=\"https:\/\/www.asthma.ca\/\" target=\"_blank\" rel=\"noopener noreferrer\">www.asthma.ca<\/a> (en anglais seulement)<\/p>\n<p><strong>Autisme<\/strong><br \/>\nSoci\u00e9t\u00e9 canadienne de l\u2019autisme <a href=\"https:\/\/autismcanada.org\/?lang=fr\" target=\"_blank\" rel=\"noopener noreferrer\">www.autismcanada.org\/?lang=fr<\/a><\/p>\n<p><strong>AVC<\/strong><br \/>\nLa Fondation des maladies du <em>c\u0153ur<\/em> Canada <a href=\"https:\/\/www.heartandstroke.ca\" target=\"_blank\" rel=\"noopener noreferrer\">www.heartandstroke.ca<\/a><br \/>\nNational Institute of Neurological Disorders and Stroke (NINDS) <a href=\"https:\/\/www.ninds.nih.gov\/\" target=\"_blank\" rel=\"noopener noreferrer\">www.ninds.nih.gov<\/a><\/p>\n<p><strong>Cancer<\/strong><br \/>\nSoci\u00e9t\u00e9 canadienne du cancer <a href=\"https:\/\/www.cancer.ca\" target=\"_blank\" rel=\"noopener noreferrer\">www.cancer.ca&nbsp;<\/a><br \/>\n<a href=\"https:\/\/www.canadiancancertrials.ca\/Default.aspx?lang=fr\">Vu sur le cancer Canada<\/a><\/p>\n<p><strong>Diab\u00e8te&nbsp;<\/strong><br \/>\nAssociation canadienne du diab\u00e8te <a href=\"https:\/\/www.diabetes.ca\" target=\"_blank\" rel=\"noopener noreferrer\">www.diabetes.ca<\/a><br \/>\nAmerican Diabetes Association <a href=\"https:\/\/www.diabetes.org\/\" target=\"_blank\" rel=\"noopener noreferrer\">www.diabetes.org<\/a><\/p>\n<p><strong>Douleur&nbsp;<\/strong><br \/>\nSoci\u00e9t\u00e9 canadienne de la douleur <a href=\"https:\/\/www.canadianpainsociety.ca\/\" target=\"_blank\" rel=\"noopener noreferrer\">www.canadianpainsociety.ca<\/a><\/p>\n<p><strong>Dystrophie musculaire<\/strong><br \/>\nDystrophie Musculaire Canada <a href=\"https:\/\/www.muscle.ca\/\" target=\"_blank\" rel=\"noopener noreferrer\">www.muscle.ca<\/a><\/p>\n<p><strong>\u00c9pilepsie<\/strong><br \/>\n\u00c9pilepsie Canada <a href=\"https:\/\/www.epilepsy.ca\/\" target=\"_blank\" rel=\"noopener noreferrer\">www.epilepsy.ca<\/a><\/p>\n<p><strong>Fibrose kystique&nbsp;<\/strong><br \/>\nFondation canadienne de la fibrose kystique <a href=\"https:\/\/www.cysticfibrosis.ca\/\" target=\"_blank\" rel=\"noopener noreferrer\">www.cysticfibrosis.ca<\/a><\/p>\n<p><strong>Incapacit\u00e9<\/strong><br \/>\n<a href=\"https:\/\/ottawahospital.on.ca\/wps\/portal\/Base\/TheHospital\/ClinicalServices\/DeptPgrmCS\/Departments\/RehabilitationCentre\/AboutTheRehabilitationCentre\/OurFacilities\" target=\"_blank\" rel=\"noopener noreferrer\">Centre de ressources du Centre de r\u00e9adaptation<\/a><br \/>\nProgrammes and services &#8211; accessibilit\u00e9 pour les personnes handicap\u00e9es de l&rsquo;Ontario <a href=\"https:\/\/www.mcss.gov.on.ca\/\" target=\"_blank\" rel=\"noopener noreferrer\">www.mcss.gov.on.ca<\/a><\/p>\n<p><strong>Maladie d&rsquo;Alzheimer<br \/>\n<\/strong>Soci\u00e9t\u00e9 Alzheimer Canada <a href=\"https:\/\/www.alzheimer.ca\/fr\" target=\"_blank\" rel=\"noopener noreferrer\">www.alzheimer.ca<\/a><\/p>\n<p><strong>Maladie de Parkinson<\/strong><br \/>\nSoci\u00e9t\u00e9 Parkinson Canada (anglais) <a href=\"https:\/\/www.parkinson.ca\/\" target=\"_blank\" rel=\"noopener noreferrer\">www.parkinson.ca<\/a><br \/>\nParkinson Qu\u00e9bec <a href=\"https:\/\/parkinsonquebec.ca\/\" target=\"_blank\" rel=\"noopener noreferrer\">www.parkinsonquebec.ca<\/a><\/p>\n<p><strong>Maladies du <\/strong><em><strong>c\u0153ur<\/strong><\/em><br \/>\nFondation des maladies du <em>c\u0153ur <\/em>Canada <a href=\"https:\/\/www.heartandstroke.ca\" target=\"_blank\" rel=\"noopener noreferrer\">www.heartandstroke.ca<\/a><br \/>\nAmerican Heart Association <a href=\"https:\/\/www.heart.org\/\" target=\"_blank\" rel=\"noopener noreferrer\">www.heart.org<\/a><\/p>\n<p><strong>Maladies du foie<\/strong><br \/>\nFondation canadienne du foie <a href=\"https:\/\/www.liver.ca\/\" target=\"_blank\" rel=\"noopener noreferrer\">www.liver.ca<\/a><\/p>\n<p><strong>Maladies du rein<\/strong><br \/>\nFondation canadienne du rein <a href=\"https:\/\/www.rein.ca\/\" target=\"_blank\" rel=\"noopener noreferrer\">www.rein.ca<\/a><\/p>\n<p><strong>Maladies vasculaires<\/strong><br \/>\nFondation des maladies du <em>c\u0153ur <\/em>Canada <a href=\"https:\/\/www.heartandstroke.ca\" target=\"_blank\" rel=\"noopener noreferrer\">www.heartandstroke.ca<\/a><br \/>\nAmerican Heart Association <a href=\"https:\/\/www.heart.org\/\" target=\"_blank\" rel=\"noopener noreferrer\">www.heart.org<\/a><br \/>\nVascular Disease Foundation <a href=\"https:\/\/www.vdf.org\/\" target=\"_blank\" rel=\"noopener noreferrer\">www.vdf.org<\/a><\/p>\n<p><strong>M\u00e9decine douce et th\u00e9rapies compl\u00e9mentaires<\/strong><br \/>\nDirection des produits de sant\u00e9 naturels &#8211; Sant\u00e9 Canada <a href=\"https:\/\/www.hc-sc.gc.ca\/dhp-mps\/prodnatur\/index_f.html\" target=\"_blank\" rel=\"noopener noreferrer\">www.hc-sc.gc.ca\/dhp-mps\/prodnatur\/index_f.html<\/a><br \/>\nCoalition ontarienne des aidantes et aidants naturels <a href=\"https:\/\/www.ontariocaregivercoalition.ca\/\" target=\"_blank\" rel=\"noopener noreferrer\">www.ontariocaregivercoalition.ca<\/a><br \/>\nPasseportsant\u00e9.net <a href=\"https:\/\/www.passeportsante.net\" target=\"_blank\" rel=\"noopener noreferrer\">www.passeportsante.net<\/a><br \/>\nNational Center for Complementary and Alternative Medicine <a href=\"https:\/\/nccam.nih.gov\/\" target=\"_blank\" rel=\"noopener noreferrer\">nccam.nih.gov<\/a><\/p>\n<p><strong>M\u00e9nopause<\/strong><br \/>\nHealthy Women.org <a href=\"https:\/\/www.healthywomen.org\/\" target=\"_blank\" rel=\"noopener noreferrer\">www.healthywomen.org<\/a><br \/>\nWomen&rsquo;s Health Matters <a href=\"https:\/\/www.womenshealthmatters.ca\/\" target=\"_blank\" rel=\"noopener noreferrer\">www.womenshealthmatters.ca<\/a><\/p>\n<p><strong>Multilingues et multiculturelles \u2013 Ressources<\/strong><br \/>\nCISMeF : sites m\u00e9dicaux francophones \u00e0 destination des patients et de leurs familles <a href=\"https:\/\/www.chu-rouen.fr\/\" target=\"_blank\" rel=\"noopener noreferrer\">www.chu-rouen.fr<\/a><br \/>\nBritish Columbia Ministry of Health <a href=\"https:\/\/www.bchealthguide.org\/healthfiles\/bilingua\/index.stm\" target=\"_blank\" rel=\"noopener noreferrer\">www.bchealthguide.org\/healthfiles\/bilingua\/index.stm&nbsp;<\/a><br \/>\nSettlement Org <a href=\"https:\/\/settlement.org\/translated-information\/\" target=\"_blank\" rel=\"noopener noreferrer\">www.settlement.org\/translated-information\/<\/a><br \/>\nMedlinePlus &#8211; Espagnol <a href=\"https:\/\/medlineplus.gov\/spanish\/\" target=\"_blank\" rel=\"noopener noreferrer\">medlineplus.gov\/spanish\/<\/a><br \/>\nEthnoMed \u2013 University of Washington <a href=\"https:\/\/ethnomed.org\/\" target=\"_blank\" rel=\"noopener noreferrer\">ethnomed.org<\/a><br \/>\nStanford University Health Library <a href=\"https:\/\/healthlibrary.stanford.edu\/\" target=\"_blank\" rel=\"noopener noreferrer\">https:\/\/healthlibrary.stanford.edu\/<\/a><\/p>\n<p><strong>Nutrition<br \/>\n<\/strong>Di\u00e9t\u00e9tistes du Canada <a href=\"https:\/\/www.dietitians.ca\/\" target=\"_blank\" rel=\"noopener noreferrer\">www.dietitians.ca<\/a><\/p>\n<p><strong>Ost\u00e9oporose<\/strong><br \/>\nOst\u00e9oporose Canada <a href=\"https:\/\/www.osteoporosecanada.ca\/\" target=\"_blank\" rel=\"noopener noreferrer\">www.osteoporosecanada.ca<\/a><\/p>\n<p><strong>La radiologie et le paient &#8211; l&rsquo;Association canadienne des radiologistes<\/strong><br \/>\n<a href=\"https:\/\/www.car.ca\/fr\/patient-info.aspx\" target=\"_blank\" rel=\"noopener noreferrer\">https:\/\/www.car.ca\/fr\/patient-info.aspx<\/a><\/p>\n<p><strong>Sant\u00e9 mentale<\/strong><br \/>\nAssociation canadienne pour la sant\u00e9 mentale <a href=\"https:\/\/www.cmha.ca\/fr\/\" target=\"_blank\" rel=\"noopener noreferrer\">www.cmha.ca<\/a><br \/>\nLigne de crise de sant\u00e9 mentale <a href=\"https:\/\/www.crisisline.ca\/\" target=\"_blank\" rel=\"noopener noreferrer\">www.crisisline.ca<\/a><br \/>\neSant\u00e9Mentale.ca (bottin en ligne de ressources en sant\u00e9 mentale dans la r\u00e9gion d&rsquo;Ottawa; principalement en anglais, avec un peu de fran\u00e7ais)<br \/>\n<a href=\"https:\/\/www.ementalhealth.ca\/\" target=\"_blank\" rel=\"noopener noreferrer\">https:\/\/www.esantemental.ca\/<\/a><\/p>\n<p><strong>Scl\u00e9rose en plaques<\/strong><br \/>\nSociet\u00e9 canadienne de la scl\u00e9rose en plaques <a href=\"https:\/\/www.mssociety.ca\/\" target=\"_blank\" rel=\"noopener noreferrer\">www.mssociety.ca<\/a><\/p>\n<p><strong>Services communautaires d&rsquo;Ottawa<\/strong><br \/>\nLa Ville d&rsquo; Ottawa <a href=\"https:\/\/www.ottawa.ca\" target=\"_blank\" rel=\"noopener noreferrer\">www.ottawa.ca<\/a><br \/>\nCentre d&rsquo;information communautaire d&rsquo;Ottawa (Base de donn\u00e9es) <a href=\"https:\/\/ottawa.cioc.ca\/start.asp?UseEq=on\" target=\"_blank\" rel=\"noopener noreferrer\">https:\/\/ottawa.cioc.ca<\/a><br \/>\nCentre d&rsquo;acc\u00e8s aux soins communautaires d&rsquo;Ottawa <a href=\"https:\/\/healthcareathome.ca\/CHAMPLAIN\/FR\" target=\"_blank\" rel=\"noopener noreferrer\">www.healthcareathome.ca\/CHAMPLAIN\/FR<br \/>\n<\/a>Lignes sant\u00e9 Champlain <a href=\"https:\/\/www.lignesantechamplain.ca\/\" target=\"_blank\" rel=\"noopener noreferrer\">www.lignesantechamplain.ca<\/a><br \/>\n<a href=\"https:\/\/ottawahospital.on.ca\/wps\/portal\/Base\/TheHospital\/OurModelofCare\/ProfessionalTeam\/SocialWork\" target=\"_blank\" rel=\"noopener noreferrer\">Ressources communautaires (Service social de L&rsquo;HO)<\/a><\/p>\n<p><strong>Soins palliatifs<\/strong><br \/>\nAssociation canadienne de soins palliatifs <a href=\"https:\/\/www.chpca.net\/\" target=\"_blank\" rel=\"noopener noreferrer\">www.chpca.net<\/a><br \/>\nCarrefour virtuel canadien des soins palliatifs <a href=\"https:\/\/www.virtualhospice.ca\" target=\"_blank\" rel=\"noopener noreferrer\">www.virtualhospice.ca<\/a>Ligne Sant\u00e9 Champlain &#8211; Soins au terme de la vie <a href=\"https:\/\/www.lignesantechamplain.ca\/listCategories.aspx?id=10020\" target=\"_blank\" rel=\"noopener noreferrer\">https:\/\/www.lignesantechamplain.ca\/listCategories.aspx?id=10020<\/a><\/p>\n<p><strong>Scl\u00e9rose lateral amyotrophique (SLA)<\/strong><br \/>\nALS Society of Canada <a href=\"https:\/\/www.als.ca\/\" target=\"_blank\" rel=\"noopener noreferrer\">www.als.ca<\/a><br \/>\nSoci\u00e9t\u00e9 de la scl\u00e9rose lat\u00e9rale amyotrophique du Qu\u00e9bec <a href=\"https:\/\/www.sla-quebec.ca\/\" target=\"_blank\" rel=\"noopener noreferrer\">www.sla-quebec.ca<\/a><\/p>\n<p><strong>Syndrome de la Tourette<\/strong><br \/>\nTourette Syndrome Foundation of Canada <a href=\"https:\/\/www.tourette.ca\/\" target=\"_blank\" rel=\"noopener noreferrer\">www.tourette.ca<\/a><\/p>\n<p><strong>Tabac &#8211; Programmes d&rsquo;abandon<\/strong><br \/>\nProgrammes d&rsquo;abandon du tabac \u2013 Institut de cardiologie <a href=\"https:\/\/www.ottawaheart.ca\/fr\/clinique\/programme-d%E2%80%99abandon-du-tabac\" target=\"_blank\" rel=\"noopener noreferrer\">www.ottawaheart.ca\/fr\/clinique\/programme-d%E2%80%99abandon-du-tabac<\/a><br \/>\nSoci\u00e9t\u00e9 canadienne du cancer &#8211; Lignes d&rsquo;aide pour fumeurs <a href=\"https:\/\/www.cancer.ca\/\" target=\"_blank\" rel=\"noopener noreferrer\">www.cancer.ca<\/a><br \/>\nMoyens de cesser de fumer \u2013 Ville Ottawa <a href=\"https:\/\/www.santepubliqueottawa.ca\/fr\/public-health-topics\/quitting-smoking.aspx\">https:\/\/www.santepubliqueottawa.ca\/fr\/public-health-topics\/quitting-smoking.aspx<\/a><\/p>\n<p><strong>Th\u00e9rapies compl\u00e9mentaires et alternatives<\/strong><br \/>\nProduits de sant\u00e9 naturels &#8211; Sant\u00e9 Canada <a href=\"https:\/\/www.hc-sc.gc.ca\/dhp-mps\/prodnatur\/index_f.html\" target=\"_blank\" rel=\"noopener noreferrer\">www.hc-sc.gc.ca\/dhp-mps\/prodnatur\/index_f.html<\/a><br \/>\nNational Center for Complementary and Alternative Medicine <a href=\"https:\/\/nccam.nih.gov\/\" target=\"_blank\" rel=\"noopener noreferrer\">nccam.nih.gov<\/a><\/p>\n<p><strong>Thyro\u00efde&nbsp;<\/strong><br \/>\nFoundation canadienne de la thyro\u00efde <a href=\"https:\/\/www.thyroid.ca\/\" target=\"_blank\" rel=\"noopener noreferrer\">www.thyroid.ca<\/a><\/p>\n<p><strong>Traumatisme cranio-c\u00e9r\u00e9brale<\/strong><br \/>\nAssociation Qu\u00e9b\u00e9coise des traumatis\u00e9s cr\u00e2niens <a href=\"https:\/\/www.aqtc.ca\/\" target=\"_blank\" rel=\"noopener noreferrer\">www.aqtc.ca<\/a><br \/>\nOntario Brain Injury Association <a href=\"https:\/\/www.obia.on.ca\/\" target=\"_blank\" rel=\"noopener noreferrer\">www.obia.on.ca<\/a><br \/>\nBrain Injury Association of America <a href=\"https:\/\/www.biausa.org\/\" target=\"_blank\" rel=\"noopener noreferrer\">www.biausa.org<\/a><br \/>\nThe Brain Matters <a href=\"https:\/\/www.brainmattersresearch.com\" target=\"_blank\" rel=\"noopener noreferrer\">www.brainmattersresearch.com<\/a><br \/>\nNational Institute of Neurological Disorders and Stroke (NINDS) <a href=\"https:\/\/www.ninds.nih.gov\/\" target=\"_blank\" rel=\"noopener noreferrer\">www.ninds.nih.gov<\/a><\/p>\n<p><strong>Troubles de l&rsquo;alimentation<br \/>\n<\/strong><a href=\"https:\/\/www.nedic.ca\" target=\"_blank\" rel=\"noopener noreferrer\">www.nedic.ca<\/a><\/p>\n<p><strong>VIH et SIDA<\/strong><br \/>\nR\u00e9seau canadiens d&rsquo;info-traitements SIDA <a href=\"https:\/\/www.catie.ca\/\" target=\"_blank\" rel=\"noopener noreferrer\">www.catie.ca<\/a><br \/>\nSoci\u00e9t\u00e9 canadienne du SIDA <a href=\"https:\/\/www.cdnaids.ca\/\" target=\"_blank\" rel=\"noopener noreferrer\">www.cdnaids.ca<\/a><\/p>\n","protected":false},"excerpt":{"rendered":"<p>Principales sources de renseignements Temps d&rsquo;attente en Ontario https:\/\/www.health.gov.on.ca\/fr\/public\/programs\/waittimes\/ Ce site Web renferme les renseignements les plus r\u00e9cents au sujet des temps d&rsquo;attente en Ontario. Les renseignements vous permettent de comparer les temps d&rsquo;attente \/ listes d&rsquo;attente dans votre r\u00e9gion par rapport aux autres r\u00e9gions de la province. Ils vous aideront \u00e0 faire un choix [&hellip;]<\/p>\n","protected":false},"author":25,"featured_media":0,"parent":4787,"menu_order":2,"comment_status":"closed","ping_status":"closed","template":"","meta":{"_acf_changed":false,"_mc_calendar":[],"footnotes":""},"class_list":["post-4791","page","type-page","status-publish","hentry"],"acf":[],"wps_subtitle":"","_links":{"self":[{"href":"https:\/\/www.ottawahospital.on.ca\/fr\/wp-json\/wp\/v2\/pages\/4791","targetHints":{"allow":["GET"]}}],"collection":[{"href":"https:\/\/www.ottawahospital.on.ca\/fr\/wp-json\/wp\/v2\/pages"}],"about":[{"href":"https:\/\/www.ottawahospital.on.ca\/fr\/wp-json\/wp\/v2\/types\/page"}],"author":[{"embeddable":true,"href":"https:\/\/www.ottawahospital.on.ca\/fr\/wp-json\/wp\/v2\/users\/25"}],"replies":[{"embeddable":true,"href":"https:\/\/www.ottawahospital.on.ca\/fr\/wp-json\/wp\/v2\/comments?post=4791"}],"version-history":[{"count":0,"href":"https:\/\/www.ottawahospital.on.ca\/fr\/wp-json\/wp\/v2\/pages\/4791\/revisions"}],"up":[{"embeddable":true,"href":"https:\/\/www.ottawahospital.on.ca\/fr\/wp-json\/wp\/v2\/pages\/4787"}],"wp:attachment":[{"href":"https:\/\/www.ottawahospital.on.ca\/fr\/wp-json\/wp\/v2\/media?parent=4791"}],"curies":[{"name":"wp","href":"https:\/\/api.w.org\/{rel}","templated":true}]}}