{"id":4787,"date":"2016-11-08T10:20:09","date_gmt":"2016-11-08T15:20:09","guid":{"rendered":"http:\/\/52.229.122.34\/fr\/?page_id=4787"},"modified":"2023-11-02T15:04:34","modified_gmt":"2023-11-02T19:04:34","slug":"services-dapprentissage","status":"publish","type":"page","link":"https:\/\/www.ottawahospital.on.ca\/fr\/patients-et-visiteurs\/services-offerts-sur-les-campus\/services-dapprentissage\/","title":{"rendered":"Services d&rsquo;apprentissage"},"content":{"rendered":"<p><img decoding=\"async\" class=\"size-full wp-image-4785 alignright img-responsive\" src=\"\/wp-content\/uploads\/2016\/11\/newbooks.gif\" alt=\"learning-services\" width=\"54\" height=\"54\" \/><\/p>\n<h2>L&rsquo;H\u00f4pital d&rsquo;Ottawa offre aux patients et aux membres de leur famille :<\/h2>\n<ul>\n<li>des renseignements fiables sur tout un \u00e9ventail de sujets en lien avec la sant\u00e9, le bien-\u00eatre et la m\u00e9decine<\/li>\n<li>des <a href=\"\/fr\/notre-modele-de-soins\/plans-cliniques\/\" target=\"_blank\" rel=\"noopener noreferrer\"><strong>plans cliniques \u00e0 l&rsquo;intention des patients<\/strong><\/a> et <strong>guides d&rsquo;accompagnement du patient<\/strong> &#8211; Un plan clinique, c\u2019est l&rsquo;ensemble des soins \u00e0 donner \u00e0 un patient pour une intervention ou une maladie en particulier. Chaque patient est unique! Nous adaptons les soins aux besoins de chaque patient en nous s&rsquo;inspirant du plan clinique.<\/li>\n<li>des <a title=\"https:\/\/decisionaid.ohri.ca\/francais\/index.html\" href=\"https:\/\/decisionaid.ohri.ca\/francais\/index.html\" target=\"_blank\" rel=\"noopener noreferrer\"><strong>outils d&rsquo;aide \u00e0 la prise de d\u00e9cisions pour les patients<\/strong><\/a> &#8211; Les outils d\u2019aide \u00e0 la d\u00e9cision aident les patients et les professionnels de la sant\u00e9 dans leur prise de d\u00e9cision en rendant explicite la d\u00e9cision \u00e0 prendre, en fournissant de l\u2019information au sujet des options et des r\u00e9sultats sur la sant\u00e9 et en clarifiant les valeurs personnelles. Il est important de noter que les Outils d&rsquo;aide \u00e0 la d\u00e9cision ont \u00e9t\u00e9 con\u00e7us afin d&rsquo;accompagner, et non de remplacer, les conseils d&rsquo;un professionnel de la sant\u00e9.<\/li>\n<li>des ordinateurs branch\u00e9s \u00e0 Internet (haute vitesse)<\/li>\n<\/ul>\n","protected":false},"excerpt":{"rendered":"<p>L&rsquo;H\u00f4pital d&rsquo;Ottawa offre aux patients et aux membres de leur famille : des renseignements fiables sur tout un \u00e9ventail de sujets en lien avec la sant\u00e9, le bien-\u00eatre et la m\u00e9decine des plans cliniques \u00e0 l&rsquo;intention des patients et guides d&rsquo;accompagnement du patient &#8211; Un plan clinique, c\u2019est l&rsquo;ensemble des soins \u00e0 donner \u00e0 un [&hellip;]<\/p>\n","protected":false},"author":25,"featured_media":0,"parent":201,"menu_order":6,"comment_status":"closed","ping_status":"closed","template":"","meta":{"_acf_changed":false,"_mc_calendar":[],"footnotes":""},"class_list":["post-4787","page","type-page","status-publish","hentry"],"acf":[],"wps_subtitle":"","_links":{"self":[{"href":"https:\/\/www.ottawahospital.on.ca\/fr\/wp-json\/wp\/v2\/pages\/4787","targetHints":{"allow":["GET"]}}],"collection":[{"href":"https:\/\/www.ottawahospital.on.ca\/fr\/wp-json\/wp\/v2\/pages"}],"about":[{"href":"https:\/\/www.ottawahospital.on.ca\/fr\/wp-json\/wp\/v2\/types\/page"}],"author":[{"embeddable":true,"href":"https:\/\/www.ottawahospital.on.ca\/fr\/wp-json\/wp\/v2\/users\/25"}],"replies":[{"embeddable":true,"href":"https:\/\/www.ottawahospital.on.ca\/fr\/wp-json\/wp\/v2\/comments?post=4787"}],"version-history":[{"count":0,"href":"https:\/\/www.ottawahospital.on.ca\/fr\/wp-json\/wp\/v2\/pages\/4787\/revisions"}],"up":[{"embeddable":true,"href":"https:\/\/www.ottawahospital.on.ca\/fr\/wp-json\/wp\/v2\/pages\/201"}],"wp:attachment":[{"href":"https:\/\/www.ottawahospital.on.ca\/fr\/wp-json\/wp\/v2\/media?parent=4787"}],"curies":[{"name":"wp","href":"https:\/\/api.w.org\/{rel}","templated":true}]}}