{"id":4778,"date":"2016-11-08T10:11:47","date_gmt":"2016-11-08T15:11:47","guid":{"rendered":"http:\/\/52.229.122.34\/fr\/?page_id=4778"},"modified":"2022-11-22T15:24:48","modified_gmt":"2022-11-22T20:24:48","slug":"services-alimentaires","status":"publish","type":"page","link":"https:\/\/www.ottawahospital.on.ca\/fr\/patients-et-visiteurs\/services-offerts-sur-les-campus\/services-alimentaires\/","title":{"rendered":"Services alimentaires"},"content":{"rendered":"<p>Nous planifions les repas des patients \u00e0 l&rsquo;aide du Guide alimentaire canadien. Si le m\u00e9decin prescrit un r\u00e9gime particulier \u00e0 un patient, nous pr\u00e9parons ses repas en cons\u00e9quence. Veuillez aviser un membre de votre cercle de soins de toute allergie ou pr\u00e9f\u00e9rence alimentaire.<\/p>\n<p><strong>Heures des repas (patients hospitalis\u00e9s)<\/strong><\/p>\n<div class=\"table-responsive\">\n<table class=\"table\">\n<tbody>\n<tr>\n<td style=\"width: 295px;\">D\u00e9jeuner<\/td>\n<td style=\"width: 295px;\">8\u00a0h\u00a000 &#8211; 9\u00a0h<\/td>\n<\/tr>\n<tr>\n<td style=\"width: 295px;\">D\u00eener<\/td>\n<td style=\"width: 295px;\">11\u00a0h\u00a045 &#8211; 13\u00a0h<\/td>\n<\/tr>\n<tr>\n<td style=\"width: 295px;\">Souper<\/td>\n<td style=\"width: 295px;\">16\u00a0h\u00a045 &#8211; 18\u00a0h<\/td>\n<\/tr>\n<\/tbody>\n<\/table>\n<\/div>\n<p>Dans certaines unit\u00e9s, il y a des petites cuisines qui offrent quelques choix de boissons et de collations. Ces boissons et collations sont uniquement r\u00e9serv\u00e9es aux patients.<\/p>\n<h2><strong>Campus Civic<\/strong><\/h2>\n<p><strong>Caf\u00e9 Tulipe (caf\u00e9t\u00e9ria)<\/strong><\/p>\n<div class=\"table-responsive\">\n<table class=\"table\">\n<tbody>\n<tr>\n<td style=\"width: 295px;\"><em><strong>Du lundi au vendredi<\/strong><\/em><\/td>\n<td style=\"width: 295px;\">9\u00a0h\u00a0&#8211; 18\u00a0h<\/td>\n<\/tr>\n<tr>\n<td style=\"width: 295px;\"><em><strong>Samedi et dimanche<\/strong><\/em><\/td>\n<td style=\"width: 295px;\">Ferm\u00e9<\/td>\n<\/tr>\n<tr>\n<td style=\"width: 295px;\"><em><strong>Jours f\u00e9ri\u00e9s<\/strong><\/em><\/td>\n<td style=\"width: 295px;\">Ferm\u00e9<\/td>\n<\/tr>\n<\/tbody>\n<\/table>\n<\/div>\n<p><strong>Second Cup<\/strong><\/p>\n<div class=\"table-responsive\">\n<table class=\"table\">\n<tbody>\n<tr>\n<td style=\"width: 295px;\"><em><strong>Du lundi au vendredi<\/strong><\/em><\/td>\n<td style=\"width: 295px;\">Ouvert 24 heures sur 24, 7 jours sur 7<\/td>\n<\/tr>\n<tr>\n<td style=\"width: 295px;\"><em><strong>Samedi et dimanche<\/strong><\/em><\/td>\n<td style=\"width: 295px;\">Ouvert 24 heures sur 24, 7 jours sur 7<\/td>\n<\/tr>\n<\/tbody>\n<\/table>\n<\/div>\n<p><strong>Tim Hortons\u00a0(entr\u00e9e principale)<\/strong><\/p>\n<div class=\"table-responsive\">\n<table class=\"table\">\n<tbody>\n<tr>\n<td style=\"width: 295px;\"><em><strong>Du lundi au vendredi<\/strong><\/em><\/td>\n<td style=\"width: 295px;\">6 h 30 &#8211; 21 h<\/td>\n<\/tr>\n<tr>\n<td style=\"width: 295px;\"><em><strong>Samedi et dimanche<\/strong><\/em><\/td>\n<td style=\"width: 295px;\">7 h &#8211; 19 h<\/td>\n<\/tr>\n<tr>\n<td style=\"width: 295px;\"><em><strong>Jours f\u00e9ri\u00e9s<\/strong><\/em><\/td>\n<td style=\"width: 295px;\">7 h &#8211; 16 h<\/td>\n<\/tr>\n<\/tbody>\n<\/table>\n<\/div>\n<h2><strong>Campus G\u00e9n\u00e9ral<\/strong><\/h2>\n<p><strong>Caf\u00e9 501 (caf\u00e9t\u00e9ria)<\/strong><\/p>\n<div class=\"table-responsive\">\n<table class=\"table\">\n<tbody>\n<tr>\n<td style=\"width: 295px;\"><em><strong>Lundi au vendredi<\/strong><\/em><\/td>\n<td style=\"width: 295px;\">8 h \u00e0 18\u00a0h 30<\/td>\n<\/tr>\n<tr>\n<td style=\"width: 295px;\"><em><strong>Samedi et dimanche<\/strong><\/em><\/td>\n<td style=\"width: 295px;\">Ferm\u00e9<\/td>\n<\/tr>\n<tr>\n<td style=\"width: 295px;\"><em><strong>Jours f\u00e9ri\u00e9s<\/strong><\/em><\/td>\n<td style=\"width: 295px;\">Ferm\u00e9<\/td>\n<\/tr>\n<\/tbody>\n<\/table>\n<\/div>\n<p><strong>Second Cup (entr\u00e9e principale)<\/strong><\/p>\n<div class=\"table-responsive\">\n<table class=\"table\">\n<tbody>\n<tr>\n<td style=\"width: 295px;\"><em><strong>Du lundi au vendredi<\/strong><\/em><\/td>\n<td style=\"width: 295px;\">Ouvert 24 heures sur 24, 7 jours sur 7<\/td>\n<\/tr>\n<tr>\n<td style=\"width: 295px;\"><em><strong>Samedi et dimanche<\/strong><\/em><\/td>\n<td style=\"width: 295px;\">Ouvert 24 heures sur 24, 7 jours sur 7<\/td>\n<\/tr>\n<\/tbody>\n<\/table>\n<\/div>\n<p><strong>Tim Hortons (Aile des soins critiques)<\/strong><\/p>\n<div class=\"table-responsive\">\n<table class=\"table\">\n<tbody>\n<tr>\n<td style=\"width: 295px;\"><em><strong>Du lundi au vendredi<\/strong><\/em><\/td>\n<td style=\"width: 295px;\">6 h 30 &#8211; 21 h<\/td>\n<\/tr>\n<tr>\n<td style=\"width: 295px;\"><em><strong>Samedi et dimanche<\/strong><\/em><\/td>\n<td style=\"width: 295px;\">7 h &#8211; 19 h<\/td>\n<\/tr>\n<tr>\n<td style=\"width: 295px;\"><em><strong>Jours f\u00e9ri\u00e9s<\/strong><\/em><\/td>\n<td style=\"width: 295px;\">7 h &#8211; 16 h<\/td>\n<\/tr>\n<\/tbody>\n<\/table>\n<\/div>\n<p><strong>Caf\u00e9 des b\u00e9n\u00e9voles (Centre de r\u00e9adaptation)<\/strong><\/p>\n<div class=\"table-responsive\">\n<table class=\"table\">\n<tbody>\n<tr>\n<td style=\"width: 295px;\"><em><strong>Du lundi au vendredi<\/strong><\/em><\/td>\n<td style=\"width: 295px;\">8 h &#8211; 16 h<\/td>\n<\/tr>\n<tr>\n<td style=\"width: 295px;\"><em><strong>Samedi et dimanche<\/strong><\/em><\/td>\n<td style=\"width: 295px;\">Ferm\u00e9<\/td>\n<\/tr>\n<tr>\n<td style=\"width: 295px;\"><em><strong>Jours f\u00e9ri\u00e9s<\/strong><\/em><\/td>\n<td style=\"width: 295px;\">Ferm\u00e9<\/td>\n<\/tr>\n<\/tbody>\n<\/table>\n<\/div>\n<div class=\"table-responsive\"><\/div>\n<p><strong>Distributeurs automatiques<br \/>\n<\/strong>Il y a des machines distributrices \u00e0 divers endroits, y compris \u00e0 l\u2019Urgence et pr\u00e8s de la caf\u00e9t\u00e9ria.<\/p>\n<h2>Campus Riverside<\/h2>\n<div class=\"table-responsive\"><\/div>\n<p><strong>Caf\u00e9t\u00e9ria\u00a0Le rendez-vous<br \/>\n<\/strong>La caf\u00e9t\u00e9ria du Campus Riverside est situ\u00e9e au sous-sol. Nous y servons des repas chauds et des plats du jour, des boissons diverses et des desserts. On y retrouve aussi un bar \u00e0 salade. Tous les profits r\u00e9alis\u00e9s sont remis aux Auxiliaires du Campus Riverside afin d&rsquo;appuyer les services aux patients.<\/p>\n<div class=\"table-responsive\">\n<table class=\"table\">\n<tbody>\n<tr>\n<td style=\"width: 295px;\"><em><strong>Du lundi au vendredi<\/strong><\/em><\/td>\n<td style=\"width: 295px;\">9 h &#8211; 14 h<\/td>\n<\/tr>\n<tr>\n<td style=\"width: 295px;\"><em><strong>Samedi et dimanche<\/strong><\/em><\/td>\n<td style=\"width: 295px;\">Ferm\u00e9<\/td>\n<\/tr>\n<tr>\n<td style=\"width: 295px;\"><em><strong>Jours f\u00e9ri\u00e9s<\/strong><\/em><\/td>\n<td style=\"width: 295px;\">Ferm\u00e9<\/td>\n<\/tr>\n<\/tbody>\n<\/table>\n<\/div>\n","protected":false},"excerpt":{"rendered":"<p>Nous planifions les repas des patients \u00e0 l&rsquo;aide du Guide alimentaire canadien. Si le m\u00e9decin prescrit un r\u00e9gime particulier \u00e0 un patient, nous pr\u00e9parons ses repas en cons\u00e9quence. Veuillez aviser un membre de votre cercle de soins de toute allergie ou pr\u00e9f\u00e9rence alimentaire. Heures des repas (patients hospitalis\u00e9s) D\u00e9jeuner 8\u00a0h\u00a000 &#8211; 9\u00a0h D\u00eener 11\u00a0h\u00a045 &#8211; [&hellip;]<\/p>\n","protected":false},"author":25,"featured_media":0,"parent":201,"menu_order":4,"comment_status":"closed","ping_status":"closed","template":"","meta":{"_acf_changed":false,"_mc_calendar":[],"footnotes":""},"class_list":["post-4778","page","type-page","status-publish","hentry"],"acf":[],"wps_subtitle":"","_links":{"self":[{"href":"https:\/\/www.ottawahospital.on.ca\/fr\/wp-json\/wp\/v2\/pages\/4778","targetHints":{"allow":["GET"]}}],"collection":[{"href":"https:\/\/www.ottawahospital.on.ca\/fr\/wp-json\/wp\/v2\/pages"}],"about":[{"href":"https:\/\/www.ottawahospital.on.ca\/fr\/wp-json\/wp\/v2\/types\/page"}],"author":[{"embeddable":true,"href":"https:\/\/www.ottawahospital.on.ca\/fr\/wp-json\/wp\/v2\/users\/25"}],"replies":[{"embeddable":true,"href":"https:\/\/www.ottawahospital.on.ca\/fr\/wp-json\/wp\/v2\/comments?post=4778"}],"version-history":[{"count":0,"href":"https:\/\/www.ottawahospital.on.ca\/fr\/wp-json\/wp\/v2\/pages\/4778\/revisions"}],"up":[{"embeddable":true,"href":"https:\/\/www.ottawahospital.on.ca\/fr\/wp-json\/wp\/v2\/pages\/201"}],"wp:attachment":[{"href":"https:\/\/www.ottawahospital.on.ca\/fr\/wp-json\/wp\/v2\/media?parent=4778"}],"curies":[{"name":"wp","href":"https:\/\/api.w.org\/{rel}","templated":true}]}}