{"id":47392,"date":"2019-05-29T14:01:04","date_gmt":"2019-05-29T18:01:04","guid":{"rendered":"https:\/\/www.ottawahospital.on.ca\/?page_id=47392"},"modified":"2021-03-15T13:48:19","modified_gmt":"2021-03-15T17:48:19","slug":"epic","status":"publish","type":"page","link":"https:\/\/www.ottawahospital.on.ca\/fr\/patients-et-visiteurs\/epic\/","title":{"rendered":"Epic"},"content":{"rendered":"<h2>Epic : notre nouveau syst\u00e8me d\u2019information sur la sant\u00e9<\/h2>\n<blockquote>\n<p style=\"text-align: center;\"><strong>Bienvenue \u00e0 l\u2019aube d\u2019une nouvelle \u00e8re en soins de sant\u00e9<br \/>\nPour une meilleure gestion concert\u00e9e de votre sant\u00e9<\/strong><\/p>\n<\/blockquote>\n<p>Epic est un puissant logiciel de gestion de l\u2019information sur la sant\u00e9 dot\u00e9 de technologies de pointe pour s\u00e9curiser, organiser et consulter les dossiers des patients, tout en prot\u00e9geant leur confidentialit\u00e9.<\/p>\n<p>Le 1er juin, notre h\u00f4pital et cinq autres \u00e9tablissements de sant\u00e9 de l\u2019Est ontarien <a href=\"https:\/\/www.ottawahospital.on.ca\/fr\/newsroom\/nouveau-systeme-dinformation-sur-la-sante\/\">commenceront tous \u00e0 utiliser Epic<\/a>.<\/p>\n<div class=\"embed-responsive embed-responsive-16by9\"><iframe class=\"embed-responsive-item\" title=\"TOH Patient Story about Epic French Version\" src=\"https:\/\/www.youtube.com\/embed\/USbfdCbGZzQ?rel=0&amp;modestbranding=1&amp;autohide=1&amp;showinfo=0&amp;controls=0\" frameborder=\"0\" allowfullscreen=\"allowfullscreen\"><\/iframe><\/div>\n<p><span class=\"toh_blue\">Sur toute l\u2019\u00e9tendue du r\u00e9seau,<\/span> votre \u00e9quipe de soins est connect\u00e9e et toujours pr\u00eate \u00e0 vous aider!<\/p>\n<p><span class=\"toh_blue\">Continuit\u00e9 des soins dans l\u2019ensemble des six \u00e9tablissements<\/span><\/p>\n<ul>\n<li>H\u00f4pital G\u00e9n\u00e9ral de Hawkesbury et district<\/li>\n<li>H\u00f4pital Victoria de Renfrew<\/li>\n<li>H\u00f4pital St. Francis Memorial<\/li>\n<li>L\u2019H\u00f4pital d\u2019Ottawa<\/li>\n<li>\u00c9quipe universitaire de sant\u00e9 familiale de L\u2019H\u00f4pital d\u2019Ottawa<\/li>\n<li>Institut de cardiologie de l\u2019Universit\u00e9 d\u2019Ottawa<\/li>\n<\/ul>\n<p><span class=\"toh_blue\">Avoir votre profil m\u00e9dical<\/span> \u00e0 port\u00e9e de main vous permet de mettre \u00e0 jour :<\/p>\n<ul>\n<li>vos ant\u00e9c\u00e9dents m\u00e9dicaux<\/li>\n<li>la liste de vos allergies<\/li>\n<li>la liste des m\u00e9dicaments que vous prenez.<\/li>\n<\/ul>\n<p>Et ce, o\u00f9 que vous soyez!<\/p>\n<div class=\"row\">\n<div class=\"col-md-6\"><a href=\"\/fr\/patients-et-visiteurs\/mychart\/\"><img decoding=\"async\" class=\"img-responsive alignnone wp-image-47251 size-full\" src=\"https:\/\/www.ottawahospital.on.ca\/wp-content\/uploads\/2019\/05\/Epic-MyChart-V3.jpg\" alt=\"MyChart\" width=\"365\" height=\"180\" srcset=\"https:\/\/www.ottawahospital.on.ca\/wp-content\/uploads\/2019\/05\/Epic-MyChart-V3.jpg 365w, https:\/\/www.ottawahospital.on.ca\/wp-content\/uploads\/2019\/05\/Epic-MyChart-V3-300x148.jpg 300w\" sizes=\"(max-width: 365px) 100vw, 365px\" \/><\/a><\/div>\n<div class=\"col-md-6\"><a href=\"\/fr\/patients-et-visiteurs\/protection-des-renseignements-personnels\/\"><img decoding=\"async\" class=\"img-responsive alignnone wp-image-47445 size-full\" src=\"https:\/\/www.ottawahospital.on.ca\/wp-content\/uploads\/2019\/05\/Privacy.jpg\" alt=\"opened lock\" width=\"365\" height=\"180\" srcset=\"https:\/\/www.ottawahospital.on.ca\/wp-content\/uploads\/2019\/05\/Privacy.jpg 365w, https:\/\/www.ottawahospital.on.ca\/wp-content\/uploads\/2019\/05\/Privacy-300x148.jpg 300w\" sizes=\"(max-width: 365px) 100vw, 365px\" \/><\/a><\/div>\n<\/div>\n<div class=\"row\"><img decoding=\"async\" class=\"col-md-12 img-responsive alignnone wp-image-47268 size-full\" src=\"https:\/\/www.ottawahospital.on.ca\/wp-content\/uploads\/2019\/05\/footer-Banner.png\" alt=\"The Ottawa Hospital, Hawkesbury and District General Hospital, Renfrew Victoria Hospital, uOttawa Heart Institute, St. Frances Memorial Hospital and Family Health Team\" width=\"1652\" height=\"196\" srcset=\"https:\/\/www.ottawahospital.on.ca\/wp-content\/uploads\/2019\/05\/footer-Banner.png 1652w, https:\/\/www.ottawahospital.on.ca\/wp-content\/uploads\/2019\/05\/footer-Banner-600x71.png 600w, https:\/\/www.ottawahospital.on.ca\/wp-content\/uploads\/2019\/05\/footer-Banner-300x36.png 300w, https:\/\/www.ottawahospital.on.ca\/wp-content\/uploads\/2019\/05\/footer-Banner-768x91.png 768w, https:\/\/www.ottawahospital.on.ca\/wp-content\/uploads\/2019\/05\/footer-Banner-1024x121.png 1024w\" sizes=\"(max-width: 1652px) 100vw, 1652px\" \/><\/div>\n","protected":false},"excerpt":{"rendered":"<p>Epic : notre nouveau syst\u00e8me d\u2019information sur la sant\u00e9 Bienvenue \u00e0 l\u2019aube d\u2019une nouvelle \u00e8re en soins de sant\u00e9 Pour une meilleure gestion concert\u00e9e de votre sant\u00e9 Epic est un puissant logiciel de gestion de l\u2019information sur la sant\u00e9 dot\u00e9 de technologies de pointe pour s\u00e9curiser, organiser et consulter les dossiers des patients, tout en [&hellip;]<\/p>\n","protected":false},"author":25,"featured_media":0,"parent":84,"menu_order":11,"comment_status":"closed","ping_status":"closed","template":"","meta":{"_acf_changed":false,"_mc_calendar":[],"footnotes":""},"class_list":["post-47392","page","type-page","status-publish","hentry"],"acf":[],"wps_subtitle":"","_links":{"self":[{"href":"https:\/\/www.ottawahospital.on.ca\/fr\/wp-json\/wp\/v2\/pages\/47392","targetHints":{"allow":["GET"]}}],"collection":[{"href":"https:\/\/www.ottawahospital.on.ca\/fr\/wp-json\/wp\/v2\/pages"}],"about":[{"href":"https:\/\/www.ottawahospital.on.ca\/fr\/wp-json\/wp\/v2\/types\/page"}],"author":[{"embeddable":true,"href":"https:\/\/www.ottawahospital.on.ca\/fr\/wp-json\/wp\/v2\/users\/25"}],"replies":[{"embeddable":true,"href":"https:\/\/www.ottawahospital.on.ca\/fr\/wp-json\/wp\/v2\/comments?post=47392"}],"version-history":[{"count":0,"href":"https:\/\/www.ottawahospital.on.ca\/fr\/wp-json\/wp\/v2\/pages\/47392\/revisions"}],"up":[{"embeddable":true,"href":"https:\/\/www.ottawahospital.on.ca\/fr\/wp-json\/wp\/v2\/pages\/84"}],"wp:attachment":[{"href":"https:\/\/www.ottawahospital.on.ca\/fr\/wp-json\/wp\/v2\/media?parent=47392"}],"curies":[{"name":"wp","href":"https:\/\/api.w.org\/{rel}","templated":true}]}}