{"id":4671,"date":"2016-11-07T17:10:13","date_gmt":"2016-11-07T22:10:13","guid":{"rendered":"http:\/\/52.229.122.34\/fr\/?page_id=4671"},"modified":"2025-07-09T10:18:25","modified_gmt":"2025-07-09T14:18:25","slug":"tony-sottile","status":"publish","type":"page","link":"https:\/\/www.ottawahospital.on.ca\/fr\/about-us\/notre-equipe-de-direction\/conseil-des-gouverneurs\/membres-du-conseil\/tony-sottile\/","title":{"rendered":"Tony Sottile"},"content":{"rendered":"<div style=\"width: 154px\" class=\"wp-caption alignleft\"><img decoding=\"async\" class=\"img-responsive\" src=\"\/wp-content\/uploads\/2016\/11\/TonySotille.jpg\" alt=\"Tony Sottile\" width=\"144\" height=\"180\" \/><p class=\"wp-caption-text\"><strong>Tony Sottile<\/strong><br \/>Pr\u00e9sident, comit\u00e9 de <span class=\"TextRun SCXW53030724 BCX0\" lang=\"FR-CA\" xml:lang=\"FR-CA\" data-contrast=\"auto\"><span class=\"NormalTextRun SCXW53030724 BCX0\">d\u00e9veloppement\u00a0<\/span><\/span><\/p><\/div>\n<p>Ing\u00e9nieur, Tony Sottile travaille dans le secteur des entrepreneurs en construction m\u00e9canique depuis 1984. Une fois son baccalaur\u00e9at en g\u00e9nie m\u00e9canique de l\u2019Universit\u00e9 Carleton (Ottawa) en poche, il commence sa carri\u00e8re comme gestionnaire de projets en 1984. Au long de sa carri\u00e8re, il acquiert de l\u2019exp\u00e9rience dans divers secteurs de la construction commerciale et industrielle : \u00e9tablissements de sant\u00e9, centres de donn\u00e9es, gratte-ciel commerciaux, \u00e9tablissements d\u2019enseignement et laboratoires.<\/p>\n<p>Apr\u00e8s 32\u00a0ann\u00e9es dans le secteur de la construction, M.\u00a0Sottile prend sa retraite du milieu des entrepreneurs en m\u00e9canique alors qu\u2019il est PDG d\u2019une importante soci\u00e9t\u00e9 canadienne dans ce domaine. Il a dirig\u00e9 cette soci\u00e9t\u00e9 pendant une p\u00e9riode de croissance g\u00e9ographique et \u00e9conomique soutenue comprenant l\u2019acquisition de cinq nouvelles entreprises. L\u2019entreprise a \u00e9t\u00e9 nomm\u00e9e membre du Club Platine des soci\u00e9t\u00e9s les mieux g\u00e9r\u00e9es au Canada.<\/p>\n<p>M. Sottile a \u00e9t\u00e9 pr\u00e9sident de l\u2019Association de la construction d\u2019Ottawa, de L\u2019Association des entrepreneurs en m\u00e9canique d\u2019Ottawa et de la Canadian Mechanical Contracting Education Foundation.\u00a0 Il est membre de l\u2019Ordre des ing\u00e9nieurs de l\u2019Ontario et de l\u2019ASHRAE.<\/p>\n<p>Pendant sa retraite, M. Sottile met b\u00e9n\u00e9volement son exp\u00e9rience en gestion et en affaires au service d\u2019entreprises pour les aider \u00e0 grandir et \u00e0 viser l\u2019excellence op\u00e9rationnelle. Voyages en famille, ski, cyclisme et hockey viennent \u00e9quilibrer sa vie active.<\/p>\n<p>Nomm\u00e9 en 2016 jusqu\u2019en 2025.<\/p>\n","protected":false},"excerpt":{"rendered":"<p>Ing\u00e9nieur, Tony Sottile travaille dans le secteur des entrepreneurs en construction m\u00e9canique depuis 1984. Une fois son baccalaur\u00e9at en g\u00e9nie m\u00e9canique de l\u2019Universit\u00e9 Carleton (Ottawa) en poche, il commence sa carri\u00e8re comme gestionnaire de projets en 1984. Au long de sa carri\u00e8re, il acquiert de l\u2019exp\u00e9rience dans divers secteurs de la construction commerciale et industrielle [&hellip;]<\/p>\n","protected":false},"author":25,"featured_media":0,"parent":4561,"menu_order":13,"comment_status":"closed","ping_status":"closed","template":"","meta":{"_acf_changed":false,"_mc_calendar":[],"footnotes":""},"class_list":["post-4671","page","type-page","status-publish","hentry"],"acf":[],"wps_subtitle":"","_links":{"self":[{"href":"https:\/\/www.ottawahospital.on.ca\/fr\/wp-json\/wp\/v2\/pages\/4671","targetHints":{"allow":["GET"]}}],"collection":[{"href":"https:\/\/www.ottawahospital.on.ca\/fr\/wp-json\/wp\/v2\/pages"}],"about":[{"href":"https:\/\/www.ottawahospital.on.ca\/fr\/wp-json\/wp\/v2\/types\/page"}],"author":[{"embeddable":true,"href":"https:\/\/www.ottawahospital.on.ca\/fr\/wp-json\/wp\/v2\/users\/25"}],"replies":[{"embeddable":true,"href":"https:\/\/www.ottawahospital.on.ca\/fr\/wp-json\/wp\/v2\/comments?post=4671"}],"version-history":[{"count":0,"href":"https:\/\/www.ottawahospital.on.ca\/fr\/wp-json\/wp\/v2\/pages\/4671\/revisions"}],"up":[{"embeddable":true,"href":"https:\/\/www.ottawahospital.on.ca\/fr\/wp-json\/wp\/v2\/pages\/4561"}],"wp:attachment":[{"href":"https:\/\/www.ottawahospital.on.ca\/fr\/wp-json\/wp\/v2\/media?parent=4671"}],"curies":[{"name":"wp","href":"https:\/\/api.w.org\/{rel}","templated":true}]}}