{"id":4638,"date":"2016-11-07T17:00:50","date_gmt":"2016-11-07T22:00:50","guid":{"rendered":"http:\/\/52.229.122.34\/fr\/?page_id=4638"},"modified":"2019-08-22T11:34:56","modified_gmt":"2019-08-22T15:34:56","slug":"patricia-kosseim","status":"publish","type":"page","link":"https:\/\/www.ottawahospital.on.ca\/fr\/patricia-kosseim\/","title":{"rendered":"Patricia Kosseim"},"content":{"rendered":"<div style=\"width: 160px\" class=\"wp-caption alignleft\"><img decoding=\"async\" class=\"img-responsive\" src=\"\/wp-content\/uploads\/2016\/11\/KosseimWeb.jpg\" alt=\"Patricia Kosseim\" width=\"150\" height=\"188\" \/><p class=\"wp-caption-text\"><strong>Patricia Kosseim<\/strong><\/p><\/div>\n<p>Avocate-conseil, Respect de la vie priv\u00e9e et gestion de l\u2019information, au cabinet d\u2019avocats Osler, Patricia Kosseim est aussi codirectrice de l\u2019\u00e9quipe AccessPrivacy de ce cabinet, qui offre des services int\u00e9gr\u00e9s et novateurs d\u2019information, de consultation et de leadership \u00e9clair\u00e9. Pendant plus de dix ans, elle a \u00e9t\u00e9 avocate g\u00e9n\u00e9rale principale au Commissariat \u00e0 la protection de la vie priv\u00e9e du Canada. Dans ce poste, elle a fourni des avis juridiques et strat\u00e9giques sur des dossiers tr\u00e8s vari\u00e9s de la protection de la vie priv\u00e9e, a conseill\u00e9 le Parlement sur les r\u00e9percussions de projets de loi sur le respect de la vie priv\u00e9e, a dirig\u00e9 des projets de recherche sur les technologies de l\u2019information \u00e9mergentes et a mis en valeur les lois sur la protection de la vie priv\u00e9e dans le cadre d\u2019importantes causes devant les tribunaux, notamment la Cour supr\u00eame du Canada.<br \/>\nAuparavant, Mme Kosseim a travaill\u00e9 \u00e0 G\u00e9nome Canada et aux Instituts de recherche en sant\u00e9 du Canada, o\u00f9 elle a \u00e9labor\u00e9 et mis sur pied les strat\u00e9gies nationales portant sur les questions \u00e9thiques, juridiques et sociales de la science et de la technologie.<br \/>\nAdmise au Barreau du Qu\u00e9bec en 1993, Mme Kosseim a exerc\u00e9 le droit au sein d\u2019un grand cabinet national de Montr\u00e9al pendant plus de six ans. Auteure et oratrice prolifique en mati\u00e8re de droit de la sant\u00e9, de respect de la vie priv\u00e9e et d\u2019\u00e9thique, elle a aussi enseign\u00e9 \u00e0 temps partiel \u00e0 la Facult\u00e9 de droit de l\u2019Universit\u00e9 d\u2019Ottawa. Elle pr\u00e9side le Conseil d\u2019administration de l\u2019Institut de recherche de l\u2019H\u00f4pital d\u2019Ottawa et est vice-pr\u00e9sidente du Comit\u00e9 sur l\u2019int\u00e9grit\u00e9 scientifique des Fonds de recherche du Qu\u00e9bec. De 2014-2018, Mme Kosseim a aussi \u00e9t\u00e9 titulaire d\u2019une charge publique au sein du Comit\u00e9 consultatif de la banque nationale de donn\u00e9es g\u00e9n\u00e9tiques.<\/p>\n<p><em>Nomm\u00e9e en 2013 jusqu\u2019en 2022.<\/em><\/p>\n","protected":false},"excerpt":{"rendered":"<p>Avocate-conseil, Respect de la vie priv\u00e9e et gestion de l\u2019information, au cabinet d\u2019avocats Osler, Patricia Kosseim est aussi codirectrice de l\u2019\u00e9quipe AccessPrivacy de ce cabinet, qui offre des services int\u00e9gr\u00e9s et novateurs d\u2019information, de consultation et de leadership \u00e9clair\u00e9. Pendant plus de dix ans, elle a \u00e9t\u00e9 avocate g\u00e9n\u00e9rale principale au Commissariat \u00e0 la protection [&hellip;]<\/p>\n","protected":false},"author":25,"featured_media":0,"parent":0,"menu_order":12,"comment_status":"closed","ping_status":"closed","template":"","meta":{"_acf_changed":false,"_mc_calendar":[],"footnotes":""},"class_list":["post-4638","page","type-page","status-publish","hentry"],"acf":[],"wps_subtitle":"","_links":{"self":[{"href":"https:\/\/www.ottawahospital.on.ca\/fr\/wp-json\/wp\/v2\/pages\/4638","targetHints":{"allow":["GET"]}}],"collection":[{"href":"https:\/\/www.ottawahospital.on.ca\/fr\/wp-json\/wp\/v2\/pages"}],"about":[{"href":"https:\/\/www.ottawahospital.on.ca\/fr\/wp-json\/wp\/v2\/types\/page"}],"author":[{"embeddable":true,"href":"https:\/\/www.ottawahospital.on.ca\/fr\/wp-json\/wp\/v2\/users\/25"}],"replies":[{"embeddable":true,"href":"https:\/\/www.ottawahospital.on.ca\/fr\/wp-json\/wp\/v2\/comments?post=4638"}],"version-history":[{"count":0,"href":"https:\/\/www.ottawahospital.on.ca\/fr\/wp-json\/wp\/v2\/pages\/4638\/revisions"}],"wp:attachment":[{"href":"https:\/\/www.ottawahospital.on.ca\/fr\/wp-json\/wp\/v2\/media?parent=4638"}],"curies":[{"name":"wp","href":"https:\/\/api.w.org\/{rel}","templated":true}]}}