{"id":4633,"date":"2016-11-07T16:59:01","date_gmt":"2016-11-07T21:59:01","guid":{"rendered":"http:\/\/52.229.122.34\/fr\/?page_id=4633"},"modified":"2019-08-22T14:01:03","modified_gmt":"2019-08-22T18:01:03","slug":"dr-jack-kitts","status":"publish","type":"page","link":"https:\/\/www.ottawahospital.on.ca\/fr\/dr-jack-kitts\/","title":{"rendered":"Dr Jack Kitts"},"content":{"rendered":"<div style=\"width: 145px\" class=\"wp-caption alignleft paddingbottom40\"><img decoding=\"async\" class=\"img-responsive\" src=\"\/wp-content\/uploads\/2016\/11\/KittsDr_Jack6449_web-1.jpg\" alt=\"jackkittswebnew\" width=\"135\" height=\"169\" \/><p class=\"wp-caption-text\"><strong>D<sup>r<\/sup> Jack Kitts<\/strong> <br \/>President &amp; CEO<\/p><\/div>\n<p>Le D<sup>r<\/sup> Jack Kitts a obtenu son doctorat en m\u00e9decine de l\u2019Universit\u00e9 d\u2019Ottawa en 1980. Il a \u0153uvr\u00e9 pendant trois ans au sein des Forces arm\u00e9es canadiennes \u00e0 titre de m\u00e9decin militaire. Il est ensuite retourn\u00e9 sur les bancs de l\u2019Universit\u00e9 d\u2019Ottawa pour suivre une formation sp\u00e9cialis\u00e9e en anesth\u00e9sie. Il a par la suite fait un stage postdoctoral \u00e0 l\u2019Universit\u00e9 de la Californie \u00e0 San Francisco, puis s\u2019est joint au D\u00e9partement d\u2019anesth\u00e9siologie de l\u2019H\u00f4pital Civic d\u2019Ottawa, o\u00f9 il est devenu directeur de recherche et directeur m\u00e9dical de la Clinique d\u2019\u00e9valuation pr\u00e9op\u00e9ratoire. En 1995, il est devenu chef du D\u00e9partement d\u2019anesth\u00e9siologie de l\u2019H\u00f4pital Civic et professeur agr\u00e9g\u00e9 \u00e0 l\u2019Universit\u00e9 d\u2019Ottawa.<\/p>\n<p>En 1998, le D<sup>r<\/sup> Kitts a \u00e9t\u00e9 promu vice-pr\u00e9sident des Affaires m\u00e9dicales. Il a g\u00e9r\u00e9 le personnel m\u00e9dical lors de la fusion de trois h\u00f4pitaux et de cinq programmes, un processus complexe qui a men\u00e9 \u00e0 la cr\u00e9ation de L\u2019H\u00f4pital d\u2019Ottawa. En 2001, il a obtenu une ma\u00eetrise en administration des affaires, et en f\u00e9vrier 2002, il a \u00e9t\u00e9 nomm\u00e9 PDG de l\u2019H\u00f4pital. Il occupe toujours ce poste et dirige 12 000 employ\u00e9s.<\/p>\n<p>L\u2019H\u00f4pital d\u2019Ottawa est reconnu comme l\u2019un des plus principaux centres hospitaliers universitaires du Canada. Son institut de recherche est parmi les plus importants au pays. Plus de 1 500 scientifiques, chercheurs cliniciens, stagiaires et employ\u00e9s y travaillent.<\/p>\n<p>Le D<sup>r<\/sup> Kitts dirige l\u2019H\u00f4pital de mani\u00e8re strat\u00e9gique en favorisant le travail d\u2019\u00e9quipe, l\u2019inclusion, le perfectionnement et le mentorat des m\u00e9decins pour en faire des leaders. Son style de gestion et sa passion pour offrir des soins de qualit\u00e9 centr\u00e9s sur les patients ont \u00e9t\u00e9 des forces essentielles pour unifier l\u2019ensemble du personnel en vue de concr\u00e9tiser tous les jours la vision de L\u2019H\u00f4pital d\u2019Ottawa : \u00ab Offrir \u00e0 chaque patient des soins de calibre mondial et des services exceptionnels avec une compassion digne des personnes qui nous sont ch\u00e8res \u00bb. Dans le domaine de la sant\u00e9, le D<sup>r<\/sup> Kitts est reconnu \u00e0 l\u2019\u00e9chelle nationale pour ses efforts cibl\u00e9s et son expertise touchant l\u2019exp\u00e9rience du patient, la mesure de la performance et l\u2019engagement des m\u00e9decins. Il est d\u2019ailleurs tr\u00e8s recherch\u00e9 pour ses talents d\u2019orateur et ses sages conseils sur les questions d\u2019actualit\u00e9 cl\u00e9s concernant les soins de sant\u00e9.<\/p>\n<p><em>Les membres d\u2019office du Conseil des gouverneurs sont nomm\u00e9s pour aussi longtemps qu\u2019ils occupent le poste, au sein de L\u2019H\u00f4pital d\u2019Ottawa ou de tout autre organisme, qui leur permet de si\u00e9ger au Conseil conform\u00e9ment au r\u00e8glement administratif.<\/em><\/p>\n","protected":false},"excerpt":{"rendered":"<p>Le Dr Jack Kitts a obtenu son doctorat en m\u00e9decine de l\u2019Universit\u00e9 d\u2019Ottawa en 1980. Il a \u0153uvr\u00e9 pendant trois ans au sein des Forces arm\u00e9es canadiennes \u00e0 titre de m\u00e9decin militaire. Il est ensuite retourn\u00e9 sur les bancs de l\u2019Universit\u00e9 d\u2019Ottawa pour suivre une formation sp\u00e9cialis\u00e9e en anesth\u00e9sie. Il a par la suite fait [&hellip;]<\/p>\n","protected":false},"author":25,"featured_media":0,"parent":0,"menu_order":11,"comment_status":"closed","ping_status":"closed","template":"","meta":{"_acf_changed":false,"_mc_calendar":[],"footnotes":""},"class_list":["post-4633","page","type-page","status-publish","hentry"],"acf":[],"wps_subtitle":"","_links":{"self":[{"href":"https:\/\/www.ottawahospital.on.ca\/fr\/wp-json\/wp\/v2\/pages\/4633","targetHints":{"allow":["GET"]}}],"collection":[{"href":"https:\/\/www.ottawahospital.on.ca\/fr\/wp-json\/wp\/v2\/pages"}],"about":[{"href":"https:\/\/www.ottawahospital.on.ca\/fr\/wp-json\/wp\/v2\/types\/page"}],"author":[{"embeddable":true,"href":"https:\/\/www.ottawahospital.on.ca\/fr\/wp-json\/wp\/v2\/users\/25"}],"replies":[{"embeddable":true,"href":"https:\/\/www.ottawahospital.on.ca\/fr\/wp-json\/wp\/v2\/comments?post=4633"}],"version-history":[{"count":0,"href":"https:\/\/www.ottawahospital.on.ca\/fr\/wp-json\/wp\/v2\/pages\/4633\/revisions"}],"wp:attachment":[{"href":"https:\/\/www.ottawahospital.on.ca\/fr\/wp-json\/wp\/v2\/media?parent=4633"}],"curies":[{"name":"wp","href":"https:\/\/api.w.org\/{rel}","templated":true}]}}