{"id":4561,"date":"2016-11-07T16:08:08","date_gmt":"2016-11-07T21:08:08","guid":{"rendered":"http:\/\/52.229.122.34\/fr\/?page_id=4561"},"modified":"2025-12-02T09:04:47","modified_gmt":"2025-12-02T14:04:47","slug":"membres-du-conseil","status":"publish","type":"page","link":"https:\/\/www.ottawahospital.on.ca\/fr\/about-us\/notre-equipe-de-direction\/conseil-des-gouverneurs\/membres-du-conseil\/","title":{"rendered":"Membres du Conseil"},"content":{"rendered":"\n<p>Les membres du Conseil des gouverneurs de L&rsquo;H\u00f4pital d&rsquo;Ottawa sont nomm\u00e9s selon l&rsquo;article 4 du R\u00e8glement administratif.<\/p>\n\n\n\n<p>Voici la liste des membres actuels du Conseil des gouverneurs :<\/p>\n\n\n\n<ul class=\"wp-block-list\">\n<li><a href=\"https:\/\/www.ottawahospital.on.ca\/fr\/about-us\/notre-equipe-de-direction\/conseil-des-gouverneurs\/membres-du-conseil\/michael-tremblay\/\">Michael Tremblay<\/a> (pr\u00e9sident)<\/li>\n\n\n\n<li><a href=\"https:\/\/www.ottawahospital.on.ca\/fr\/about-us\/notre-equipe-de-direction\/conseil-des-gouverneurs\/membres-du-conseil\/catherine-clark\/\">Catherine Clark<\/a> (vice-pr\u00e9sidente)<\/li>\n\n\n\n<li><span class=\"TextRun SCXW79358168 BCX0\" lang=\"FR-CA\" xml:lang=\"FR-CA\" data-contrast=\"auto\"><a href=\"https:\/\/www.ottawahospital.on.ca\/fr\/about-us\/notre-equipe-de-direction\/conseil-des-gouverneurs\/membres-du-conseil\/dr-tim-asmis\/\"><span class=\"NormalTextRun SCXW79358168 BCX0\">D<\/span><sup>r<\/sup>&nbsp;Tim Asmis<\/a><\/span> <span class=\"NormalTextRun SCXW79358168 BCX0\">(membre d\u2019office)<\/span><\/li>\n\n\n\n<li><a href=\"https:\/\/www.ottawahospital.on.ca\/fr\/about-us\/notre-equipe-de-direction\/conseil-des-gouverneurs\/membres-du-conseil\/marion-crowe\/\">Marion Crowe<\/a><\/li>\n\n\n\n<li><a href=\"https:\/\/www.ottawahospital.on.ca\/fr\/about-us\/notre-equipe-de-direction\/conseil-des-gouverneurs\/membres-du-conseil\/paul-davidson\/\">Paul Davidson<\/a> <\/li>\n\n\n\n<li><a href=\"https:\/\/www.ottawahospital.on.ca\/fr\/about-us\/notre-equipe-de-direction\/conseil-des-gouverneurs\/membres-du-conseil\/dre-melissa-forgie\/\">D<span class=\"TextRun SCXW158661170 BCX0\" lang=\"FR-CA\" xml:lang=\"FR-CA\" data-contrast=\"auto\"><span class=\"NormalTextRun SCXW158661170 BCX0\"><sup>re<\/sup><\/span><\/span> Melissa Forgie<\/a> (membre d&rsquo;office)<\/li>\n\n\n\n<li><a data-wplink-edit=\"true\" href=\"_wp_link_placeholder\">Karen Gordon<\/a><\/li>\n\n\n\n<li><a href=\"https:\/\/www.ottawahospital.on.ca\/fr\/about-us\/notre-equipe-de-direction\/conseil-des-gouverneurs\/membres-du-conseil\/greg-a-graham\/\">Greg Graham<\/a><\/li>\n\n\n\n<li><a href=\"https:\/\/www.ottawahospital.on.ca\/fr\/about-us\/notre-equipe-de-direction\/conseil-des-gouverneurs\/membres-du-conseil\/janet-graham\/\">Janet Graham<\/a> (membre d&rsquo;office)<\/li>\n\n\n\n<li><a href=\"https:\/\/www.ottawahospital.on.ca\/fr\/about-us\/notre-equipe-de-direction\/conseil-des-gouverneurs\/membres-du-conseil\/rose-lemay\/\">Rose LeMay<\/a><\/li>\n\n\n\n<li><a href=\"https:\/\/www.ottawahospital.on.ca\/fr\/about-us\/notre-equipe-de-direction\/equipe-de-la-haute-direction\/cameron-love\/\">Cameron Love<\/a> (member d\u2019office)<\/li>\n\n\n\n<li><a href=\"https:\/\/www.ottawahospital.on.ca\/fr\/about-us\/notre-equipe-de-direction\/conseil-des-gouverneurs\/membres-du-conseil\/mante-molepo\/\"><span class=\"TextRun SCXW163731199 BCX0\" lang=\"EN-CA\" xml:lang=\"EN-CA\" data-contrast=\"auto\"><span class=\"NormalTextRun SCXW163731199 BCX0\">Mante Molepo<\/span><\/span><\/a><\/li>\n\n\n\n<li><a href=\"https:\/\/www.ottawahospital.on.ca\/fr\/about-us\/notre-equipe-de-direction\/conseil-des-gouverneurs\/membres-du-conseil\/jo%e2%80%90anne-poirier\/\">Jo-Anne Poirier<\/a><\/li>\n\n\n\n<li><a href=\"https:\/\/www.ottawahospital.on.ca\/fr\/about-us\/notre-equipe-de-direction\/conseil-des-gouverneurs\/membres-du-conseil\/dre-virginia-roth\/\">D<sup>re<\/sup>&nbsp;Virginia Roth<\/a> <a href=\"https:\/\/www.ottawahospital.on.ca\/fr\/about-us\/notre-equipe-de-direction\/conseil-des-gouverneurs\/membres-du-conseil\/dre-virginia-roth\/\">(<\/a>membre d&rsquo;office<a href=\"https:\/\/www.ottawahospital.on.ca\/fr\/about-us\/notre-equipe-de-direction\/conseil-des-gouverneurs\/membres-du-conseil\/dre-virginia-roth\/\">)<\/a><\/li>\n\n\n\n<li><a href=\"https:\/\/www.ottawahospital.on.ca\/fr\/about-us\/notre-equipe-de-direction\/conseil-des-gouverneurs\/membres-du-conseil\/khalil-shariff\/\">Khalil Shariff<\/a><\/li>\n\n\n\n<li><a href=\"https:\/\/www.ottawahospital.on.ca\/fr\/about-us\/notre-equipe-de-direction\/conseil-des-gouverneurs\/membres-du-conseil\/zaina-sovani\/\">Zaina Sovani<\/a><\/li>\n\n\n\n<li><a href=\"https:\/\/www.ottawahospital.on.ca\/fr\/about-us\/notre-equipe-de-direction\/conseil-des-gouverneurs\/membres-du-conseil\/tony-sottile\/\">Tony Sottile<\/a><\/li>\n\n\n\n<li><a href=\"https:\/\/www.ottawahospital.on.ca\/fr\/about-us\/notre-equipe-de-direction\/conseil-des-gouverneurs\/membres-du-conseil\/steve-spooner\/\">Steve Spooner<\/a><\/li>\n\n\n\n<li><a href=\"https:\/\/www.ottawahospital.on.ca\/fr\/about-us\/notre-equipe-de-direction\/conseil-des-gouverneurs\/membres-du-conseil\/dre-julie-st-pierre\/\">D<sup>re<\/sup> Julie St Pierre<\/a> (membre d&rsquo;office)<\/li>\n\n\n\n<li><a href=\"https:\/\/www.ottawahospital.on.ca\/fr\/about-us\/notre-equipe-de-direction\/conseil-des-gouverneurs\/membres-du-conseil\/lucie-tedesco\/\"><span class=\"TextRun SCXW35536906 BCX0\" lang=\"FR-CA\" xml:lang=\"FR-CA\" data-contrast=\"auto\"><span class=\"NormalTextRun SCXW35536906 BCX0\">Lucie Tedesco<\/span><\/span><\/a><\/li>\n\n\n\n<li><a href=\"https:\/\/www.ottawahospital.on.ca\/fr\/about-us\/notre-equipe-de-direction\/conseil-des-gouverneurs\/membres-du-conseil\/brendan-timmins\/\">Brendan Timmins<\/a><\/li>\n\n\n\n<li><a href=\"https:\/\/www.ottawahospital.on.ca\/fr\/about-us\/notre-equipe-de-direction\/conseil-des-gouverneurs\/membres-du-conseil\/mary-traversy\/\"><span class=\"TextRun SCXW249534713 BCX0\" lang=\"FR-CA\" xml:lang=\"FR-CA\" data-contrast=\"auto\"><span class=\"NormalTextRun SCXW249534713 BCX0\">Mary Traversy<\/span><\/span><\/a><\/li>\n\n\n\n<li><span class=\"TextRun SCXW158661170 BCX0\" lang=\"FR-CA\" xml:lang=\"FR-CA\" data-contrast=\"auto\"><a href=\"https:\/\/www.ottawahospital.on.ca\/fr\/about-us\/notre-equipe-de-direction\/conseil-des-gouverneurs\/membres-du-conseil\/dr-jocelyn-zwicker\/\"><span class=\"NormalTextRun SCXW158661170 BCX0\">D<sup>re<\/sup> Jocelyn Zwicker<\/span><\/a> <span class=\"NormalTextRun SCXW158661170 BCX0\">(membre d\u2019office)<\/span><\/span><\/li>\n<\/ul>\n\n\n\n<p><\/p>\n","protected":false},"excerpt":{"rendered":"<p>Les membres du Conseil des gouverneurs de L&rsquo;H\u00f4pital d&rsquo;Ottawa sont nomm\u00e9s selon l&rsquo;article 4 du R\u00e8glement administratif. Voici la liste des membres actuels du Conseil des gouverneurs :<\/p>\n","protected":false},"author":25,"featured_media":0,"parent":4542,"menu_order":1,"comment_status":"closed","ping_status":"closed","template":"","meta":{"_acf_changed":false,"_mc_calendar":[],"footnotes":""},"class_list":["post-4561","page","type-page","status-publish","hentry"],"acf":[],"wps_subtitle":"","_links":{"self":[{"href":"https:\/\/www.ottawahospital.on.ca\/fr\/wp-json\/wp\/v2\/pages\/4561","targetHints":{"allow":["GET"]}}],"collection":[{"href":"https:\/\/www.ottawahospital.on.ca\/fr\/wp-json\/wp\/v2\/pages"}],"about":[{"href":"https:\/\/www.ottawahospital.on.ca\/fr\/wp-json\/wp\/v2\/types\/page"}],"author":[{"embeddable":true,"href":"https:\/\/www.ottawahospital.on.ca\/fr\/wp-json\/wp\/v2\/users\/25"}],"replies":[{"embeddable":true,"href":"https:\/\/www.ottawahospital.on.ca\/fr\/wp-json\/wp\/v2\/comments?post=4561"}],"version-history":[{"count":0,"href":"https:\/\/www.ottawahospital.on.ca\/fr\/wp-json\/wp\/v2\/pages\/4561\/revisions"}],"up":[{"embeddable":true,"href":"https:\/\/www.ottawahospital.on.ca\/fr\/wp-json\/wp\/v2\/pages\/4542"}],"wp:attachment":[{"href":"https:\/\/www.ottawahospital.on.ca\/fr\/wp-json\/wp\/v2\/media?parent=4561"}],"curies":[{"name":"wp","href":"https:\/\/api.w.org\/{rel}","templated":true}]}}