{"id":4536,"date":"2016-11-07T15:56:31","date_gmt":"2016-11-07T20:56:31","guid":{"rendered":"http:\/\/52.229.122.34\/fr\/?page_id=4536"},"modified":"2025-07-09T11:20:55","modified_gmt":"2025-07-09T15:20:55","slug":"notre-equipe-de-direction","status":"publish","type":"page","link":"https:\/\/www.ottawahospital.on.ca\/fr\/about-us\/notre-equipe-de-direction\/","title":{"rendered":"Notre \u00e9quipe de direction"},"content":{"rendered":"<p>L&rsquo;H\u00f4pital d&rsquo;Ottawa est r\u00e9gi par un <a href=\"https:\/\/www.ottawahospital.on.ca\/fr\/about-us\/notre-equipe-de-direction\/conseil-des-gouverneurs\/\">Conseil des gouverneurs<\/a> b\u00e9n\u00e9vole compos\u00e9 de 21 membres nomm\u00e9s et \u00e9lus, dont des repr\u00e9sentants de l&rsquo;Universit\u00e9 d&rsquo;Ottawa et d&rsquo;autres groupes de la collectivit\u00e9.<\/p>\n<p><a href=\"https:\/\/www.ottawahospital.on.ca\/en\/documents\/2025\/07\/equipe-de-la-haute-direction.pdf\">L&rsquo;\u00c9quipe de la haute direction<\/a> dirige et contr\u00f4le le fonctionnement g\u00e9n\u00e9ral de L&rsquo;H\u00f4pital d&rsquo;Ottawa.<\/p>\n<p><a href=\"https:\/\/www.ottawahospital.on.ca\/en\/documents\/2025\/07\/equipe-de-direction.pdf\">L\u2019\u00c9quipe de direction<\/a> sont charg\u00e9s de planifier, de g\u00e9rer et d\u2019\u00e9valuer la prestation des soins et tous les aspects connexes.<\/p>\n\n\n<p><\/p>\n","protected":false},"excerpt":{"rendered":"<p>L&rsquo;H\u00f4pital d&rsquo;Ottawa est r\u00e9gi par un Conseil des gouverneurs b\u00e9n\u00e9vole compos\u00e9 de 21 membres nomm\u00e9s et \u00e9lus, dont des repr\u00e9sentants de l&rsquo;Universit\u00e9 d&rsquo;Ottawa et d&rsquo;autres groupes de la collectivit\u00e9. L&rsquo;\u00c9quipe de la haute direction dirige et contr\u00f4le le fonctionnement g\u00e9n\u00e9ral de L&rsquo;H\u00f4pital d&rsquo;Ottawa. L\u2019\u00c9quipe de direction sont charg\u00e9s de planifier, de g\u00e9rer et d\u2019\u00e9valuer la [&hellip;]<\/p>\n","protected":false},"author":25,"featured_media":0,"parent":74,"menu_order":4,"comment_status":"closed","ping_status":"closed","template":"","meta":{"_acf_changed":false,"_mc_calendar":[],"footnotes":""},"class_list":["post-4536","page","type-page","status-publish","hentry"],"acf":[],"wps_subtitle":"","_links":{"self":[{"href":"https:\/\/www.ottawahospital.on.ca\/fr\/wp-json\/wp\/v2\/pages\/4536","targetHints":{"allow":["GET"]}}],"collection":[{"href":"https:\/\/www.ottawahospital.on.ca\/fr\/wp-json\/wp\/v2\/pages"}],"about":[{"href":"https:\/\/www.ottawahospital.on.ca\/fr\/wp-json\/wp\/v2\/types\/page"}],"author":[{"embeddable":true,"href":"https:\/\/www.ottawahospital.on.ca\/fr\/wp-json\/wp\/v2\/users\/25"}],"replies":[{"embeddable":true,"href":"https:\/\/www.ottawahospital.on.ca\/fr\/wp-json\/wp\/v2\/comments?post=4536"}],"version-history":[{"count":0,"href":"https:\/\/www.ottawahospital.on.ca\/fr\/wp-json\/wp\/v2\/pages\/4536\/revisions"}],"up":[{"embeddable":true,"href":"https:\/\/www.ottawahospital.on.ca\/fr\/wp-json\/wp\/v2\/pages\/74"}],"wp:attachment":[{"href":"https:\/\/www.ottawahospital.on.ca\/fr\/wp-json\/wp\/v2\/media?parent=4536"}],"curies":[{"name":"wp","href":"https:\/\/api.w.org\/{rel}","templated":true}]}}