{"id":4532,"date":"2016-11-07T15:54:41","date_gmt":"2016-11-07T20:54:41","guid":{"rendered":"http:\/\/52.229.122.34\/fr\/?page_id=4532"},"modified":"2020-06-29T10:57:26","modified_gmt":"2020-06-29T14:57:26","slug":"mot-du-pdg","status":"publish","type":"page","link":"https:\/\/www.ottawahospital.on.ca\/fr\/about-us\/mot-du-pdg\/","title":{"rendered":"Mot du PDG"},"content":{"rendered":"<h2>Des soins de calibre mondial \u00e0 L\u2019H\u00f4pital d\u2019Ottawa<\/h2>\n<p><img decoding=\"async\" class=\"img-responsive  alignright wp-image-53918\" src=\"https:\/\/www.ottawahospital.on.ca\/wp-content\/uploads\/2020\/06\/Cameron-Love_The-Ottawa-Hospital_2.jpg\" alt=\"Cameron Love\" width=\"356\" height=\"443\" srcset=\"https:\/\/www.ottawahospital.on.ca\/wp-content\/uploads\/2020\/06\/Cameron-Love_The-Ottawa-Hospital_2.jpg 800w, https:\/\/www.ottawahospital.on.ca\/wp-content\/uploads\/2020\/06\/Cameron-Love_The-Ottawa-Hospital_2-600x747.jpg 600w, https:\/\/www.ottawahospital.on.ca\/wp-content\/uploads\/2020\/06\/Cameron-Love_The-Ottawa-Hospital_2-241x300.jpg 241w, https:\/\/www.ottawahospital.on.ca\/wp-content\/uploads\/2020\/06\/Cameron-Love_The-Ottawa-Hospital_2-768x956.jpg 768w\" sizes=\"(max-width: 356px) 100vw, 356px\" \/><\/p>\n<p>Nous avons fait beaucoup de progr\u00e8s \u00e0 L\u2019H\u00f4pital d\u2019Ottawa et dans les soins centr\u00e9s sur les patients. Sous la direction du D<sup>r<\/sup> Jack Kitts, notre ancien PDG et coll\u00e8gue, L\u2019H\u00f4pital d\u2019Ottawa est devenu un \u00e9tablissement de sant\u00e9 de calibre mondial dont l\u2019objectif est d\u2019offrir des soins empreints de compassion \u00e0 tous les patients qui franchissent nos portes. Toutefois, la transformation des soins de sant\u00e9 \u00e0 L\u2019H\u00f4pital d\u2019Ottawa, et dans la collectivit\u00e9, est loin d\u2019\u00eatre termin\u00e9e.<\/p>\n<p>Alors que nous b\u00e2tissons l\u2019avenir des soins de calibre mondial, les besoins en mati\u00e8re de mieux-\u00eatre et de sant\u00e9 de notre collectivit\u00e9 et la fa\u00e7on de fournir d\u2019excellents soins \u00e0 nos patients nous orienteront pour les ann\u00e9es \u00e0 venir. B\u00e2tir l\u2019avenir des soins de sant\u00e9 commence maintenant. Nous continuerons d\u2019<strong>int\u00e9grer les soins\u00a0<\/strong>pour que nos patients y acc\u00e8dent au moment et \u00e0 l\u2019endroit opportuns. Nous nous assurerons d\u2019offrir des soins <strong>ax\u00e9s sur les valeurs<\/strong>,\u00a0tout en pla\u00e7ant la qualit\u00e9 de vie du patient au c\u0153ur de toutes nos activit\u00e9s. Nous renforcerons nos <strong>capacit\u00e9s afin de r\u00e9pondre aux besoins de notre collectivit\u00e9 en constante \u00e9volution<\/strong>, et ce, en \u00e9largissant notre main-d\u2019\u0153uvre talentueuse et engag\u00e9e, en investissant dans les nouvelles technologies pour appuyer les soins de calibre mondial et en cr\u00e9ant une infrastructure durable sur tous nos campus, incluant le nouveau campus. Nous serons un <strong>chef de file de la recherche et de l\u2019innovation<\/strong> pour r\u00e9volutionner les soins dans notre collectivit\u00e9 et le reste du monde.<\/p>\n<p>Je suis ravi de diriger cela avec chacun de vous \u00e0 L\u2019H\u00f4pital d\u2019Ottawa, car cet avenir ne se r\u00e9alisera pas sans vous. J\u2019esp\u00e8re travailler avec les membres de la collectivit\u00e9 et les patients en tant que partenaires de la sant\u00e9 afin que la nouvelle g\u00e9n\u00e9ration de soins de calibre mondial r\u00e9ponde \u00e0 nos besoins en constante \u00e9volution. Or, il ne s\u2019agit pas seulement d\u2019un souhait pour l\u2019avenir, mais bien d\u2019une r\u00e9alit\u00e9.<\/p>\n<p>Cameron Love<\/p>\n<p>Pr\u00e9sident-directeur g\u00e9n\u00e9ral<\/p>\n","protected":false},"excerpt":{"rendered":"<p>Des soins de calibre mondial \u00e0 L\u2019H\u00f4pital d\u2019Ottawa Nous avons fait beaucoup de progr\u00e8s \u00e0 L\u2019H\u00f4pital d\u2019Ottawa et dans les soins centr\u00e9s sur les patients. Sous la direction du Dr Jack Kitts, notre ancien PDG et coll\u00e8gue, L\u2019H\u00f4pital d\u2019Ottawa est devenu un \u00e9tablissement de sant\u00e9 de calibre mondial dont l\u2019objectif est d\u2019offrir des soins empreints [&hellip;]<\/p>\n","protected":false},"author":25,"featured_media":0,"parent":74,"menu_order":3,"comment_status":"closed","ping_status":"closed","template":"","meta":{"_acf_changed":false,"_mc_calendar":[],"footnotes":""},"class_list":["post-4532","page","type-page","status-publish","hentry"],"acf":[],"wps_subtitle":"","_links":{"self":[{"href":"https:\/\/www.ottawahospital.on.ca\/fr\/wp-json\/wp\/v2\/pages\/4532","targetHints":{"allow":["GET"]}}],"collection":[{"href":"https:\/\/www.ottawahospital.on.ca\/fr\/wp-json\/wp\/v2\/pages"}],"about":[{"href":"https:\/\/www.ottawahospital.on.ca\/fr\/wp-json\/wp\/v2\/types\/page"}],"author":[{"embeddable":true,"href":"https:\/\/www.ottawahospital.on.ca\/fr\/wp-json\/wp\/v2\/users\/25"}],"replies":[{"embeddable":true,"href":"https:\/\/www.ottawahospital.on.ca\/fr\/wp-json\/wp\/v2\/comments?post=4532"}],"version-history":[{"count":0,"href":"https:\/\/www.ottawahospital.on.ca\/fr\/wp-json\/wp\/v2\/pages\/4532\/revisions"}],"up":[{"embeddable":true,"href":"https:\/\/www.ottawahospital.on.ca\/fr\/wp-json\/wp\/v2\/pages\/74"}],"wp:attachment":[{"href":"https:\/\/www.ottawahospital.on.ca\/fr\/wp-json\/wp\/v2\/media?parent=4532"}],"curies":[{"name":"wp","href":"https:\/\/api.w.org\/{rel}","templated":true}]}}