{"id":4518,"date":"2016-11-07T15:27:05","date_gmt":"2016-11-07T20:27:05","guid":{"rendered":"http:\/\/52.229.122.34\/fr\/?page_id=4518"},"modified":"2024-09-17T15:26:03","modified_gmt":"2024-09-17T19:26:03","slug":"comment-se-rendre","status":"publish","type":"page","link":"https:\/\/www.ottawahospital.on.ca\/fr\/patients-et-visiteurs\/directions-et-plans-des-campus\/comment-se-rendre\/","title":{"rendered":"Comment se rendre"},"content":{"rendered":"<div class=\"row\">\n<div class=\"col-md-4 nopaddingright\">\n<p>S\u00e9lectionnez un campus pour le faire afficher le plan. Vous pourrez ensuite cliquer sur \u00ab Directions \u00bb dans le plan pour voir les directives pour vous y rendre en voiture.<\/p>\n<ul class=\"campuslist\">\n<li><a title=\"Campus Civic\" href=\"#\" target=\"\" rel=\"civic noopener noreferrer\"><span style=\"font-size: 0.93em;\">Campus Civic<\/span><\/a><\/li>\n<li><a title=\"Campus G\u00e9n\u00e9ral\" href=\"#\" target=\"\" rel=\"general noopener noreferrer\"><span style=\"font-size: 0.93em;\">Campus G\u00e9n\u00e9ral<\/span><\/a><\/li>\n<li><a title=\"Campus Riverside\" href=\"#\" target=\"\" rel=\"riverside noopener noreferrer\"><span style=\"font-size: 0.93em;\">Campus Riverside<\/span><\/a><\/li>\n<li><a class=\"doubleline\" title=\"Centre de canc\u00e9rologie Famille Irving Greenberg\" href=\"#\" target=\"\" rel=\"irving noopener noreferrer\"><span style=\"font-size: 0.93em;\">Centre de canc\u00e9rologie Famille Irving Greenberg<\/span><\/a><\/li>\n<\/ul>\n<\/div>\n<div class=\"col-md-8\"><iframe id=\"gmap\" class=\"map\" title=\"Campus Directions\" src=\"\/maps\/fr\/google_maps_api_f.html?MOD=AJPERES&amp;useDefaultText=0&amp;useDefaultDesc=0\" name=\"gmap\" width=\"100%\" height=\"320\"><\/iframe><\/div>\n<\/div>\n<div class=\"row paddingtop5\">\n<div class=\"col-md-12\">\n<h2 class=\"paddingbottom10 \">Je cherche&#8230;<\/h2>\n<ul>\n<li><a title=\"D'autres endroits\" href=\"\/fr\/patients-et-visiteurs\/directions-et-plans-des-campus\/plans-des-campus\/\" target=\"\" rel=\"noopener noreferrer\">D&rsquo;autres endroits<\/a><\/li>\n<li><a title=\"\" href=\"\/fr\/patients-et-visiteurs\/directions-et-plans-des-campus\/stationnement\/\" target=\"\" rel=\"noopener noreferrer\">Stationnement<\/a><\/li>\n<\/ul>\n<h2 class=\"paddingbottom10\">En autobus<\/h2>\n<ul>\n<li><a title=\"Planificateur de trajet d\u2019OC Transpo\" href=\"https:\/\/plan.octranspo.com\/plan\" target=\"_blank\" rel=\"noopener noreferrer\">Planificateur de trajet d\u2019OC Transpo<\/a><\/li>\n<li><a href=\"https:\/\/www.octranspo.com\/fr\/para-transpo-fr\/\">Transport en commun accessible<\/a> (Para Transpo, autobus \u00e0 plancher surbaiss\u00e9, services pour les personnes ayant une d\u00e9ficience visuelle)<\/li>\n<\/ul>\n<\/div>\n<\/div>\n<p class=\"text-center paddingtop20\">L\u2019Urgence des campus Civic et G\u00e9n\u00e9ral de L&rsquo;H\u00f4pital d&rsquo;Ottawa est ouverte 24 heures sur 24, 7 jours sur 7.<br \/>\n<strong>*Il n&rsquo;y a pas de de services d&rsquo;urgence au Campus Riverside.<\/strong><\/p>\n","protected":false},"excerpt":{"rendered":"<p>S\u00e9lectionnez un campus pour le faire afficher le plan. Vous pourrez ensuite cliquer sur \u00ab Directions \u00bb dans le plan pour voir les directives pour vous y rendre en voiture. Campus Civic Campus G\u00e9n\u00e9ral Campus Riverside Centre de canc\u00e9rologie Famille Irving Greenberg Je cherche&#8230; D&rsquo;autres endroits Stationnement En autobus Planificateur de trajet d\u2019OC Transpo Transport [&hellip;]<\/p>\n","protected":false},"author":25,"featured_media":0,"parent":183,"menu_order":1,"comment_status":"closed","ping_status":"closed","template":"","meta":{"_acf_changed":false,"_mc_calendar":[],"footnotes":""},"class_list":["post-4518","page","type-page","status-publish","hentry"],"acf":[],"wps_subtitle":"","_links":{"self":[{"href":"https:\/\/www.ottawahospital.on.ca\/fr\/wp-json\/wp\/v2\/pages\/4518","targetHints":{"allow":["GET"]}}],"collection":[{"href":"https:\/\/www.ottawahospital.on.ca\/fr\/wp-json\/wp\/v2\/pages"}],"about":[{"href":"https:\/\/www.ottawahospital.on.ca\/fr\/wp-json\/wp\/v2\/types\/page"}],"author":[{"embeddable":true,"href":"https:\/\/www.ottawahospital.on.ca\/fr\/wp-json\/wp\/v2\/users\/25"}],"replies":[{"embeddable":true,"href":"https:\/\/www.ottawahospital.on.ca\/fr\/wp-json\/wp\/v2\/comments?post=4518"}],"version-history":[{"count":0,"href":"https:\/\/www.ottawahospital.on.ca\/fr\/wp-json\/wp\/v2\/pages\/4518\/revisions"}],"up":[{"embeddable":true,"href":"https:\/\/www.ottawahospital.on.ca\/fr\/wp-json\/wp\/v2\/pages\/183"}],"wp:attachment":[{"href":"https:\/\/www.ottawahospital.on.ca\/fr\/wp-json\/wp\/v2\/media?parent=4518"}],"curies":[{"name":"wp","href":"https:\/\/api.w.org\/{rel}","templated":true}]}}