{"id":4463,"date":"2016-11-07T14:40:38","date_gmt":"2016-11-07T19:40:38","guid":{"rendered":"http:\/\/52.229.122.34\/fr\/?page_id=4463"},"modified":"2025-12-30T10:46:38","modified_gmt":"2025-12-30T15:46:38","slug":"boutiques-de-campus-civic","status":"publish","type":"page","link":"https:\/\/www.ottawahospital.on.ca\/fr\/patients-et-visiteurs\/services-offerts-sur-les-campus\/boutiques-de-campus-civic\/","title":{"rendered":"Boutiques de Campus Civic"},"content":{"rendered":"\n<h2 class=\"wp-block-heading\">Boutique des Auxiliaires de L\u2019H\u00f4pital d\u2019Ottawa&nbsp;<\/h2>\n\n\n\n<p>Visitez la boutique pour d\u00e9couvrir des v\u00eatements et bijoux, des animaux en peluche, des v\u00eatements pour b\u00e9b\u00e9, des d\u00e9corations uniques et des chocolats fins soigneusement s\u00e9lectionn\u00e9s. Vous y trouverez le cadeau \u00e0 offrir \u00e0 un proche ou le petit quelque chose pour vous faire plaisir. Toutes les recettes tir\u00e9es des ventes sont vers\u00e9es \u00e0 l\u2019H\u00f4pital, qui les utilise pour am\u00e9liorer les soins aux patients.&nbsp;<\/p>\n\n\n\n<p>Il vous est impossible de visiter la boutique de l\u2019H\u00f4pital? <a href=\"https:\/\/tohauxiliary.ca\/fr\/\">D\u00e9couvrez notre boutique en ligne<\/a>, qui est accessible en tout temps!<\/p>\n\n\n\n<div style=\"height:20px\" aria-hidden=\"true\" class=\"wp-block-spacer\"><\/div>\n\n\n\n<div class=\"wp-block-group has-background\" style=\"background-color:#ddf0f2\"><div class=\"wp-block-group__inner-container is-layout-constrained wp-block-group-is-layout-constrained\">\n<div class=\"wp-block-stackable-icon-label stk-block-icon-label stk-block stk-6cc879d\" data-block-id=\"6cc879d\"><style>.stk-6cc879d .stk-inner-blocks{gap:18px !important;}.stk-6cc879d {padding-top:30px !important;padding-right:12px !important;padding-bottom:0px !important;padding-left:30px !important;}<\/style><div class=\"stk-row stk-inner-blocks stk-block-content\">\n<div class=\"wp-block-stackable-icon stk-block-icon has-text-align-left stk-block stk-55d1ccf\" data-block-id=\"55d1ccf\"><style>.stk-55d1ccf .stk--svg-wrapper .stk--inner-svg svg:last-child{height:24px !important;width:24px !important;}.stk-55d1ccf .stk--svg-wrapper .stk--inner-svg svg:last-child, .stk-55d1ccf .stk--svg-wrapper .stk--inner-svg svg:last-child :is(g, path, rect, polygon, ellipse){fill:#295d90 !important;}<\/style><span class=\"stk--svg-wrapper\"><div class=\"stk--inner-svg\"><svg style=\"height:0;width:0\"><defs><linearGradient id=\"linear-gradient-55d1ccf\" x1=\"0\" x2=\"100%\" y1=\"0\" y2=\"0\"><stop offset=\"0%\" style=\"stop-opacity:1;stop-color:var(--linear-gradient-55-d-1-ccf-color-1)\"><\/stop><stop offset=\"100%\" style=\"stop-opacity:1;stop-color:var(--linear-gradient-55-d-1-ccf-color-2)\"><\/stop><\/linearGradient><\/defs><\/svg><svg xmlns=\"http:\/\/www.w3.org\/2000\/svg\" viewBox=\"0 0 384 512\" aria-hidden=\"true\" width=\"32\" height=\"32\"><path d=\"M172.268 501.67C26.97 291.031 0 269.413 0 192 0 85.961 85.961 0 192 0s192 85.961 192 192c0 77.413-26.97 99.031-172.268 309.67-9.535 13.774-29.93 13.773-39.464 0zM192 272c44.183 0 80-35.817 80-80s-35.817-80-80-80-80 35.817-80 80 35.817 80 80 80z\"><\/path><\/svg><\/div><\/span><\/div>\n\n\n\n<div class=\"wp-block-stackable-heading stk-block-heading stk-block-heading--v2 stk-block stk-ccaa326\" id=\"hall-du-rez-de-chaussee-du-campus-civic\" data-block-id=\"ccaa326\"><p class=\"stk-block-heading__text\">Hall du rez-de-chauss\u00e9e du Campus Civic<\/p><\/div>\n<\/div><\/div>\n\n\n\n<div class=\"wp-block-stackable-icon-label stk-block-icon-label stk-block stk-e1f2e67\" data-block-id=\"e1f2e67\"><style>.stk-e1f2e67 .stk-inner-blocks{gap:18px !important;}.stk-e1f2e67 {padding-top:0px !important;padding-right:0px !important;padding-bottom:30px !important;padding-left:30px !important;}<\/style><div class=\"stk-row stk-inner-blocks stk-block-content\">\n<div class=\"wp-block-stackable-icon stk-block-icon has-text-align-left stk-block stk-13e1248\" data-block-id=\"13e1248\"><style>.stk-13e1248 {align-items:flex-start !important;display:flex !important;}.stk-13e1248 .stk--svg-wrapper .stk--inner-svg svg:last-child{height:24px !important;width:24px !important;}.stk-13e1248 .stk--svg-wrapper .stk--inner-svg svg:last-child, .stk-13e1248 .stk--svg-wrapper .stk--inner-svg svg:last-child :is(g, path, rect, polygon, ellipse){fill:#295d90 !important;}<\/style><span class=\"stk--svg-wrapper\"><div class=\"stk--inner-svg\"><svg style=\"height:0;width:0\"><defs><linearGradient id=\"linear-gradient-13e1248\" x1=\"0\" x2=\"100%\" y1=\"0\" y2=\"0\"><stop offset=\"0%\" style=\"stop-opacity:1;stop-color:var(--linear-gradient-13-e-1248-color-1)\"><\/stop><stop offset=\"100%\" style=\"stop-opacity:1;stop-color:var(--linear-gradient-13-e-1248-color-2)\"><\/stop><\/linearGradient><\/defs><\/svg><svg xmlns=\"http:\/\/www.w3.org\/2000\/svg\" viewBox=\"0 0 512 512\" aria-hidden=\"true\" width=\"32\" height=\"32\"><path d=\"M256 8C119 8 8 119 8 256s111 248 248 248 248-111 248-248S393 8 256 8zm0 448c-110.5 0-200-89.5-200-200S145.5 56 256 56s200 89.5 200 200-89.5 200-200 200zm61.8-104.4l-84.9-61.7c-3.1-2.3-4.9-5.9-4.9-9.7V116c0-6.6 5.4-12 12-12h32c6.6 0 12 5.4 12 12v141.7l66.8 48.6c5.4 3.9 6.5 11.4 2.6 16.8L334.6 349c-3.9 5.3-11.4 6.5-16.8 2.6z\"><\/path><\/svg><\/div><\/span><\/div>\n\n\n\n<div class=\"wp-block-stackable-heading stk-block-heading stk-block-heading--v2 stk-block stk-fe15616\" id=\"monday-to-friday-8-a-m-to-4-p-m-br-saturday-and-sunday-closed\" data-block-id=\"fe15616\"><p class=\"stk-block-heading__text\">Lundi au vendredi&nbsp;: \u20288&nbsp;h \u00e0 16&nbsp;h<br>Samedi et dimanche : Ferm\u00e9d&nbsp;<\/p><\/div>\n<\/div><\/div>\n<\/div><\/div>\n\n\n\n<div style=\"height:30px\" aria-hidden=\"true\" class=\"wp-block-spacer\"><\/div>\n\n\n\n<h2 class=\"wp-block-heading\">Magasin de fournitures m\u00e9dicales&nbsp;<\/h2>\n\n\n\n<p>Vous trouverez au magasin de fournitures m\u00e9dicales tout ce qu\u2019il faut pour faciliter votre retour \u00e0 la maison. Il propose une vaste gamme d\u2019aides \u00e0 la mobilit\u00e9, y compris des marchettes, b\u00e9quilles, cannes et attelles pneumatiques, ainsi que des aides aux activit\u00e9s de la vie quotidienne pour favoriser votre confort et votre s\u00e9curit\u00e9 pendant votre r\u00e9tablissement. Le magasin propose aussi un service d\u2019ajustement certifi\u00e9 de produits de th\u00e9rapie par compression. De plus, il est possible d\u2019y louer un tire-lait&nbsp;Medela et de se procurer des produits pour l\u2019allaitement de cette marque.<\/p>\n\n\n\n<div style=\"height:20px\" aria-hidden=\"true\" class=\"wp-block-spacer\"><\/div>\n\n\n\n<div class=\"wp-block-group has-background\" style=\"background-color:#ddf0f2\"><div class=\"wp-block-group__inner-container is-layout-constrained wp-block-group-is-layout-constrained\">\n<div class=\"wp-block-stackable-icon-label stk-block-icon-label stk-block stk-1acebd8\" data-block-id=\"1acebd8\"><style>.stk-1acebd8 .stk-inner-blocks{gap:18px !important;}.stk-1acebd8 {padding-top:30px !important;padding-right:12px !important;padding-bottom:0px !important;padding-left:30px !important;}<\/style><div class=\"stk-row stk-inner-blocks stk-block-content\">\n<div class=\"wp-block-stackable-icon stk-block-icon has-text-align-left stk-block stk-6290009\" data-block-id=\"6290009\"><style>.stk-6290009 .stk--svg-wrapper .stk--inner-svg svg:last-child{height:24px !important;width:24px !important;}.stk-6290009 .stk--svg-wrapper .stk--inner-svg svg:last-child, .stk-6290009 .stk--svg-wrapper .stk--inner-svg svg:last-child :is(g, path, rect, polygon, ellipse){fill:#295d90 !important;}<\/style><span class=\"stk--svg-wrapper\"><div class=\"stk--inner-svg\"><svg style=\"height:0;width:0\"><defs><linearGradient id=\"linear-gradient-6290009\" x1=\"0\" x2=\"100%\" y1=\"0\" y2=\"0\"><stop offset=\"0%\" style=\"stop-opacity:1;stop-color:var(--linear-gradient-6290009-color-1)\"><\/stop><stop offset=\"100%\" style=\"stop-opacity:1;stop-color:var(--linear-gradient-6290009-color-2)\"><\/stop><\/linearGradient><\/defs><\/svg><svg xmlns=\"http:\/\/www.w3.org\/2000\/svg\" viewBox=\"0 0 384 512\" aria-hidden=\"true\" width=\"32\" height=\"32\"><path d=\"M172.268 501.67C26.97 291.031 0 269.413 0 192 0 85.961 85.961 0 192 0s192 85.961 192 192c0 77.413-26.97 99.031-172.268 309.67-9.535 13.774-29.93 13.773-39.464 0zM192 272c44.183 0 80-35.817 80-80s-35.817-80-80-80-80 35.817-80 80 35.817 80 80 80z\"><\/path><\/svg><\/div><\/span><\/div>\n\n\n\n<div class=\"wp-block-stackable-heading stk-block-heading stk-block-heading--v2 stk-block stk-66df009\" id=\"hall-du-rez-de-chaussee-du-campus-civic\" data-block-id=\"66df009\"><p class=\"stk-block-heading__text\">Hall du rez-de-chauss\u00e9e du Campus Civic<\/p><\/div>\n<\/div><\/div>\n\n\n\n<div class=\"wp-block-stackable-icon-label stk-block-icon-label stk-block stk-90988a4\" data-block-id=\"90988a4\"><style>.stk-90988a4 .stk-inner-blocks{gap:18px !important;}.stk-90988a4 {padding-top:0px !important;padding-right:0px !important;padding-bottom:30px !important;padding-left:30px !important;}<\/style><div class=\"stk-row stk-inner-blocks stk-block-content\">\n<div class=\"wp-block-stackable-icon stk-block-icon has-text-align-left stk-block stk-9cea597\" data-block-id=\"9cea597\"><style>.stk-9cea597 {align-items:flex-start !important;display:flex !important;}.stk-9cea597 .stk--svg-wrapper .stk--inner-svg svg:last-child{height:24px !important;width:24px !important;}.stk-9cea597 .stk--svg-wrapper .stk--inner-svg svg:last-child, .stk-9cea597 .stk--svg-wrapper .stk--inner-svg svg:last-child :is(g, path, rect, polygon, ellipse){fill:#295d90 !important;}<\/style><span class=\"stk--svg-wrapper\"><div class=\"stk--inner-svg\"><svg style=\"height:0;width:0\"><defs><linearGradient id=\"linear-gradient-9cea597\" x1=\"0\" x2=\"100%\" y1=\"0\" y2=\"0\"><stop offset=\"0%\" style=\"stop-opacity:1;stop-color:var(--linear-gradient-9-cea-597-color-1)\"><\/stop><stop offset=\"100%\" style=\"stop-opacity:1;stop-color:var(--linear-gradient-9-cea-597-color-2)\"><\/stop><\/linearGradient><\/defs><\/svg><svg xmlns=\"http:\/\/www.w3.org\/2000\/svg\" viewBox=\"0 0 512 512\" aria-hidden=\"true\" width=\"32\" height=\"32\"><path d=\"M256 8C119 8 8 119 8 256s111 248 248 248 248-111 248-248S393 8 256 8zm0 448c-110.5 0-200-89.5-200-200S145.5 56 256 56s200 89.5 200 200-89.5 200-200 200zm61.8-104.4l-84.9-61.7c-3.1-2.3-4.9-5.9-4.9-9.7V116c0-6.6 5.4-12 12-12h32c6.6 0 12 5.4 12 12v141.7l66.8 48.6c5.4 3.9 6.5 11.4 2.6 16.8L334.6 349c-3.9 5.3-11.4 6.5-16.8 2.6z\"><\/path><\/svg><\/div><\/span><\/div>\n\n\n\n<div class=\"wp-block-stackable-heading stk-block-heading stk-block-heading--v2 stk-block stk-c2d29f0\" id=\"monday-to-friday-8-a-m-to-4-p-m-br-saturday-and-sunday-closed\" data-block-id=\"c2d29f0\"><p class=\"stk-block-heading__text\">Lundi au vendredi&nbsp;: \u20288&nbsp;h \u00e0 16&nbsp;h<br>Samedi et dimanche : Ferm\u00e9d&nbsp;<\/p><\/div>\n<\/div><\/div>\n<\/div><\/div>\n\n\n\n<div style=\"height:30px\" aria-hidden=\"true\" class=\"wp-block-spacer\"><\/div>\n\n\n\n<h2 class=\"wp-block-heading\">Royal Drugs&nbsp;<\/h2>\n\n\n\n<p>En plus d\u2019un service complet de pr\u00e9paration de m\u00e9dicaments sur ordonnance, la pharmacie offre un large \u00e9ventail de produits en vente libre pour la sant\u00e9 et le bien-\u00eatre, ainsi que des produits pour le bain et pour le corps.&nbsp;&nbsp;<\/p>\n\n\n\n<div style=\"height:20px\" aria-hidden=\"true\" class=\"wp-block-spacer\"><\/div>\n\n\n\n<div class=\"wp-block-group has-background\" style=\"background-color:#ddf0f2\"><div class=\"wp-block-group__inner-container is-layout-constrained wp-block-group-is-layout-constrained\">\n<div class=\"wp-block-stackable-icon-label stk-block-icon-label stk-block stk-69412bb\" data-block-id=\"69412bb\"><style>.stk-69412bb .stk-inner-blocks{gap:18px !important;}.stk-69412bb {padding-top:30px !important;padding-right:12px !important;padding-bottom:0px !important;padding-left:30px !important;}<\/style><div class=\"stk-row stk-inner-blocks stk-block-content\">\n<div class=\"wp-block-stackable-icon stk-block-icon has-text-align-left stk-block stk-ca7ab98\" data-block-id=\"ca7ab98\"><style>.stk-ca7ab98 .stk--svg-wrapper .stk--inner-svg svg:last-child{height:24px !important;width:24px !important;}.stk-ca7ab98 .stk--svg-wrapper .stk--inner-svg svg:last-child, .stk-ca7ab98 .stk--svg-wrapper .stk--inner-svg svg:last-child :is(g, path, rect, polygon, ellipse){fill:#295d90 !important;}<\/style><span class=\"stk--svg-wrapper\"><div class=\"stk--inner-svg\"><svg style=\"height:0;width:0\"><defs><linearGradient id=\"linear-gradient-ca7ab98\" x1=\"0\" x2=\"100%\" y1=\"0\" y2=\"0\"><stop offset=\"0%\" style=\"stop-opacity:1;stop-color:var(--linear-gradient-ca-7-ab-98-color-1)\"><\/stop><stop offset=\"100%\" style=\"stop-opacity:1;stop-color:var(--linear-gradient-ca-7-ab-98-color-2)\"><\/stop><\/linearGradient><\/defs><\/svg><svg xmlns=\"http:\/\/www.w3.org\/2000\/svg\" viewBox=\"0 0 384 512\" aria-hidden=\"true\" width=\"32\" height=\"32\"><path d=\"M172.268 501.67C26.97 291.031 0 269.413 0 192 0 85.961 85.961 0 192 0s192 85.961 192 192c0 77.413-26.97 99.031-172.268 309.67-9.535 13.774-29.93 13.773-39.464 0zM192 272c44.183 0 80-35.817 80-80s-35.817-80-80-80-80 35.817-80 80 35.817 80 80 80z\"><\/path><\/svg><\/div><\/span><\/div>\n\n\n\n<div class=\"wp-block-stackable-heading stk-block-heading stk-block-heading--v2 stk-block stk-65fe32f\" id=\"rez-de-chaussee-du-campus-civic\" data-block-id=\"65fe32f\"><p class=\"stk-block-heading__text\">Rez-de-chauss\u00e9e du Campus Civic<\/p><\/div>\n<\/div><\/div>\n\n\n\n<div class=\"wp-block-stackable-icon-label stk-block-icon-label stk-block stk-5cb36d3\" data-block-id=\"5cb36d3\"><style>.stk-5cb36d3 .stk-inner-blocks{gap:18px !important;}.stk-5cb36d3 {padding-top:0px !important;padding-right:0px !important;padding-bottom:0px !important;padding-left:30px !important;}<\/style><div class=\"stk-row stk-inner-blocks stk-block-content\">\n<div class=\"wp-block-stackable-icon stk-block-icon has-text-align-left stk-block stk-75124c0\" data-block-id=\"75124c0\"><style>.stk-75124c0 .stk--svg-wrapper .stk--inner-svg svg:last-child{height:24px !important;width:24px !important;}.stk-75124c0 .stk--svg-wrapper .stk--inner-svg svg:last-child, .stk-75124c0 .stk--svg-wrapper .stk--inner-svg svg:last-child :is(g, path, rect, polygon, ellipse){fill:#295d90 !important;}<\/style><span class=\"stk--svg-wrapper\"><div class=\"stk--inner-svg\"><svg style=\"height:0;width:0\"><defs><linearGradient id=\"linear-gradient-75124c0\" x1=\"0\" x2=\"100%\" y1=\"0\" y2=\"0\"><stop offset=\"0%\" style=\"stop-opacity:1;stop-color:var(--linear-gradient-75124-c-0-color-1)\"><\/stop><stop offset=\"100%\" style=\"stop-opacity:1;stop-color:var(--linear-gradient-75124-c-0-color-2)\"><\/stop><\/linearGradient><\/defs><\/svg><svg xmlns=\"http:\/\/www.w3.org\/2000\/svg\" viewBox=\"0 0 512 512\" aria-hidden=\"true\" width=\"32\" height=\"32\"><path d=\"M493.4 24.6l-104-24c-11.3-2.6-22.9 3.3-27.5 13.9l-48 112c-4.2 9.8-1.4 21.3 6.9 28l60.6 49.6c-36 76.7-98.9 140.5-177.2 177.2l-49.6-60.6c-6.8-8.3-18.2-11.1-28-6.9l-112 48C3.9 366.5-2 378.1.6 389.4l24 104C27.1 504.2 36.7 512 48 512c256.1 0 464-207.5 464-464 0-11.2-7.7-20.9-18.6-23.4z\"><\/path><\/svg><\/div><\/span><\/div>\n\n\n\n<div class=\"wp-block-stackable-heading stk-block-heading stk-block-heading--v2 stk-block stk-dec3e07\" id=\"613-761-4157\" data-block-id=\"dec3e07\"><p class=\"stk-block-heading__text\">613-761-4157<\/p><\/div>\n<\/div><\/div>\n\n\n\n<div class=\"wp-block-stackable-icon-label stk-block-icon-label stk-block stk-22461d6\" data-block-id=\"22461d6\"><style>.stk-22461d6 .stk-inner-blocks{gap:18px !important;}.stk-22461d6 {padding-top:0px !important;padding-right:0px !important;padding-bottom:30px !important;padding-left:30px !important;}<\/style><div class=\"stk-row stk-inner-blocks stk-block-content\">\n<div class=\"wp-block-stackable-icon stk-block-icon has-text-align-left stk-block stk-228a92a\" data-block-id=\"228a92a\"><style>.stk-228a92a {align-items:flex-start !important;display:flex !important;}.stk-228a92a .stk--svg-wrapper .stk--inner-svg svg:last-child{height:24px !important;width:24px !important;}.stk-228a92a .stk--svg-wrapper .stk--inner-svg svg:last-child, .stk-228a92a .stk--svg-wrapper .stk--inner-svg svg:last-child :is(g, path, rect, polygon, ellipse){fill:#295d90 !important;}<\/style><span class=\"stk--svg-wrapper\"><div class=\"stk--inner-svg\"><svg style=\"height:0;width:0\"><defs><linearGradient id=\"linear-gradient-228a92a\" x1=\"0\" x2=\"100%\" y1=\"0\" y2=\"0\"><stop offset=\"0%\" style=\"stop-opacity:1;stop-color:var(--linear-gradient-228-a-92-a-color-1)\"><\/stop><stop offset=\"100%\" style=\"stop-opacity:1;stop-color:var(--linear-gradient-228-a-92-a-color-2)\"><\/stop><\/linearGradient><\/defs><\/svg><svg xmlns=\"http:\/\/www.w3.org\/2000\/svg\" viewBox=\"0 0 512 512\" aria-hidden=\"true\" width=\"32\" height=\"32\"><path d=\"M256 8C119 8 8 119 8 256s111 248 248 248 248-111 248-248S393 8 256 8zm0 448c-110.5 0-200-89.5-200-200S145.5 56 256 56s200 89.5 200 200-89.5 200-200 200zm61.8-104.4l-84.9-61.7c-3.1-2.3-4.9-5.9-4.9-9.7V116c0-6.6 5.4-12 12-12h32c6.6 0 12 5.4 12 12v141.7l66.8 48.6c5.4 3.9 6.5 11.4 2.6 16.8L334.6 349c-3.9 5.3-11.4 6.5-16.8 2.6z\"><\/path><\/svg><\/div><\/span><\/div>\n\n\n\n<div class=\"wp-block-stackable-heading stk-block-heading stk-block-heading--v2 stk-block stk-6052ed5\" id=\"monday-to-friday-8-30-a-m-to-5-p-m-br-weekends-and-holidays-closed\" data-block-id=\"6052ed5\"><p class=\"stk-block-heading__text\">Lundi au vendredi&nbsp;: 8 h 30 \u00e0 17&nbsp;h<br>Fin de semaine et jours f\u00e9ri\u00e9s : Ferm\u00e9<\/p><\/div>\n<\/div><\/div>\n<\/div><\/div>\n\n\n\n<div style=\"height:30px\" aria-hidden=\"true\" class=\"wp-block-spacer\"><\/div>\n\n\n\n<h2 class=\"wp-block-heading\">INS Market<\/h2>\n\n\n\n<p>INS Market propose des g\u00e2teries et collations&nbsp;: croustilles, tablettes de chocolat, friandises, noix et produits Coca-Cola. Vous y trouverez aussi divers articles comme des cartes-cadeaux, de m\u00eame que des chargeurs et des fils pour t\u00e9l\u00e9phone cellulaire.<\/p>\n\n\n\n<div style=\"height:20px\" aria-hidden=\"true\" class=\"wp-block-spacer\"><\/div>\n\n\n\n<div class=\"wp-block-group has-background\" style=\"background-color:#ddf0f2\"><div class=\"wp-block-group__inner-container is-layout-constrained wp-block-group-is-layout-constrained\">\n<div class=\"wp-block-stackable-icon-label stk-block-icon-label stk-block stk-2de05b2\" data-block-id=\"2de05b2\"><style>.stk-2de05b2 .stk-inner-blocks{gap:18px !important;}.stk-2de05b2 {padding-top:30px !important;padding-right:12px !important;padding-bottom:0px !important;padding-left:30px !important;}<\/style><div class=\"stk-row stk-inner-blocks stk-block-content\">\n<div class=\"wp-block-stackable-icon stk-block-icon has-text-align-left stk-block stk-1f032b1\" data-block-id=\"1f032b1\"><style>.stk-1f032b1 .stk--svg-wrapper .stk--inner-svg svg:last-child{height:24px !important;width:24px !important;}.stk-1f032b1 .stk--svg-wrapper .stk--inner-svg svg:last-child, .stk-1f032b1 .stk--svg-wrapper .stk--inner-svg svg:last-child :is(g, path, rect, polygon, ellipse){fill:#295d90 !important;}<\/style><span class=\"stk--svg-wrapper\"><div class=\"stk--inner-svg\"><svg style=\"height:0;width:0\"><defs><linearGradient id=\"linear-gradient-1f032b1\" x1=\"0\" x2=\"100%\" y1=\"0\" y2=\"0\"><stop offset=\"0%\" style=\"stop-opacity:1;stop-color:var(--linear-gradient-1-f-032-b-1-color-1)\"><\/stop><stop offset=\"100%\" style=\"stop-opacity:1;stop-color:var(--linear-gradient-1-f-032-b-1-color-2)\"><\/stop><\/linearGradient><\/defs><\/svg><svg xmlns=\"http:\/\/www.w3.org\/2000\/svg\" viewBox=\"0 0 384 512\" aria-hidden=\"true\" width=\"32\" height=\"32\"><path d=\"M172.268 501.67C26.97 291.031 0 269.413 0 192 0 85.961 85.961 0 192 0s192 85.961 192 192c0 77.413-26.97 99.031-172.268 309.67-9.535 13.774-29.93 13.773-39.464 0zM192 272c44.183 0 80-35.817 80-80s-35.817-80-80-80-80 35.817-80 80 35.817 80 80 80z\"><\/path><\/svg><\/div><\/span><\/div>\n\n\n\n<div class=\"wp-block-stackable-heading stk-block-heading stk-block-heading--v2 stk-block stk-fd57b52\" id=\"general-campus-near-the-main-entrance\" data-block-id=\"fd57b52\"><p class=\"stk-block-heading__text\">Hall du rez-de-chauss\u00e9e du Campus Civic<\/p><\/div>\n<\/div><\/div>\n\n\n\n<div class=\"wp-block-stackable-icon-label stk-block-icon-label stk-block stk-32b17b5\" data-block-id=\"32b17b5\"><style>.stk-32b17b5 .stk-inner-blocks{gap:18px !important;}.stk-32b17b5 {padding-top:0px !important;padding-right:0px !important;padding-bottom:30px !important;padding-left:30px !important;}<\/style><div class=\"stk-row stk-inner-blocks stk-block-content\">\n<div class=\"wp-block-stackable-icon stk-block-icon has-text-align-left stk-block stk-2be72d7\" data-block-id=\"2be72d7\"><style>.stk-2be72d7 {align-items:flex-start !important;display:flex !important;}.stk-2be72d7 .stk--svg-wrapper .stk--inner-svg svg:last-child{height:24px !important;width:24px !important;}.stk-2be72d7 .stk--svg-wrapper .stk--inner-svg svg:last-child, .stk-2be72d7 .stk--svg-wrapper .stk--inner-svg svg:last-child :is(g, path, rect, polygon, ellipse){fill:#295d90 !important;}<\/style><span class=\"stk--svg-wrapper\"><div class=\"stk--inner-svg\"><svg style=\"height:0;width:0\"><defs><linearGradient id=\"linear-gradient-2be72d7\" x1=\"0\" x2=\"100%\" y1=\"0\" y2=\"0\"><stop offset=\"0%\" style=\"stop-opacity:1;stop-color:var(--linear-gradient-2-be-72-d-7-color-1)\"><\/stop><stop offset=\"100%\" style=\"stop-opacity:1;stop-color:var(--linear-gradient-2-be-72-d-7-color-2)\"><\/stop><\/linearGradient><\/defs><\/svg><svg xmlns=\"http:\/\/www.w3.org\/2000\/svg\" viewBox=\"0 0 512 512\" aria-hidden=\"true\" width=\"32\" height=\"32\"><path d=\"M256 8C119 8 8 119 8 256s111 248 248 248 248-111 248-248S393 8 256 8zm0 448c-110.5 0-200-89.5-200-200S145.5 56 256 56s200 89.5 200 200-89.5 200-200 200zm61.8-104.4l-84.9-61.7c-3.1-2.3-4.9-5.9-4.9-9.7V116c0-6.6 5.4-12 12-12h32c6.6 0 12 5.4 12 12v141.7l66.8 48.6c5.4 3.9 6.5 11.4 2.6 16.8L334.6 349c-3.9 5.3-11.4 6.5-16.8 2.6z\"><\/path><\/svg><\/div><\/span><\/div>\n\n\n\n<div class=\"wp-block-stackable-heading stk-block-heading stk-block-heading--v2 stk-block stk-f43b003\" id=\"monday-to-friday-8-30-a-m-to-5-p-m-br-weekends-and-holidays-closed\" data-block-id=\"f43b003\"><p class=\"stk-block-heading__text\">Lundi au vendredi\u00a0: 8 h \u00e0 21\u00a0h.<br>Samedi : de 9 h \u00e0 21 h.<br>Dimanche : de 9 h \u00e0 19 h.<\/p><\/div>\n<\/div><\/div>\n<\/div><\/div>\n\n\n\n<div style=\"height:30px\" aria-hidden=\"true\" class=\"wp-block-spacer\"><\/div>\n\n\n\n<h2 class=\"wp-block-heading\">Guichets automatiques&nbsp;<\/h2>\n\n\n\n<div style=\"height:20px\" aria-hidden=\"true\" class=\"wp-block-spacer\"><\/div>\n\n\n\n<div class=\"wp-block-group has-background\" style=\"background-color:#ddf0f2\"><div class=\"wp-block-group__inner-container is-layout-constrained wp-block-group-is-layout-constrained\">\n<div class=\"wp-block-stackable-icon-label stk-block-icon-label stk-block stk-8e979a9\" data-block-id=\"8e979a9\"><style>.stk-8e979a9 .stk-inner-blocks{gap:18px !important;}.stk-8e979a9 {padding-top:30px !important;padding-right:0px !important;padding-bottom:30px !important;padding-left:30px !important;}<\/style><div class=\"stk-row stk-inner-blocks stk-block-content\">\n<div class=\"wp-block-stackable-icon stk-block-icon has-text-align-left stk-block stk-7aab733\" data-block-id=\"7aab733\"><style>.stk-7aab733 {align-items:flex-start !important;display:flex !important;}.stk-7aab733 .stk--svg-wrapper .stk--inner-svg svg:last-child{height:24px !important;width:24px !important;}.stk-7aab733 .stk--svg-wrapper .stk--inner-svg svg:last-child, .stk-7aab733 .stk--svg-wrapper .stk--inner-svg svg:last-child :is(g, path, rect, polygon, ellipse){fill:#295d90 !important;}<\/style><span class=\"stk--svg-wrapper\"><div class=\"stk--inner-svg\"><svg style=\"height:0;width:0\"><defs><linearGradient id=\"linear-gradient-7aab733\" x1=\"0\" x2=\"100%\" y1=\"0\" y2=\"0\"><stop offset=\"0%\" style=\"stop-opacity:1;stop-color:var(--linear-gradient-7-aab-733-color-1)\"><\/stop><stop offset=\"100%\" style=\"stop-opacity:1;stop-color:var(--linear-gradient-7-aab-733-color-2)\"><\/stop><\/linearGradient><\/defs><\/svg><svg xmlns=\"http:\/\/www.w3.org\/2000\/svg\" viewBox=\"0 0 384 512\" aria-hidden=\"true\" width=\"32\" height=\"32\"><path d=\"M172.268 501.67C26.97 291.031 0 269.413 0 192 0 85.961 85.961 0 192 0s192 85.961 192 192c0 77.413-26.97 99.031-172.268 309.67-9.535 13.774-29.93 13.773-39.464 0zM192 272c44.183 0 80-35.817 80-80s-35.817-80-80-80-80 35.817-80 80 35.817 80 80 80z\"><\/path><\/svg><\/div><\/span><\/div>\n\n\n\n<div class=\"wp-block-stackable-heading stk-block-heading stk-block-heading--v2 stk-block stk-af7d0d5\" id=\"employee-corner-next-to-tulip-cafe-br-main-entrance-lobby-next-to-tim-hortons\" data-block-id=\"af7d0d5\"><p class=\"stk-block-heading__text\">Coin des employ\u00e9s, \u00e0 c\u00f4t\u00e9 du Caf\u00e9 Tulipe<br>Entr\u00e9e principale, \u00e0 c\u00f4t\u00e9 du Tim Hortons<\/p><\/div>\n<\/div><\/div>\n<\/div><\/div>\n","protected":false},"excerpt":{"rendered":"<p>Boutique des Auxiliaires de L\u2019H\u00f4pital d\u2019Ottawa&nbsp; Visitez la boutique pour d\u00e9couvrir des v\u00eatements et bijoux, des animaux en peluche, des v\u00eatements pour b\u00e9b\u00e9, des d\u00e9corations uniques et des chocolats fins soigneusement s\u00e9lectionn\u00e9s. Vous y trouverez le cadeau \u00e0 offrir \u00e0 un proche ou le petit quelque chose pour vous faire plaisir. Toutes les recettes tir\u00e9es [&hellip;]<\/p>\n","protected":false},"author":25,"featured_media":0,"parent":201,"menu_order":1,"comment_status":"closed","ping_status":"closed","template":"","meta":{"_acf_changed":false,"_mc_calendar":[],"footnotes":""},"class_list":["post-4463","page","type-page","status-publish","hentry"],"acf":[],"wps_subtitle":"","_links":{"self":[{"href":"https:\/\/www.ottawahospital.on.ca\/fr\/wp-json\/wp\/v2\/pages\/4463","targetHints":{"allow":["GET"]}}],"collection":[{"href":"https:\/\/www.ottawahospital.on.ca\/fr\/wp-json\/wp\/v2\/pages"}],"about":[{"href":"https:\/\/www.ottawahospital.on.ca\/fr\/wp-json\/wp\/v2\/types\/page"}],"author":[{"embeddable":true,"href":"https:\/\/www.ottawahospital.on.ca\/fr\/wp-json\/wp\/v2\/users\/25"}],"replies":[{"embeddable":true,"href":"https:\/\/www.ottawahospital.on.ca\/fr\/wp-json\/wp\/v2\/comments?post=4463"}],"version-history":[{"count":0,"href":"https:\/\/www.ottawahospital.on.ca\/fr\/wp-json\/wp\/v2\/pages\/4463\/revisions"}],"up":[{"embeddable":true,"href":"https:\/\/www.ottawahospital.on.ca\/fr\/wp-json\/wp\/v2\/pages\/201"}],"wp:attachment":[{"href":"https:\/\/www.ottawahospital.on.ca\/fr\/wp-json\/wp\/v2\/media?parent=4463"}],"curies":[{"name":"wp","href":"https:\/\/api.w.org\/{rel}","templated":true}]}}