{"id":4431,"date":"2016-11-07T13:56:38","date_gmt":"2016-11-07T18:56:38","guid":{"rendered":"http:\/\/52.229.122.34\/fr\/?page_id=4431"},"modified":"2024-08-19T09:40:49","modified_gmt":"2024-08-19T13:40:49","slug":"stationnement-pour-velos","status":"publish","type":"page","link":"https:\/\/www.ottawahospital.on.ca\/fr\/patients-et-visiteurs\/directions-et-plans-des-campus\/stationnement-pour-velos\/","title":{"rendered":"Stationnement pour v\u00e9los"},"content":{"rendered":"<p>Il y a des supports \u00e0 v\u00e9los \u00e0 chacun de nos trois campus principaux. Pour voir un plan indiquant leur emplacement, consultez les liens ci-dessous.<\/p>\n<ul>\n<li><a href=\"https:\/\/www.ottawahospital.on.ca\/fr\/documents\/2024\/08\/stationnement-pour-velos-du-campus-civic.pdf\/\">Stationnement pour v\u00e9los du Campus Civic<\/a><\/li>\n<li><a href=\"https:\/\/www.ottawahospital.on.ca\/fr\/documents\/2024\/08\/stationnement-pour-velos-du-campus-general.pdf\/\">Stationnement pour v\u00e9los du Campus G\u00e9n\u00e9ral<\/a><\/li>\n<li><a href=\"https:\/\/www.ottawahospital.on.ca\/fr\/documents\/2024\/08\/stationnement-pour-velos-du-campus-riverside.pdf\/\">Stationnement pour v\u00e9los du Campus Riverside<\/a><\/li>\n<\/ul>\n","protected":false},"excerpt":{"rendered":"<p>Il y a des supports \u00e0 v\u00e9los \u00e0 chacun de nos trois campus principaux. Pour voir un plan indiquant leur emplacement, consultez les liens ci-dessous. Stationnement pour v\u00e9los du Campus Civic Stationnement pour v\u00e9los du Campus G\u00e9n\u00e9ral Stationnement pour v\u00e9los du Campus Riverside<\/p>\n","protected":false},"author":25,"featured_media":0,"parent":183,"menu_order":5,"comment_status":"closed","ping_status":"closed","template":"","meta":{"_acf_changed":false,"_mc_calendar":[],"footnotes":""},"class_list":["post-4431","page","type-page","status-publish","hentry"],"acf":[],"wps_subtitle":"","_links":{"self":[{"href":"https:\/\/www.ottawahospital.on.ca\/fr\/wp-json\/wp\/v2\/pages\/4431","targetHints":{"allow":["GET"]}}],"collection":[{"href":"https:\/\/www.ottawahospital.on.ca\/fr\/wp-json\/wp\/v2\/pages"}],"about":[{"href":"https:\/\/www.ottawahospital.on.ca\/fr\/wp-json\/wp\/v2\/types\/page"}],"author":[{"embeddable":true,"href":"https:\/\/www.ottawahospital.on.ca\/fr\/wp-json\/wp\/v2\/users\/25"}],"replies":[{"embeddable":true,"href":"https:\/\/www.ottawahospital.on.ca\/fr\/wp-json\/wp\/v2\/comments?post=4431"}],"version-history":[{"count":0,"href":"https:\/\/www.ottawahospital.on.ca\/fr\/wp-json\/wp\/v2\/pages\/4431\/revisions"}],"up":[{"embeddable":true,"href":"https:\/\/www.ottawahospital.on.ca\/fr\/wp-json\/wp\/v2\/pages\/183"}],"wp:attachment":[{"href":"https:\/\/www.ottawahospital.on.ca\/fr\/wp-json\/wp\/v2\/media?parent=4431"}],"curies":[{"name":"wp","href":"https:\/\/api.w.org\/{rel}","templated":true}]}}