{"id":4306,"date":"2016-11-07T12:58:46","date_gmt":"2016-11-07T17:58:46","guid":{"rendered":"http:\/\/52.229.122.34\/fr\/?page_id=4306"},"modified":"2026-04-28T08:07:52","modified_gmt":"2026-04-28T12:07:52","slug":"stationnement","status":"publish","type":"page","link":"https:\/\/www.ottawahospital.on.ca\/fr\/patients-et-visiteurs\/directions-et-plans-des-campus\/stationnement\/","title":{"rendered":"Stationnement"},"content":{"rendered":"\n<div class=\"wp-block-group\"><div class=\"wp-block-group__inner-container is-layout-constrained wp-block-group-is-layout-constrained\">\n<div class=\"wp-block-group\"><div class=\"wp-block-group__inner-container is-layout-constrained wp-block-group-is-layout-constrained\">\n<p><img decoding=\"async\" class=\"alignnone size-full wp-image-74037\" src=\"https:\/\/www.ottawahospital.on.ca\/wp-content\/uploads\/2022\/10\/patient-parking.jpeg\" alt=\"Patient Parking\" width=\"770\" height=\"330\" srcset=\"https:\/\/www.ottawahospital.on.ca\/wp-content\/uploads\/2022\/10\/patient-parking.jpeg 770w, https:\/\/www.ottawahospital.on.ca\/wp-content\/uploads\/2022\/10\/patient-parking-600x257.jpeg 600w, https:\/\/www.ottawahospital.on.ca\/wp-content\/uploads\/2022\/10\/patient-parking-300x129.jpeg 300w, https:\/\/www.ottawahospital.on.ca\/wp-content\/uploads\/2022\/10\/patient-parking-768x329.jpeg 768w\" sizes=\"(max-width: 770px) 100vw, 770px\" \/><\/p>\n<h2>Foire aux questions<\/h2>\n<p><strong>Q\u00a0: Comme patient ou visiteur, o\u00f9 pouvez-vous vous stationner?<\/strong><\/p>\n<div class=\"card\">\n<h2 class=\"card-header h2-mock\">Emplacement des stationnements<\/h2>\n<div class=\"card-body\">\n<h3>Campus Civic<\/h3>\n<p><a href=\"https:\/\/www.ottawahospital.on.ca\/en\/documents\/2017\/01\/civic-campus-overhead_july-2016.pdf\/\" target=\"_blank\" rel=\"noopener noreferrer\">Voir le plan Civic<\/a><br \/><strong>P1 (stationnement \u00e0 \u00e9tages) <\/strong>: au nord de l\u2019entr\u00e9e principale, au sud de la rue Ruskin<br \/><strong>P2 (en surface) <\/strong>: au nord de l\u2019Institut de cardiologie, du c\u00f4t\u00e9 nord de la rue Ruskin<br \/><strong>P4 (en surface) <\/strong>: \u00e0 c\u00f4t\u00e9 de l\u2019Urgence, pr\u00e8s de l\u2019avenue Carling &#8211; ferm\u00e9<br \/><strong><a href=\"\/wp-content\/uploads\/2020\/12\/Civic-Site-Plan-FR.jpg\">Routes de contournement pour le d\u00e9barcad\u00e8re<\/a><\/strong><br \/><strong>P7 (en surface) <\/strong>: en face du Service des admissions, sur l\u2019avenue Carling<br \/><strong>Les parcom\u00e8tres <\/strong>sont situ\u00e9s pr\u00e8s de la plupart des entr\u00e9es<\/p>\n<hr \/>\n<h3>Campus G\u00e9n\u00e9ral<\/h3>\n<p><a href=\"https:\/\/www.ottawahospital.on.ca\/en\/documents\/2017\/01\/generalcampusoverhead_oct2012.pdf\/\" target=\"_blank\" rel=\"noopener noreferrer\">Voir le plan G\u00e9n\u00e9ral<\/a><br \/><strong>Stationnement Aile des soins critiques (en surface) <\/strong>: pr\u00e8s de l\u2019Aile des soins critiques<br \/><strong>Stationnement \u00e0 \u00e9tages <\/strong>: \u00e0 c\u00f4t\u00e9 de l\u2019entr\u00e9e principale, tout pr\u00e8s du chemin Smyth<br \/><strong>Stationnement A, Centre de r\u00e9adaptation<\/strong> : pr\u00e8s l\u2019entr\u00e9e du Centre de r\u00e9adaptation (places limit\u00e9es)<br \/>Les <strong>parcom\u00e8tres<\/strong> sont situ\u00e9s pr\u00e8s de la plupart des entr\u00e9es.<\/p>\n<hr \/>\n<h3>Campus Riverside<\/h3>\n<p><a href=\"https:\/\/www.ottawahospital.on.ca\/en\/documents\/2024\/09\/riverside-map-final.pdf\/\" target=\"_blank\" rel=\"noopener noreferrer\">Voir le plan Riverside<\/a><br \/><strong>Stationnement A (en surface)<\/strong>: pr\u00e8s de l\u2019entr\u00e9e principale<br \/><strong>Stationnement B (en surface)<\/strong>: pr\u00e8s de l\u2019entr\u00e9e principale du Centre professionnel au 1919, promenade Riverside<br \/><strong>Les parcom\u00e8tres sont situ\u00e9s pr\u00e8s de la plupart des entr\u00e9es.<\/strong><\/p>\n<\/div>\n<\/div>\n<p><!--\n\n\n\n\n\n\n\n\n\n\n\n\n\n\n\n\n\n\n\n\n\n\n\n\n<div class=\"card\">\n\n\n\n\n\n\n\n\n\n\n\n\n\n\n\n\n\n\n\n\n\n\n\n\n<h2 class=\"card-header h2-mock\">O\u00f9 acheter un permis de stationnement?<\/h2>\n\n\n\n\n\n\n\n\n\n\n\n\n\n\n\n\n\n\n\n\n\n\n\n\n\n\n\n\n\n\n\n\n\n\n\n\n\n\n\n\n\n\n\n\n\n\n\n\n<div class=\"card-body\">\n\nL\u2019achat des permis d\u2019un jour se fait aux guichets de paiement.\n\nVous pouvez vous procurer tout autre permis de stationnement aux bureaux de S\u00e9curit\u00e9 et Stationnement, ouverts 24\u00a0heures sur 24.\n\n\n\n\n\n\n\n\n\n\n\n\n\n\n\n\n\n\n\n\n\n\n\n\n\n<hr \/>\n\n\n\n\n\n\n\n\n\n\n\n\n\n\n\n\n\n\n\n\n\n\n\n\n\n<h3>Campus Civic<\/h3>\n\n\n\n\n\n\n\n\n\n\n\n\n\n\n\n\n\n\n\n\n\n\n\n\nBureau de la S\u00e9curit\u00e9 (\u00e9difice principal, rez-de-chauss\u00e9e) ou au stationnement \u00e0 \u00e9tages P1 (juste \u00e0 c\u00f4t\u00e9 de la rue Ruskin)\nT\u00e9l. : 613-798-5555, 15097\n\n\n\n\n\n\n\n\n\n\n\n\n\n\n\n\n\n\n\n\n\n\n\n\n\n<hr \/>\n\n\n\n\n\n\n\n\n\n\n\n\n\n\n\n\n\n\n\n\n\n\n\n\n\n<h3>Campus G\u00e9n\u00e9ral<\/h3>\n\n\n\n\n\n\n\n\n\n\n\n\n\n\n\n\n\n\n\n\n\n\n\n\nBureau de S\u00e9curit\u00e9 et Stationnement (\u00e9difice principal, 2<sup>e<\/sup> \u00e9tage, pr\u00e8s des ascenseurs)\nT\u00e9l. : 613-737-8899, 72003\n\n\n\n\n\n\n\n\n\n\n\n\n\n\n\n\n\n\n\n\n\n\n\n\n\n<hr \/>\n\n\n\n\n\n\n\n\n\n\n\n\n\n\n\n\n\n\n\n\n\n\n\n\n\n<h3>Campus Riverside<\/h3>\n\n\n\n\n\n\n\n\n\n\n\n\n\n\n\n\n\n\n\n\n\n\n\n\nBureau de la S\u00e9curit\u00e9 (\u00e0 l\u2019entr\u00e9e principale \u2013 pas \u00e0 la gu\u00e9rite)\nT\u00e9l. : 613-738-8400, 82110\n\n\n\n\n\n\n\n\n\n\n\n\n\n\n\n\n\n\n\n\n\n\n\n\n\n<hr \/>\n\n\n\n\n\n\n\n\n\n\n\n\n\n\n\n\n\n\n\n\n\n\n\n\n\n<h3>Centre de r\u00e9adaptation<\/h3>\n\n\n\n\n\n\n\n\n\n\n\n\n\n\n\n\n\n\n\n\n\n\n\n\nBureau de la S\u00e9curit\u00e9 (\u00e0 l\u2019entr\u00e9e principale)\nT\u00e9l. : 613-737-8899, 75610\n\n\n\n\n\n\n\n\n\n\n\n\n\n\n\n\n\n\n\n\n\n\n\n\n\n<hr \/>\n\n<strong>Veuillez conserver votre re\u00e7u comme preuve de paiement.<\/strong><\/div>\n\n\n\n\n\n\n\n\n\n\n\n\n\n\n\n\n\n\n\n\n\n\n\n\n<\/div>\n\n\n\n\n\n\n\n\n\n\n\n\n\n\n\n\n\n\n\n\n\n\n\n\n--><\/p>\n<\/div><\/div>\n<\/div><\/div>\n\n\n\n<p><strong>Q&nbsp;: Vous avez besoin d\u2019une place de stationnement accessible. O\u00f9 pouvez-vous stationner?<\/strong><\/p>\n\n\n\n<p><strong>R&nbsp;: <\/strong>Tous les stationnements pour les patients et visiteurs, y compris aux parcom\u00e8tres, ont des places de stationnement accessible. Les plans ci-dessus indiquent o\u00f9 se trouvent nos stationnements \u00e0 chaque campus.<\/p>\n\n\n\n<p><strong>Q&nbsp;<\/strong>:<strong> O\u00f9 et comment pouvez-vous payer le stationnement?<\/strong><\/p>\n\n\n\n<p><strong>R&nbsp;:<\/strong> Vous recevrez un billet de stationnement \u00e0 l\u2019entr\u00e9e du stationnement. Vous pouvez payer au guichet de paiement \u00e0 l\u2019int\u00e9rieur du campus ou avec une carte de cr\u00e9dit \u00e0 la sortie du stationnement.<\/p>\n\n\n\n<p><strong>Q&nbsp;: Vous \u00eates stationn\u00e9 \u00e0 un parcom\u00e8tre. Comment pouvez-vous payer?<\/strong><\/p>\n\n\n\n<p><strong>R&nbsp;:<\/strong> <strong>Option 1<\/strong> \u2013 Vous pouvez payer au parcom\u00e8tre en suivant les \u00e9tapes \u00e0 l\u2019\u00e9cran.<\/p>\n\n\n\n<p><strong>Option 2<\/strong> \u2013 Vous pouvez payer avec l\u2019appli en num\u00e9risant le code QR qui se trouve sur le parcom\u00e8tre ou en t\u00e9l\u00e9chargeant l\u2019appli <strong>Flowbird<\/strong> et en suivant les instructions de l\u2019appli.<\/p>\n\n\n\n<p><strong>Q&nbsp;:<\/strong> <strong>O\u00f9 et comment pouvez-vous acheter un permis de stationnement?<\/strong><\/p>\n\n\n\n<p><strong>R&nbsp;:<\/strong> Vous pouvez acheter un permis de stationnement pour patient ou visiteur \u00e0 l\u2019int\u00e9rieur de l\u2019h\u00f4pital \u00e0 l\u2019un des guichets de paiement. Appuyez sur le bouton de l\u2019interphone et un agent vous aidera.<\/p>\n\n\n\n<figure class=\"wp-block-image\"><img decoding=\"async\" width=\"770\" height=\"330\" src=\"https:\/\/www.ottawahospital.on.ca\/wp-content\/uploads\/2022\/10\/Option-3-Best-version-Official-min.png\" alt=\"picture of how to buy parking pass\" class=\"wp-image-74039\" srcset=\"https:\/\/www.ottawahospital.on.ca\/wp-content\/uploads\/2022\/10\/Option-3-Best-version-Official-min.png 770w, https:\/\/www.ottawahospital.on.ca\/wp-content\/uploads\/2022\/10\/Option-3-Best-version-Official-min-600x257.png 600w, https:\/\/www.ottawahospital.on.ca\/wp-content\/uploads\/2022\/10\/Option-3-Best-version-Official-min-300x129.png 300w, https:\/\/www.ottawahospital.on.ca\/wp-content\/uploads\/2022\/10\/Option-3-Best-version-Official-min-768x329.png 768w\" sizes=\"(max-width: 770px) 100vw, 770px\" \/><\/figure>\n\n\n\n<p><a href=\"https:\/\/youtu.be\/Igph-CHQxWQ\">Lien vers la vid\u00e9o<\/a><\/p>\n\n\n\n<p><strong>Q&nbsp;: <u>Combien co\u00fbte un permis de stationnement?<\/u><\/strong><\/p>\n\n\n\n<p><strong>R&nbsp;:<\/strong><\/p>\n\n\n\n<h2 class=\"wp-block-heading\">Tarifs et permis de stationnement<\/h2>\n\n\n\n<figure class=\"wp-block-table\"><table class=\"has-fixed-layout\"><tbody><tr><td><strong>Dur\u00e9e de 15 minutes \u00e0 0,5 heure<\/strong><\/td><td>4,50 $<\/td><\/tr><tr><td><strong>Dur\u00e9e de 0,5 heure \u00e0 1 heure<\/strong><\/td><td>8,50 $<\/td><\/tr><tr><td><strong>Dur\u00e9e de 1 heure \u00e0 1,5 heure<\/strong><\/td><td>13,00 $<\/td><\/tr><tr><td><strong>Dur\u00e9e de 1,5 heure et plus (jusqu\u2019\u00e0 minuit le jour m\u00eame)<\/strong><\/td><td>16,00 $<\/td><\/tr><\/tbody><\/table><\/figure>\n\n\n\n<h2 class=\"wp-block-heading\"><strong>Permis de stationnement \u00e0 tarif r\u00e9duit pour patients et visiteurs<\/strong><\/h2>\n\n\n\n<figure class=\"wp-block-table\"><table class=\"has-fixed-layout\"><tbody><tr><td><strong>Jour<\/strong><\/td><td>16,00 $<\/td><\/tr><tr><td><strong>Semaine<\/strong><\/td><td>&nbsp;<\/td><\/tr><tr><td>7 jours cons\u00e9cutifs<\/td><td>56,00$<\/td><\/tr><tr><td><strong>Jours non cons\u00e9cutifs<\/strong><\/td><td>&nbsp;<\/td><\/tr><tr><td>5 jours<\/td><td>40,00 $<\/td><\/tr><tr><td>10 jours<\/td><td>80,00 $<\/td><\/tr><tr><td>30 jours<\/td><td>240,00 $<\/td><\/tr><\/tbody><\/table><\/figure>\n\n\n\n<ul class=\"wp-block-list\">\n<li>Les permis de stationnement donnent acc\u00e8s, avec ou sans privil\u00e8ges, aux stationnements pour patients et visiteurs des campus Civic, G\u00e9n\u00e9ral et Riverside de L\u2019H\u00f4pital d\u2019Ottawa. Ils sont transf\u00e9rables entre le patient et sa famille.<\/li>\n\n\n\n<li>Permis de stationnement vendus uniquement aux guichets de paiement.<\/li>\n\n\n\n<li>Les permis de stationnement multijours sont valides pendant 1 an \u00e0 partir de la date d\u2019achat.<\/li>\n\n\n\n<li>Les permis de stationnement \u00e0 tarif r\u00e9duit pour patient et visiteur sont non remboursables.<\/li>\n<\/ul>\n\n\n\n<p><em><strong>Les laissez-passer non cons\u00e9cutifs expirent 1 an \u00e0 compter de la date d&rsquo;achat<\/strong><\/em><\/p>\n\n\n\n<p><strong>Q&nbsp;: Quel est le tarif de stationnement aux parcom\u00e8tres?<\/strong><\/p>\n\n\n\n<p><strong>R<\/strong> : 1,00 $ = 5 minutes<br>12,00 $ = 1 heure<\/p>\n\n\n\n<p class=\"padding20 has-background\" style=\"background-color:#deeef0\">* Pr\u00e8s des entr\u00e9es principales, certaines places de stationnement avec parcom\u00e8tre (y compris des places r\u00e9serv\u00e9es aux personnes \u00e0 mobilit\u00e9 r\u00e9duite) font l\u2019objet de restrictions de temps. Ces restrictions visent \u00e0 favoriser la rotation des v\u00e9hicules, compte tenu des rendez-vous de courte dur\u00e9e.<\/p>\n\n\n\n<p><strong>Q&nbsp;: \u00c0 quoi servent les revenus de stationnement?<\/strong><\/p>\n\n\n\n<p><strong>R&nbsp;:<\/strong> Tous les revenus de stationnement servent \u00e0 l\u2019achat d\u2019\u00e9quipement m\u00e9dical et \u00e0 la construction de nouveaux milieux de soins.<\/p>\n\n\n\n<p><strong>Q&nbsp;<\/strong>: <strong>Vous venez d\u2019acheter un permis de stationnement. Que devez-vous faire avec le billet de stationnement que vous avez re\u00e7u \u00e0 l\u2019entr\u00e9e du stationnement?<\/strong><\/p>\n\n\n\n<p><strong>R&nbsp;: <\/strong>Si vous avez re\u00e7u un billet de stationnement avant d\u2019acheter votre permis, jetez ce billet et utilisez plut\u00f4t votre permis \u00e0 la sortie du stationnement.<\/p>\n\n\n\n<p><strong>Q&nbsp;: Vous avez perdu votre billet de stationnement. Que devez-vous faire?<\/strong><\/p>\n\n\n\n<p><strong>R&nbsp;:<\/strong> Si vous avez perdu votre billet de stationnement, allez \u00e0 un guichet de paiement du stationnement dans l\u2019h\u00f4pital, appuyez sur l\u2019option Ticket perdu et faites votre paiement.<\/p>\n\n\n\n<p><strong>Q&nbsp;: Vous avec perdu ou endommag\u00e9 votre permis de stationnement. Que devez-vous faire?<\/strong><\/p>\n\n\n\n<p><strong>R&nbsp;:<\/strong> Si vous avez perdu ou endommag\u00e9 votre permis de stationnement, allez \u00e0 un guichet de paiement dans l\u2019h\u00f4pital et appuyez sur le bouton de l\u2019interphone pour parler \u00e0 un agent. Pr\u00e9sentez votre re\u00e7u, ou si vous ne l\u2019avez pas, \u00e9pelez le nom de famille utilis\u00e9 pour l\u2019achat du permis et l\u2019agent r\u00e9imprimera votre permis \u00e0 la machine.<\/p>\n\n\n\n<p><strong>Q&nbsp;:<\/strong> <strong>Les membres de votre famille peuvent-ils utiliser votre permis de stationnement?<\/strong><\/p>\n\n\n\n<p><strong>R&nbsp;:<\/strong> Oui, mais sachez que le permis ne peut \u00eatre utilis\u00e9 que par une personne \u00e0 la fois.<\/p>\n\n\n\n<p><strong>Q&nbsp;: Votre permis de stationnement peut-il \u00eatre utilis\u00e9 \u00e0 un autre campus?<\/strong><\/p>\n\n\n\n<p><strong>R&nbsp;:<\/strong> Le permis peut \u00eatre utilis\u00e9 aux 3&nbsp;campus de L\u2019H\u00f4pital d\u2019Ottawa (Civic, G\u00e9n\u00e9ral et Riverside). Assurez-vous d\u2019utiliser votre permis pour entrer dans le stationnement et pour en sortir. Ne prenez jamais de billet \u00e0 l\u2019entr\u00e9e du stationnement.<\/p>\n\n\n\n<p><strong>Q&nbsp;: \u00c0 quelles heures peut-on parler \u00e0 un agent de stationnement?<\/strong><\/p>\n\n\n\n<p><strong>R&nbsp;:<\/strong> De 8&nbsp;h \u00e0 22&nbsp;h<\/p>\n\n\n\n<p><strong>Q&nbsp;: Vous ne voyez pas votre question. \u00c0 qui devez-vous vous adresser pour avoir plus d\u2019information?<\/strong><\/p>\n\n\n\n<p><strong>R&nbsp;:<\/strong> <strong>T\u00e9l\u00e9phone&nbsp;<\/strong>: 613-737-8899, poste&nbsp;85600<\/p>\n\n\n\n<p><strong>Courriel&nbsp;<\/strong>: <a href=\"mailto:stationnement@lho.ca\"><strong>stationnement@lho.ca<\/strong><\/a><\/p>\n","protected":false},"excerpt":{"rendered":"<p>Foire aux questions Q\u00a0: Comme patient ou visiteur, o\u00f9 pouvez-vous vous stationner? Emplacement des stationnements Campus Civic Voir le plan CivicP1 (stationnement \u00e0 \u00e9tages) : au nord de l\u2019entr\u00e9e principale, au sud de la rue RuskinP2 (en surface) : au nord de l\u2019Institut de cardiologie, du c\u00f4t\u00e9 nord de la rue RuskinP4 (en surface) : [&hellip;]<\/p>\n","protected":false},"author":25,"featured_media":0,"parent":183,"menu_order":3,"comment_status":"closed","ping_status":"closed","template":"","meta":{"_acf_changed":false,"_mc_calendar":[],"footnotes":""},"class_list":["post-4306","page","type-page","status-publish","hentry"],"acf":[],"wps_subtitle":"","_links":{"self":[{"href":"https:\/\/www.ottawahospital.on.ca\/fr\/wp-json\/wp\/v2\/pages\/4306","targetHints":{"allow":["GET"]}}],"collection":[{"href":"https:\/\/www.ottawahospital.on.ca\/fr\/wp-json\/wp\/v2\/pages"}],"about":[{"href":"https:\/\/www.ottawahospital.on.ca\/fr\/wp-json\/wp\/v2\/types\/page"}],"author":[{"embeddable":true,"href":"https:\/\/www.ottawahospital.on.ca\/fr\/wp-json\/wp\/v2\/users\/25"}],"replies":[{"embeddable":true,"href":"https:\/\/www.ottawahospital.on.ca\/fr\/wp-json\/wp\/v2\/comments?post=4306"}],"version-history":[{"count":2,"href":"https:\/\/www.ottawahospital.on.ca\/fr\/wp-json\/wp\/v2\/pages\/4306\/revisions"}],"predecessor-version":[{"id":278658,"href":"https:\/\/www.ottawahospital.on.ca\/fr\/wp-json\/wp\/v2\/pages\/4306\/revisions\/278658"}],"up":[{"embeddable":true,"href":"https:\/\/www.ottawahospital.on.ca\/fr\/wp-json\/wp\/v2\/pages\/183"}],"wp:attachment":[{"href":"https:\/\/www.ottawahospital.on.ca\/fr\/wp-json\/wp\/v2\/media?parent=4306"}],"curies":[{"name":"wp","href":"https:\/\/api.w.org\/{rel}","templated":true}]}}