{"id":42871,"date":"2019-03-12T15:26:03","date_gmt":"2019-03-12T19:26:03","guid":{"rendered":"https:\/\/www.ottawahospital.on.ca\/?page_id=42871"},"modified":"2019-03-12T17:11:14","modified_gmt":"2019-03-12T21:11:14","slug":"pro-safer","status":"publish","type":"page","link":"https:\/\/www.ottawahospital.on.ca\/fr\/services-cliniques\/deptpgrmcs\/departements\/obstetrique-gynecologie-et-soins-aux-nouveau-nes\/pro-safer\/","title":{"rendered":"Pro-Safer"},"content":{"rendered":"<h2>Grossesse et ob\u00e9sit\u00e9\u00a0: Parvenir \u00e0 un consensus relatif \u00e0 l\u2019optimisation des soins<\/h2>\n<h3>En quoi consiste PRO-SAFER?<\/h3>\n<p>PRO-SAFER se veut une initiative internationale visant \u00e0 parvenir \u00e0 un consensus scientifique et clinique quant aux facteurs de risque les plus pertinents et aux recommandations en mati\u00e8re de prise en charge clinique touchant les soins prodigu\u00e9s aux femmes enceintes aux prises avec l\u2019ob\u00e9sit\u00e9. Ces facteurs de risque cliniques pourraient servir \u00e0 effectuer le triage de femmes enceintes ob\u00e8ses au sein de groupes \u00e0 risques accrus ou r\u00e9duits relatifs aux issues d\u00e9favorables de la grossesse. L\u2019\u00e9tablissement de lignes directrices relatives aux pratiques cliniques pr\u00e9vues dans le cadre du soin de femmes enceintes souffrant d\u2019ob\u00e9sit\u00e9 pourrait faciliter le d\u00e9veloppement d\u2019un plan qui permettrait la prise en charge des soins prodigu\u00e9s autant aux groupes \u00e0 risques \u00e9lev\u00e9s que ceux \u00e0 faibles risques. Ensuite, l\u2019\u00e9tablissement d\u2019un consensus clinique aupr\u00e8s des experts du domaine des soins obst\u00e9triques pourrait mener \u00e0 la formulation d\u2019un outil de triage et de conseils pertinents en ce qui concerne les meilleures pratiques en mati\u00e8re de soins fond\u00e9es sur des donn\u00e9es probantes.<\/p>\n<h3>Nous vous invitons \u00e0 participer<\/h3>\n<p>Par le biais de cette initiative, nous sommes actuellement \u00e0 \u00e9laborer un outil de tirage et un protocole en mati\u00e8re de meilleurs soins. Cet outil de triage devrait permettre aux professionnels de la sant\u00e9 d\u2019identifier tr\u00e8s t\u00f4t les grossesses qui pr\u00e9senteraient un risque accru de complications. Ce protocole en mati\u00e8re de meilleurs soins servira \u00e0 formuler des recommandations fond\u00e9es sur des donn\u00e9es probantes, lesquelles permettront de prendre en charge la grossesse chez les femmes souffrant d\u2019ob\u00e9sit\u00e9. Pour ce faire, nous soumettrons des experts cliniciens et des chercheurs \u00e0 un questionnaire Delphi modifi\u00e9, questionnaire portant sur une s\u00e9rie de facteurs de risques et de lignes directrices en mati\u00e8re de bonnes pratiques pr\u00e9alablement recueillies dans le cadre de deux analyses syst\u00e9matiques. Si vous poss\u00e9dez une expertise clinique ou en recherche dans ce domaine, nous aimerions obtenir vos commentaires.<\/p>\n<h3>Inscrivez-vous \u00e0 titre de conf\u00e9rencier<\/h3>\n<p>Si vous souhaitez participer, veuillez communiquer avec <a href=\"mailto:PRO-SAFER@toh.ca\">PRO-SAFER<\/a> et transmettre vos coordonn\u00e9es, et nous communiquerons avec vous sous peu. Pour vous inscrire \u00e0 titre de conf\u00e9rencier, vous devez \u00eatre nanti\u00a0soit\u00a0: d\u2019une exp\u00e9rience \u00e0 titre de clinicien dans la prise en charge de femmes enceintes souffrant d\u2019ob\u00e9sit\u00e9 ou d\u2019une exp\u00e9rience en recherche aupr\u00e8s de femmes enceintes souffrant d\u2019ob\u00e9sit\u00e9.<\/p>\n<p><strong>Chercheuse principale:<\/strong><\/p>\n<div id=\"attachment_42876\" style=\"width: 210px\" class=\"wp-caption alignnone\"><img decoding=\"async\" aria-describedby=\"caption-attachment-42876\" class=\"img-responsive wp-image-42876\" src=\"https:\/\/www.ottawahospital.on.ca\/wp-content\/uploads\/2019\/03\/Laura-Profile-pic.jpg\" alt=\"Dr. Laura Gaudet\" width=\"200\" height=\"200\" srcset=\"https:\/\/www.ottawahospital.on.ca\/wp-content\/uploads\/2019\/03\/Laura-Profile-pic.jpg 250w, https:\/\/www.ottawahospital.on.ca\/wp-content\/uploads\/2019\/03\/Laura-Profile-pic-100x100.jpg 100w, https:\/\/www.ottawahospital.on.ca\/wp-content\/uploads\/2019\/03\/Laura-Profile-pic-150x150.jpg 150w\" sizes=\"(max-width: 200px) 100vw, 200px\" \/><p id=\"caption-attachment-42876\" class=\"wp-caption-text\">Dre Laura Gaudet, B.Sc., M.Sc., MD, FRCS<\/p><\/div>\n<p><strong>Financement provenant de<\/strong>\u00a0: L\u2019IRSC<\/p>\n<p>Pour de plus amples renseignements, veuillez communiquer avec\u00a0<a href=\"mailto:PRO-SAFER@toh.ca\">PRO-SAFER.<\/a><\/p>\n","protected":false},"excerpt":{"rendered":"<p>Grossesse et ob\u00e9sit\u00e9\u00a0: Parvenir \u00e0 un consensus relatif \u00e0 l\u2019optimisation des soins En quoi consiste PRO-SAFER? PRO-SAFER se veut une initiative internationale visant \u00e0 parvenir \u00e0 un consensus scientifique et clinique quant aux facteurs de risque les plus pertinents et aux recommandations en mati\u00e8re de prise en charge clinique touchant les soins prodigu\u00e9s aux femmes [&hellip;]<\/p>\n","protected":false},"author":25,"featured_media":0,"parent":12078,"menu_order":5,"comment_status":"closed","ping_status":"closed","template":"","meta":{"_acf_changed":false,"_mc_calendar":[],"footnotes":""},"class_list":["post-42871","page","type-page","status-publish","hentry"],"acf":[],"wps_subtitle":"","_links":{"self":[{"href":"https:\/\/www.ottawahospital.on.ca\/fr\/wp-json\/wp\/v2\/pages\/42871","targetHints":{"allow":["GET"]}}],"collection":[{"href":"https:\/\/www.ottawahospital.on.ca\/fr\/wp-json\/wp\/v2\/pages"}],"about":[{"href":"https:\/\/www.ottawahospital.on.ca\/fr\/wp-json\/wp\/v2\/types\/page"}],"author":[{"embeddable":true,"href":"https:\/\/www.ottawahospital.on.ca\/fr\/wp-json\/wp\/v2\/users\/25"}],"replies":[{"embeddable":true,"href":"https:\/\/www.ottawahospital.on.ca\/fr\/wp-json\/wp\/v2\/comments?post=42871"}],"version-history":[{"count":0,"href":"https:\/\/www.ottawahospital.on.ca\/fr\/wp-json\/wp\/v2\/pages\/42871\/revisions"}],"up":[{"embeddable":true,"href":"https:\/\/www.ottawahospital.on.ca\/fr\/wp-json\/wp\/v2\/pages\/12078"}],"wp:attachment":[{"href":"https:\/\/www.ottawahospital.on.ca\/fr\/wp-json\/wp\/v2\/media?parent=42871"}],"curies":[{"name":"wp","href":"https:\/\/api.w.org\/{rel}","templated":true}]}}