{"id":3943,"date":"2016-11-04T14:25:38","date_gmt":"2016-11-04T18:25:38","guid":{"rendered":"http:\/\/52.229.122.34\/fr\/?page_id=3943"},"modified":"2026-03-04T10:28:40","modified_gmt":"2026-03-04T15:28:40","slug":"devenir-benevolat","status":"publish","type":"page","link":"https:\/\/www.ottawahospital.on.ca\/fr\/possibilites-de-carriere\/devenir-benevolat\/","title":{"rendered":"B\u00e9n\u00e9vole \u00e0 l&rsquo;H\u00f4pital d&rsquo;Ottawa"},"content":{"rendered":"\n<figure class=\"wp-block-image size-full is-resized\"><img decoding=\"async\" width=\"770\" height=\"330\" src=\"https:\/\/www.ottawahospital.on.ca\/wp-content\/uploads\/2021\/10\/TOH-Volunteers.jpeg\" alt=\"Les b\u00e9n\u00e9voles de l'H\u00f4pital d'Ottawa\" class=\"wp-image-68946\" style=\"width:838px;height:359px\" srcset=\"https:\/\/www.ottawahospital.on.ca\/wp-content\/uploads\/2021\/10\/TOH-Volunteers.jpeg 770w, https:\/\/www.ottawahospital.on.ca\/wp-content\/uploads\/2021\/10\/TOH-Volunteers-600x257.jpeg 600w, https:\/\/www.ottawahospital.on.ca\/wp-content\/uploads\/2021\/10\/TOH-Volunteers-300x129.jpeg 300w, https:\/\/www.ottawahospital.on.ca\/wp-content\/uploads\/2021\/10\/TOH-Volunteers-768x329.jpeg 768w\" sizes=\"(max-width: 770px) 100vw, 770px\" \/><\/figure>\n\n\n\n<h2 class=\"wp-block-heading\">Devenez b\u00e9n\u00e9vole : Aidez-nous \u00e0 redessiner l\u2019avenir des soins de sant\u00e9<\/h2>\n\n\n\n<p>Nos b\u00e9n\u00e9voles repr\u00e9sentent un large \u00e9ventail de cultures, de groupes d\u2019\u00e2ge, de capacit\u00e9s et d\u2019exp\u00e9riences. Certains veulent entreprendre une carri\u00e8re dans le domaine de la sant\u00e9, d\u2019autres misent sur leur riche exp\u00e9rience personnelle pour aider les autres. Peu importe d\u2019o\u00f9 ils viennent, tous nos b\u00e9n\u00e9voles aident L\u2019H\u00f4pital d\u2019Ottawa \u00e0 redessiner l\u2019avenir des soins de sant\u00e9.<\/p>\n\n\n\n<p>Le temps, le talent et l\u2019\u00e9nergie que d\u00e9ploient nos b\u00e9n\u00e9voles sont inestimables pour les patients, les visiteurs et le personnel.<\/p>\n\n\n\n<p><strong>Pour \u00eatre b\u00e9n\u00e9vole, tout ce qu\u2019il vous faut :<\/strong><\/p>\n\n\n\n<ul class=\"wp-block-list\">\n<li>d\u00e9sir d\u2019aider les gens<\/li>\n\n\n\n<li>temps \u00e0 donner<\/li>\n\n\n\n<li>envie de relever des d\u00e9fis.<\/li>\n<\/ul>\n\n\n\n<h2 class=\"wp-block-heading\">Exigences et engagement<strong><\/strong><\/h2>\n\n\n\n<ul class=\"wp-block-list\">\n<li>Avoir au moins 16&nbsp;ans.<\/li>\n\n\n\n<li>S\u2019engager \u00e0 faire du b\u00e9n\u00e9volat pendant huit mois. Les retrait\u00e9s qui passent l\u2019hiver dans le sud ou l\u2019\u00e9t\u00e9 au chalet sont donc les bienvenus.<\/li>\n\n\n\n<li>Donner habituellement 3 ou 4&nbsp;heures de son temps par semaine.<\/li>\n\n\n\n<li>\u00catre motiv\u00e9 \u00e0 fournir d\u2019EXCELLENTS SERVICES en tout temps.<\/li>\n\n\n\n<li>Avoir un excellent esprit d\u2019\u00e9quipe.<\/li>\n\n\n\n<li>\u00catre enthousiaste \u00e0 l\u2019id\u00e9e de suivre des cours, de modifier les pratiques et de viser continuellement l\u2019excellence.<\/li>\n<\/ul>\n\n\n\n<h2 class=\"wp-block-heading\">S\u00e9lection, p\u00e9riode d\u2019attente et offres de b\u00e9n\u00e9volat<\/h2>\n\n\n\n<p>Nous avons recours \u00e0 un processus de s\u00e9lection et de formation rigoureux. Si un poste disponible correspond \u00e0 vos int\u00e9r\u00eats, vous pourriez devoir attendre un ou deux mois avant de commencer \u00e0 faire du b\u00e9n\u00e9volat.<\/p>\n\n\n\n<p>Veuillez noter que pour garder nos dossiers \u00e0 jour, nous conservons les offres de b\u00e9n\u00e9volat pendant quatre mois. <\/p>\n\n\n\n<p class=\"has-background\" style=\"background-color:#fdb933\"><strong>Si nous ne communiquons pas avec vous pour une entrevue apr\u00e8s quatre mois, vous devrez pr\u00e9senter une nouvelle offre de b\u00e9n\u00e9volat.<\/strong><\/p>\n\n\n\n<p><strong>Voici quelques fonctions exerc\u00e9es par les b\u00e9n\u00e9voles \u00e0 L\u2019H\u00f4pital&nbsp;d\u2019Ottawa&nbsp;:<\/strong><\/p>\n\n\n\n<ul class=\"wp-block-list\">\n<li>Signalisation (bureau d\u2019information, navigateur aux points d\u2019entr\u00e9e et Infoguide+)<\/li>\n\n\n\n<li>R\u00e9adaptation par les loisirs<\/li>\n\n\n\n<li>Programme virtuel (bureau d\u2019information, appels de courtoisie, renseignements sur la chimioth\u00e9rapie <em>Chemo Teach<\/em>)<\/li>\n\n\n\n<li>Unit\u00e9s de soins et cliniques externes (Urgence, Soins intensifs, Centre de soins oculaires, Chirurgie d\u2019un jour, H\u00e9modialyse, Centre de canc\u00e9rologie)<\/li>\n\n\n\n<li>Assistants de bureau<\/li>\n\n\n\n<li>Aide au Centre du mieux-\u00eatre<\/li>\n\n\n\n<li>Moments musicaux<\/li>\n\n\n\n<li>Soins transitoires (emplacements externes)<\/li>\n\n\n\n<li>Zooth\u00e9rapie (Tout b\u00e9n\u00e9vole en zooth\u00e9rapie doit d\u2019abord suivre une formation certifi\u00e9e par <a href=\"https:\/\/www.sja.ca\/fr\/community-services\/therapy-dog-program\">Ambulance Saint-Jean<\/a> ou <a href=\"https:\/\/www.ottawatherapydogs.ca\/about_us\">Ottawa Therapy Dogs<\/a>.)<\/li>\n<\/ul>\n\n\n\n<div class=\"wp-block-group alignfull has-text-color has-background\" style=\"color:#000000;background-color:#ffffff\"><div class=\"wp-block-group__inner-container is-layout-flow wp-block-group-is-layout-flow\">\n<div style=\"height:20px\" aria-hidden=\"true\" class=\"wp-block-spacer\"><\/div>\n\n\n\n<h2 class=\"wp-block-heading has-text-align-center has-text-color\" id=\"schedule-a-visit\" style=\"color:#3e7d98;font-size:40px;line-height:1.15;display:none\">Si vous souhaitez pr\u00e9senter votre candidature \u00e0 l\u2019un de ces postes, nous vous invitons \u00e0 remplir un<\/h2>\n\n\n\n<div class=\"wp-block-buttons is-horizontal is-content-justification-center is-layout-flex wp-container-core-buttons-is-layout-499968f5 wp-block-buttons-is-layout-flex\">\n<div class=\"wp-block-button has-custom-width wp-block-button__width-50 has-custom-font-size\" style=\"font-size:25px;display:none\"><a class=\"wp-block-button__link has-text-color has-background wp-element-button\" href=\"https:\/\/app.betterimpact.com\/Application?OrganizationGuid=c7c14b9e-3408-431f-88c5-d800b0c5a759&amp;ApplicationFormNumber=1\" style=\"border-radius:0px;color:#ffffff;background-color:#3e7d98\" target=\"_blank\" rel=\"noreferrer noopener\"><strong>formulaire de candidature<\/strong><\/a><\/div>\n<\/div>\n\n\n\n<div style=\"height:20px\" aria-hidden=\"true\" class=\"wp-block-spacer\"><\/div>\n<\/div><\/div>\n\n\n\n<h2 class=\"wp-block-heading\">Suspension temporaire des demandes de b\u00e9n\u00e9volat\u00a0<\/h2>\n\n\n\n<p>Nous vous remercions de votre int\u00e9r\u00eat \u00e0 devenir b\u00e9n\u00e9vole \u00e0 L\u2019H\u00f4pital d\u2019Ottawa. Les b\u00e9n\u00e9voles sont d\u2019importants membres de notre \u00e9quipe. En raison d\u2019un nombre \u00e9lev\u00e9 de candidatures re\u00e7ues, nous avons temporairement suspendu le traitement des nouvelles demandes et nous n\u2019en accepterons pas jusqu\u2019\u00e0 nouvel ordre. Le moment venu, nous fournirons un lien menant au formulaire de candidature sur cette page.<\/p>\n","protected":false},"excerpt":{"rendered":"<p>Devenez b\u00e9n\u00e9vole : Aidez-nous \u00e0 redessiner l\u2019avenir des soins de sant\u00e9 Nos b\u00e9n\u00e9voles repr\u00e9sentent un large \u00e9ventail de cultures, de groupes d\u2019\u00e2ge, de capacit\u00e9s et d\u2019exp\u00e9riences. Certains veulent entreprendre une carri\u00e8re dans le domaine de la sant\u00e9, d\u2019autres misent sur leur riche exp\u00e9rience personnelle pour aider les autres. Peu importe d\u2019o\u00f9 ils viennent, tous nos [&hellip;]<\/p>\n","protected":false},"author":25,"featured_media":0,"parent":77122,"menu_order":5,"comment_status":"closed","ping_status":"closed","template":"","meta":{"_acf_changed":false,"_mc_calendar":[],"footnotes":""},"class_list":["post-3943","page","type-page","status-publish","hentry"],"acf":[],"wps_subtitle":"","_links":{"self":[{"href":"https:\/\/www.ottawahospital.on.ca\/fr\/wp-json\/wp\/v2\/pages\/3943","targetHints":{"allow":["GET"]}}],"collection":[{"href":"https:\/\/www.ottawahospital.on.ca\/fr\/wp-json\/wp\/v2\/pages"}],"about":[{"href":"https:\/\/www.ottawahospital.on.ca\/fr\/wp-json\/wp\/v2\/types\/page"}],"author":[{"embeddable":true,"href":"https:\/\/www.ottawahospital.on.ca\/fr\/wp-json\/wp\/v2\/users\/25"}],"replies":[{"embeddable":true,"href":"https:\/\/www.ottawahospital.on.ca\/fr\/wp-json\/wp\/v2\/comments?post=3943"}],"version-history":[{"count":1,"href":"https:\/\/www.ottawahospital.on.ca\/fr\/wp-json\/wp\/v2\/pages\/3943\/revisions"}],"predecessor-version":[{"id":277677,"href":"https:\/\/www.ottawahospital.on.ca\/fr\/wp-json\/wp\/v2\/pages\/3943\/revisions\/277677"}],"up":[{"embeddable":true,"href":"https:\/\/www.ottawahospital.on.ca\/fr\/wp-json\/wp\/v2\/pages\/77122"}],"wp:attachment":[{"href":"https:\/\/www.ottawahospital.on.ca\/fr\/wp-json\/wp\/v2\/media?parent=3943"}],"curies":[{"name":"wp","href":"https:\/\/api.w.org\/{rel}","templated":true}]}}