{"id":38829,"date":"2018-08-02T14:56:03","date_gmt":"2018-08-02T18:56:03","guid":{"rendered":"http:\/\/www.ottawahospital.on.ca\/?page_id=38829"},"modified":"2018-10-18T15:12:33","modified_gmt":"2018-10-18T19:12:33","slug":"services-et-installations-au-campus-civic","status":"publish","type":"page","link":"https:\/\/www.ottawahospital.on.ca\/fr\/patients-et-visiteurs\/guide-daccompagnement-pour-les-patients-et-leur-famille\/services-et-installations-au-campus-civic\/","title":{"rendered":"Services et installations au Campus Civic"},"content":{"rendered":"<div class=\"row\">\n<div class=\"col-md-2\"><img decoding=\"async\" class=\"img-responsive alignnone wp-image-38440 size-thumbnail\" src=\"https:\/\/www.ottawahospital.on.ca\/wp-content\/uploads\/2018\/07\/ABM-Icon.jpg\" alt=\"Admitting Icon\" width=\"150\" height=\"150\" \/><\/div>\n<div class=\"col-md-9\">\n<h2>Guichets automatiques<\/h2>\n<p>Coin des employ\u00e9s : \u00e0 c\u00f4t\u00e9 de la caf\u00e9t\u00e9ria (Caf\u00e9 Tulipe)<br \/>\nCouloir de l\u2019entr\u00e9e principale : \u00e0 c\u00f4t\u00e9 du Tim Hortons<\/p>\n<\/div>\n<\/div>\n<p><!-- \/.row --><\/p>\n<div class=\"row\">\n<div class=\"col-md-2\"><img decoding=\"async\" class=\"img-responsive alignnone wp-image-38441 size-thumbnail\" src=\"https:\/\/www.ottawahospital.on.ca\/wp-content\/uploads\/2018\/07\/Food-Icon.jpg\" alt=\"\" width=\"150\" height=\"150\" \/><\/div>\n<div class=\"col-md-9\">\n<h2>Alimentation<\/h2>\n<p>Second Cup: rez-de-chauss\u00e9e<br \/>\nTous les jours, de 6 h 30 \u00e0 20 h<\/p>\n<p>Tim Hortons: entr\u00e9e principale<br \/>\nTous les jours, 24 h<\/p>\n<p>Caf\u00e9 Tulipe (Caf\u00e9t\u00e9ria) : rez-de-chauss\u00e9e<br \/>\nDu lundi au vendredi: de 9 h \u00e0 18 h<\/p>\n<\/div>\n<\/div>\n<p><!-- \/.row --><\/p>\n<div class=\"row\">\n<div class=\"col-md-2\"><img decoding=\"async\" class=\"img-responsive alignnone wp-image-38443 size-thumbnail\" src=\"https:\/\/www.ottawahospital.on.ca\/wp-content\/uploads\/2018\/07\/Medication-Icon-1.jpg\" alt=\"\" width=\"150\" height=\"150\" \/><\/div>\n<div class=\"col-md-9\">\n<h2>Pharmacie<\/h2>\n<p>Rez-de chauss\u00e9e<br \/>\nDu lundi au vendredi : de 8 h 30 \u00e0 18 h<\/p>\n<p>T\u00e9l\u00e9phone: 613-761-4157<\/p>\n<\/div>\n<\/div>\n<p><!-- \/.row --><\/p>\n<div class=\"row\">\n<div class=\"col-md-2\"><img decoding=\"async\" class=\"img-responsive alignnone wp-image-38448 size-thumbnail\" src=\"https:\/\/www.ottawahospital.on.ca\/wp-content\/uploads\/2018\/07\/Spiritual-Care-Icon.jpg\" alt=\"\" width=\"150\" height=\"150\" \/><\/div>\n<div class=\"col-md-9\">\n<h2>Salle de pri\u00e8re<\/h2>\n<p>Aile C, pr\u00e8s des ascenseurs. Vous la reconna\u00eetrez \u00e0 ses vitraux.<\/p>\n<\/div>\n<\/div>\n<p><!-- \/.row --><\/p>\n<div class=\"row\">\n<div class=\"col-md-2\"><img decoding=\"async\" class=\"img-responsive alignnone wp-image-38445 size-thumbnail\" src=\"https:\/\/www.ottawahospital.on.ca\/wp-content\/uploads\/2018\/07\/Shops-Icon.jpg\" alt=\"\" width=\"150\" height=\"150\" \/><\/div>\n<div class=\"col-md-9\">\n<h2>Boutiques<\/h2>\n<p>Vous trouverez de nombreux objets \u00e0 offrir en cadeau et des articles personnels dans les boutiques au rez-de-chauss\u00e9e.<\/p>\n<p>Galerie d&rsquo;art et boutique des Auxiliaires Civic<br \/>\nDu lundi au vendredi : de 10 h \u00e0 20 h<br \/>\nFin de semaine : de midi \u00e0 16 h<\/p>\n<p>Fleuriste<br \/>\nDu lundi au vendredi : de 10 h \u00e0 20 h<br \/>\nFin de semaine : de midi \u00e0 16 h<\/p>\n<p>Boutique du cadeau<br \/>\nDu lundi au vendredi : de 10 h \u00e0 20 h<br \/>\nFin de semaine : de midi \u00e0 16 h<\/p>\n<p>Kiosque de loterie<br \/>\nDu lundi au vendredi : de 10 h \u00e0 15 h<\/p>\n<\/div>\n<\/div>\n<div class=\"wpforms-container wpforms-container-full\" id=\"wpforms-39496\"><form id=\"wpforms-form-39496\" class=\"wpforms-validate wpforms-form\" data-formid=\"39496\" method=\"post\" enctype=\"multipart\/form-data\" action=\"\/fr\/wp-json\/wp\/v2\/pages\/38829\" data-token=\"7f7446337a02eeacbc1852b3ac757da7\" data-token-time=\"1777510848\"><noscript class=\"wpforms-error-noscript\">Veuillez activer JavaScript dans votre navigateur pour remplir ce formulaire.<\/noscript><div class=\"wpforms-field-container\"><div id=\"wpforms-39496-field_5-container\" class=\"wpforms-field wpforms-field-radio\" data-field-id=\"5\"><label class=\"wpforms-field-label\">Cette information vous a-t-elle \u00e9t\u00e9 utile?<\/label><ul id=\"wpforms-39496-field_5\"><li class=\"choice-1 depth-1\"><input type=\"radio\" id=\"wpforms-39496-field_5_1\" name=\"wpforms[fields][5]\" value=\"Oui\"  ><label class=\"wpforms-field-label-inline\" for=\"wpforms-39496-field_5_1\">Oui<\/label><\/li><li class=\"choice-2 depth-1\"><input type=\"radio\" id=\"wpforms-39496-field_5_2\" name=\"wpforms[fields][5]\" value=\"Non\"  ><label class=\"wpforms-field-label-inline\" for=\"wpforms-39496-field_5_2\">Non<\/label><\/li><\/ul><\/div><div id=\"wpforms-39496-field_3-container\" class=\"wpforms-field wpforms-field-select\" data-field-id=\"3\"><label class=\"wpforms-field-label\" for=\"wpforms-39496-field_3\">Le titre de la page (veuillez choisir dans la liste)<\/label><select id=\"wpforms-39496-field_3\" class=\"wpforms-field-medium\" name=\"wpforms[fields][3]\"><option value=\"Guide d\u2019accompagnement pour les patients et leur famille\"  class=\"choice-1 depth-1\"  >Guide d\u2019accompagnement pour les patients et leur famille<\/option><option value=\"La Fondation de l\u2019H\u00f4pital d\u2019Ottawa\"  class=\"choice-2 depth-1\"  >La Fondation de l\u2019H\u00f4pital d\u2019Ottawa<\/option><option value=\"Nous sommes l\u00e0 pour vous\"  class=\"choice-3 depth-1\"  >Nous sommes l\u00e0 pour vous<\/option><option value=\"Votre \u00e9quipe de soins\"  class=\"choice-4 depth-1\"  >Votre \u00e9quipe de soins<\/option><option value=\"Ce \u00e0 quoi vous attendre de L\u2019H\u00f4pital d\u2019Ottawa\"  class=\"choice-5 depth-1\"  >Ce \u00e0 quoi vous attendre de L\u2019H\u00f4pital d\u2019Ottawa<\/option><option value=\" Votre s\u00e9curit\u00e9 \u00e0 L\u2019H\u00f4pital d\u2019Ottawa\"  class=\"choice-6 depth-1\"  >Votre s\u00e9curit\u00e9 \u00e0 L\u2019H\u00f4pital d\u2019Ottawa<\/option><option value=\"Services de qualit\u00e9\"  class=\"choice-7 depth-1\"  >Services de qualit\u00e9<\/option><option value=\"Votre chambre\"  class=\"choice-8 depth-1\"  >Votre chambre<\/option><option value=\"Services et installations au Campus G\u00e9n\u00e9ral\"  class=\"choice-9 depth-1\"  >Services et installations au Campus G\u00e9n\u00e9ral<\/option><option value=\"Services et installations au Campus Civic\"  class=\"choice-10 depth-1\"  >Services et installations au Campus Civic<\/option><option value=\"Stationnement, transport et taxis\"  class=\"choice-11 depth-1\"  >Stationnement, transport et taxis<\/option><\/select><\/div><div id=\"wpforms-39496-field_4-container\" class=\"wpforms-field wpforms-field-textarea\" data-field-id=\"4\"><label class=\"wpforms-field-label\" for=\"wpforms-39496-field_4\">Vos commentaires :<\/label><textarea id=\"wpforms-39496-field_4\" class=\"wpforms-field-medium\" name=\"wpforms[fields][4]\" ><\/textarea><\/div><\/div><!-- .wpforms-field-container --><div class=\"wpforms-field wpforms-field-hp\"><label for=\"wpforms-39496-field-hp\" class=\"wpforms-field-label\">Phone<\/label><input type=\"text\" name=\"wpforms[hp]\" id=\"wpforms-39496-field-hp\" class=\"wpforms-field-medium\"><\/div><div class=\"wpforms-submit-container\" ><input type=\"hidden\" name=\"wpforms[id]\" value=\"39496\"><input type=\"hidden\" name=\"page_title\" value=\"\"><input type=\"hidden\" name=\"page_url\" value=\"https:\/\/www.ottawahospital.on.ca\/fr\/wp-json\/wp\/v2\/pages\/38829\"><input type=\"hidden\" name=\"url_referer\" value=\"\"><button type=\"submit\" name=\"wpforms[submit]\" id=\"wpforms-submit-39496\" class=\"wpforms-submit\" data-alt-text=\"Sending...\" data-submit-text=\"Soumettre\" aria-live=\"assertive\" value=\"wpforms-submit\">Soumettre<\/button><\/div><\/form><\/div>  <!-- .wpforms-container -->\n","protected":false},"excerpt":{"rendered":"<p>Guichets automatiques Coin des employ\u00e9s : \u00e0 c\u00f4t\u00e9 de la caf\u00e9t\u00e9ria (Caf\u00e9 Tulipe) Couloir de l\u2019entr\u00e9e principale : \u00e0 c\u00f4t\u00e9 du Tim Hortons Alimentation Second Cup: rez-de-chauss\u00e9e Tous les jours, de 6 h 30 \u00e0 20 h Tim Hortons: entr\u00e9e principale Tous les jours, 24 h Caf\u00e9 Tulipe (Caf\u00e9t\u00e9ria) : rez-de-chauss\u00e9e Du lundi au vendredi: [&hellip;]<\/p>\n","protected":false},"author":25,"featured_media":0,"parent":38779,"menu_order":8,"comment_status":"closed","ping_status":"closed","template":"","meta":{"_acf_changed":false,"_mc_calendar":[],"footnotes":""},"class_list":["post-38829","page","type-page","status-publish","hentry"],"acf":[],"wps_subtitle":"","_links":{"self":[{"href":"https:\/\/www.ottawahospital.on.ca\/fr\/wp-json\/wp\/v2\/pages\/38829","targetHints":{"allow":["GET"]}}],"collection":[{"href":"https:\/\/www.ottawahospital.on.ca\/fr\/wp-json\/wp\/v2\/pages"}],"about":[{"href":"https:\/\/www.ottawahospital.on.ca\/fr\/wp-json\/wp\/v2\/types\/page"}],"author":[{"embeddable":true,"href":"https:\/\/www.ottawahospital.on.ca\/fr\/wp-json\/wp\/v2\/users\/25"}],"replies":[{"embeddable":true,"href":"https:\/\/www.ottawahospital.on.ca\/fr\/wp-json\/wp\/v2\/comments?post=38829"}],"version-history":[{"count":0,"href":"https:\/\/www.ottawahospital.on.ca\/fr\/wp-json\/wp\/v2\/pages\/38829\/revisions"}],"up":[{"embeddable":true,"href":"https:\/\/www.ottawahospital.on.ca\/fr\/wp-json\/wp\/v2\/pages\/38779"}],"wp:attachment":[{"href":"https:\/\/www.ottawahospital.on.ca\/fr\/wp-json\/wp\/v2\/media?parent=38829"}],"curies":[{"name":"wp","href":"https:\/\/api.w.org\/{rel}","templated":true}]}}