{"id":38825,"date":"2018-08-02T14:36:12","date_gmt":"2018-08-02T18:36:12","guid":{"rendered":"http:\/\/www.ottawahospital.on.ca\/?page_id=38825"},"modified":"2018-10-18T15:11:48","modified_gmt":"2018-10-18T19:11:48","slug":"services-et-installations-au-campus-general","status":"publish","type":"page","link":"https:\/\/www.ottawahospital.on.ca\/fr\/patients-et-visiteurs\/guide-daccompagnement-pour-les-patients-et-leur-famille\/services-et-installations-au-campus-general\/","title":{"rendered":"Services et installations au Campus G\u00e9n\u00e9ral"},"content":{"rendered":"<div class=\"row\">\n<div class=\"col-md-2\"><img decoding=\"async\" class=\"img-responsive alignnone wp-image-38440 size-thumbnail\" src=\"https:\/\/www.ottawahospital.on.ca\/wp-content\/uploads\/2018\/07\/ABM-Icon.jpg\" alt=\"Admitting Icon\" width=\"150\" height=\"150\" \/><\/div>\n<div class=\"col-md-9\">\n<h2>Guichets automatiques<\/h2>\n<p>Entr\u00e9e principale\u00a0: couloir en face du bureau d\u2019information<br \/>\nDeuxi\u00e8me \u00e9tage : en haut de l\u2019escalier roulant<br \/>\nRez-de-chauss\u00e9e : \u00e0 l\u2019ext\u00e9rieur du Caf\u00e9 501 (caf\u00e9t\u00e9ria)<br \/>\nCentre de canc\u00e9rologie : pr\u00e8s du Module C<br \/>\nAile des soins critiques : couloir de l\u2019entr\u00e9e principale<br \/>\nCentre de r\u00e9adaptation : en face des ascenseurs<\/p>\n<\/div>\n<\/div>\n<p><!-- \/.row --><\/p>\n<div class=\"row\">\n<div class=\"col-md-2\"><img decoding=\"async\" class=\"img-responsive alignnone wp-image-38441 size-thumbnail\" src=\"https:\/\/www.ottawahospital.on.ca\/wp-content\/uploads\/2018\/07\/Food-Icon.jpg\" alt=\"\" width=\"150\" height=\"150\" \/><\/div>\n<div class=\"col-md-9\">\n<h2>Alimentation<\/h2>\n<p>Caf\u00e9 501 (caf\u00e9t\u00e9ria) :\u00a0rez-de-chauss\u00e9e<br \/>\nDu lundi au vendredi : de 8 h \u00e0 18 h 30<\/p>\n<p>Second Cup :\u00a0rez-de-chauss\u00e9e, pr\u00e8s des ascenseurs<br \/>\nTous les jours, de 6 h 30 \u00e0 22 h<\/p>\n<p>Tim Hortons :\u00a0Aile des soins critiques<br \/>\nTous les jours, 24 h<\/p>\n<p>Kiosque Le Caf\u00e9 : entr\u00e9e principale du Centre de r\u00e9adaptation<br \/>\nDu lundi au vendredi : de 8 h \u00e0 16 h<\/p>\n<\/div>\n<\/div>\n<p><!-- \/.row --><\/p>\n<div class=\"row\">\n<div class=\"col-md-2\"><img decoding=\"async\" class=\"img-responsive alignnone wp-image-38443 size-thumbnail\" src=\"https:\/\/www.ottawahospital.on.ca\/wp-content\/uploads\/2018\/07\/Medication-Icon-1.jpg\" alt=\"\" width=\"150\" height=\"150\" \/><\/div>\n<div class=\"col-md-9\">\n<h2>Pharmacie<\/h2>\n<p>Rez-de-chauss\u00e9e, \u00e0 c\u00f4t\u00e9 du Second Cup<br \/>\nDu lundi au vendredi : de 8 h 30 \u00e0 18 h<\/p>\n<p>T\u00e9l\u00e9phone : 613-731-9152<\/p>\n<\/div>\n<\/div>\n<p><!-- \/.row --><\/p>\n<div class=\"row\">\n<div class=\"col-md-2\"><img decoding=\"async\" class=\"img-responsive alignnone wp-image-38448 size-thumbnail\" src=\"https:\/\/www.ottawahospital.on.ca\/wp-content\/uploads\/2018\/07\/Spiritual-Care-Icon.jpg\" alt=\"\" width=\"150\" height=\"150\" \/><\/div>\n<div class=\"col-md-9\">\n<h2>Salle de pri\u00e8re<\/h2>\n<p>\u00c9difice principal : rez-de-chauss\u00e9e, en face de la salle du courrier<br \/>\nCentre de r\u00e9adaptation : dans la caf\u00e9t\u00e9ria au 2e \u00e9tage<\/p>\n<\/div>\n<\/div>\n<p><!-- \/.row --><\/p>\n<div class=\"row\">\n<div class=\"col-md-2\"><img decoding=\"async\" class=\"img-responsive alignnone wp-image-38445 size-thumbnail\" src=\"https:\/\/www.ottawahospital.on.ca\/wp-content\/uploads\/2018\/07\/Shops-Icon.jpg\" alt=\"\" width=\"150\" height=\"150\" \/><\/div>\n<div class=\"col-md-9\">\n<h2>Boutiques<\/h2>\n<p>Le Coin des Amis (d\u00e9panneur) : rez-de-chauss\u00e9e, en face du bureau d&rsquo;information<br \/>\nDu lundi au vendredi : de 7 h \u00e0 20 h 30<br \/>\nFin de semaine : de 10 h \u00e0 16 h<br \/>\nJours f\u00e9ri\u00e9s : de 10 h \u00e0 16 h<\/p>\n<p>La Boutique (cadeaux) : rez-de-chauss\u00e9e, en face du Second Cup<br \/>\nDu lundi au vendredi : de 8 h 30 \u00e0 20 h<br \/>\nFin de semaine : de 11 h \u00e0 18 h 30<\/p>\n<\/div>\n<\/div>\n<div class=\"wpforms-container wpforms-container-full\" id=\"wpforms-39496\"><form id=\"wpforms-form-39496\" class=\"wpforms-validate wpforms-form\" data-formid=\"39496\" method=\"post\" enctype=\"multipart\/form-data\" action=\"\/fr\/wp-json\/wp\/v2\/pages\/38825\" data-token=\"ea1c74b9d3dd5caaa1b8eadbdde29753\" data-token-time=\"1778413381\"><noscript class=\"wpforms-error-noscript\">Veuillez activer JavaScript dans votre navigateur pour remplir ce formulaire.<\/noscript><div class=\"wpforms-field-container\"><div id=\"wpforms-39496-field_5-container\" class=\"wpforms-field wpforms-field-radio\" data-field-id=\"5\"><label class=\"wpforms-field-label\">Cette information vous a-t-elle \u00e9t\u00e9 utile?<\/label><ul id=\"wpforms-39496-field_5\"><li class=\"choice-1 depth-1\"><input type=\"radio\" id=\"wpforms-39496-field_5_1\" name=\"wpforms[fields][5]\" value=\"Oui\"  ><label class=\"wpforms-field-label-inline\" for=\"wpforms-39496-field_5_1\">Oui<\/label><\/li><li class=\"choice-2 depth-1\"><input type=\"radio\" id=\"wpforms-39496-field_5_2\" name=\"wpforms[fields][5]\" value=\"Non\"  ><label class=\"wpforms-field-label-inline\" for=\"wpforms-39496-field_5_2\">Non<\/label><\/li><\/ul><\/div><div id=\"wpforms-39496-field_3-container\" class=\"wpforms-field wpforms-field-select\" data-field-id=\"3\"><label class=\"wpforms-field-label\" for=\"wpforms-39496-field_3\">Le titre de la page (veuillez choisir dans la liste)<\/label><select id=\"wpforms-39496-field_3\" class=\"wpforms-field-medium\" name=\"wpforms[fields][3]\"><option value=\"Guide d\u2019accompagnement pour les patients et leur famille\"  class=\"choice-1 depth-1\"  >Guide d\u2019accompagnement pour les patients et leur famille<\/option><option value=\"La Fondation de l\u2019H\u00f4pital d\u2019Ottawa\"  class=\"choice-2 depth-1\"  >La Fondation de l\u2019H\u00f4pital d\u2019Ottawa<\/option><option value=\"Nous sommes l\u00e0 pour vous\"  class=\"choice-3 depth-1\"  >Nous sommes l\u00e0 pour vous<\/option><option value=\"Votre \u00e9quipe de soins\"  class=\"choice-4 depth-1\"  >Votre \u00e9quipe de soins<\/option><option value=\"Ce \u00e0 quoi vous attendre de L\u2019H\u00f4pital d\u2019Ottawa\"  class=\"choice-5 depth-1\"  >Ce \u00e0 quoi vous attendre de L\u2019H\u00f4pital d\u2019Ottawa<\/option><option value=\" Votre s\u00e9curit\u00e9 \u00e0 L\u2019H\u00f4pital d\u2019Ottawa\"  class=\"choice-6 depth-1\"  >Votre s\u00e9curit\u00e9 \u00e0 L\u2019H\u00f4pital d\u2019Ottawa<\/option><option value=\"Services de qualit\u00e9\"  class=\"choice-7 depth-1\"  >Services de qualit\u00e9<\/option><option value=\"Votre chambre\"  class=\"choice-8 depth-1\"  >Votre chambre<\/option><option value=\"Services et installations au Campus G\u00e9n\u00e9ral\"  class=\"choice-9 depth-1\"  >Services et installations au Campus G\u00e9n\u00e9ral<\/option><option value=\"Services et installations au Campus Civic\"  class=\"choice-10 depth-1\"  >Services et installations au Campus Civic<\/option><option value=\"Stationnement, transport et taxis\"  class=\"choice-11 depth-1\"  >Stationnement, transport et taxis<\/option><\/select><\/div><div id=\"wpforms-39496-field_4-container\" class=\"wpforms-field wpforms-field-textarea\" data-field-id=\"4\"><label class=\"wpforms-field-label\" for=\"wpforms-39496-field_4\">Vos commentaires :<\/label><textarea id=\"wpforms-39496-field_4\" class=\"wpforms-field-medium\" name=\"wpforms[fields][4]\" ><\/textarea><\/div><\/div><!-- .wpforms-field-container --><div class=\"wpforms-field wpforms-field-hp\"><label for=\"wpforms-39496-field-hp\" class=\"wpforms-field-label\">Message<\/label><input type=\"text\" name=\"wpforms[hp]\" id=\"wpforms-39496-field-hp\" class=\"wpforms-field-medium\"><\/div><div class=\"wpforms-submit-container\" ><input type=\"hidden\" name=\"wpforms[id]\" value=\"39496\"><input type=\"hidden\" name=\"page_title\" value=\"\"><input type=\"hidden\" name=\"page_url\" value=\"https:\/\/www.ottawahospital.on.ca\/fr\/wp-json\/wp\/v2\/pages\/38825\"><input type=\"hidden\" name=\"url_referer\" value=\"\"><button type=\"submit\" name=\"wpforms[submit]\" id=\"wpforms-submit-39496\" class=\"wpforms-submit\" data-alt-text=\"Sending...\" data-submit-text=\"Soumettre\" aria-live=\"assertive\" value=\"wpforms-submit\">Soumettre<\/button><\/div><\/form><\/div>  <!-- .wpforms-container -->\n","protected":false},"excerpt":{"rendered":"<p>Guichets automatiques Entr\u00e9e principale\u00a0: couloir en face du bureau d\u2019information Deuxi\u00e8me \u00e9tage : en haut de l\u2019escalier roulant Rez-de-chauss\u00e9e : \u00e0 l\u2019ext\u00e9rieur du Caf\u00e9 501 (caf\u00e9t\u00e9ria) Centre de canc\u00e9rologie : pr\u00e8s du Module C Aile des soins critiques : couloir de l\u2019entr\u00e9e principale Centre de r\u00e9adaptation : en face des ascenseurs Alimentation Caf\u00e9 501 (caf\u00e9t\u00e9ria) [&hellip;]<\/p>\n","protected":false},"author":25,"featured_media":0,"parent":38779,"menu_order":7,"comment_status":"closed","ping_status":"closed","template":"","meta":{"_acf_changed":false,"_mc_calendar":[],"footnotes":""},"class_list":["post-38825","page","type-page","status-publish","hentry"],"acf":[],"wps_subtitle":"","_links":{"self":[{"href":"https:\/\/www.ottawahospital.on.ca\/fr\/wp-json\/wp\/v2\/pages\/38825","targetHints":{"allow":["GET"]}}],"collection":[{"href":"https:\/\/www.ottawahospital.on.ca\/fr\/wp-json\/wp\/v2\/pages"}],"about":[{"href":"https:\/\/www.ottawahospital.on.ca\/fr\/wp-json\/wp\/v2\/types\/page"}],"author":[{"embeddable":true,"href":"https:\/\/www.ottawahospital.on.ca\/fr\/wp-json\/wp\/v2\/users\/25"}],"replies":[{"embeddable":true,"href":"https:\/\/www.ottawahospital.on.ca\/fr\/wp-json\/wp\/v2\/comments?post=38825"}],"version-history":[{"count":0,"href":"https:\/\/www.ottawahospital.on.ca\/fr\/wp-json\/wp\/v2\/pages\/38825\/revisions"}],"up":[{"embeddable":true,"href":"https:\/\/www.ottawahospital.on.ca\/fr\/wp-json\/wp\/v2\/pages\/38779"}],"wp:attachment":[{"href":"https:\/\/www.ottawahospital.on.ca\/fr\/wp-json\/wp\/v2\/media?parent=38825"}],"curies":[{"name":"wp","href":"https:\/\/api.w.org\/{rel}","templated":true}]}}