{"id":38803,"date":"2018-08-02T12:01:55","date_gmt":"2018-08-02T16:01:55","guid":{"rendered":"http:\/\/www.ottawahospital.on.ca\/?page_id=38803"},"modified":"2018-12-19T11:17:17","modified_gmt":"2018-12-19T16:17:17","slug":"la-fondation-de-lhopital-dottawa","status":"publish","type":"page","link":"https:\/\/www.ottawahospital.on.ca\/fr\/patients-et-visiteurs\/guide-daccompagnement-pour-les-patients-et-leur-famille\/la-fondation-de-lhopital-dottawa\/","title":{"rendered":"La Fondation de l\u2019H\u00f4pital d\u2019Ottawa"},"content":{"rendered":"<p>La Fondation de l\u2019H\u00f4pital d\u2019Ottawa r\u00e9alise des activit\u00e9s de financement pour soutenir l\u2019excellence des soins aux patients et de la recherche \u00e0 L\u2019H\u00f4pital d\u2019Ottawa. Les fonds amass\u00e9s aident \u00e0 soutenir des projets prioritaires comme la recherche sur les cellules souches en m\u00e9decine r\u00e9g\u00e9n\u00e9ratrice, l\u2019acc\u00e8s aux soins de canc\u00e9rologie et l\u2019achat d\u2019\u00e9quipement de pointe.<\/p>\n<p>Vous aimeriez nous aider \u00e0 soutenir la recherche et les soins \u00e0 Ottawa? Vous pouvez le faire de bien des fa\u00e7ons.<\/p>\n<div id=\"accordion\" class=\"panel-group\">\n<div class=\"panel panel-default\">\n<div class=\"panel-heading\">\n<h4 class=\"panel-title\"><a class=\"accordion-toggle\" href=\"#collapseOne\" data-toggle=\"collapse\" data-parent=\"#accordion\">Programme des Anges gardiens<\/a><\/h4>\n<\/div>\n<div id=\"collapseOne\" class=\"panel-collapse collapse in\">\n<div class=\"panel-body\">\n<p>Rendez hommage \u00e0 un membre du personnel de L\u2019H\u00f4pital d\u2019Ottawa qui a fait la diff\u00e9rence dans vos soins pendant votre s\u00e9jour en faisant un <a href=\"https:\/\/secure3.convio.net\/otthf\/site\/Donation2?1717.donation=form1&amp;df_id=1717&amp;mfc_pref=T&amp;s_locale=fr_CA\">don en son nom<\/a>. Il recevra ensuite une superbe \u00e9pinglette d\u2019ange qu\u2019il pourra porter avec fiert\u00e9.<\/p>\n<\/div>\n<\/div>\n<\/div>\n<div class=\"panel panel-default\">\n<div class=\"panel-heading\">\n<h4 class=\"panel-title\"><a class=\"accordion-toggle\" href=\"#collapseTen\" data-toggle=\"collapse\" data-parent=\"#accordion\">Participez \u00e0 une activit\u00e9<\/a><\/h4>\n<\/div>\n<div id=\"collapseTen\" class=\"panel-collapse collapse\">\n<div class=\"panel-body\">\n<p>Vous pouvez participer \u00e0 notre activit\u00e9 vedette, <a href=\"https:\/\/otthf.convio.net\/site\/PageServer?pagename=2018_THE_RIDE_Home&amp;s_locale=fr_CA\">LE D\u00c9FI<\/a>, une course \u00e0 v\u00e9lo destin\u00e9e \u00e0 amasser des fonds pour soutenir une cause qui vous tient \u00e0 c\u0153ur. Vous n\u2019avez pas l\u2019\u00e2me d\u2019un cycliste? Chaussez plut\u00f4t vos espadrilles pour amasser des fonds pendant la Fin de semaine des courses d\u2019Ottawa!<\/p>\n<\/div>\n<\/div>\n<\/div>\n<div class=\"panel panel-default\">\n<div class=\"panel-heading\">\n<h4 class=\"panel-title\"><a class=\"accordion-toggle\" href=\"#collapseEleven\" data-toggle=\"collapse\" data-parent=\"#accordion\">Soutenez une priorit\u00e9<\/a><\/h4>\n<\/div>\n<div id=\"collapseEleven\" class=\"panel-collapse collapse\">\n<div class=\"panel-body\">Dans notre <a href=\"https:\/\/fondationho.ca\/?_ga=2.34193569.1603259525.1534875247-1868710587.1530282090\">site Web<\/a>, vous pouvez en apprendre plus sur les grandes priorit\u00e9s de l\u2019H\u00f4pital pour amener des projets de recherche incroyables et des soins novateurs \u00e0 Ottawa. Vous pouvez faire un don unique ou vous inscrire \u00e0 un programme de dons mensuels pour soutenir la priorit\u00e9 qui vous tient le plus \u00e0 c\u0153ur.<\/div>\n<\/div>\n<\/div>\n<div class=\"panel panel-default\">\n<div class=\"panel-heading\">\n<h4 class=\"panel-title\"><a class=\"accordion-toggle\" href=\"#collapseTwelve\" data-toggle=\"collapse\" data-parent=\"#accordion\">Amassez des fonds en notre nom<\/a><\/h4>\n<\/div>\n<div id=\"collapseTwelve\" class=\"panel-collapse collapse\">\n<div class=\"panel-body\"><a href=\"https:\/\/fondationho.ca\/?_ga=2.34193569.1603259525.1534875247-1868710587.1530282090\">Organisez une activit\u00e9 de financement<\/a>, par exemple \u00e0 la m\u00e9moire ou en l\u2019honneur d\u2019une personne sp\u00e9ciale ou alors soulignez un anniversaire avec une collecte de fonds plut\u00f4t que des cadeaux.<\/div>\n<\/div>\n<\/div>\n<div class=\"panel panel-default\">\n<div class=\"panel-heading\">\n<h4 class=\"panel-title\"><a class=\"accordion-toggle\" href=\"#collapseThirteen\" data-toggle=\"collapse\" data-parent=\"#accordion\">Planification de succession et legs testamentaires<\/a><\/h4>\n<\/div>\n<div id=\"collapseThirteen\" class=\"panel-collapse collapse\">\n<div class=\"panel-body\">Vous n\u2019avez pas besoin d\u2019une machine \u00e0 voyager dans le temps pour changer l\u2019avenir. Laissez <a href=\"https:\/\/fondationho.ca\/?_ga=2.227092893.1247075354.1535572052-1868710587.1530282090\">un h\u00e9ritage durable<\/a> en incluant L\u2019H\u00f4pital d\u2019Ottawa dans votre testament. Vous am\u00e9liorerez ainsi la sant\u00e9 des g\u00e9n\u00e9rations \u00e0 venir.<\/div>\n<\/div>\n<\/div>\n<div class=\"panel panel-default\">\n<div class=\"panel-heading\">\n<h4 class=\"panel-title\"><a class=\"accordion-toggle\" href=\"#collapseFourteen\" data-toggle=\"collapse\" data-parent=\"#accordion\">Partenariat<\/a><\/h4>\n<\/div>\n<div id=\"collapseFourteen\" class=\"panel-collapse collapse\">\n<div class=\"panel-body\">Les entreprises de notre collectivit\u00e9 peuvent faire <a href=\"https:\/\/fondationho.ca\/?_ga=2.34193569.1603259525.1534875247-1868710587.1530282090\">\u00e9quipe avec nous<\/a> de diff\u00e9rentes fa\u00e7ons pour soutenir les priorit\u00e9s en mati\u00e8re de soins et de recherche \u00e0 L\u2019H\u00f4pital d\u2019Ottawa, par exemple en offrant une commandite ou un programme de dons d\u2019employ\u00e9s, en faisant un don ou en soutenant nos efforts de marketing.<\/div>\n<\/div>\n<\/div>\n<div class=\"panel panel-default\">\n<div class=\"panel-heading\">\n<h4 class=\"panel-title\"><a class=\"accordion-toggle\" href=\"#collapseFifteen\" data-toggle=\"collapse\" data-parent=\"#accordion\">Nouveau campus<\/a><\/h4>\n<\/div>\n<div id=\"collapseFifteen\" class=\"panel-collapse collapse\">\n<div class=\"panel-body\">La planification et la construction du nouveau campus de L\u2019H\u00f4pital d\u2019Ottawa figurent parmi les plus importants investissements en infrastructures de toute l\u2019histoire d\u2019Ottawa. Ce sera un moteur \u00e9conomique pour la ville et une occasion pour notre collectivit\u00e9 de collaborer \u00e0 la conception d\u2019un \u00e9tablissement de sant\u00e9 et de recherche qui refa\u00e7onnera les soins de sant\u00e9 pour les gens de la r\u00e9gion pendant des g\u00e9n\u00e9rations \u00e0 venir.<br \/>\nPour suivre l\u2019\u00e9volution du nouveau campus, <a href=\"https:\/\/mieuxensemble.ca\/\">abonnez-vous \u00e0 notre bulletin d\u2019information en ligne<\/a> et continuez de consulter notre site Web.<\/div>\n<\/div>\n<\/div>\n<\/div>\n<div class=\"wpforms-container wpforms-container-full\" id=\"wpforms-39496\"><form id=\"wpforms-form-39496\" class=\"wpforms-validate wpforms-form\" data-formid=\"39496\" method=\"post\" enctype=\"multipart\/form-data\" action=\"\/fr\/wp-json\/wp\/v2\/pages\/38803\" data-token=\"970d00d83690a0ede2c465e4e1359223\" data-token-time=\"1776359301\"><noscript class=\"wpforms-error-noscript\">Veuillez activer JavaScript dans votre navigateur pour remplir ce formulaire.<\/noscript><div class=\"wpforms-field-container\"><div id=\"wpforms-39496-field_5-container\" class=\"wpforms-field wpforms-field-radio\" data-field-id=\"5\"><label class=\"wpforms-field-label\">Cette information vous a-t-elle \u00e9t\u00e9 utile?<\/label><ul id=\"wpforms-39496-field_5\"><li class=\"choice-1 depth-1\"><input type=\"radio\" id=\"wpforms-39496-field_5_1\" name=\"wpforms[fields][5]\" value=\"Oui\"  ><label class=\"wpforms-field-label-inline\" for=\"wpforms-39496-field_5_1\">Oui<\/label><\/li><li class=\"choice-2 depth-1\"><input type=\"radio\" id=\"wpforms-39496-field_5_2\" name=\"wpforms[fields][5]\" value=\"Non\"  ><label class=\"wpforms-field-label-inline\" for=\"wpforms-39496-field_5_2\">Non<\/label><\/li><\/ul><\/div><div id=\"wpforms-39496-field_3-container\" class=\"wpforms-field wpforms-field-select\" data-field-id=\"3\"><label class=\"wpforms-field-label\" for=\"wpforms-39496-field_3\">Le titre de la page (veuillez choisir dans la liste)<\/label><select id=\"wpforms-39496-field_3\" class=\"wpforms-field-medium\" name=\"wpforms[fields][3]\"><option value=\"Guide d\u2019accompagnement pour les patients et leur famille\"  class=\"choice-1 depth-1\"  >Guide d\u2019accompagnement pour les patients et leur famille<\/option><option value=\"La Fondation de l\u2019H\u00f4pital d\u2019Ottawa\"  class=\"choice-2 depth-1\"  >La Fondation de l\u2019H\u00f4pital d\u2019Ottawa<\/option><option value=\"Nous sommes l\u00e0 pour vous\"  class=\"choice-3 depth-1\"  >Nous sommes l\u00e0 pour vous<\/option><option value=\"Votre \u00e9quipe de soins\"  class=\"choice-4 depth-1\"  >Votre \u00e9quipe de soins<\/option><option value=\"Ce \u00e0 quoi vous attendre de L\u2019H\u00f4pital d\u2019Ottawa\"  class=\"choice-5 depth-1\"  >Ce \u00e0 quoi vous attendre de L\u2019H\u00f4pital d\u2019Ottawa<\/option><option value=\" Votre s\u00e9curit\u00e9 \u00e0 L\u2019H\u00f4pital d\u2019Ottawa\"  class=\"choice-6 depth-1\"  >Votre s\u00e9curit\u00e9 \u00e0 L\u2019H\u00f4pital d\u2019Ottawa<\/option><option value=\"Services de qualit\u00e9\"  class=\"choice-7 depth-1\"  >Services de qualit\u00e9<\/option><option value=\"Votre chambre\"  class=\"choice-8 depth-1\"  >Votre chambre<\/option><option value=\"Services et installations au Campus G\u00e9n\u00e9ral\"  class=\"choice-9 depth-1\"  >Services et installations au Campus G\u00e9n\u00e9ral<\/option><option value=\"Services et installations au Campus Civic\"  class=\"choice-10 depth-1\"  >Services et installations au Campus Civic<\/option><option value=\"Stationnement, transport et taxis\"  class=\"choice-11 depth-1\"  >Stationnement, transport et taxis<\/option><\/select><\/div><div id=\"wpforms-39496-field_4-container\" class=\"wpforms-field wpforms-field-textarea\" data-field-id=\"4\"><label class=\"wpforms-field-label\" for=\"wpforms-39496-field_4\">Vos commentaires :<\/label><textarea id=\"wpforms-39496-field_4\" class=\"wpforms-field-medium\" name=\"wpforms[fields][4]\" ><\/textarea><\/div><\/div><!-- .wpforms-field-container --><div class=\"wpforms-field wpforms-field-hp\"><label for=\"wpforms-39496-field-hp\" class=\"wpforms-field-label\">Name<\/label><input type=\"text\" name=\"wpforms[hp]\" id=\"wpforms-39496-field-hp\" class=\"wpforms-field-medium\"><\/div><div class=\"wpforms-submit-container\" ><input type=\"hidden\" name=\"wpforms[id]\" value=\"39496\"><input type=\"hidden\" name=\"page_title\" value=\"\"><input type=\"hidden\" name=\"page_url\" value=\"https:\/\/www.ottawahospital.on.ca\/fr\/wp-json\/wp\/v2\/pages\/38803\"><input type=\"hidden\" name=\"url_referer\" value=\"\"><button type=\"submit\" name=\"wpforms[submit]\" id=\"wpforms-submit-39496\" class=\"wpforms-submit\" data-alt-text=\"Sending...\" data-submit-text=\"Soumettre\" aria-live=\"assertive\" value=\"wpforms-submit\">Soumettre<\/button><\/div><\/form><\/div>  <!-- .wpforms-container -->\n","protected":false},"excerpt":{"rendered":"<p>La Fondation de l\u2019H\u00f4pital d\u2019Ottawa r\u00e9alise des activit\u00e9s de financement pour soutenir l\u2019excellence des soins aux patients et de la recherche \u00e0 L\u2019H\u00f4pital d\u2019Ottawa. Les fonds amass\u00e9s aident \u00e0 soutenir des projets prioritaires comme la recherche sur les cellules souches en m\u00e9decine r\u00e9g\u00e9n\u00e9ratrice, l\u2019acc\u00e8s aux soins de canc\u00e9rologie et l\u2019achat d\u2019\u00e9quipement de pointe. Vous aimeriez [&hellip;]<\/p>\n","protected":false},"author":25,"featured_media":0,"parent":38779,"menu_order":0,"comment_status":"closed","ping_status":"closed","template":"","meta":{"_acf_changed":false,"_mc_calendar":[],"footnotes":""},"class_list":["post-38803","page","type-page","status-publish","hentry"],"acf":[],"wps_subtitle":"","_links":{"self":[{"href":"https:\/\/www.ottawahospital.on.ca\/fr\/wp-json\/wp\/v2\/pages\/38803","targetHints":{"allow":["GET"]}}],"collection":[{"href":"https:\/\/www.ottawahospital.on.ca\/fr\/wp-json\/wp\/v2\/pages"}],"about":[{"href":"https:\/\/www.ottawahospital.on.ca\/fr\/wp-json\/wp\/v2\/types\/page"}],"author":[{"embeddable":true,"href":"https:\/\/www.ottawahospital.on.ca\/fr\/wp-json\/wp\/v2\/users\/25"}],"replies":[{"embeddable":true,"href":"https:\/\/www.ottawahospital.on.ca\/fr\/wp-json\/wp\/v2\/comments?post=38803"}],"version-history":[{"count":0,"href":"https:\/\/www.ottawahospital.on.ca\/fr\/wp-json\/wp\/v2\/pages\/38803\/revisions"}],"up":[{"embeddable":true,"href":"https:\/\/www.ottawahospital.on.ca\/fr\/wp-json\/wp\/v2\/pages\/38779"}],"wp:attachment":[{"href":"https:\/\/www.ottawahospital.on.ca\/fr\/wp-json\/wp\/v2\/media?parent=38803"}],"curies":[{"name":"wp","href":"https:\/\/api.w.org\/{rel}","templated":true}]}}