{"id":38779,"date":"2018-08-01T13:41:00","date_gmt":"2018-08-01T17:41:00","guid":{"rendered":"http:\/\/www.ottawahospital.on.ca\/?page_id=38779"},"modified":"2020-06-29T10:07:42","modified_gmt":"2020-06-29T14:07:42","slug":"guide-daccompagnement-pour-les-patients-et-leur-famille","status":"publish","type":"page","link":"https:\/\/www.ottawahospital.on.ca\/fr\/patients-et-visiteurs\/guide-daccompagnement-pour-les-patients-et-leur-famille\/","title":{"rendered":"Guide d\u2019accompagnement pour les patients et leur famille"},"content":{"rendered":"<div class=\"row\">\n<div class=\"col-md-12\">\n<h2>Message du pr\u00e9sident-directeur g\u00e9n\u00e9ral<\/h2>\n<p>D\u00e8s que vous franchissez nos portes, nous sommes l\u00e0 pour vous. Nous avons tous \u00e0 c\u0153ur de vous donner acc\u00e8s \u00e0 des soins m\u00e9dicaux de calibre mondial dans un endroit o\u00f9 vous \u00eates trait\u00e9s comme un \u00eatre cher. Nous prenons le temps de nous pr\u00e9senter et de vous tenir inform\u00e9. Nous entendons aussi continuer d\u2019innover pour transformer l\u2019exercice de la m\u00e9decine gr\u00e2ce aux \u00e9tudes de recherche et aux essais cliniques. Dans toutes les circonstances, et surtout dans les pires, nous sommes l\u00e0 pour vous.<\/p>\n<p>Vous et vos proches faites partie int\u00e9grante de l\u2019\u00e9quipe de soins. Il est important que vous sachiez ce \u00e0 quoi vous attendre. N\u2019h\u00e9sitez pas \u00e0 poser des questions et \u00e0 nous faire part de vos commentaires.<\/p>\n<p>Bienvenue \u00e0 L\u2019H\u00f4pital d\u2019Ottawa.<\/p>\n<h2>Notre vision<\/h2>\n<p>Offrir \u00e0 chaque patient des soins de calibre mondial et des services exceptionnels avec une compassion digne des personnes qui nous sont ch\u00e8res.<\/p>\n<h2>Nos valeurs fondamentales<\/h2>\n<p>Compassion<br \/>\nEngagement \u00e0 la qualit\u00e9<br \/>\nCollaboration<br \/>\nRespect de la personne<\/p>\n<h2>Langues officielles<\/h2>\n<p>L\u2019H\u00f4pital d\u2019Ottawa offre des services en fran\u00e7ais et en anglais tout en s\u2019effor\u00e7ant de r\u00e9pondre aux besoins d\u2019une population multiculturelle.<\/p>\n<p>Nous pouvons organiser des services d&rsquo;interpr\u00e9tation pour un patient qui ne parle ni anglais ni fran\u00e7ais. Nous pouvons aussi organiser des services d&rsquo;interpr\u00e9tation en langue des signes.<br \/>\n<div class=\"wpforms-container wpforms-container-full\" id=\"wpforms-39496\"><form id=\"wpforms-form-39496\" class=\"wpforms-validate wpforms-form\" data-formid=\"39496\" method=\"post\" enctype=\"multipart\/form-data\" action=\"\/fr\/wp-json\/wp\/v2\/pages\/38779\" data-token=\"970d00d83690a0ede2c465e4e1359223\" data-token-time=\"1776353729\"><noscript class=\"wpforms-error-noscript\">Veuillez activer JavaScript dans votre navigateur pour remplir ce formulaire.<\/noscript><div class=\"wpforms-field-container\"><div id=\"wpforms-39496-field_5-container\" class=\"wpforms-field wpforms-field-radio\" data-field-id=\"5\"><label class=\"wpforms-field-label\">Cette information vous a-t-elle \u00e9t\u00e9 utile?<\/label><ul id=\"wpforms-39496-field_5\"><li class=\"choice-1 depth-1\"><input type=\"radio\" id=\"wpforms-39496-field_5_1\" name=\"wpforms[fields][5]\" value=\"Oui\"  ><label class=\"wpforms-field-label-inline\" for=\"wpforms-39496-field_5_1\">Oui<\/label><\/li><li class=\"choice-2 depth-1\"><input type=\"radio\" id=\"wpforms-39496-field_5_2\" name=\"wpforms[fields][5]\" value=\"Non\"  ><label class=\"wpforms-field-label-inline\" for=\"wpforms-39496-field_5_2\">Non<\/label><\/li><\/ul><\/div><div id=\"wpforms-39496-field_3-container\" class=\"wpforms-field wpforms-field-select\" data-field-id=\"3\"><label class=\"wpforms-field-label\" for=\"wpforms-39496-field_3\">Le titre de la page (veuillez choisir dans la liste)<\/label><select id=\"wpforms-39496-field_3\" class=\"wpforms-field-medium\" name=\"wpforms[fields][3]\"><option value=\"Guide d\u2019accompagnement pour les patients et leur famille\"  class=\"choice-1 depth-1\"  >Guide d\u2019accompagnement pour les patients et leur famille<\/option><option value=\"La Fondation de l\u2019H\u00f4pital d\u2019Ottawa\"  class=\"choice-2 depth-1\"  >La Fondation de l\u2019H\u00f4pital d\u2019Ottawa<\/option><option value=\"Nous sommes l\u00e0 pour vous\"  class=\"choice-3 depth-1\"  >Nous sommes l\u00e0 pour vous<\/option><option value=\"Votre \u00e9quipe de soins\"  class=\"choice-4 depth-1\"  >Votre \u00e9quipe de soins<\/option><option value=\"Ce \u00e0 quoi vous attendre de L\u2019H\u00f4pital d\u2019Ottawa\"  class=\"choice-5 depth-1\"  >Ce \u00e0 quoi vous attendre de L\u2019H\u00f4pital d\u2019Ottawa<\/option><option value=\" Votre s\u00e9curit\u00e9 \u00e0 L\u2019H\u00f4pital d\u2019Ottawa\"  class=\"choice-6 depth-1\"  >Votre s\u00e9curit\u00e9 \u00e0 L\u2019H\u00f4pital d\u2019Ottawa<\/option><option value=\"Services de qualit\u00e9\"  class=\"choice-7 depth-1\"  >Services de qualit\u00e9<\/option><option value=\"Votre chambre\"  class=\"choice-8 depth-1\"  >Votre chambre<\/option><option value=\"Services et installations au Campus G\u00e9n\u00e9ral\"  class=\"choice-9 depth-1\"  >Services et installations au Campus G\u00e9n\u00e9ral<\/option><option value=\"Services et installations au Campus Civic\"  class=\"choice-10 depth-1\"  >Services et installations au Campus Civic<\/option><option value=\"Stationnement, transport et taxis\"  class=\"choice-11 depth-1\"  >Stationnement, transport et taxis<\/option><\/select><\/div><div id=\"wpforms-39496-field_4-container\" class=\"wpforms-field wpforms-field-textarea\" data-field-id=\"4\"><label class=\"wpforms-field-label\" for=\"wpforms-39496-field_4\">Vos commentaires :<\/label><textarea id=\"wpforms-39496-field_4\" class=\"wpforms-field-medium\" name=\"wpforms[fields][4]\" ><\/textarea><\/div><\/div><!-- .wpforms-field-container --><div class=\"wpforms-field wpforms-field-hp\"><label for=\"wpforms-39496-field-hp\" class=\"wpforms-field-label\">Name<\/label><input type=\"text\" name=\"wpforms[hp]\" id=\"wpforms-39496-field-hp\" class=\"wpforms-field-medium\"><\/div><div class=\"wpforms-submit-container\" ><input type=\"hidden\" name=\"wpforms[id]\" value=\"39496\"><input type=\"hidden\" name=\"page_title\" value=\"\"><input type=\"hidden\" name=\"page_url\" value=\"https:\/\/www.ottawahospital.on.ca\/fr\/wp-json\/wp\/v2\/pages\/38779\"><input type=\"hidden\" name=\"url_referer\" value=\"\"><button type=\"submit\" name=\"wpforms[submit]\" id=\"wpforms-submit-39496\" class=\"wpforms-submit\" data-alt-text=\"Sending...\" data-submit-text=\"Soumettre\" aria-live=\"assertive\" value=\"wpforms-submit\">Soumettre<\/button><\/div><\/form><\/div>  <!-- .wpforms-container --><\/p>\n<\/div>\n<\/div>\n","protected":false},"excerpt":{"rendered":"<p>Message du pr\u00e9sident-directeur g\u00e9n\u00e9ral D\u00e8s que vous franchissez nos portes, nous sommes l\u00e0 pour vous. Nous avons tous \u00e0 c\u0153ur de vous donner acc\u00e8s \u00e0 des soins m\u00e9dicaux de calibre mondial dans un endroit o\u00f9 vous \u00eates trait\u00e9s comme un \u00eatre cher. Nous prenons le temps de nous pr\u00e9senter et de vous tenir inform\u00e9. Nous [&hellip;]<\/p>\n","protected":false},"author":25,"featured_media":0,"parent":84,"menu_order":6,"comment_status":"closed","ping_status":"closed","template":"","meta":{"_acf_changed":false,"_mc_calendar":[],"footnotes":""},"class_list":["post-38779","page","type-page","status-publish","hentry"],"acf":[],"wps_subtitle":"","_links":{"self":[{"href":"https:\/\/www.ottawahospital.on.ca\/fr\/wp-json\/wp\/v2\/pages\/38779","targetHints":{"allow":["GET"]}}],"collection":[{"href":"https:\/\/www.ottawahospital.on.ca\/fr\/wp-json\/wp\/v2\/pages"}],"about":[{"href":"https:\/\/www.ottawahospital.on.ca\/fr\/wp-json\/wp\/v2\/types\/page"}],"author":[{"embeddable":true,"href":"https:\/\/www.ottawahospital.on.ca\/fr\/wp-json\/wp\/v2\/users\/25"}],"replies":[{"embeddable":true,"href":"https:\/\/www.ottawahospital.on.ca\/fr\/wp-json\/wp\/v2\/comments?post=38779"}],"version-history":[{"count":0,"href":"https:\/\/www.ottawahospital.on.ca\/fr\/wp-json\/wp\/v2\/pages\/38779\/revisions"}],"up":[{"embeddable":true,"href":"https:\/\/www.ottawahospital.on.ca\/fr\/wp-json\/wp\/v2\/pages\/84"}],"wp:attachment":[{"href":"https:\/\/www.ottawahospital.on.ca\/fr\/wp-json\/wp\/v2\/media?parent=38779"}],"curies":[{"name":"wp","href":"https:\/\/api.w.org\/{rel}","templated":true}]}}