{"id":37973,"date":"2020-09-28T10:24:43","date_gmt":"2020-09-28T14:24:43","guid":{"rendered":"http:\/\/www.ottawahospital.on.ca\/?page_id=37973"},"modified":"2020-09-28T10:24:59","modified_gmt":"2020-09-28T14:24:59","slug":"soins-infirmiers","status":"publish","type":"page","link":"https:\/\/www.ottawahospital.on.ca\/fr\/services-cliniques\/deptpgrmcs\/departements\/imagerie-medicale\/services-dimagerie-medicale\/soins-infirmiers\/","title":{"rendered":"Soins infirmiers"},"content":{"rendered":"<h2><span class=\"TextRun SCXP82671168\" lang=\"FR-CA\" xml:lang=\"FR-CA\"><span class=\"NormalTextRun SCXP82671168\">Quels services les infirmi\u00e8res assurent-elles <span class=\"TextRun SCXP40880034\" lang=\"FR-CA\" xml:lang=\"FR-CA\"><span class=\"NormalTextRun SCXP40880034\">d\u2019imagerie m\u00e9dicale<\/span><\/span> ?<\/span><\/span><\/h2>\n<div id=\"attachment_56020\" style=\"width: 325px\" class=\"wp-caption alignright\"><img decoding=\"async\" aria-describedby=\"caption-attachment-56020\" class=\"wp-image-56020\" src=\"https:\/\/www.ottawahospital.on.ca\/wp-content\/uploads\/2020\/09\/Nursing_slide3.1.jpg\" alt=\"a nurse in an operating room\" width=\"315\" height=\"236\" srcset=\"https:\/\/www.ottawahospital.on.ca\/wp-content\/uploads\/2020\/09\/Nursing_slide3.1.jpg 344w, https:\/\/www.ottawahospital.on.ca\/wp-content\/uploads\/2020\/09\/Nursing_slide3.1-300x225.jpg 300w\" sizes=\"(max-width: 315px) 100vw, 315px\" \/><p id=\"caption-attachment-56020\" class=\"wp-caption-text\">une infirmi\u00e8re dans une salle d&rsquo;op\u00e9ration<\/p><\/div>\n<h3>Soins infirmiers au Service d\u2019imagerie m\u00e9dicale<\/h3>\n<ul style=\"font-weight: 400;\">\n<li data-aria-posinset=\"3\" data-aria-level=\"1\">Les infirmi\u00e8res donnent des soins aux patients avant, pendant\u200b et apr\u00e8s de nombreux examens et interventions au\u200b Service d\u2019imagerie m\u00e9dicale.<\/li>\n<li data-aria-posinset=\"1\" data-aria-level=\"1\">Avant votre examen ou intervention, une infirmi\u00e8re pourrait, au besoin, vous rencontrer afin de vous parler de votre sant\u00e9.&nbsp;\u200b<\/li>\n<\/ul>\n<p>Il s\u2019agit, entre autres, des examens et interventions ci-dessous&nbsp;:&nbsp;\u200b<\/p>\n<ul style=\"font-weight: 400;\">\n<li data-aria-posinset=\"3\" data-aria-level=\"4\">Biopsie\u200b<\/li>\n<li data-aria-posinset=\"4\" data-aria-level=\"4\">Angiographie interventionnelle\u200b<\/li>\n<li data-aria-posinset=\"5\" data-aria-level=\"4\">Tomodensitom\u00e9trie\u200b<\/li>\n<\/ul>\n<p>Pendant l\u2019examen ou l\u2019intervention, une infirmi\u00e8re est souvent pr\u00e9sente pour vous surveiller et vous donner des soins.\u200b<\/p>\n<p>Apr\u00e8s l\u2019examen ou l\u2019intervention, s\u2019il y a lieu, l\u2019infirmi\u00e8re vous surveille et vous donne des soins dans une salle de r\u00e9veil jusqu\u2019\u00e0 ce vous puissiez quitter l\u2019h\u00f4pital en toute s\u00e9curit\u00e9.<\/p>\n","protected":false},"excerpt":{"rendered":"<p>Quels services les infirmi\u00e8res assurent-elles d\u2019imagerie m\u00e9dicale ? Soins infirmiers au Service d\u2019imagerie m\u00e9dicale Les infirmi\u00e8res donnent des soins aux patients avant, pendant\u200b et apr\u00e8s de nombreux examens et interventions au\u200b Service d\u2019imagerie m\u00e9dicale. Avant votre examen ou intervention, une infirmi\u00e8re pourrait, au besoin, vous rencontrer afin de vous parler de votre sant\u00e9.&nbsp;\u200b Il s\u2019agit, [&hellip;]<\/p>\n","protected":false},"author":25,"featured_media":0,"parent":37899,"menu_order":2,"comment_status":"closed","ping_status":"closed","template":"","meta":{"_acf_changed":false,"_mc_calendar":[],"footnotes":""},"class_list":["post-37973","page","type-page","status-publish","hentry"],"acf":[],"wps_subtitle":"Soins infirmiers","_links":{"self":[{"href":"https:\/\/www.ottawahospital.on.ca\/fr\/wp-json\/wp\/v2\/pages\/37973","targetHints":{"allow":["GET"]}}],"collection":[{"href":"https:\/\/www.ottawahospital.on.ca\/fr\/wp-json\/wp\/v2\/pages"}],"about":[{"href":"https:\/\/www.ottawahospital.on.ca\/fr\/wp-json\/wp\/v2\/types\/page"}],"author":[{"embeddable":true,"href":"https:\/\/www.ottawahospital.on.ca\/fr\/wp-json\/wp\/v2\/users\/25"}],"replies":[{"embeddable":true,"href":"https:\/\/www.ottawahospital.on.ca\/fr\/wp-json\/wp\/v2\/comments?post=37973"}],"version-history":[{"count":0,"href":"https:\/\/www.ottawahospital.on.ca\/fr\/wp-json\/wp\/v2\/pages\/37973\/revisions"}],"up":[{"embeddable":true,"href":"https:\/\/www.ottawahospital.on.ca\/fr\/wp-json\/wp\/v2\/pages\/37899"}],"wp:attachment":[{"href":"https:\/\/www.ottawahospital.on.ca\/fr\/wp-json\/wp\/v2\/media?parent=37973"}],"curies":[{"name":"wp","href":"https:\/\/api.w.org\/{rel}","templated":true}]}}