{"id":37899,"date":"2018-03-21T13:16:12","date_gmt":"2018-03-21T17:16:12","guid":{"rendered":"http:\/\/www.ottawahospital.on.ca\/?page_id=37899"},"modified":"2022-09-29T10:07:47","modified_gmt":"2022-09-29T14:07:47","slug":"services-dimagerie-medicale","status":"publish","type":"page","link":"https:\/\/www.ottawahospital.on.ca\/fr\/services-cliniques\/deptpgrmcs\/departements\/imagerie-medicale\/services-dimagerie-medicale\/","title":{"rendered":"Services d&rsquo;imagerie m\u00e9dicale"},"content":{"rendered":"<p class=\"intro-text1\">Department of Medical Imaging provides the following services at The Ottawa Hospital.<\/p>\n<div class=\"toh-row-content\">\n<div class=\"col-sm-6 col-md-4 mb-4\">\n<div class=\"toh-card h-100\">\n<div class=\"toh-card-inner\">\n<div class=\"img-responsive card-img-top\"><img decoding=\"async\" class=\"attachment-full size-full wp-post-image\" src=\"\/wp-content\/uploads\/2020\/09\/mamography-machine.jpg\" alt=\"machine \u00e0 mammographie\" \/><\/div>\n<div class=\"toh-card-body\">\n<h5 class=\"toh-card-title\"><a href=\"\/fr\/services-cliniques\/deptpgrmcs\/departements\/imagerie-medicale\/services-dimagerie-medicale\/imagerie-du-sein\/\" rel=\"bookmark\">Imagerie du sein<\/a><\/h5>\n<div class=\"toh-card-text\">\n<p>Une mammographie est fa\u00e7on simple pour un m\u00e9decin de d\u00e9pister des sympt\u00f4mes pr\u00e9coces du cancer et d\u2019autres probl\u00e8mes de sant\u00e9.<\/p>\n<\/div>\n<\/div>\n<\/div>\n<\/div>\n<\/div>\n<div class=\"col-sm-6 col-md-4 mb-4\">\n<div class=\"toh-card h-100\">\n<div class=\"toh-card-inner\">\n<div class=\"img-responsive card-img-top\"><img decoding=\"async\" class=\"attachment-full size-full wp-post-image\" src=\"\/wp-content\/uploads\/2020\/09\/scan-image-on-a-computer.jpg\" alt=\"Trois travailleurs \u00e0 l'hopital qui observent une image prise par tomodensitom\u00e9trie\" \/><\/div>\n<div class=\"toh-card-body\">\n<h5 class=\"toh-card-title\"><a href=\"\/fr\/services-cliniques\/deptpgrmcs\/departements\/imagerie-medicale\/services-dimagerie-medicale\/tomodensitometrie\/\" rel=\"bookmark\">Tomodensitom\u00e9trie<\/a><\/h5>\n<div class=\"toh-card-text\">\n<p>La tomodensitom\u00e9trie (TDM), parfois appel\u00e9e CAT scan ou scan, combine plusieurs radiographies prises sous diff\u00e9rents angles pour produire des images en coupe transversale.<\/p>\n<\/div>\n<\/div>\n<\/div>\n<\/div>\n<\/div>\n<div class=\"col-sm-6 col-md-4 mb-4\">\n<div class=\"toh-card h-100\">\n<div class=\"toh-card-inner\">\n<div class=\"img-responsive card-img-top\"><img decoding=\"async\" class=\"attachment-full size-full wp-post-image\" src=\"\/wp-content\/uploads\/2020\/09\/nurse-in-an-operating-room.jpg\" alt=\"une infirmi\u00e8re dans une salle d'op\u00e9ration\" \/><\/div>\n<div class=\"toh-card-body\">\n<h5 class=\"toh-card-title\"><a href=\"\/fr\/services-cliniques\/deptpgrmcs\/departements\/imagerie-medicale\/services-dimagerie-medicale\/soins-infirmiers\/\" rel=\"bookmark\">Soins infirmiers<\/a><\/h5>\n<div class=\"toh-card-text\">\n<p>Les infirmi\u00e8res donnent des soins aux patients avant, pendant et apr\u00e8s de nombreux examens et interventions au Service d\u2019imagerie m\u00e9dicale.<\/p>\n<\/div>\n<\/div>\n<\/div>\n<\/div>\n<\/div>\n<div class=\"col-sm-6 col-md-4 mb-4\">\n<div class=\"toh-card h-100\">\n<div class=\"toh-card-inner\">\n<div class=\"img-responsive card-img-top\"><img decoding=\"async\" class=\"attachment-full size-full wp-post-image\" src=\"\/wp-content\/uploads\/2020\/09\/X-Ray.jpg\" alt=\"Une photo de deux travailleurs de l'h\u00f4pital\" \/><\/div>\n<div class=\"toh-card-body\">\n<h5 class=\"toh-card-title\"><a href=\"#\" rel=\"bookmark\">Radiographie g\u00e9n\u00e9rale<\/a><\/h5>\n<div class=\"toh-card-text\">\n<p>X-ray or radiography is the oldest and most frequently used form of medical imaging.<\/p>\n<\/div>\n<\/div>\n<\/div>\n<\/div>\n<\/div>\n<div class=\"col-sm-6 col-md-4 mb-4\">\n<div class=\"toh-card h-100\">\n<div class=\"toh-card-inner\">\n<div class=\"img-responsive card-img-top\"><img decoding=\"async\" class=\"attachment-full size-full wp-post-image\" src=\"\/wp-content\/uploads\/2020\/09\/X-Ray-Image-of-Lung-Angio.jpg\" alt=\"rayon-x de Lung Angio\" \/><\/div>\n<div class=\"toh-card-body\">\n<h5 class=\"toh-card-title\"><a href=\"\/fr\/services-cliniques\/deptpgrmcs\/departements\/imagerie-medicale\/services-dimagerie-medicale\/radiologie-interventionnelle\/\" rel=\"bookmark\">Radiologie interventionnelle<\/a><\/h5>\n<div class=\"toh-card-text\">\n<p>La radiologie interventionnelle est une sous-sp\u00e9cialit\u00e9 de la radiologie qui permet de r\u00e9aliser des interventions minimalement invasives guid\u00e9es par radiographie.<\/p>\n<\/div>\n<\/div>\n<\/div>\n<\/div>\n<\/div>\n<div class=\"col-sm-6 col-md-4 mb-4\">\n<div class=\"toh-card h-100\">\n<div class=\"toh-card-inner\">\n<div class=\"img-responsive card-img-top\"><img decoding=\"async\" class=\"attachment-full size-full wp-post-image\" src=\"\/wp-content\/uploads\/2020\/09\/MRI-machine.jpg\" alt=\"employ\u00e9e de l'h\u00f4pital qui utilise une machine d'IRM\" \/><\/div>\n<div class=\"toh-card-body\">\n<h5 class=\"toh-card-title\"><a href=\"\/fr\/services-cliniques\/deptpgrmcs\/departements\/imagerie-medicale\/services-dimagerie-medicale\/imagerie-par-resonance-magnetique\/\" rel=\"bookmark\">Imagerie par r\u00e9sonance magn\u00e9tique<\/a><\/h5>\n<div class=\"toh-card-text\">\n<p>L\u2019IRM est une technique d\u2019examen qui utilise les ondes magn\u00e9tiques, les ondes radio\u00e9lectriques et un ordinateur pour produire des images du corps.<\/p>\n<\/div>\n<\/div>\n<\/div>\n<\/div>\n<\/div>\n<div class=\"col-sm-6 col-md-4 mb-4\">\n<div class=\"toh-card h-100\">\n<div class=\"toh-card-inner\">\n<div class=\"img-responsive card-img-top\"><img decoding=\"async\" class=\"attachment-full size-full wp-post-image\" src=\"\/wp-content\/uploads\/2022\/09\/Landing-page-card-NucMed.jpg\" alt=\"Photo d'un test de m\u00e9decine nucl\u00e9aire\" \/><\/div>\n<div class=\"toh-card-body\">\n<h5 class=\"toh-card-title\"><a href=\"#\" rel=\"bookmark\">M\u00e9decine nucl\u00e9aire<\/a><\/h5>\n<div class=\"toh-card-text\">\n<p>Nuclear medicine is a branch of medical imaging that uses radioactive product called a tracer to check how well organs and tissues function within the body.<\/p>\n<\/div>\n<\/div>\n<\/div>\n<\/div>\n<\/div>\n<div class=\"col-sm-6 col-md-4 mb-4\">\n<div class=\"toh-card h-100\">\n<div class=\"toh-card-inner\">\n<div class=\"img-responsive card-img-top\"><img decoding=\"async\" class=\"attachment-full size-full wp-post-image\" src=\"\/wp-content\/uploads\/2020\/09\/ultrasound-pictures.jpg\" alt=\"Photo d'une employ\u00e9e de l'h\u00f4pital qui\" \/><\/div>\n<div class=\"toh-card-body\">\n<h5 class=\"toh-card-title\"><a href=\"\/fr\/services-cliniques\/deptpgrmcs\/departements\/imagerie-medicale\/services-dimagerie-medicale\/echographie\/\" rel=\"bookmark\">\u00c9chographie<\/a><\/h5>\n<div class=\"toh-card-text\">\n<p>L\u2019\u00e9chographie diagnostique est un examen d\u2019imagerie qui utilise des ondes sonores \u00e0 haute fr\u00e9quence (au lieu de rayons X) pour produire des images.<\/p>\n<\/div>\n<\/div>\n<\/div>\n<\/div>\n<\/div>\n<\/div>\n","protected":false},"excerpt":{"rendered":"<p>Department of Medical Imaging provides the following services at The Ottawa Hospital. Imagerie du sein Une mammographie est fa\u00e7on simple pour un m\u00e9decin de d\u00e9pister des sympt\u00f4mes pr\u00e9coces du cancer et d\u2019autres probl\u00e8mes de sant\u00e9. Tomodensitom\u00e9trie La tomodensitom\u00e9trie (TDM), parfois appel\u00e9e CAT scan ou scan, combine plusieurs radiographies prises sous diff\u00e9rents angles pour produire des [&hellip;]<\/p>\n","protected":false},"author":25,"featured_media":0,"parent":10803,"menu_order":1,"comment_status":"closed","ping_status":"closed","template":"","meta":{"_acf_changed":false,"_mc_calendar":[],"footnotes":""},"class_list":["post-37899","page","type-page","status-publish","hentry"],"acf":[],"wps_subtitle":"Tomodensitom\u00e9trie","_links":{"self":[{"href":"https:\/\/www.ottawahospital.on.ca\/fr\/wp-json\/wp\/v2\/pages\/37899","targetHints":{"allow":["GET"]}}],"collection":[{"href":"https:\/\/www.ottawahospital.on.ca\/fr\/wp-json\/wp\/v2\/pages"}],"about":[{"href":"https:\/\/www.ottawahospital.on.ca\/fr\/wp-json\/wp\/v2\/types\/page"}],"author":[{"embeddable":true,"href":"https:\/\/www.ottawahospital.on.ca\/fr\/wp-json\/wp\/v2\/users\/25"}],"replies":[{"embeddable":true,"href":"https:\/\/www.ottawahospital.on.ca\/fr\/wp-json\/wp\/v2\/comments?post=37899"}],"version-history":[{"count":0,"href":"https:\/\/www.ottawahospital.on.ca\/fr\/wp-json\/wp\/v2\/pages\/37899\/revisions"}],"up":[{"embeddable":true,"href":"https:\/\/www.ottawahospital.on.ca\/fr\/wp-json\/wp\/v2\/pages\/10803"}],"wp:attachment":[{"href":"https:\/\/www.ottawahospital.on.ca\/fr\/wp-json\/wp\/v2\/media?parent=37899"}],"curies":[{"name":"wp","href":"https:\/\/api.w.org\/{rel}","templated":true}]}}