{"id":37221,"date":"2018-05-16T12:06:11","date_gmt":"2018-05-16T16:06:11","guid":{"rendered":"http:\/\/www.ottawahospital.on.ca\/?page_id=37221"},"modified":"2023-11-05T15:28:00","modified_gmt":"2023-11-05T20:28:00","slug":"information-pour-les-fumeurs","status":"publish","type":"page","link":"https:\/\/www.ottawahospital.on.ca\/fr\/patients-et-visiteurs\/visites-a-lhopital\/information-pour-les-fumeurs\/","title":{"rendered":"Information pour les fumeurs"},"content":{"rendered":"<p><img decoding=\"async\" class=\"img-responsive alignnone wp-image-37193 size-full\" src=\"https:\/\/www.ottawahospital.on.ca\/wp-content\/uploads\/2018\/05\/Hospital-Doorway-Sticker-cropped.jpg\" alt=\"Le terrain de l'h\u00f4pital est sans fum\u00e9e\" width=\"740\" height=\"330\" srcset=\"https:\/\/www.ottawahospital.on.ca\/wp-content\/uploads\/2018\/05\/Hospital-Doorway-Sticker-cropped.jpg 740w, https:\/\/www.ottawahospital.on.ca\/wp-content\/uploads\/2018\/05\/Hospital-Doorway-Sticker-cropped-600x268.jpg 600w, https:\/\/www.ottawahospital.on.ca\/wp-content\/uploads\/2018\/05\/Hospital-Doorway-Sticker-cropped-300x134.jpg 300w\" sizes=\"(max-width: 740px) 100vw, 740px\" \/><\/p>\n<p>Depuis le\u00a01<sup>er<\/sup>\u00a0janvier\u00a02018, il est interdit de fumer <strong>sur le terrain de tout h\u00f4pital<\/strong> en Ontario. Ce nouveau r\u00e8glement s\u2019applique \u00e0 tous les h\u00f4pitaux de l\u2019Ontario, incluant les trois campus de L\u2019H\u00f4pital d\u2019Ottawa.<\/p>\n<p>\u00c0 propos de la <em>Loi favorisant un Ontario sans fum\u00e9e<\/em><\/p>\n<p>Toutes les zones fumeurs de l\u2019H\u00f4pital ont \u00e9t\u00e9 retir\u00e9es et ne peuvent plus \u00eatre utilis\u00e9es pour fumer. Toute personne qui d\u00e9sire fumer doit dor\u00e9navant le faire en dehors des terrains des h\u00f4pitaux.<\/p>\n<p><strong>O\u00f9 les patients et les visiteurs peuvent-ils aller fumer? <\/strong><\/p>\n<ul>\n<li>Campus Civic\u00a0: Des bo\u00eetes \u00e0 m\u00e9gots ont \u00e9t\u00e9 install\u00e9es en bordure de l\u2019avenue Carling et de la rue Ruskin.<\/li>\n<li>Campus Riverside\u00a0: Promenade Riverside ou chemin Smyth<\/li>\n<li>Campus G\u00e9n\u00e9ral\u00a0: Chemin Smyth, rue Roger Guindon<\/li>\n<\/ul>\n<p><strong>Est-il permis de fumer dans les voitures et les stationnements? <\/strong><\/p>\n<p>Il est interdit de fumer dans les voitures et les stationnements sur les terrains de l\u2019H\u00f4pital.<\/p>\n<p><strong>Que dois-je savoir? <\/strong><\/p>\n<ul>\n<li>Les Ressources b\u00e9n\u00e9voles peuvent vous fournir plus d\u2019information, des indications et des cartes.<\/li>\n<li>Les personnes qui fument sur les terrains de l\u2019H\u00f4pital s\u2019exposent \u00e0 une amende de 305\u00a0$.\u00a0\u00a0<em><strong>\u00a0<\/strong><\/em><\/li>\n<\/ul>\n<p><strong>Songez-vous \u00e0 arr\u00eater de fumer ou \u00e0 r\u00e9duire votre consommation de tabac?<\/strong><\/p>\n<p>Ressources pour les fumeurs:<\/p>\n<ul>\n<li>Moi j\u2019\u00e9crase\u00a0: <a href=\"https:\/\/myquit.ca\/fr\/\">Moi j\u2019\u00e9crase &#8211; Arr\u00eatez de fumer \u00e0 votre fa\u00e7on<\/a><\/li>\n<li><a href=\"https:\/\/pwc.ottawaheart.ca\/fr\/programmes-et-services\/abandon-du-tabac\/programme-dabandon-du-tabac\">Programme d\u2019abandon du tabac de l\u2019Institut de cardiologie de l\u2019Universit\u00e9 d\u2019Ottawa<\/a><\/li>\n<li>Sant\u00e9 publique Ottawa\u00a0: <a href=\"https:\/\/www.santepubliqueottawa.ca\/fr\/public-health-topics\/quitting-smoking.aspx\">Arr\u00eater de fumer<\/a><\/li>\n<li><a href=\"https:\/\/www.cancer.ca\/fr-ca\/?region=on\">Soci\u00e9t\u00e9 canadienne du cancer<\/a><\/li>\n<li><a href=\"https:\/\/www.smokershelpline.ca\/fr-ca\/home\">T\u00e9l\u00e9assistance pour fumeurs<\/a><\/li>\n<li>Action Cancer Ontario\u00a0: Programme de lutte contre le tabagisme chez les peuples autochtones<\/li>\n<li>Anesth\u00e9siologistes de l\u2019Ontario : <a href=\"https:\/\/ontariosanesthesiologists.ca\/what-we-do\/\">Arr\u00eater de fumer pour une chirurgie plus s\u00e9curitaire<\/a>(en anglais)<\/li>\n<\/ul>\n<h3>Aidez-les \u00e0 \u00e9craser\u00a0: Vid\u00e9o sur l\u2019abandon du tabac \u00e0 l\u2019intention des patients hospitalis\u00e9s<\/h3>\n<p class=\"videoandtextcentermobile\"><iframe title=\"In-patient quitting video\" src=\"https:\/\/www.youtube.com\/embed\/s8Gwh3Ss4a8\" width=\"740\" height=\"330\" frameborder=\"0\" allowfullscreen=\"allowfullscreen\"><\/iframe><\/p>\n","protected":false},"excerpt":{"rendered":"<p>Depuis le\u00a01er\u00a0janvier\u00a02018, il est interdit de fumer sur le terrain de tout h\u00f4pital en Ontario. Ce nouveau r\u00e8glement s\u2019applique \u00e0 tous les h\u00f4pitaux de l\u2019Ontario, incluant les trois campus de L\u2019H\u00f4pital d\u2019Ottawa. \u00c0 propos de la Loi favorisant un Ontario sans fum\u00e9e Toutes les zones fumeurs de l\u2019H\u00f4pital ont \u00e9t\u00e9 retir\u00e9es et ne peuvent plus [&hellip;]<\/p>\n","protected":false},"author":25,"featured_media":0,"parent":206,"menu_order":1,"comment_status":"closed","ping_status":"closed","template":"","meta":{"_acf_changed":false,"_mc_calendar":[],"footnotes":""},"class_list":["post-37221","page","type-page","status-publish","hentry"],"acf":[],"wps_subtitle":"","_links":{"self":[{"href":"https:\/\/www.ottawahospital.on.ca\/fr\/wp-json\/wp\/v2\/pages\/37221","targetHints":{"allow":["GET"]}}],"collection":[{"href":"https:\/\/www.ottawahospital.on.ca\/fr\/wp-json\/wp\/v2\/pages"}],"about":[{"href":"https:\/\/www.ottawahospital.on.ca\/fr\/wp-json\/wp\/v2\/types\/page"}],"author":[{"embeddable":true,"href":"https:\/\/www.ottawahospital.on.ca\/fr\/wp-json\/wp\/v2\/users\/25"}],"replies":[{"embeddable":true,"href":"https:\/\/www.ottawahospital.on.ca\/fr\/wp-json\/wp\/v2\/comments?post=37221"}],"version-history":[{"count":0,"href":"https:\/\/www.ottawahospital.on.ca\/fr\/wp-json\/wp\/v2\/pages\/37221\/revisions"}],"up":[{"embeddable":true,"href":"https:\/\/www.ottawahospital.on.ca\/fr\/wp-json\/wp\/v2\/pages\/206"}],"wp:attachment":[{"href":"https:\/\/www.ottawahospital.on.ca\/fr\/wp-json\/wp\/v2\/media?parent=37221"}],"curies":[{"name":"wp","href":"https:\/\/api.w.org\/{rel}","templated":true}]}}