{"id":372,"date":"2015-10-26T11:08:46","date_gmt":"2015-10-26T15:08:46","guid":{"rendered":"http:\/\/toh.masm.ca\/fr\/?page_id=372"},"modified":"2024-07-22T15:45:54","modified_gmt":"2024-07-22T19:45:54","slug":"notre-vision","status":"publish","type":"page","link":"https:\/\/www.ottawahospital.on.ca\/fr\/about-us\/notre-vision\/","title":{"rendered":"Notre vision"},"content":{"rendered":"<div class=\"row\">\n<div class=\"col-md-9\">\n<h2>Vision<\/h2>\n<p>Offrir \u00e0 chaque patient des soins de calibre mondial et des services exceptionnels avec la compassion digne des personnes qui nous sont ch\u00e8res.<\/p>\n<h2>Mission<\/h2>\n<ul>\n<li>L\u2019H\u00f4pital d\u2019Ottawa est un \u00e9tablissement de sant\u00e9 qui offre \u00e0 la population de l\u2019Est ontarien principalement des soins sp\u00e9cialis\u00e9s et de niveau tertiaire centr\u00e9s sur le patient.<\/li>\n<li>L\u2019H\u00f4pital d\u2019Ottawa forme les futurs professionnels de la sant\u00e9 en partenariat avec l\u2019Universit\u00e9 d\u2019Ottawa et d\u2019autres universit\u00e9s, coll\u00e8ges communautaires et organismes de formation affili\u00e9s.<\/li>\n<li>L\u2019H\u00f4pital d\u2019Ottawa acquiert, transmet et applique de nouvelles connaissances et technologies pour soigner les patients gr\u00e2ce \u00e0 ses programmes de recherche novateurs reconnus \u00e0 l\u2019\u00e9chelle internationale et men\u00e9s en partenariat avec l\u2019Institut de recherche de l\u2019H\u00f4pital d\u2019Ottawa.<\/li>\n<\/ul>\n<\/div>\n<div class=\"col-md-3\"><img decoding=\"async\" class=\"alignright img-responsive\" src=\"\/wp-content\/uploads\/2015\/10\/vision.jpg\" alt=\"vision\" width=\"264\" height=\"448\" \/><\/div>\n<\/div>\n<p>L\u2019H\u00f4pital d\u2019Ottawa joue un r\u00f4le actif dans la promotion et l\u2019am\u00e9lioration de la sant\u00e9 de la population locale. L\u2019H\u00f4pital collabore avec un grand \u00e9ventail de partenaires pour r\u00e9pondre aux besoins de la collectivit\u00e9 et \u00e9tablir un syst\u00e8me de sant\u00e9 r\u00e9gional \u00e0 la fois int\u00e9gr\u00e9 et solide.<\/p>\n<p>L\u2019H\u00f4pital d\u2019Ottawa offre des services en fran\u00e7ais et en anglais tout en s\u2019effor\u00e7ant de r\u00e9pondre aux besoins d\u2019une population multiculturelle.<\/p>\n<h2>Valeurs fondamentales<\/h2>\n<ul>\n<li>Compassion<\/li>\n<li>Engagement \u00e0 la qualit\u00e9<\/li>\n<li>Collaboration<\/li>\n<li>Respect de la personne<\/li>\n<\/ul>\n<h2>D\u00e9claration de valeurs des patients de L\u2019H\u00f4pital d\u2019Ottawa<span style=\"color: initial; font-size: revert; font-weight: revert;\">\u00a0\u00a0<\/span><\/h2>\n<p>Voici mes attentes en tant que patient de L\u2019H\u00f4pital d\u2019Ottawa\u202f:<\/p>\n<p><strong>D\u2019excellents soins<\/strong><\/p>\n<ul>\n<li>Traitement rapide et professionnel<\/li>\n<li>Approches novatrices pour r\u00e9pondre \u00e0 mes besoins de soins de sant\u00e9<\/li>\n<li>Engagement envers la recherche susceptible d\u2019am\u00e9liorer l\u2019\u00e9tat de sant\u00e9 des patients<\/li>\n<\/ul>\n<p><strong>Des soins respectueux<\/strong><\/p>\n<ul>\n<li>Je serai trait\u00e9 avec compassion et respect, ainsi que ma famille et mes aidants.<\/li>\n<li>Le personnel, les m\u00e9decins et les b\u00e9n\u00e9voles agiront avec honn\u00eatet\u00e9, int\u00e9grit\u00e9 et transparence.<\/li>\n<li>La diversit\u00e9 et les besoins uniques seront reconnus et trait\u00e9s de mani\u00e8re appropri\u00e9e dans un milieu ouvert, culturellement s\u00fbr et inclusif.<\/li>\n<\/ul>\n<p><strong>Une communication claire<\/strong><\/p>\n<ul>\n<li>\u00catre inform\u00e9, \u00e9duqu\u00e9 et responsable des d\u00e9cisions concernant mes soins.<\/li>\n<li>Que mes renseignements personnels sur la sant\u00e9 et mon dossier m\u00e9dical seront disponibles et resteront confidentiels<\/li>\n<li>Que l\u2019ensemble de l\u2019\u00e9quipe soignante, dont moi-m\u00eame, ma famille et mes partenaires de soins, travaillera ensemble pour assurer la continuit\u00e9 des soins.<\/li>\n<\/ul>\n<ul>\n<li style=\"list-style-type: none;\"><\/li>\n<\/ul>\n<p style=\"text-align: right;\"><em>\u2013 Les employ\u00e9s, les m\u00e9decins et les b\u00e9n\u00e9voles de L\u2019H\u00f4pital\u00a0<\/em><em>d\u2019Ottawa<\/em><\/p>\n","protected":false},"excerpt":{"rendered":"<p>Vision Offrir \u00e0 chaque patient des soins de calibre mondial et des services exceptionnels avec la compassion digne des personnes qui nous sont ch\u00e8res. Mission L\u2019H\u00f4pital d\u2019Ottawa est un \u00e9tablissement de sant\u00e9 qui offre \u00e0 la population de l\u2019Est ontarien principalement des soins sp\u00e9cialis\u00e9s et de niveau tertiaire centr\u00e9s sur le patient. L\u2019H\u00f4pital d\u2019Ottawa forme [&hellip;]<\/p>\n","protected":false},"author":25,"featured_media":0,"parent":74,"menu_order":1,"comment_status":"closed","ping_status":"closed","template":"","meta":{"_acf_changed":false,"_mc_calendar":[],"footnotes":""},"class_list":["post-372","page","type-page","status-publish","hentry"],"acf":[],"wps_subtitle":"","_links":{"self":[{"href":"https:\/\/www.ottawahospital.on.ca\/fr\/wp-json\/wp\/v2\/pages\/372","targetHints":{"allow":["GET"]}}],"collection":[{"href":"https:\/\/www.ottawahospital.on.ca\/fr\/wp-json\/wp\/v2\/pages"}],"about":[{"href":"https:\/\/www.ottawahospital.on.ca\/fr\/wp-json\/wp\/v2\/types\/page"}],"author":[{"embeddable":true,"href":"https:\/\/www.ottawahospital.on.ca\/fr\/wp-json\/wp\/v2\/users\/25"}],"replies":[{"embeddable":true,"href":"https:\/\/www.ottawahospital.on.ca\/fr\/wp-json\/wp\/v2\/comments?post=372"}],"version-history":[{"count":0,"href":"https:\/\/www.ottawahospital.on.ca\/fr\/wp-json\/wp\/v2\/pages\/372\/revisions"}],"up":[{"embeddable":true,"href":"https:\/\/www.ottawahospital.on.ca\/fr\/wp-json\/wp\/v2\/pages\/74"}],"wp:attachment":[{"href":"https:\/\/www.ottawahospital.on.ca\/fr\/wp-json\/wp\/v2\/media?parent=372"}],"curies":[{"name":"wp","href":"https:\/\/api.w.org\/{rel}","templated":true}]}}