{"id":36918,"date":"2018-04-24T15:50:23","date_gmt":"2018-04-24T19:50:23","guid":{"rendered":"http:\/\/www.ottawahospital.on.ca\/?page_id=36918"},"modified":"2020-09-14T10:34:10","modified_gmt":"2020-09-14T14:34:10","slug":"a-propos-de-nous","status":"publish","type":"page","link":"https:\/\/www.ottawahospital.on.ca\/fr\/services-cliniques\/deptpgrmcs\/departements\/imagerie-medicale\/a-propos-de-nous\/","title":{"rendered":"A propos de nous"},"content":{"rendered":"<h2><img decoding=\"async\" class=\"alignnone size-full wp-image-54922\" src=\"https:\/\/www.ottawahospital.on.ca\/wp-content\/uploads\/2020\/09\/Landing_banner_Campus.jpg\" alt=\"TOH all three campus\" width=\"770\" height=\"330\" srcset=\"https:\/\/www.ottawahospital.on.ca\/wp-content\/uploads\/2020\/09\/Landing_banner_Campus.jpg 770w, https:\/\/www.ottawahospital.on.ca\/wp-content\/uploads\/2020\/09\/Landing_banner_Campus-600x257.jpg 600w, https:\/\/www.ottawahospital.on.ca\/wp-content\/uploads\/2020\/09\/Landing_banner_Campus-300x129.jpg 300w, https:\/\/www.ottawahospital.on.ca\/wp-content\/uploads\/2020\/09\/Landing_banner_Campus-768x329.jpg 768w\" sizes=\"(max-width: 770px) 100vw, 770px\" \/><\/h2>\n<h2>Notre vision et notre mission<\/h2>\n<ul style=\"font-weight: 400;\">\n<li data-aria-posinset=\"1\" data-aria-level=\"1\">Le Service d\u2019imagerie m\u00e9dicale (Imagerie m\u00e9dicale) offre une gamme compl\u00e8te de services d\u2019imagerie et th\u00e9rapeutiques \u00e0 l&rsquo;H\u00f4pital et \u00e0 la collectivit\u00e9. Nos services sont offerts en fran\u00e7ais et en anglais.\u200b<\/li>\n<\/ul>\n<h2>Notre mission<\/h2>\n<ul style=\"font-weight: 400;\">\n<li data-aria-posinset=\"3\" data-aria-level=\"1\">L\u2019Imagerie m\u00e9dicale est l\u2019un des plus grands services d\u2019imagerie au Canada. Nous r\u00e9alisons environ 500\u00a0000\u00a0examens et voyons approximativement 420\u00a0000\u00a0patients (rendez-vous) par ann\u00e9e.\u200b<\/li>\n<li data-aria-posinset=\"4\" data-aria-level=\"1\">En plus d\u2019avoir des responsabilit\u00e9s cliniques, nous sommes affili\u00e9s \u00e0 la Facult\u00e9 de m\u00e9decine de l\u2019Universit\u00e9 d\u2019Ottawa et soutenons son programme de r\u00e9sidence en radiologie.\u200b<\/li>\n<li data-aria-posinset=\"5\" data-aria-level=\"1\">Nous sommes aussi affili\u00e9s \u00e0 divers \u00e9tablissements d\u2019enseignement et offrons \u00e0 leurs \u00e9tudiants inscrits au programme de technologie en radiation m\u00e9dicale des stages cliniques en \u00e9chographie, en radiographie g\u00e9n\u00e9rale, en imagerie par r\u00e9sonance magn\u00e9tique et en m\u00e9decine nucl\u00e9aire.\u00a0\u200b<\/li>\n<li data-aria-posinset=\"7\" data-aria-level=\"1\">Des services d\u2019imagerie novateurs et progressifs reposent sur des recherches. Nos professionnels ont lanc\u00e9 plusieurs \u00e9tudes de recherche en collaboration avec l&rsquo;Universit\u00e9 d&rsquo;Ottawa et l\u2019Institut de recherche de l\u2019H\u00f4pital d&rsquo;Ottawa.\u00a0\u200b<\/li>\n<li data-aria-posinset=\"8\" data-aria-level=\"1\">Ainsi, nous comprenons \u00e0 fond et pouvons mieux utiliser notre technologie d\u2019imagerie.<\/li>\n<\/ul>\n","protected":false},"excerpt":{"rendered":"<p>Notre vision et notre mission Le Service d\u2019imagerie m\u00e9dicale (Imagerie m\u00e9dicale) offre une gamme compl\u00e8te de services d\u2019imagerie et th\u00e9rapeutiques \u00e0 l&rsquo;H\u00f4pital et \u00e0 la collectivit\u00e9. Nos services sont offerts en fran\u00e7ais et en anglais.\u200b Notre mission L\u2019Imagerie m\u00e9dicale est l\u2019un des plus grands services d\u2019imagerie au Canada. Nous r\u00e9alisons environ 500\u00a0000\u00a0examens et voyons approximativement [&hellip;]<\/p>\n","protected":false},"author":25,"featured_media":0,"parent":10803,"menu_order":0,"comment_status":"closed","ping_status":"closed","template":"","meta":{"_acf_changed":false,"_mc_calendar":[],"footnotes":""},"class_list":["post-36918","page","type-page","status-publish","hentry"],"acf":[],"wps_subtitle":"","_links":{"self":[{"href":"https:\/\/www.ottawahospital.on.ca\/fr\/wp-json\/wp\/v2\/pages\/36918","targetHints":{"allow":["GET"]}}],"collection":[{"href":"https:\/\/www.ottawahospital.on.ca\/fr\/wp-json\/wp\/v2\/pages"}],"about":[{"href":"https:\/\/www.ottawahospital.on.ca\/fr\/wp-json\/wp\/v2\/types\/page"}],"author":[{"embeddable":true,"href":"https:\/\/www.ottawahospital.on.ca\/fr\/wp-json\/wp\/v2\/users\/25"}],"replies":[{"embeddable":true,"href":"https:\/\/www.ottawahospital.on.ca\/fr\/wp-json\/wp\/v2\/comments?post=36918"}],"version-history":[{"count":0,"href":"https:\/\/www.ottawahospital.on.ca\/fr\/wp-json\/wp\/v2\/pages\/36918\/revisions"}],"up":[{"embeddable":true,"href":"https:\/\/www.ottawahospital.on.ca\/fr\/wp-json\/wp\/v2\/pages\/10803"}],"wp:attachment":[{"href":"https:\/\/www.ottawahospital.on.ca\/fr\/wp-json\/wp\/v2\/media?parent=36918"}],"curies":[{"name":"wp","href":"https:\/\/api.w.org\/{rel}","templated":true}]}}