{"id":36753,"date":"2018-04-19T14:53:41","date_gmt":"2018-04-19T18:53:41","guid":{"rendered":"http:\/\/www.ottawahospital.on.ca\/?page_id=36753"},"modified":"2024-07-16T11:28:45","modified_gmt":"2024-07-16T15:28:45","slug":"renseignments-pour-les-professionnels-de-la-sante","status":"publish","type":"page","link":"https:\/\/www.ottawahospital.on.ca\/fr\/services-cliniques\/deptpgrmcs\/departements\/aide-medicale-a-mourir\/renseignments-pour-les-professionnels-de-la-sante\/","title":{"rendered":"Aide m\u00e9dicale \u00e0 mourir : Renseignements pour les professionnels de la sant\u00e9"},"content":{"rendered":"<p>L\u2019aide m\u00e9dicale \u00e0 mourir (AMM) est une intervention m\u00e9dicale. Elle est demand\u00e9e par le patient adulte et consiste \u00e0 administrer des m\u00e9dicaments dans l\u2019intention de causer la mort du patient, et ce, dans un cadre s\u00e9curitaire et juridiquement d\u00e9limit\u00e9. Une loi f\u00e9d\u00e9rale d\u00e9finit les personnes qui y sont admissibles et les conditions sous lesquelles elles peuvent subir l\u2019intervention.<\/p>\n<p>Un professionnel de la sant\u00e9 n\u2019est pas tenu de fournir l\u2019AMM ou d\u2019y participer. Il doit toutefois se conformer aux exigences particuli\u00e8res de son ordre professionnel. Consultez les directives de votre ordre professionnel pour comprendre l\u2019\u00e9tendue de vos responsabilit\u00e9s professionnelles.<\/p>\n<p>Le R\u00e9seau d\u2019aide m\u00e9dicale \u00e0 mourir de la r\u00e9gion de Champlain respecte le droit des professionnels de la sant\u00e9 de refuser consciencieusement de participer \u00e0 l\u2019aide m\u00e9dicale \u00e0 mourir pour des raisons morales ou religieuses. Les m\u00e9decins et les infirmi\u00e8res praticiennes qui refusent de fournir l\u2019aide m\u00e9dicale \u00e0 mourir ne seront pas oblig\u00e9s de participer aux d\u00e9cisions ni aux actes qui en d\u00e9coulent. Ils doivent toutefois orienter le patient vers un m\u00e9decin ou une infirmi\u00e8re praticienne qui peut offrir cette aide d\u2019apr\u00e8s les recommandations de leur ordre professionnel.<\/p>\n<p>Vous pouvez transmettre une recommandation \u00e0 notre bureau par les moyens suivants\u00a0:<\/p>\n<ul>\n<li>Epic (L\u2019H\u00f4pital d\u2019Ottawa et ses partenaires de l\u2019Alliance Atlas)<\/li>\n<li>T\u00e9l\u00e9copieur : 613 761-4351. <a href=\"\/en\/documents\/2022\/03\/maid-referral-form-2022.pdf\/\">Formulaire de demande<\/a> (Anglais seulement)<\/li>\n<li>La plateforme de soumission \u00e9lectronique Ocean eReferral permet aux m\u00e9decins dans la collectivit\u00e9 de cr\u00e9er et d\u2019envoyer une demande directement \u00e0 partir de leur syst\u00e8me de dossier m\u00e9dical \u00e9lectronique (DME) (Telus PSS, QHR Accuro, et certaines versions d\u2019OSCAR). Pour en savoir plus, \u00e9crivez \u00e0 <a href=\"mailto:contact@ereferralontarioeast.ca\">contact@ereferralontarioeast.ca<\/a><\/li>\n<\/ul>\n<p>La ligne d\u2019information sur l\u2019AMM de l\u2019Ontario est joignable 24\u00a0heures sur 24, 7\u00a0jours sur 7. Le service de recommandation est disponible du lundi au vendredi, de 9\u00a0h \u00e0 17\u00a0h (HE), en fran\u00e7ais et en anglais (il est possible de demander des services d\u2019interpr\u00e9tation pour d\u2019autres langues; ATS\u00a0: 1\u00a0844\u00a0953-3350).<\/p>\n","protected":false},"excerpt":{"rendered":"<p>L\u2019aide m\u00e9dicale \u00e0 mourir (AMM) est une intervention m\u00e9dicale. Elle est demand\u00e9e par le patient adulte et consiste \u00e0 administrer des m\u00e9dicaments dans l\u2019intention de causer la mort du patient, et ce, dans un cadre s\u00e9curitaire et juridiquement d\u00e9limit\u00e9. Une loi f\u00e9d\u00e9rale d\u00e9finit les personnes qui y sont admissibles et les conditions sous lesquelles elles [&hellip;]<\/p>\n","protected":false},"author":25,"featured_media":0,"parent":36742,"menu_order":1,"comment_status":"closed","ping_status":"closed","template":"","meta":{"_acf_changed":false,"_mc_calendar":[],"footnotes":""},"class_list":["post-36753","page","type-page","status-publish","hentry"],"acf":[],"wps_subtitle":"","_links":{"self":[{"href":"https:\/\/www.ottawahospital.on.ca\/fr\/wp-json\/wp\/v2\/pages\/36753","targetHints":{"allow":["GET"]}}],"collection":[{"href":"https:\/\/www.ottawahospital.on.ca\/fr\/wp-json\/wp\/v2\/pages"}],"about":[{"href":"https:\/\/www.ottawahospital.on.ca\/fr\/wp-json\/wp\/v2\/types\/page"}],"author":[{"embeddable":true,"href":"https:\/\/www.ottawahospital.on.ca\/fr\/wp-json\/wp\/v2\/users\/25"}],"replies":[{"embeddable":true,"href":"https:\/\/www.ottawahospital.on.ca\/fr\/wp-json\/wp\/v2\/comments?post=36753"}],"version-history":[{"count":0,"href":"https:\/\/www.ottawahospital.on.ca\/fr\/wp-json\/wp\/v2\/pages\/36753\/revisions"}],"up":[{"embeddable":true,"href":"https:\/\/www.ottawahospital.on.ca\/fr\/wp-json\/wp\/v2\/pages\/36742"}],"wp:attachment":[{"href":"https:\/\/www.ottawahospital.on.ca\/fr\/wp-json\/wp\/v2\/media?parent=36753"}],"curies":[{"name":"wp","href":"https:\/\/api.w.org\/{rel}","templated":true}]}}