{"id":36742,"date":"2018-04-19T14:20:56","date_gmt":"2018-04-19T18:20:56","guid":{"rendered":"http:\/\/www.ottawahospital.on.ca\/?page_id=36742"},"modified":"2021-12-23T14:42:29","modified_gmt":"2021-12-23T19:42:29","slug":"aide-medicale-a-mourir","status":"publish","type":"page","link":"https:\/\/www.ottawahospital.on.ca\/fr\/services-cliniques\/deptpgrmcs\/departements\/aide-medicale-a-mourir\/","title":{"rendered":"Aide m\u00e9dicale \u00e0 mourir"},"content":{"rendered":"<p><img decoding=\"async\" class=\"alignnone wp-image-49627 size-full\" src=\"https:\/\/www.ottawahospital.on.ca\/wp-content\/uploads\/2019\/08\/MAID-banner.jpg\" alt=\"Two hands are holding together\" width=\"740\" height=\"330\" srcset=\"https:\/\/www.ottawahospital.on.ca\/wp-content\/uploads\/2019\/08\/MAID-banner.jpg 740w, https:\/\/www.ottawahospital.on.ca\/wp-content\/uploads\/2019\/08\/MAID-banner-600x268.jpg 600w, https:\/\/www.ottawahospital.on.ca\/wp-content\/uploads\/2019\/08\/MAID-banner-300x134.jpg 300w\" sizes=\"(max-width: 740px) 100vw, 740px\" \/><\/p>\n<div class=\"emer-alert-inner supernora\" style=\"margin-top: 0; margin-bottom: 5%;\">\n<p class=\"emer-alert-text\"><i class=\"fa fa-exclamation-circle fa-lg\"><\/i> En raison de la pand\u00e9mie de COVID-19, le R\u00e9seau d\u2019aide m\u00e9dicale \u00e0 mourir (AMAM) de la r\u00e9gion de Champlain adaptera son processus d\u2019intervention pour les cas les plus urgents. Nous continuerons de collaborer avec chaque patient et avec nos partenaires r\u00e9gionaux pour d\u00e9terminer le meilleur plan de soins.  Le programme continuera de fournir de l\u2019information, de recevoir les demandes et d\u2019effectuer des \u00e9valuations. L\u2019H\u00f4pital d\u2019Ottawa appuiera l\u2019offre d\u2019AMAM aux cas urgents admis \u00e0 l\u2019H\u00f4pital.<\/p>\n<\/div>\n<h2>Notre vision<\/h2>\n<p>Le R\u00e9seau d\u2019aide m\u00e9dicale \u00e0 mourir de la r\u00e9gion de Champlain offre de l\u2019information et de l\u2019orientation aux personnes, aux familles et aux professionnels de la sant\u00e9 qui souhaitent en savoir plus sur l\u2019aide m\u00e9dicale \u00e0 mourir. Le R\u00e9seau est form\u00e9 d\u2019organismes de la r\u00e9gion de Champlain qui participent \u00e0 l\u2019aide m\u00e9dicale \u00e0 mourir. Par la provision de renseignements normalis\u00e9s, de soins cliniques et de la surveillance du programme d\u2019aide m\u00e9dicale \u00e0 mourir, le R\u00e9seau vise \u00e0 offrir une exp\u00e9rience sans faille aux patients, \u00e0 leur famille et aux professionnels de la sant\u00e9. Nous adoptons un mod\u00e8le de service int\u00e9gr\u00e9 et dot\u00e9 d\u2019une responsabilisation centralis\u00e9e. Notre vision est de servir de source de soutien \u00e0 l\u2019ensemble des secteurs de la sant\u00e9 tout en renfor\u00e7ant la capacit\u00e9 des organismes et des professionnels de la sant\u00e9 d\u2019offrir des soins de grande qualit\u00e9 centr\u00e9s sur le patient.<\/p>\n<div class=\"row paddingright15\">\n<div class=\"relatedlinks links1 col-md-4 nopaddingright\">\n<h3><a class=\" btn btn-default\" href=\"https:\/\/www.ottawahospital.on.ca\/fr\/services-cliniques\/deptpgrmcs\/departements\/aide-medicale-a-mourir\/renseignements-pour-les-patients-et-leurs-proches\/\">Patients et proches<\/a><\/h3>\n<\/div>\n<div class=\"relatedlinks links1 col-md-4 nopaddingright\">\n<h3><a class=\" btn btn-default\" href=\"https:\/\/www.ottawahospital.on.ca\/fr\/services-cliniques\/deptpgrmcs\/departements\/aide-medicale-a-mourir\/renseignments-pour-les-professionnels-de-la-sante\/\">Professionnels de la sant\u00e9<\/a><\/h3>\n<\/div>\n<\/div>\n","protected":false},"excerpt":{"rendered":"<p>En raison de la pand\u00e9mie de COVID-19, le R\u00e9seau d\u2019aide m\u00e9dicale \u00e0 mourir (AMAM) de la r\u00e9gion de Champlain adaptera son processus d\u2019intervention pour les cas les plus urgents. Nous continuerons de collaborer avec chaque patient et avec nos partenaires r\u00e9gionaux pour d\u00e9terminer le meilleur plan de soins. Le programme continuera de fournir de l\u2019information, [&hellip;]<\/p>\n","protected":false},"author":25,"featured_media":0,"parent":7868,"menu_order":9,"comment_status":"closed","ping_status":"closed","template":"","meta":{"_acf_changed":false,"_mc_calendar":[],"footnotes":""},"class_list":["post-36742","page","type-page","status-publish","hentry"],"acf":[],"wps_subtitle":"","_links":{"self":[{"href":"https:\/\/www.ottawahospital.on.ca\/fr\/wp-json\/wp\/v2\/pages\/36742","targetHints":{"allow":["GET"]}}],"collection":[{"href":"https:\/\/www.ottawahospital.on.ca\/fr\/wp-json\/wp\/v2\/pages"}],"about":[{"href":"https:\/\/www.ottawahospital.on.ca\/fr\/wp-json\/wp\/v2\/types\/page"}],"author":[{"embeddable":true,"href":"https:\/\/www.ottawahospital.on.ca\/fr\/wp-json\/wp\/v2\/users\/25"}],"replies":[{"embeddable":true,"href":"https:\/\/www.ottawahospital.on.ca\/fr\/wp-json\/wp\/v2\/comments?post=36742"}],"version-history":[{"count":0,"href":"https:\/\/www.ottawahospital.on.ca\/fr\/wp-json\/wp\/v2\/pages\/36742\/revisions"}],"up":[{"embeddable":true,"href":"https:\/\/www.ottawahospital.on.ca\/fr\/wp-json\/wp\/v2\/pages\/7868"}],"wp:attachment":[{"href":"https:\/\/www.ottawahospital.on.ca\/fr\/wp-json\/wp\/v2\/media?parent=36742"}],"curies":[{"name":"wp","href":"https:\/\/api.w.org\/{rel}","templated":true}]}}