{"id":34380,"date":"2018-02-06T11:25:03","date_gmt":"2018-02-06T16:25:03","guid":{"rendered":"http:\/\/www.ottawahospital.on.ca\/?page_id=34380"},"modified":"2025-07-09T10:16:47","modified_gmt":"2025-07-09T14:16:47","slug":"dre-virginia-roth","status":"publish","type":"page","link":"https:\/\/www.ottawahospital.on.ca\/fr\/about-us\/notre-equipe-de-direction\/conseil-des-gouverneurs\/membres-du-conseil\/dre-virginia-roth\/","title":{"rendered":"Dre Virginia Roth"},"content":{"rendered":"<div class=\"wp-block-image\">\n<figure class=\"alignleft size-large is-resized\"><img decoding=\"async\" width=\"683\" height=\"1024\" src=\"https:\/\/www.ottawahospital.on.ca\/wp-content\/uploads\/2018\/02\/27A7515_Dr-Virginia-Roth_Chief-of-Staff_The-Ottawa-Hospital_1_v2-002-683x1024.jpg\" alt=\"Dr. Virginia Roth\" class=\"wp-image-228437\" style=\"width:151px;height:auto\" srcset=\"https:\/\/www.ottawahospital.on.ca\/wp-content\/uploads\/2018\/02\/27A7515_Dr-Virginia-Roth_Chief-of-Staff_The-Ottawa-Hospital_1_v2-002-683x1024.jpg 683w, https:\/\/www.ottawahospital.on.ca\/wp-content\/uploads\/2018\/02\/27A7515_Dr-Virginia-Roth_Chief-of-Staff_The-Ottawa-Hospital_1_v2-002-600x900.jpg 600w, https:\/\/www.ottawahospital.on.ca\/wp-content\/uploads\/2018\/02\/27A7515_Dr-Virginia-Roth_Chief-of-Staff_The-Ottawa-Hospital_1_v2-002-200x300.jpg 200w, https:\/\/www.ottawahospital.on.ca\/wp-content\/uploads\/2018\/02\/27A7515_Dr-Virginia-Roth_Chief-of-Staff_The-Ottawa-Hospital_1_v2-002-768x1152.jpg 768w, https:\/\/www.ottawahospital.on.ca\/wp-content\/uploads\/2018\/02\/27A7515_Dr-Virginia-Roth_Chief-of-Staff_The-Ottawa-Hospital_1_v2-002-scaled.jpg 1707w\" sizes=\"(max-width: 683px) 100vw, 683px\" \/><figcaption class=\"wp-element-caption\">D<sup>re<\/sup> Virginia Roth est m\u00e9decin-chef et sp\u00e9cialiste des maladies infectieuses \u00e0 L\u2019H\u00f4pital d\u2019Ottawa.<\/figcaption><\/figure>\n<\/div>\n\n\n<p>La Dre Virginia Roth est m\u00e9decin-chef et sp\u00e9cialiste des maladies infectieuses \u00e0 L\u2019H\u00f4pital d\u2019Ottawa et professeure de m\u00e9decine \u00e0 l\u2019Universit\u00e9 d\u2019Ottawa.<\/p>\n\n\n\n<p>Apr\u00e8s sa formation en m\u00e9decine interne et maladies infectieuses \u00e0 l\u2019Universit\u00e9 d\u2019Ottawa, la Dre Roth a travaill\u00e9 comme agente du renseignement sur les \u00e9pid\u00e9mies au sein du programme des infections nosocomiales du Centre de contr\u00f4le et de pr\u00e9vention des maladies (CDC) aux \u00c9tats-Unis. Elle a occup\u00e9 diff\u00e9rents postes de direction \u00e0 L\u2019H\u00f4pital d\u2019Ottawa depuis son embauche en 2000 comme directrice de la pr\u00e9vention et du contr\u00f4le des infections. En 2012, elle a obtenu une ma\u00eetrise en administration des affaires pour cadres de l\u2019\u00c9cole de gestion Telfer.<\/p>\n\n\n\n<p>Le travail clinique de la Dre Roth est ax\u00e9 sur les soins aux patients atteints de tuberculose. Ses champs de recherche englobent le leadership en sant\u00e9, l\u2019exp\u00e9rience des patients et les infections nosocomiales. Elle a publi\u00e9 plus de 80 articles \u00e9valu\u00e9s par des pairs.<\/p>\n\n\n\n<p>La Dre Roth cumule de l\u2019exp\u00e9rience dans les questions m\u00e9dico-l\u00e9gales, la gestion du risque, la gestion des syst\u00e8mes de sant\u00e9 complexes, la formation en leadership, la gouvernance des conseils et la prise de parole en public. Elle partage son expertise en tant que membre du conseil d\u2019administration du Coll\u00e8ge des m\u00e9decins et chirurgiens de l\u2019Ontario, de l\u2019Institut de cardiologie de l\u2019Universit\u00e9 d\u2019Ottawa et de l\u2019Association m\u00e9dicale universitaire de L\u2019H\u00f4pital d\u2019Ottawa.<\/p>\n\n\n\n<p><em>Les membres d\u2019office du Conseil des gouverneurs sont nomm\u00e9s pour aussi longtemps qu\u2019ils occupent le poste, au sein de L\u2019H\u00f4pital d\u2019Ottawa ou de tout autre organisme, qui leur permet de si\u00e9ger au Conseil conform\u00e9ment au R\u00e8glement administratif.<\/em><\/p>\n","protected":false},"excerpt":{"rendered":"<p>La Dre Virginia Roth est m\u00e9decin-chef et sp\u00e9cialiste des maladies infectieuses \u00e0 L\u2019H\u00f4pital d\u2019Ottawa et professeure de m\u00e9decine \u00e0 l\u2019Universit\u00e9 d\u2019Ottawa. Apr\u00e8s sa formation en m\u00e9decine interne et maladies infectieuses \u00e0 l\u2019Universit\u00e9 d\u2019Ottawa, la Dre Roth a travaill\u00e9 comme agente du renseignement sur les \u00e9pid\u00e9mies au sein du programme des infections nosocomiales du Centre de [&hellip;]<\/p>\n","protected":false},"author":25,"featured_media":0,"parent":4561,"menu_order":11,"comment_status":"closed","ping_status":"closed","template":"","meta":{"_acf_changed":false,"_mc_calendar":[],"footnotes":""},"class_list":["post-34380","page","type-page","status-publish","hentry"],"acf":[],"wps_subtitle":"","_links":{"self":[{"href":"https:\/\/www.ottawahospital.on.ca\/fr\/wp-json\/wp\/v2\/pages\/34380","targetHints":{"allow":["GET"]}}],"collection":[{"href":"https:\/\/www.ottawahospital.on.ca\/fr\/wp-json\/wp\/v2\/pages"}],"about":[{"href":"https:\/\/www.ottawahospital.on.ca\/fr\/wp-json\/wp\/v2\/types\/page"}],"author":[{"embeddable":true,"href":"https:\/\/www.ottawahospital.on.ca\/fr\/wp-json\/wp\/v2\/users\/25"}],"replies":[{"embeddable":true,"href":"https:\/\/www.ottawahospital.on.ca\/fr\/wp-json\/wp\/v2\/comments?post=34380"}],"version-history":[{"count":0,"href":"https:\/\/www.ottawahospital.on.ca\/fr\/wp-json\/wp\/v2\/pages\/34380\/revisions"}],"up":[{"embeddable":true,"href":"https:\/\/www.ottawahospital.on.ca\/fr\/wp-json\/wp\/v2\/pages\/4561"}],"wp:attachment":[{"href":"https:\/\/www.ottawahospital.on.ca\/fr\/wp-json\/wp\/v2\/media?parent=34380"}],"curies":[{"name":"wp","href":"https:\/\/api.w.org\/{rel}","templated":true}]}}