{"id":33348,"date":"2018-01-15T10:39:24","date_gmt":"2018-01-15T15:39:24","guid":{"rendered":"http:\/\/www.ottawahospital.on.ca\/?page_id=33348"},"modified":"2018-01-15T10:39:58","modified_gmt":"2018-01-15T15:39:58","slug":"enterobacteries-productrices-de-carbapenemases-epc","status":"publish","type":"page","link":"https:\/\/www.ottawahospital.on.ca\/fr\/qualite-et-securite\/prevention-et-controle-des-infections\/rapport-sur-les-indicateurs\/enterobacteries-productrices-de-carbapenemases-epc\/","title":{"rendered":"Ent\u00e9robact\u00e9ries productrices de carbap\u00e9n\u00e8mases (EPC)"},"content":{"rendered":"<p>L\u2019H\u00f4pital d\u2019Ottawa a adopt\u00e9 une politique pour pr\u00e9venir la propagation d\u2019organismes r\u00e9sistants aux antibiotiques chez les patients qui pourraient courir des risques accrus de contracter une infection grave<\/p>\n<p><em><strong>Que sont les EPC?<\/strong><\/em><br \/>\nLes ent\u00e9robact\u00e9ries sont une famille de bact\u00e9ries dont bon nombre sont naturellement pr\u00e9sentes dans nos intestins. Les ent\u00e9robact\u00e9ries productrices de carbap\u00e9n\u00e8mases (EPC) sont un groupe de bact\u00e9ries (microbes) diff\u00e9rentes des autres bact\u00e9ries dans l\u2019intestin. Parfois, les antibiotiques qu\u2019on utilise pour traiter une infection caus\u00e9e par des EPC ne fonctionnent pas tout \u00e0 fait; c\u2019est pourquoi ces ent\u00e9robact\u00e9ries sont dites \u00ab r\u00e9sistantes aux antibiotiques \u00bb.<\/p>\n<p>Une personne qui a plusieurs probl\u00e8mes de sant\u00e9 graves ou qui est souvent hospitalis\u00e9e est davantage port\u00e9e \u00e0 avoir ces bact\u00e9ries dans son corps. Comme c\u2019est le cas pour d\u2019autres bact\u00e9ries, il est possible de porter des EPC sans pour autant faire une infection. Si vous avez une infection, votre m\u00e9decin fera des examens pour voir si elle est caus\u00e9e par une bact\u00e9rie et, si c\u2019est le cas, pour d\u00e9terminer le type de bact\u00e9rie responsable. C\u2019est \u00e0 ce moment que la plupart des gens d\u00e9couvrent qu\u2019ils sont porteurs d\u2019EPC.<\/p>\n<p><em><strong>Comment les EPC se propagent-elles?<\/strong><\/em><br \/>\nLes EPC se transmettent d\u2019une personne \u00e0 une autre par contact avec des mains, des surfaces ou de l\u2019\u00e9quipement sales. Ces bact\u00e9ries ne se propagent pas dans l\u2019air.<\/p>\n<p><em><strong>Si vous \u00eates porteur d\u2019EPC, est-ce que cela va changer votre s\u00e9jour \u00e0 l\u2019h\u00f4pital?<\/strong><\/em><br \/>\nSi nous confirmons que vous \u00eates porteur d\u2019EPC, nous entrerons un code dans votre dossier \u00e9lectronique. Chaque fois que vous serez hospitalis\u00e9, nous vous assignerons automatiquement une chambre priv\u00e9e. Nous placerons une affiche verte \u00e0 l\u2019entr\u00e9e de votre chambre pour rappeler aux professionnels de la sant\u00e9 qu\u2019ils doivent mettre des gants et parfois une blouse. Vos visiteurs devront se laver les mains avant d\u2019entrer dans votre chambre et au moment de la quitter.<\/p>\n<p><em><strong>Que se passera-t-il quand vous rentrerez chez vous?<\/strong><\/em><br \/>\nVous n\u2019avez pas \u00e0 prendre de pr\u00e9cautions particuli\u00e8res \u00e0 la maison. Il est conseill\u00e9 de vous couvrir la bouche lorsque vous toussez, de vous laver les mains r\u00e9guli\u00e8rement et de couvrir vos plaies ouvertes, si vous en avez.<\/p>\n<p>Si vous allez \u00e0 l\u2019h\u00f4pital pour un rendez-vous ou chez votre m\u00e9decin, vous devrez vous laver les mains \u00e0 votre arriv\u00e9e et les professionnels de la sant\u00e9 porteront des gants pendant qu\u2019ils vous examineront.<\/p>\n<p>Si vous avez d\u2019autres questions, n\u2019h\u00e9sitez pas \u00e0 les poser. Votre m\u00e9decin ou votre infirmi\u00e8re se fera un plaisir d\u2019y r\u00e9pondre.<\/p>\n<p>&nbsp;<\/p>\n<p style=\"text-align: center;\">Pr\u00e9vention et contr\u00f4le des infections<br \/>\n2017<\/p>\n<p>&nbsp;<\/p>\n<p>&nbsp;<\/p>\n<p>&nbsp;<\/p>\n<p>&nbsp;<\/p>\n<p>&nbsp;<\/p>\n","protected":false},"excerpt":{"rendered":"<p>L\u2019H\u00f4pital d\u2019Ottawa a adopt\u00e9 une politique pour pr\u00e9venir la propagation d\u2019organismes r\u00e9sistants aux antibiotiques chez les patients qui pourraient courir des risques accrus de contracter une infection grave Que sont les EPC? Les ent\u00e9robact\u00e9ries sont une famille de bact\u00e9ries dont bon nombre sont naturellement pr\u00e9sentes dans nos intestins. Les ent\u00e9robact\u00e9ries productrices de carbap\u00e9n\u00e8mases (EPC) sont [&hellip;]<\/p>\n","protected":false},"author":25,"featured_media":0,"parent":10088,"menu_order":0,"comment_status":"closed","ping_status":"closed","template":"","meta":{"_acf_changed":false,"_mc_calendar":[],"footnotes":""},"class_list":["post-33348","page","type-page","status-publish","hentry"],"acf":[],"wps_subtitle":"","_links":{"self":[{"href":"https:\/\/www.ottawahospital.on.ca\/fr\/wp-json\/wp\/v2\/pages\/33348","targetHints":{"allow":["GET"]}}],"collection":[{"href":"https:\/\/www.ottawahospital.on.ca\/fr\/wp-json\/wp\/v2\/pages"}],"about":[{"href":"https:\/\/www.ottawahospital.on.ca\/fr\/wp-json\/wp\/v2\/types\/page"}],"author":[{"embeddable":true,"href":"https:\/\/www.ottawahospital.on.ca\/fr\/wp-json\/wp\/v2\/users\/25"}],"replies":[{"embeddable":true,"href":"https:\/\/www.ottawahospital.on.ca\/fr\/wp-json\/wp\/v2\/comments?post=33348"}],"version-history":[{"count":0,"href":"https:\/\/www.ottawahospital.on.ca\/fr\/wp-json\/wp\/v2\/pages\/33348\/revisions"}],"up":[{"embeddable":true,"href":"https:\/\/www.ottawahospital.on.ca\/fr\/wp-json\/wp\/v2\/pages\/10088"}],"wp:attachment":[{"href":"https:\/\/www.ottawahospital.on.ca\/fr\/wp-json\/wp\/v2\/media?parent=33348"}],"curies":[{"name":"wp","href":"https:\/\/api.w.org\/{rel}","templated":true}]}}