{"id":31422,"date":"2017-11-08T11:29:03","date_gmt":"2017-11-08T16:29:03","guid":{"rendered":"http:\/\/www.ottawahospital.on.ca\/?page_id=31422"},"modified":"2017-11-08T11:29:03","modified_gmt":"2017-11-08T16:29:03","slug":"la-clinique-des-soins-du-rein","status":"publish","type":"page","link":"https:\/\/www.ottawahospital.on.ca\/fr\/services-cliniques\/deptpgrmcs\/departements\/nephrologie\/cliniques-et-programmes\/la-clinique-des-soins-du-rein\/","title":{"rendered":"La Clinique des soins du rein"},"content":{"rendered":"<p>La Clinique des soins du rein (anciennement la Clinique d\u2019insuffisance r\u00e9nale progressive) est une clinique sp\u00e9cialis\u00e9e pour les personnes atteintes d\u2019une maladie r\u00e9nale chronique \u00e0 un stade avanc\u00e9. Les n\u00e9phrologues qui y travaillent s\u2019int\u00e9ressent particuli\u00e8rement \u00e0 cet aspect de la n\u00e9phrologie et collaborent avec une \u00e9quipe multidisciplinaire d\u2019infirmi\u00e8res, de di\u00e9t\u00e9tistes, de travailleuses sociales et de pharmaciens sp\u00e9cialis\u00e9s en maladie r\u00e9nale chronique \u00e0 un stade avanc\u00e9.<\/p>\n<p>Nous offrons de l\u2019information, du counseling, des conseils alimentaires et des soins n\u00e9phrologiques \u00e0 plus de 600\u00a0patients ayant une maladie r\u00e9nale chronique \u00e0 un stade avanc\u00e9. Nous voulons surtout ralentir la progression de la maladie r\u00e9nale, g\u00e9rer les complications et pr\u00e9parer le patient \u00e0 un traitement r\u00e9nal substitutif comme une greffe de rein ou la dialyse (p\u00e9riton\u00e9ale ou h\u00e9modialyse). Nous fournissons \u00e9galement au patient un soutien \u00e0 la prise de d\u00e9cisions s\u2019il doit choisir entre la dialyse \u00e0 domicile ou \u00e0 l\u2019h\u00f4pital ou s\u2019il envisage des soins conservateurs (sans dialyse).<\/p>\n<p>Nous collaborons \u00e9galement avec des coll\u00e8gues en soins palliatifs pour am\u00e9liorer la gestion des sympt\u00f4mes et centrer les soins sur la qualit\u00e9 de vie lorsqu\u2019un patient choisit une gestion r\u00e9nale conservatrice (m\u00eame si le rein cesse de fonctionner).<\/p>\n","protected":false},"excerpt":{"rendered":"<p>La Clinique des soins du rein (anciennement la Clinique d\u2019insuffisance r\u00e9nale progressive) est une clinique sp\u00e9cialis\u00e9e pour les personnes atteintes d\u2019une maladie r\u00e9nale chronique \u00e0 un stade avanc\u00e9. Les n\u00e9phrologues qui y travaillent s\u2019int\u00e9ressent particuli\u00e8rement \u00e0 cet aspect de la n\u00e9phrologie et collaborent avec une \u00e9quipe multidisciplinaire d\u2019infirmi\u00e8res, de di\u00e9t\u00e9tistes, de travailleuses sociales et de [&hellip;]<\/p>\n","protected":false},"author":25,"featured_media":0,"parent":11928,"menu_order":0,"comment_status":"closed","ping_status":"closed","template":"","meta":{"_acf_changed":false,"_mc_calendar":[],"footnotes":""},"class_list":["post-31422","page","type-page","status-publish","hentry"],"acf":[],"wps_subtitle":"","_links":{"self":[{"href":"https:\/\/www.ottawahospital.on.ca\/fr\/wp-json\/wp\/v2\/pages\/31422","targetHints":{"allow":["GET"]}}],"collection":[{"href":"https:\/\/www.ottawahospital.on.ca\/fr\/wp-json\/wp\/v2\/pages"}],"about":[{"href":"https:\/\/www.ottawahospital.on.ca\/fr\/wp-json\/wp\/v2\/types\/page"}],"author":[{"embeddable":true,"href":"https:\/\/www.ottawahospital.on.ca\/fr\/wp-json\/wp\/v2\/users\/25"}],"replies":[{"embeddable":true,"href":"https:\/\/www.ottawahospital.on.ca\/fr\/wp-json\/wp\/v2\/comments?post=31422"}],"version-history":[{"count":0,"href":"https:\/\/www.ottawahospital.on.ca\/fr\/wp-json\/wp\/v2\/pages\/31422\/revisions"}],"up":[{"embeddable":true,"href":"https:\/\/www.ottawahospital.on.ca\/fr\/wp-json\/wp\/v2\/pages\/11928"}],"wp:attachment":[{"href":"https:\/\/www.ottawahospital.on.ca\/fr\/wp-json\/wp\/v2\/media?parent=31422"}],"curies":[{"name":"wp","href":"https:\/\/api.w.org\/{rel}","templated":true}]}}