{"id":31383,"date":"2017-11-07T14:38:30","date_gmt":"2017-11-07T19:38:30","guid":{"rendered":"http:\/\/www.ottawahospital.on.ca\/?page_id=31383"},"modified":"2026-04-17T07:30:10","modified_gmt":"2026-04-17T11:30:10","slug":"faire-affaire-avec-lhopital","status":"publish","type":"page","link":"https:\/\/www.ottawahospital.on.ca\/fr\/about-us\/faire-affaire-avec-lhopital\/","title":{"rendered":"Faire affaire avec L&rsquo;H\u00f4pital"},"content":{"rendered":"\n<p>Nous vous remercions de votre int\u00e9r\u00eat \u00e0 faire affaire avec l\u2019H\u00f4pital d\u2019Ottawa.<\/p>\n\n\n\n<p>Pour un aper\u00e7u rapide, consultez notre <a href=\"https:\/\/www.ottawahospital.on.ca\/en\/documents\/2026\/01\/toh-vendor-guide-fr.pdf\/\">Guide du fournisseur \u2013 Comment faire affaire avec L\u2019H\u00f4pital D\u2019Ottawa<\/a><strong>.<\/strong><\/p>\n\n\n\n<div class=\"wp-block-stackable-call-to-action stk-block-call-to-action stk-block stk-8200b89 stk-block-background is-style-default\" data-v=\"2\" data-block-id=\"8200b89\"><style>.stk-8200b89 {background-color:#c6e3e8 !important;}.stk-8200b89:before{background-color:#c6e3e8 !important;}.stk-8200b89-container{background-color:#c6e3e8 !important;}.stk-8200b89-container:before{background-color:#c6e3e8 !important;}<\/style><div class=\"stk-block-call-to-action__content stk-content-align stk-8200b89-column stk-container stk-8200b89-container stk-hover-parent\"><div class=\"has-text-align-center stk-block-content stk-inner-blocks stk-8200b89-inner-blocks\">\n<div class=\"wp-block-stackable-heading stk-block-heading stk-block-heading--v2 stk-block stk-bf2b13b\" id=\"information-importante-a-lattention-de-nos-fournisseurs-et-sous-traitants\" data-block-id=\"bf2b13b\"><h3 class=\"stk-block-heading__text has-text-align-center\">Information importante \u00e0 l\u2019attention de nos fournisseurs et sous-traitants<\/h3><\/div>\n\n\n\n<p class=\"has-text-align-left\">Tous les fournisseurs et leurs repr\u00e9sentants entrant \u00e0 l\u2019h\u00f4pital doivent le faire en utilisant une entr\u00e9e r\u00e9serv\u00e9e au public et sur rendez-vous seulement.<\/p>\n<\/div><\/div><\/div>\n\n\n\n<div class=\"wp-block-group\"><div class=\"wp-block-group__inner-container is-layout-constrained wp-block-group-is-layout-constrained\">\n<h2 class=\"wp-block-heading\">Possibilit\u00e9s d\u2019affaires<\/h2>\n\n\n\n<p>L\u2019H\u00f4pital d\u2019Ottawa s\u2019est associ\u00e9 \u00e0 Mohawk Medbuy Corporation (MMC) dans le cadre de ses services de sour\u00e7age et de contrats.&nbsp;Veuillez visiter le&nbsp;<a href=\"https:\/\/www.mohawkmedbuy.ca\/vendors\" target=\"_blank\" rel=\"noreferrer noopener\">site Web de MMC pour obtenir plus d\u2019information sur les possibilit\u00e9s d\u2019affaires<\/a>.<\/p>\n\n\n\n<h3 class=\"wp-block-heading\">Approvisionnement pour le projet du nouveau campus<\/h3>\n\n\n\n<p>L\u2019information sur les biens et les services \u00e0 prendre en consid\u00e9ration dans la planification et la conception du nouveau campus de L\u2019H\u00f4pital d\u2019Ottawa peut \u00eatre transmise \u00e0 <a href=\"mailto:NCDequipment@toh.ca\">NCDequipment@toh.ca<\/a>.&nbsp;<\/p>\n\n\n\n<h3 class=\"wp-block-heading\">Ressources suppl\u00e9mentaires<\/h3>\n\n\n\n<p>Un compl\u00e9ment d\u2019information peut \u00eatre obtenu aupr\u00e8s d\u2019ApprovisiOntario et du gouvernement de l\u2019Ontario \u00e0 :&nbsp;<\/p>\n\n\n\n<ul class=\"wp-block-list\">\n<li><a href=\"https:\/\/www.ontario.ca\/fr\/page\/faire-affaire-avec-le-gouvernement-de-lontario\">Faire affaire avec le gouvernement de l\u2019Ontario<\/a>&nbsp;<\/li>\n\n\n\n<li><a href=\"https:\/\/www.supplyontario.ca\/fr\/\">ApprovisiOntario<\/a><\/li>\n<\/ul>\n<\/div><\/div>\n\n\n\n<h2 class=\"wp-block-heading\">Avertissement concernant la fraude dans l\u2019approvisionnement<\/h2>\n\n\n\n<p>L\u2019H\u00f4pital d\u2019Ottawa est conscient des activit\u00e9s d\u2019approvisionnement frauduleuses et des escroqueries et nous nous effor\u00e7ons constamment de les pr\u00e9venir. Voici quelques exemples de signes d\u2019activit\u00e9s frauduleuses&nbsp;:<\/p>\n\n\n\n<ul class=\"wp-block-list\">\n<li>Fournisseurs recevant des bons de commande fictifs de personnes pr\u00e9tendant repr\u00e9senter L\u2019H\u00f4pital d\u2019Ottawa<\/li>\n\n\n\n<li>R\u00e9ception de factures fictives sans bon de commande valide<\/li>\n\n\n\n<li>Surfacturation par les fournisseurs<\/li>\n\n\n\n<li>Collusion entre fournisseurs ou entre fournisseurs et employ\u00e9s de l\u2019H\u00f4pital<\/li>\n\n\n\n<li>Trucage d\u2019appels d\u2019offres<\/li>\n\n\n\n<li>Modifications abusives<\/li>\n<\/ul>\n\n\n\n<p><strong>Tous les biens et services achet\u00e9s par L\u2019H\u00f4pital d\u2019Ottawa doivent \u00eatre associ\u00e9s \u00e0 un bon de commande valide.<\/strong><\/p>\n\n\n\n<p>Vous \u00eates t\u00e9moin de quelque chose de suspect? Signalez-le en envoyant un courriel \u00e0 <a href=\"mailto:whistleblower@lho.ca\">whistleblower@lho.ca<\/a>.<\/p>\n\n\n\n<h2 class=\"wp-block-heading\">Plans et entr\u00e9es<\/h2>\n\n\n\n<ul class=\"wp-block-list\">\n<li><a href=\"https:\/\/www.ottawahospital.on.ca\/en\/documents\/2024\/02\/civic-map-pdf.pdf\/\" target=\"_blank\" rel=\"noreferrer noopener\">Plan du Campus Civic<\/a>&nbsp;<\/li>\n\n\n\n<li><a href=\"https:\/\/www.ottawahospital.on.ca\/fr\/general-map-2\/\" target=\"_blank\" rel=\"noreferrer noopener\">Plan du Campus G\u00e9n\u00e9ral<\/a>&nbsp;<\/li>\n\n\n\n<li><a href=\"https:\/\/www.ottawahospital.on.ca\/en\/documents\/2024\/09\/riverside-updated-map.pdf\/\" target=\"_blank\" rel=\"noreferrer noopener\">Plan du Campus Riverside<\/a>&nbsp;<\/li>\n<\/ul>\n\n\n\n<h2 class=\"wp-block-heading\">Nous joindre<\/h2>\n\n\n\n<p>Campus Civic<br>1053, avenue Carling<br>Ottawa (Ontario) &nbsp;K1Y 4E9<br>613 798-5555, poste&nbsp;19966<br><a href=\"mailto:financeinfo@lho.ca\">financeinfo@lho.ca<\/a><\/p>\n","protected":false},"excerpt":{"rendered":"<p>Nous vous remercions de votre int\u00e9r\u00eat \u00e0 faire affaire avec l\u2019H\u00f4pital d\u2019Ottawa. Pour un aper\u00e7u rapide, consultez notre Guide du fournisseur \u2013 Comment faire affaire avec L\u2019H\u00f4pital D\u2019Ottawa. Information importante \u00e0 l\u2019attention de nos fournisseurs et sous-traitants Tous les fournisseurs et leurs repr\u00e9sentants entrant \u00e0 l\u2019h\u00f4pital doivent le faire en utilisant une entr\u00e9e r\u00e9serv\u00e9e au [&hellip;]<\/p>\n","protected":false},"author":25,"featured_media":0,"parent":74,"menu_order":10,"comment_status":"closed","ping_status":"closed","template":"","meta":{"_acf_changed":false,"_mc_calendar":[],"footnotes":""},"class_list":["post-31383","page","type-page","status-publish","hentry"],"acf":[],"wps_subtitle":"","_links":{"self":[{"href":"https:\/\/www.ottawahospital.on.ca\/fr\/wp-json\/wp\/v2\/pages\/31383","targetHints":{"allow":["GET"]}}],"collection":[{"href":"https:\/\/www.ottawahospital.on.ca\/fr\/wp-json\/wp\/v2\/pages"}],"about":[{"href":"https:\/\/www.ottawahospital.on.ca\/fr\/wp-json\/wp\/v2\/types\/page"}],"author":[{"embeddable":true,"href":"https:\/\/www.ottawahospital.on.ca\/fr\/wp-json\/wp\/v2\/users\/25"}],"replies":[{"embeddable":true,"href":"https:\/\/www.ottawahospital.on.ca\/fr\/wp-json\/wp\/v2\/comments?post=31383"}],"version-history":[{"count":2,"href":"https:\/\/www.ottawahospital.on.ca\/fr\/wp-json\/wp\/v2\/pages\/31383\/revisions"}],"predecessor-version":[{"id":278366,"href":"https:\/\/www.ottawahospital.on.ca\/fr\/wp-json\/wp\/v2\/pages\/31383\/revisions\/278366"}],"up":[{"embeddable":true,"href":"https:\/\/www.ottawahospital.on.ca\/fr\/wp-json\/wp\/v2\/pages\/74"}],"wp:attachment":[{"href":"https:\/\/www.ottawahospital.on.ca\/fr\/wp-json\/wp\/v2\/media?parent=31383"}],"curies":[{"name":"wp","href":"https:\/\/api.w.org\/{rel}","templated":true}]}}