{"id":313,"date":"2015-10-02T15:07:00","date_gmt":"2015-10-02T19:07:00","guid":{"rendered":"http:\/\/toh.masm.ca\/fr\/?page_id=313"},"modified":"2017-01-25T09:40:14","modified_gmt":"2017-01-25T14:40:14","slug":"conseils-sur-la-securite-des-patients","status":"publish","type":"page","link":"https:\/\/www.ottawahospital.on.ca\/fr\/qualite-et-securite\/conseils-sur-la-securite-des-patients\/","title":{"rendered":"Conseils sur la s\u00e9curit\u00e9 des patients"},"content":{"rendered":"<div class=\"float-right text-center marginleft10 padding5\" style=\"width: 275px; background-color: #d6e0ec;\">\n<p class=\"paddingtop10 nomargin\"><strong>Conseils pour pr\u00e9venir les chutes<\/strong><\/p>\n<hr \/>\n<p><a href=\"\/fr\/documents\/2017\/01\/areyouatriskforfalls_posterfr.pdf\" target=\"_blank\">Risquez-vous de faire une chute?<\/a><\/p>\n<p><a href=\"\/fr\/documents\/2017\/01\/stayingindependent-checkyourfallriskfr3.pdf\" target=\"_blank\">Maintenez votre autonomie : \u00c9valuez vos risques de chute <\/a><\/p>\n<p><a href=\"\/fr\/documents\/2017\/01\/preventingfalls-safetytipsforpatientsandfamilies_fr.pdf\" target=\"_blank\">Pr\u00e9vention des chutes Renseignements sur la s\u00e9curit\u00e9 pour les patients et leur famille<\/a><\/p>\n<p><a href=\"https:\/\/www.phac-aspc.gc.ca\/seniors-aines\/publications\/public\/injury-blessure\/prevent-eviter\/index-fra.php\" target=\"_blank\">Un guide de pr\u00e9vention des chutes<\/a><\/p>\n<\/div>\n<p>Dans le cadre de son engagement \u00e0 la s\u00e9curit\u00e9 des patients, l\u2019Ontario Hospital Association, en partenariat avec le minist\u00e8re de la Sant\u00e9 et des Soins de longue dur\u00e9e, a r\u00e9cemment lanc\u00e9 la campagne Conseils pratiques sur la s\u00e9curit\u00e9 des patients.<\/p>\n<p>Les patients ont un r\u00f4le important \u00e0 jouer \u00e0 chaque \u00e9tape de leurs soins de sant\u00e9 et les cinq conseils pratiques sur la s\u00e9curit\u00e9 serviront \u00e0 les encourager \u00e0 participer davantage \u00e0 leurs soins de sant\u00e9.<\/p>\n<h2 class=\"text-center\"><a href=\"\/fr\/documents\/2017\/01\/healthcare-beinvolved-f.pdf\" target=\"_blank\">C\u2019est votre sant\u00e9, impliquez-vous!<\/a><\/h2>\n<p>Voici les cinq Conseils pratiques sur la s\u00e9curit\u00e9 des patients :<\/p>\n<ul>\n<li>Impliquez-vous dans vos soins de sant\u00e9. Dites-nous si vous avez des questions ou des pr\u00e9occupations \u00e0 propos des soins qui vous sont donn\u00e9s.<\/li>\n<li>Communiquez \u00e0 un membre de votre \u00e9quipe m\u00e9dicale votre historique, ainsi que les renseignements sur votre \u00e9tat de sant\u00e9 actuel.<\/li>\n<li>Apportez tous vos m\u00e9dicaments avec vous lorsque vous vous rendez \u00e0 l&rsquo;h\u00f4pital ou \u00e0 un rendez-vous m\u00e9dical.<\/li>\n<li>Dites \u00e0 un membre de votre \u00e9quipe m\u00e9dicale si vous avez d\u00e9j\u00e0 souffert d&rsquo;une allergie ou d&rsquo;une mauvaise r\u00e9action \u00e0 un m\u00e9dicament ou un aliment.<\/li>\n<li>Assurez-vous de savoir quoi faire lorsque vous retournez \u00e0 la maison apr\u00e8s votre rendez-vous m\u00e9dical ou votre s\u00e9jour \u00e0 l&rsquo;h\u00f4pital.<\/li>\n<\/ul>\n<p>Pour plus de renseignements sur le programme campagne \u00ab Conseils pratiques sur la s\u00e9curit\u00e9 des patients \u00bb, visitez le site Web de l&rsquo;<a href=\"https:\/\/www.oha.com\/\" target=\"_blank\">Ontario Hospital Association<\/a> (en anglais seulement).<\/p>\n<h2>Prenez votre s\u00e9curit\u00e9 en main\u00a0: Conseils pour les patients et leur famille<\/h2>\n<p>Les patients peuvent faire toutes sortes de petites choses pour que leur exp\u00e9rience des soins soit aussi s\u00e9curitaire que possible.<\/p>\n<p>Les h\u00f4pitaux sont des milieux de gu\u00e9rison, mais ils comportent certains risques pour les patients (p. ex. infections, chutes, erreurs de m\u00e9dication), et ce, malgr\u00e9 tous nos efforts.<\/p>\n<p>Le document \u00a0intitul\u00e9 \u00ab\u00a0<a href=\"\/fr\/documents\/2017\/01\/p1137frenmar2015_r.pdf\" target=\"_blank\">Prenez votre s\u00e9curit\u00e9 en main : Conseils pour les patients et leur famille<\/a> \u00bb offre des conseils utiles pour aider les patients et leur famille \u00e0 rester en s\u00e9curit\u00e9.<\/p>\n<h2>Vid\u00e9o : Les consommateurs&#8230;aider \u00e0 pr\u00e9venir les pr\u00e9judices li\u00e9s \u00e0 la prise des opio\u00efdes!<\/h2>\n<p><iframe class=\"img-responsive\" title=\"Les consommateurs...aider \u00e0 pr\u00e9venir les pr\u00e9judices li\u00e9s \u00e0 la prise des opio\u00efdes! (avec sous-titres)\" src=\"https:\/\/www.youtube.com\/embed\/FNfUrZLUZU8\" width=\"560\" height=\"315\" allowfullscreen=\"allowfullscreen\"><\/iframe><\/p>\n","protected":false},"excerpt":{"rendered":"<p>Conseils pour pr\u00e9venir les chutes Risquez-vous de faire une chute? Maintenez votre autonomie : \u00c9valuez vos risques de chute Pr\u00e9vention des chutes Renseignements sur la s\u00e9curit\u00e9 pour les patients et leur famille Un guide de pr\u00e9vention des chutes Dans le cadre de son engagement \u00e0 la s\u00e9curit\u00e9 des patients, l\u2019Ontario Hospital Association, en partenariat avec [&hellip;]<\/p>\n","protected":false},"author":25,"featured_media":0,"parent":195,"menu_order":5,"comment_status":"closed","ping_status":"closed","template":"","meta":{"_acf_changed":false,"_mc_calendar":[],"footnotes":""},"class_list":["post-313","page","type-page","status-publish","hentry"],"acf":[],"wps_subtitle":"","_links":{"self":[{"href":"https:\/\/www.ottawahospital.on.ca\/fr\/wp-json\/wp\/v2\/pages\/313","targetHints":{"allow":["GET"]}}],"collection":[{"href":"https:\/\/www.ottawahospital.on.ca\/fr\/wp-json\/wp\/v2\/pages"}],"about":[{"href":"https:\/\/www.ottawahospital.on.ca\/fr\/wp-json\/wp\/v2\/types\/page"}],"author":[{"embeddable":true,"href":"https:\/\/www.ottawahospital.on.ca\/fr\/wp-json\/wp\/v2\/users\/25"}],"replies":[{"embeddable":true,"href":"https:\/\/www.ottawahospital.on.ca\/fr\/wp-json\/wp\/v2\/comments?post=313"}],"version-history":[{"count":0,"href":"https:\/\/www.ottawahospital.on.ca\/fr\/wp-json\/wp\/v2\/pages\/313\/revisions"}],"up":[{"embeddable":true,"href":"https:\/\/www.ottawahospital.on.ca\/fr\/wp-json\/wp\/v2\/pages\/195"}],"wp:attachment":[{"href":"https:\/\/www.ottawahospital.on.ca\/fr\/wp-json\/wp\/v2\/media?parent=313"}],"curies":[{"name":"wp","href":"https:\/\/api.w.org\/{rel}","templated":true}]}}