{"id":31232,"date":"2017-11-01T15:40:08","date_gmt":"2017-11-01T19:40:08","guid":{"rendered":"http:\/\/www.ottawahospital.on.ca\/?page_id=31232"},"modified":"2017-11-01T15:41:35","modified_gmt":"2017-11-01T19:41:35","slug":"lhyperparathyroidie-primaire","status":"publish","type":"page","link":"https:\/\/www.ottawahospital.on.ca\/fr\/services-cliniques\/deptpgrmcs\/programmes\/centre-foustanellas-dendocrinologie-et-du-diabete\/pour-les-patients\/maladie-de-la-parathyroide\/lhyperparathyroidie-primaire\/","title":{"rendered":"Hyperparathyro\u00efdie primaire"},"content":{"rendered":"<h2>Qu\u2019est-ce qu\u2019une glande parathyro\u00efde?<\/h2>\n<p>Les 4 glandes parathyro\u00efdes sont situ\u00e9es \u00e0 l\u2019avant du cou, juste derri\u00e8re la glande thyro\u00efde. Elles ont normalement la taille d\u2019un pois et fabriquent l\u2019hormone parathyro\u00efdienne, qui est lib\u00e9r\u00e9e dans le sang. Cette hormone r\u00e9gule le taux de calcium dans le sang en contr\u00f4lant l\u2019absorption par le syst\u00e8me digestif du calcium contenu dans les aliments, la perte de calcium dans l\u2019urine et la lib\u00e9ration de calcium par les os.<\/p>\n<h2>Qu\u2019est-ce que l\u2019hyperparathyro\u00efdie primaire?<\/h2>\n<p>Ce probl\u00e8me de sant\u00e9 se produit lorsqu\u2019au moins une glande parathyro\u00efde grossit et se met \u00e0 produire trop d\u2019hormones parathyro\u00efdiennes. Les taux de calcium dans le sang et l\u2019urine peuvent alors augmenter et causer une perte de calcium dans les os.<\/p>\n<h2>Quels sont les sympt\u00f4mes de l\u2019hyperparathyro\u00efdie primaire?<\/h2>\n<p>Certaines personnes n\u2019ont aucun sympt\u00f4me et la maladie est d\u00e9cel\u00e9e par le taux de calcium dans les analyses de sang. D\u2019autres \u00e9prouvent de la faiblesse ou de la douleur ou peuvent avoir des fractures ou des pierres aux reins.<\/p>\n<h2>Pourquoi ces effets se produisent-ils?<\/h2>\n<p>Si vous faites de l\u2019hyperthyro\u00efdie primaire, vos os lib\u00e8rent plus de calcium qu\u2019ils n\u2019en absorbent, ce qui les affaiblit. Le calcium que lib\u00e8rent vos os fait augmenter le taux de calcium dans votre sang, ce qui explique votre fatigue. Le calcium exc\u00e9dentaire est rejet\u00e9 dans votre urine, ce qui peut causer des pierres aux reins.<\/p>\n<h2>Comment mon m\u00e9decin sait-il quelles glandes parathyro\u00efdes sont anormales?<\/h2>\n<p>Une scintigraphie parathyro\u00efdienne r\u00e9v\u00e8le normalement si des glandes parathyro\u00efdes sont plus grosses que la normale. Toutefois, comme ces glandes sont tr\u00e8s petites, une glande anormale peut passer inaper\u00e7ue \u00e0 cet examen. Au besoin, le m\u00e9decin peut demander d\u2019autres scintigraphies, mais dans certains cas, seule une chirurgie peut permettre de d\u00e9celer une glande anormale.<\/p>\n<h2>Comment l\u2019hyperparathyro\u00efdie se traite-t-elle?<\/h2>\n<p>Habituellement, il est possible de r\u00e9soudre le probl\u00e8me en retirant les glandes anormales par voie chirurgicale. Cependant, si les quatre glandes parathyro\u00efdes sont anormales, le chirurgien laissera une partie d\u2019une glande en place pour qu\u2019elle produise encore un peu d\u2019hormones parathyro\u00efdiennes.<\/p>\n<p>&nbsp;<\/p>\n<p>L\u2019H\u00f4pital d\u2019Ottawa \u2013 Campus Riverside<br \/>\nCentre Foustanellas d\u2019endocrinologie et du diab\u00e8te<br \/>\n2009<\/p>\n","protected":false},"excerpt":{"rendered":"<p>Qu\u2019est-ce qu\u2019une glande parathyro\u00efde? Les 4 glandes parathyro\u00efdes sont situ\u00e9es \u00e0 l\u2019avant du cou, juste derri\u00e8re la glande thyro\u00efde. Elles ont normalement la taille d\u2019un pois et fabriquent l\u2019hormone parathyro\u00efdienne, qui est lib\u00e9r\u00e9e dans le sang. Cette hormone r\u00e9gule le taux de calcium dans le sang en contr\u00f4lant l\u2019absorption par le syst\u00e8me digestif du calcium [&hellip;]<\/p>\n","protected":false},"author":25,"featured_media":0,"parent":31083,"menu_order":0,"comment_status":"closed","ping_status":"closed","template":"","meta":{"_acf_changed":false,"_mc_calendar":[],"footnotes":""},"class_list":["post-31232","page","type-page","status-publish","hentry"],"acf":[],"wps_subtitle":"","_links":{"self":[{"href":"https:\/\/www.ottawahospital.on.ca\/fr\/wp-json\/wp\/v2\/pages\/31232","targetHints":{"allow":["GET"]}}],"collection":[{"href":"https:\/\/www.ottawahospital.on.ca\/fr\/wp-json\/wp\/v2\/pages"}],"about":[{"href":"https:\/\/www.ottawahospital.on.ca\/fr\/wp-json\/wp\/v2\/types\/page"}],"author":[{"embeddable":true,"href":"https:\/\/www.ottawahospital.on.ca\/fr\/wp-json\/wp\/v2\/users\/25"}],"replies":[{"embeddable":true,"href":"https:\/\/www.ottawahospital.on.ca\/fr\/wp-json\/wp\/v2\/comments?post=31232"}],"version-history":[{"count":0,"href":"https:\/\/www.ottawahospital.on.ca\/fr\/wp-json\/wp\/v2\/pages\/31232\/revisions"}],"up":[{"embeddable":true,"href":"https:\/\/www.ottawahospital.on.ca\/fr\/wp-json\/wp\/v2\/pages\/31083"}],"wp:attachment":[{"href":"https:\/\/www.ottawahospital.on.ca\/fr\/wp-json\/wp\/v2\/media?parent=31232"}],"curies":[{"name":"wp","href":"https:\/\/api.w.org\/{rel}","templated":true}]}}