{"id":31214,"date":"2017-11-01T15:00:53","date_gmt":"2017-11-01T19:00:53","guid":{"rendered":"http:\/\/www.ottawahospital.on.ca\/?page_id=31214"},"modified":"2017-11-01T15:08:47","modified_gmt":"2017-11-01T19:08:47","slug":"quoi-faire-avec-votre-appareil-de-surveillance-continue-du-glucose-ou-freestyle-libre-durant-vos-examens-medicaux","status":"publish","type":"page","link":"https:\/\/www.ottawahospital.on.ca\/fr\/services-cliniques\/deptpgrmcs\/programmes\/centre-foustanellas-dendocrinologie-et-du-diabete\/pour-les-patients\/diabete\/quoi-faire-avec-votre-appareil-de-surveillance-continue-du-glucose-ou-freestyle-libre-durant-vos-examens-medicaux\/","title":{"rendered":"Quoi faire avec votre appareil de surveillance continue du glucose ou Freestyle Libre durant vos examens m\u00e9dicaux"},"content":{"rendered":"<p>Vous devez \u00e9viter d\u2019exposer le capteur, le transmetteur, le r\u00e9cepteur et la pompe \u00e0 insuline aux rayonnements (rayons X inclus) et aux champs \u00e9lectromagn\u00e9tiques puissants (p. ex. tomodensitom\u00e9trie, imagerie par r\u00e9sonance magn\u00e9tique).<\/p>\n<h2>Que faire si vous devez passer une radiographie, un examen de tomodensitom\u00e9trie ou d\u2019imagerie par r\u00e9sonance magn\u00e9tique (IRM) ou une autre intervention qui utilise des rayonnements ou des champs \u00e9lectromagn\u00e9tiques puissants?<\/h2>\n<p>Vous devez retirer votre capteur\/transmetteur avant l\u2019examen, puis en ins\u00e9rer un nouveau apr\u00e8s l\u2019examen. Il est possible que vous ayez \u00e0 le faire \u00e0 la maison, car il se peut qu\u2019il n\u2019y ait pas suffisamment de temps et d\u2019espace pour le faire au lieu du test.<\/p>\n<p>Toutes les composantes de votre appareil pourraient \u00eatre endommag\u00e9es par une exposition aux rayonnements ou aux champs \u00e9lectromagn\u00e9tiques puissants.<\/p>\n<h2>Pour obtenir de l\u2019aide ou des r\u00e9ponses \u00e0 vos questions<\/h2>\n<p>Pour toute question concernant votre appareil de surveillance de la glyc\u00e9mie ou votre pompe \u00e0 insuline, appelez le <strong>service de soutien technique du fabricant<\/strong>. Ce service est disponible 24 heures sur 24, 7 jours sur 7. Le num\u00e9ro de t\u00e9l\u00e9phone peut \u00eatre affich\u00e9 \u00e0 l\u2019arri\u00e8re de votre appareil.<\/p>\n<div class=\"table-responsive\">\n<table class=\"table\">\n<tbody>\n<tr>\n<th>Marque\/Appareil<\/th>\n<th>Num\u00e9ro de t\u00e9l\u00e9phone<\/th>\n<\/tr>\n<tr>\n<td>Pompe \u00e0 insuline Animas\/Ping avec Dexcom G4<\/td>\n<td>\n<p>Fran\u00e7ais : 1-866-406-4844<\/p>\n<p>Anglais : 1-877-937-7867<\/td>\n<\/tr>\n<tr>\n<td>Pompe \u00e0 insuline Medtronic Veo ou 630G<\/td>\n<td>1-800-646-4633 ou 1-800-minimed<\/td>\n<\/tr>\n<tr>\n<td>Dexcom G4 et G5<\/td>\n<td>1-844-832-1809<\/td>\n<\/tr>\n<\/tbody>\n<\/table>\n<\/div>\n<p><strong>Appelez votre \u00e9ducateur en diab\u00e8te : <\/strong>la semaine, de 8 h \u00e0 16 h, poste 88333<\/p>\n<p>En cas <strong>d\u2019urgence m\u00e9dicale seulement<\/strong>, apr\u00e8s les heures d\u2019ouverture, composez le <strong>613-761-4221 <\/strong>et <strong>demandez l\u2019endocrinologue de garde <\/strong>pour la clinique du diab\u00e8te. N\u2019appelez pas ce num\u00e9ro pour des questions techniques li\u00e9es \u00e0 votre appareil de surveillance ou votre pompe.<\/p>\n<p>&nbsp;<\/p>\n<p><strong>P1303 (10\/2017)<\/strong><\/p>\n","protected":false},"excerpt":{"rendered":"<p>Vous devez \u00e9viter d\u2019exposer le capteur, le transmetteur, le r\u00e9cepteur et la pompe \u00e0 insuline aux rayonnements (rayons X inclus) et aux champs \u00e9lectromagn\u00e9tiques puissants (p. ex. tomodensitom\u00e9trie, imagerie par r\u00e9sonance magn\u00e9tique). Que faire si vous devez passer une radiographie, un examen de tomodensitom\u00e9trie ou d\u2019imagerie par r\u00e9sonance magn\u00e9tique (IRM) ou une autre intervention qui [&hellip;]<\/p>\n","protected":false},"author":25,"featured_media":0,"parent":31075,"menu_order":16,"comment_status":"closed","ping_status":"closed","template":"","meta":{"_acf_changed":false,"_mc_calendar":[],"footnotes":""},"class_list":["post-31214","page","type-page","status-publish","hentry"],"acf":[],"wps_subtitle":"","_links":{"self":[{"href":"https:\/\/www.ottawahospital.on.ca\/fr\/wp-json\/wp\/v2\/pages\/31214","targetHints":{"allow":["GET"]}}],"collection":[{"href":"https:\/\/www.ottawahospital.on.ca\/fr\/wp-json\/wp\/v2\/pages"}],"about":[{"href":"https:\/\/www.ottawahospital.on.ca\/fr\/wp-json\/wp\/v2\/types\/page"}],"author":[{"embeddable":true,"href":"https:\/\/www.ottawahospital.on.ca\/fr\/wp-json\/wp\/v2\/users\/25"}],"replies":[{"embeddable":true,"href":"https:\/\/www.ottawahospital.on.ca\/fr\/wp-json\/wp\/v2\/comments?post=31214"}],"version-history":[{"count":0,"href":"https:\/\/www.ottawahospital.on.ca\/fr\/wp-json\/wp\/v2\/pages\/31214\/revisions"}],"up":[{"embeddable":true,"href":"https:\/\/www.ottawahospital.on.ca\/fr\/wp-json\/wp\/v2\/pages\/31075"}],"wp:attachment":[{"href":"https:\/\/www.ottawahospital.on.ca\/fr\/wp-json\/wp\/v2\/media?parent=31214"}],"curies":[{"name":"wp","href":"https:\/\/api.w.org\/{rel}","templated":true}]}}