{"id":31201,"date":"2017-11-01T14:29:18","date_gmt":"2017-11-01T18:29:18","guid":{"rendered":"http:\/\/www.ottawahospital.on.ca\/?page_id=31201"},"modified":"2017-11-01T14:29:32","modified_gmt":"2017-11-01T18:29:32","slug":"scintigraphie-du-corps-entier-liode","status":"publish","type":"page","link":"https:\/\/www.ottawahospital.on.ca\/fr\/services-cliniques\/deptpgrmcs\/programmes\/centre-foustanellas-dendocrinologie-et-du-diabete\/pour-les-patients\/les-maladies-thyroidiennes\/scintigraphie-du-corps-entier-liode\/","title":{"rendered":"Scintigraphie du corps entier \u00e0 l\u2019iode"},"content":{"rendered":"<p><strong>Avertissement<\/strong><br \/>\nCe document pr\u00e9sente des renseignements g\u00e9n\u00e9raux. Il ne vise pas \u00e0 remplacer les conseils d\u2019un professionnel qualifi\u00e9. Consultez un professionnel de la sant\u00e9 pour savoir si ces renseignements s\u2019appliquent \u00e0 votre situation.<\/p>\n<p>&nbsp;<\/p>\n<p><strong>Votre m\u00e9decin vous a demand\u00e9 de passer une scintigraphie (scan) du corps entier \u00e0 l\u2019iode. Ce document r\u00e9pondra \u00e0 certaines de vos questions.<\/strong><\/p>\n<h2>Quel est l\u2019objectif de l\u2019examen?<\/h2>\n<p><strong><em>\u00a0<\/em><\/strong>L\u2019examen permettra de d\u00e9tecter s\u2019il reste des traces de tissu thyro\u00efdien dans la r\u00e9gion de votre cou et ailleurs dans votre corps. Votre m\u00e9decin pourra ainsi mieux \u00e9valuer votre \u00e9tat de sant\u00e9.<\/p>\n<h2>En quoi consiste l\u2019examen?<\/h2>\n<p><strong><em>\u00a0<\/em><\/strong>\u00c0 la Division de m\u00e9decine nucl\u00e9aire, un technicien vous donnera une boisson contenant une petite quantit\u00e9 d\u2019iode radioactif. L\u2019iode n\u2019aura aucun go\u00fbt et la quantit\u00e9 de radiation sera tr\u00e8s faible. Vous n\u2019aurez aucune r\u00e9action.<\/p>\n<p>On vous demandera de revenir 48 heures plus tard, le temps de permettre \u00e0 l\u2019iode de bien s\u2019accumuler dans les r\u00e9gions<\/p>\n<p>\u00e0 examiner. On vous demandera alors de vous allonger sur une table d\u2019examen. Une cam\u00e9ra gamma passera lentement au-dessus votre corps, de la t\u00eate jusqu\u2019aux pieds. Il se peut qu\u2019on examine en d\u00e9tail une partie de votre corps et qu\u2019on prenne des images sp\u00e9ciq\ufb01ues.<\/p>\n<p>Le test prend environ 30 minutes. La cam\u00e9ra n\u2019\u00e9met aucune radiation. Elle ne fait que capter les signaux (rayons gamma) \u00e9mis par l\u2019iode radioactif que vous avez bu.<\/p>\n<h2>Est-ce que \u00e7a fera mal?<\/h2>\n<p><strong><em>\u00a0<\/em><\/strong>L\u2019examen ne cause pas de douleur.<\/p>\n<h2>Je suis enceinte ou j\u2019allaite. Puis-je passer cet examen?<\/h2>\n<p>Si vous \u00eates enceinte ou pensez l\u2019\u00eatre, vous devez le dire \u00e0 votre m\u00e9decin ou au personnel de la M\u00e9decine nucl\u00e9aire avant votre rendez-vous. En g\u00e9n\u00e9ral, il faut \u00e9viter toute exposition aux radiations pendant la grossesse. Il se pourrait donc qu\u2019on reporte l\u2019examen apr\u00e8s la \ufb01n de votre grossesse. Si vous allaitez, vous devrez cesser d\u2019allaiter d\u00e9n\ufb01itivement.<\/p>\n<h2>Est-ce que quelqu\u2019un peut m\u2019accompagner?<\/h2>\n<p>Oui, une personne peut vous accompagner le jour o\u00f9 vous buvez le liquide et le jour de l\u2019examen. Il n\u2019y a aucun risque pour cette personne.<\/p>\n<h2>Comment dois-je me pr\u00e9parer?<\/h2>\n<p>Certains m\u00e9dicaments et produits de contraste peuvent fausser les r\u00e9sultats d\u2019examen. Si vous prenez des m\u00e9dicaments<\/p>\n<p>pour la glande thyro\u00efde ou si vous avez r\u00e9cemment eu une radiographie avec colorant (comme une radiographie de la v\u00e9sicule biliaire), veuillez nous en informer.<\/p>\n<h2>La radioactivit\u00e9 de cet examen est-elle dangereuse?<\/h2>\n<p>La quantit\u00e9 de radioactivit\u00e9 \u00e0 laquelle vous \u00eates expos\u00e9 durant l\u2019examen est tr\u00e8s petite et minutieusement surveill\u00e9e. Dans l\u2019ensemble, les avantages d\u2019utiliser cette m\u00e9thode pour \u00e9valuer votre maladie surpassent les risques de la radiation (tr\u00e8s minimes).<\/p>\n<h2>Dois-je suivre d\u2019autres directives apr\u00e8s l\u2019examen?<\/h2>\n<p>L\u2019iode radioactif utilis\u00e9 pour cet examen restera dans votre corps temporairement. Vous \u00e9liminerez surtout par l\u2019urine la majeure partie de l\u2019iode qui ne sera pas absorb\u00e9 par la glande tyro\u00efde dans les jours apr\u00e8s l\u2019examen. De petites quantit\u00e9s pourront aussi s\u2019\u00e9chapper dans votre salive, votre sueur et vos selles.<\/p>\n<p>Vos proches pourraient \u00eatre expos\u00e9s \u00e0 la radiation dans l\u2019iode \u00e9limin\u00e9 par votre corps s\u2019ils restent pr\u00e8s de vous pendant de longues p\u00e9riodes ou s\u2019ils sont en contact avec des objets que vous avez contamin\u00e9 (robinet de la salle de bains, etc.).<\/p>\n<p>Nous n\u2019avons aucune preuve que l\u2019exposition \u00e0 une si petite quantit\u00e9 de radiations peut causer des effets nocifs. Malgr\u00e9 cela, il est pr\u00e9f\u00e9rable de r\u00e9duire au minimum l\u2019exposition \u00e0 l\u2019iode, quelle que soit la quantit\u00e9. Nous vous conseillons donc de suivre les simples pr\u00e9cautions suivantes durant les 4 jours suivant l\u2019examen :<\/p>\n<ol>\n<li>Buvez beaucoup de liquides. Cela vous aidera \u00e0 \u00e9liminer l\u2019iode radioactif plus<\/li>\n<li>\u00c9vitez les baisers, les relations sexuelles et, si possible, dormez<\/li>\n<li>Gardez une distance d\u2019environ 2 m\u00e8tres des enfants et des femmes<\/li>\n<li>Apr\u00e8s \u00eatre all\u00e9 aux toilettes, lavez-vous les mains avec beaucoup d\u2019eau et de<\/li>\n<li>Apr\u00e8s \u00eatre all\u00e9 aux toilettes, tirez la chasse d\u2019eau 3<\/li>\n<li>N\u2019utilisez pas les m\u00eames serviettes et d\u00e9barbouillettes que les<\/li>\n<li>N\u2019allez pas au travail, sauf si vous pouvez prendre ces pr\u00e9cautions au travail et en vous y<\/li>\n<\/ol>\n<p>De plus, si vous \u00eates une femme en \u00e2ge d\u2019avoir des enfants :<\/p>\n<ol>\n<li>\u00c9vitez de devenir enceinte dans les 3 mois qui suivent l\u2019examen.<\/li>\n<li>\u00c9vitez d\u2019allaiter votre b\u00e9b\u00e9 pendant 12<\/li>\n<\/ol>\n<h2>Que ferez-vous avec les r\u00e9sultats de l\u2019examen?<\/h2>\n<p>Le sp\u00e9cialiste en m\u00e9decine nucl\u00e9aire fera un compte rendu des r\u00e9sultats de l\u2019examen et l\u2019enverra \u00e0 votre m\u00e9decin.<\/p>\n<p>Si vous avez des questions, n\u2019h\u00e9sitez pas \u00e0 les poser \u00e0 votre technologue.<\/p>\n<p><strong>P244 (REV 02 \/ 2013)<\/strong><\/p>\n","protected":false},"excerpt":{"rendered":"<p>Avertissement Ce document pr\u00e9sente des renseignements g\u00e9n\u00e9raux. Il ne vise pas \u00e0 remplacer les conseils d\u2019un professionnel qualifi\u00e9. Consultez un professionnel de la sant\u00e9 pour savoir si ces renseignements s\u2019appliquent \u00e0 votre situation. &nbsp; Votre m\u00e9decin vous a demand\u00e9 de passer une scintigraphie (scan) du corps entier \u00e0 l\u2019iode. Ce document r\u00e9pondra \u00e0 certaines de [&hellip;]<\/p>\n","protected":false},"author":25,"featured_media":0,"parent":31091,"menu_order":0,"comment_status":"closed","ping_status":"closed","template":"","meta":{"_acf_changed":false,"_mc_calendar":[],"footnotes":""},"class_list":["post-31201","page","type-page","status-publish","hentry"],"acf":[],"wps_subtitle":"","_links":{"self":[{"href":"https:\/\/www.ottawahospital.on.ca\/fr\/wp-json\/wp\/v2\/pages\/31201","targetHints":{"allow":["GET"]}}],"collection":[{"href":"https:\/\/www.ottawahospital.on.ca\/fr\/wp-json\/wp\/v2\/pages"}],"about":[{"href":"https:\/\/www.ottawahospital.on.ca\/fr\/wp-json\/wp\/v2\/types\/page"}],"author":[{"embeddable":true,"href":"https:\/\/www.ottawahospital.on.ca\/fr\/wp-json\/wp\/v2\/users\/25"}],"replies":[{"embeddable":true,"href":"https:\/\/www.ottawahospital.on.ca\/fr\/wp-json\/wp\/v2\/comments?post=31201"}],"version-history":[{"count":0,"href":"https:\/\/www.ottawahospital.on.ca\/fr\/wp-json\/wp\/v2\/pages\/31201\/revisions"}],"up":[{"embeddable":true,"href":"https:\/\/www.ottawahospital.on.ca\/fr\/wp-json\/wp\/v2\/pages\/31091"}],"wp:attachment":[{"href":"https:\/\/www.ottawahospital.on.ca\/fr\/wp-json\/wp\/v2\/media?parent=31201"}],"curies":[{"name":"wp","href":"https:\/\/api.w.org\/{rel}","templated":true}]}}