{"id":31163,"date":"2017-11-01T11:02:01","date_gmt":"2017-11-01T15:02:01","guid":{"rendered":"http:\/\/www.ottawahospital.on.ca\/?page_id=31163"},"modified":"2021-09-27T14:22:57","modified_gmt":"2021-09-27T18:22:57","slug":"dr-john-brewer","status":"publish","type":"page","link":"https:\/\/www.ottawahospital.on.ca\/fr\/about-us\/notre-equipe-de-direction\/equipe-de-la-haute-direction\/dr-john-brewer\/","title":{"rendered":"Dr John Brewer"},"content":{"rendered":"<div class=\"wp-caption alignleft\" style=\"width: 145px;\"><img decoding=\"async\" class=\"img responsive\" src=\"\/wp-content\/uploads\/2016\/11\/DrJohnBrewer_v2.jpg\" alt=\"Dr. John Brewer\" width=\"135\" height=\"169\" \/><\/p>\n<p class=\"wp-caption-text\"><strong>D<sup>r<\/sup>\u00a0John Brewer<\/strong><br \/>\nChef, D\u00e9partement de m\u00e9decine familiale<\/p>\n<p class=\"wp-caption-text\"><strong>Renseignements<\/strong><br \/>\n613-737-8132<br \/>\n<a href=\"mailto:%20jobrewer@toh.ca\">jobrewer@toh.ca<\/a><\/p>\n<\/div>\n<p>Le D<sup>r<\/sup>\u00a0John Brewer se joint au personnel m\u00e9dical de L\u2019H\u00f4pital d\u2019Ottawa en 2008 \u00e0 titre de directeur m\u00e9dical de l\u2019\u00c9quipe de sant\u00e9 familiale, Campus Civic, et de professeur adjoint du D\u00e9partement de m\u00e9decine familiale de l\u2019Universit\u00e9 d\u2019Ottawa. Il revient ainsi \u00e0 Ottawa avec son \u00e9pouse, la D<sup>re<\/sup>\u00a0Monica Brewer, tous deux ayant fait leurs \u00e9tudes en m\u00e9decine \u00e0 l\u2019Universit\u00e9 d\u2019Ottawa. Dipl\u00f4mes en poche, le couple s\u2019est d\u2019abord \u00e9tabli \u00e0 Saint-Jean, au Nouveau-Brunswick, o\u00f9 le D<sup>r<\/sup> Brewer a assum\u00e9 diverses fonctions administratives, notamment en tant que chef de la m\u00e9decine familiale \u00e0 l\u2019H\u00f4pital Saint-Joseph et pr\u00e9sident de la section du Nouveau-Brunswick du Coll\u00e8ge des m\u00e9decins de famille du Canada. Il a \u00e9t\u00e9 directeur de l\u2019unit\u00e9 d\u2019enseignement en m\u00e9decine familiale \u00e0 Saint-Jean pendant 10\u00a0ans, jusqu\u2019en 2004, et professeur adjoint \u00e0 l\u2019Universit\u00e9 Dalhousie et \u00e0 l\u2019Universit\u00e9 Memorial. Le centre de sant\u00e9 communautaire de Saint-Jean a \u00e9t\u00e9 fond\u00e9 sous sa direction en 2002.<\/p>\n<p>Le D<sup>r<\/sup> Brewer est actuellement directeur m\u00e9dical du D\u00e9partement de m\u00e9decine familiale de L\u2019H\u00f4pital d\u2019Ottawa. Il travaille \u00e9galement sans rel\u00e2che au sein de comit\u00e9s relevant d\u2019entit\u00e9s vari\u00e9es, allant de la Province \u00e0 l\u2019H\u00f4pital. Il si\u00e8ge au Comit\u00e9 consultatif sur l\u2019exercice de la m\u00e9decine familiale du Coll\u00e8ge des m\u00e9decins de famille du Canada et au conseil d\u2019administration du Coll\u00e8ge des m\u00e9decins de famille de l\u2019Ontario. Il participe aussi au comit\u00e9 clinique interdisciplinaire, qui fa\u00e7onne l\u2019\u00e9volution du syst\u00e8me de dossiers de sant\u00e9 \u00e9lectroniques de l\u2019H\u00f4pital et du R\u00e9seau local d\u2019int\u00e9gration des services de sant\u00e9.<\/p>\n<p>Le D<sup>r<\/sup>\u00a0Brewer a re\u00e7u le prix du m\u00e9decin de famille de l\u2019ann\u00e9e du Coll\u00e8ge des m\u00e9decins de famille du Canada en 2005 et le Prix de leadership en m\u00e9decine de l\u2019H\u00f4pital en 2016.<\/p>\n<p>Le D<sup>r<\/sup>\u00a0Brewer et son \u00e9pouse ont trois\u00a0enfants et une petite-fille.<\/p>\n","protected":false},"excerpt":{"rendered":"<p>Dr\u00a0John Brewer Chef, D\u00e9partement de m\u00e9decine familiale Renseignements 613-737-8132 jobrewer@toh.ca Le Dr\u00a0John Brewer se joint au personnel m\u00e9dical de L\u2019H\u00f4pital d\u2019Ottawa en 2008 \u00e0 titre de directeur m\u00e9dical de l\u2019\u00c9quipe de sant\u00e9 familiale, Campus Civic, et de professeur adjoint du D\u00e9partement de m\u00e9decine familiale de l\u2019Universit\u00e9 d\u2019Ottawa. Il revient ainsi \u00e0 Ottawa avec son \u00e9pouse, [&hellip;]<\/p>\n","protected":false},"author":25,"featured_media":0,"parent":4550,"menu_order":0,"comment_status":"closed","ping_status":"closed","template":"","meta":{"_acf_changed":false,"_mc_calendar":[],"footnotes":""},"class_list":["post-31163","page","type-page","status-publish","hentry"],"acf":[],"wps_subtitle":"","_links":{"self":[{"href":"https:\/\/www.ottawahospital.on.ca\/fr\/wp-json\/wp\/v2\/pages\/31163","targetHints":{"allow":["GET"]}}],"collection":[{"href":"https:\/\/www.ottawahospital.on.ca\/fr\/wp-json\/wp\/v2\/pages"}],"about":[{"href":"https:\/\/www.ottawahospital.on.ca\/fr\/wp-json\/wp\/v2\/types\/page"}],"author":[{"embeddable":true,"href":"https:\/\/www.ottawahospital.on.ca\/fr\/wp-json\/wp\/v2\/users\/25"}],"replies":[{"embeddable":true,"href":"https:\/\/www.ottawahospital.on.ca\/fr\/wp-json\/wp\/v2\/comments?post=31163"}],"version-history":[{"count":0,"href":"https:\/\/www.ottawahospital.on.ca\/fr\/wp-json\/wp\/v2\/pages\/31163\/revisions"}],"up":[{"embeddable":true,"href":"https:\/\/www.ottawahospital.on.ca\/fr\/wp-json\/wp\/v2\/pages\/4550"}],"wp:attachment":[{"href":"https:\/\/www.ottawahospital.on.ca\/fr\/wp-json\/wp\/v2\/media?parent=31163"}],"curies":[{"name":"wp","href":"https:\/\/api.w.org\/{rel}","templated":true}]}}