{"id":31075,"date":"2017-10-31T16:16:50","date_gmt":"2017-10-31T20:16:50","guid":{"rendered":"http:\/\/www.ottawahospital.on.ca\/?page_id=31075"},"modified":"2026-01-30T09:50:53","modified_gmt":"2026-01-30T14:50:53","slug":"diabete","status":"publish","type":"page","link":"https:\/\/www.ottawahospital.on.ca\/fr\/services-cliniques\/deptpgrmcs\/programmes\/centre-foustanellas-dendocrinologie-et-du-diabete\/pour-les-patients\/diabete\/","title":{"rendered":"Diab\u00e8te"},"content":{"rendered":"\n<ul class=\"wp-block-list\">\n<li><a href=\"https:\/\/www.ottawahospital.on.ca\/en\/documents\/2017\/01\/log-ef.pdf\/\" target=\"_blank\" rel=\"noopener\">Journal de glyc\u00e9mie<\/a><\/li>\n\n\n\n<li><a href=\"https:\/\/www.ottawahospital.on.ca\/wp-content\/uploads\/2018\/01\/foodlist-cho-f.pdf\" target=\"_blank\" rel=\"noopener\">Teneur en glucides des aliments<\/a><\/li>\n\n\n\n<li><a href=\"\/en?p=23974\" target=\"_blank\" rel=\"noopener\">Surveillance du glucose en continu<\/a><\/li>\n\n\n\n<li><a href=\"https:\/\/www.ottawahospital.on.ca\/en\/documents\/2017\/01\/food-bg-record-day-f.pdf\" target=\"_blank\" rel=\"noopener\">Journal quotidien des repas et de la glyc\u00e9mie<\/a><\/li>\n\n\n\n<li><a href=\"https:\/\/www.ottawahospital.on.ca\/en\/documents\/2025\/12\/le-diabete-de-grossesse-diabete-gestationnel.pdf\/\">Le diab\u00e8te de grossesse (diab\u00e8te gestationnel)<\/a> (Nouveau document)<\/li>\n\n\n\n<li><a href=\"https:\/\/www.ottawahospital.on.ca\/en\/documents\/2017\/01\/conseils-pour-la-conduite-et-le-diabete-fr-2017.pdf\" target=\"_blank\" rel=\"noopener\">Lignes directrices sur la conduite automobile<\/a><\/li>\n\n\n\n<li><a href=\"\/en?p=23975\" target=\"_blank\" rel=\"noopener\">Soins des pieds-Conseils pour les personnes diab\u00e9tiques<\/a><\/li>\n\n\n\n<li><a href=\"https:\/\/www.ottawahospital.on.ca\/en\/documents\/2021\/06\/food-record-glycemia-f-wcag.pdf\" target=\"_blank\" rel=\"noopener\">Journal des repas et de la glyc\u00e9mie<\/a><\/li>\n\n\n\n<li><a href=\"\/en?p=23971\" target=\"_blank\" rel=\"noopener\">Comment obtenir une pompe \u00e0 insuline<\/a><\/li>\n\n\n\n<li><a href=\"\/en?p=23973\" target=\"_blank\" rel=\"noopener\">Pompe \u00e0 insuline pendant un examen m\u00e9dical<\/a><\/li>\n\n\n\n<li><a href=\"\/en?p=23969\" target=\"_blank\" rel=\"noopener\">Pour g\u00e9rer votre diab\u00e8te lorsque vous \u00eates malade-pompe \u00e0 insuline<\/a><\/li>\n\n\n\n<li><a href=\"https:\/\/guidelines.diabetes.ca\/GuideLines\/media\/Docs\/french\/Hypoglycemie-glycemie-trop-basse-chez-l-adulte.pdf\">Hypoglyc\u00e9mie<\/a><\/li>\n\n\n\n<li><a href=\"\/en?p=23955\" target=\"_blank\" rel=\"noopener\">Pour g\u00e9rer votre diab\u00e8te lorsque vous \u00eates malade Diab\u00e8te de type 1<\/a><\/li>\n\n\n\n<li><a href=\"\/en?p=27388\" target=\"_blank\" rel=\"noopener\">Pour g\u00e9rer votre diab\u00e8te lorsque vous \u00eates malade Diab\u00e8te de type 2<\/a><\/li>\n\n\n\n<li><a href=\"\/en?p=23968\" target=\"_blank\" rel=\"noopener\">Planifier une grossesse avec le diab\u00e8te<\/a><\/li>\n\n\n\n<li><a href=\"https:\/\/www.ottawahospital.on.ca\/en\/documents\/2026\/01\/transition-du-jeune-adulte-et-politique-de-soins.pdf\/\">Transition aux soins adultes<\/a> (Nouveau document)<\/li>\n\n\n\n<li><a href=\"\/fr\/services-cliniques\/deptpgrmcs\/programmes\/centre-foustanellas-dendocrinologie-et-du-diabete\/pour-les-patients\/informations-pour-les-patients\/diabete\/surveillance-de-la-glycemie-pendant-votre-hospitalisation\/\">Surveillance de la glyc\u00e9mie pendant votre hospitalisation<\/a><\/li>\n\n\n\n<li><a title=\"Piste de navigation Quoi faire avec votre appareil de surveillance continue du glucose ou Freestyle Libre durant vos examens m\u00e9dicaux\" href=\"https:\/\/www.ottawahospital.on.ca\/fr\/services-cliniques\/deptpgrmcs\/programmes\/centre-foustanellas-dendocrinologie-et-du-diabete\/pour-les-patients\/informations-pour-les-patients\/diabete\/quoi-faire-avec-votre-appareil-de-surveillance-continue-du-glucose-ou-freestyle-libre-durant-vos-examens-medicaux\/\">Quoi faire avec votre appareil de surveillance continue du glucose ou Freestyle Libre durant vos examens m\u00e9dicaux<\/a><\/li>\n<\/ul>\n\n\n\n<p><\/p>\n","protected":false},"excerpt":{"rendered":"","protected":false},"author":25,"featured_media":0,"parent":9544,"menu_order":2,"comment_status":"closed","ping_status":"closed","template":"","meta":{"_acf_changed":false,"_mc_calendar":[],"footnotes":""},"class_list":["post-31075","page","type-page","status-publish","hentry"],"acf":[],"wps_subtitle":"","_links":{"self":[{"href":"https:\/\/www.ottawahospital.on.ca\/fr\/wp-json\/wp\/v2\/pages\/31075","targetHints":{"allow":["GET"]}}],"collection":[{"href":"https:\/\/www.ottawahospital.on.ca\/fr\/wp-json\/wp\/v2\/pages"}],"about":[{"href":"https:\/\/www.ottawahospital.on.ca\/fr\/wp-json\/wp\/v2\/types\/page"}],"author":[{"embeddable":true,"href":"https:\/\/www.ottawahospital.on.ca\/fr\/wp-json\/wp\/v2\/users\/25"}],"replies":[{"embeddable":true,"href":"https:\/\/www.ottawahospital.on.ca\/fr\/wp-json\/wp\/v2\/comments?post=31075"}],"version-history":[{"count":0,"href":"https:\/\/www.ottawahospital.on.ca\/fr\/wp-json\/wp\/v2\/pages\/31075\/revisions"}],"up":[{"embeddable":true,"href":"https:\/\/www.ottawahospital.on.ca\/fr\/wp-json\/wp\/v2\/pages\/9544"}],"wp:attachment":[{"href":"https:\/\/www.ottawahospital.on.ca\/fr\/wp-json\/wp\/v2\/media?parent=31075"}],"curies":[{"name":"wp","href":"https:\/\/api.w.org\/{rel}","templated":true}]}}