{"id":30740,"date":"2020-08-27T15:15:40","date_gmt":"2020-08-27T19:15:40","guid":{"rendered":"http:\/\/www.ottawahospital.on.ca\/?page_id=30740"},"modified":"2020-11-16T13:12:13","modified_gmt":"2020-11-16T18:12:13","slug":"nous-joindre","status":"publish","type":"page","link":"https:\/\/www.ottawahospital.on.ca\/fr\/services-cliniques\/deptpgrmcs\/departements\/imagerie-medicale\/nous-joindre\/","title":{"rendered":"Nous joindre"},"content":{"rendered":"<div class=\"table-responsive\" style=\"font-size: 11px;\">\n<p><!--\n\n\n<tr>\n\n\n<th class=\"text-center\" style=\"text-align: center; color: #295d90;\" colspan=\"3\" scope=\"col\">Renseignements g\u00e9n\u00e9raux sur l\u2019Imagerie m\u00e9dicale<\/th>\n\n\n<\/tr>\n\n\n\n\n<tr>\n\n\n<td width=\"307\">\n\nCampus Civic<\/td>\n\n\n\n\n<td width=\"307\">Du lundi au vendredi\nDe 7 h \u00e0 16 h<\/td>\n\n\n\n\n<td width=\"307\">\n\n613-761-4832<\/td>\n\n\n<\/tr>\n\n\n\n\n<tr>\n\n\n<td width=\"307\">\n\nCampus G\u00e9n\u00e9ral<\/td>\n\n\n\n\n<td width=\"307\">Du lundi au vendredi\nDe 6 h \u00e0 22 h<\/td>\n\n\n\n\n<td width=\"307\">\n\n613-737-8500<\/td>\n\n\n<\/tr>\n\n\n\n\n<tr>\n\n\n<td width=\"307\">\n\nCampus Riverside<\/td>\n\n\n\n\n<td width=\"307\">Du lundi au vendredi\nDe 7 h \u00e0 16 h 30<\/td>\n\n\n\n\n<td width=\"307\">\n\n613-738-8540<\/td>\n\n\n<\/tr>\n\n\n--><\/p>\n<table class=\"text-center table\">\n<tbody>\n<tr>\n<th style=\"background-color: #295d90; color: #fff; text-align: center;\" width=\"307\"><strong>Secteur<\/strong><\/th>\n<th style=\"background-color: #295d90; color: #fff; text-align: center;\" width=\"307\"><strong>Heures d\u2019ouverture<\/strong><\/th>\n<th style=\"background-color: #295d90; color: #fff; text-align: center;\" width=\"307\"><strong>T\u00e9l\u00e9phone<\/strong><\/th>\n<\/tr>\n<tr>\n<td width=\"307\">Bureau central des rendez-vous : Imagerie par r\u00e9sonnance magn\u00e9tique, Tomodensitom\u00e9trie, \u00c9chographie, Radiographie g\u00e9n\u00e9rale, Radiographie interventionnelle, M\u00e9decine nucl\u00e9aire, Imagerie du sein<\/td>\n<td width=\"307\">Du lundi au vendredi<br \/>De 8 h \u00e0 12 h et 13 h \u00e0 16 h\n<p>\u00a0<\/p>\n<p>Fin de semaine : ferm\u00e9<\/p>\n<\/td>\n<td width=\"307\">613-761-4831<\/td>\n<\/tr>\n<\/tbody>\n<\/table>\n<\/div>\n\n\n<p><\/p>\n","protected":false},"excerpt":{"rendered":"<p>Secteur Heures d\u2019ouverture T\u00e9l\u00e9phone Bureau central des rendez-vous : Imagerie par r\u00e9sonnance magn\u00e9tique, Tomodensitom\u00e9trie, \u00c9chographie, Radiographie g\u00e9n\u00e9rale, Radiographie interventionnelle, M\u00e9decine nucl\u00e9aire, Imagerie du sein Du lundi au vendrediDe 8 h \u00e0 12 h et 13 h \u00e0 16 h \u00a0 Fin de semaine : ferm\u00e9 613-761-4831<\/p>\n","protected":false},"author":25,"featured_media":0,"parent":10803,"menu_order":4,"comment_status":"closed","ping_status":"closed","template":"","meta":{"_acf_changed":false,"_mc_calendar":[],"footnotes":""},"class_list":["post-30740","page","type-page","status-publish","hentry"],"acf":[],"wps_subtitle":"","_links":{"self":[{"href":"https:\/\/www.ottawahospital.on.ca\/fr\/wp-json\/wp\/v2\/pages\/30740","targetHints":{"allow":["GET"]}}],"collection":[{"href":"https:\/\/www.ottawahospital.on.ca\/fr\/wp-json\/wp\/v2\/pages"}],"about":[{"href":"https:\/\/www.ottawahospital.on.ca\/fr\/wp-json\/wp\/v2\/types\/page"}],"author":[{"embeddable":true,"href":"https:\/\/www.ottawahospital.on.ca\/fr\/wp-json\/wp\/v2\/users\/25"}],"replies":[{"embeddable":true,"href":"https:\/\/www.ottawahospital.on.ca\/fr\/wp-json\/wp\/v2\/comments?post=30740"}],"version-history":[{"count":0,"href":"https:\/\/www.ottawahospital.on.ca\/fr\/wp-json\/wp\/v2\/pages\/30740\/revisions"}],"up":[{"embeddable":true,"href":"https:\/\/www.ottawahospital.on.ca\/fr\/wp-json\/wp\/v2\/pages\/10803"}],"wp:attachment":[{"href":"https:\/\/www.ottawahospital.on.ca\/fr\/wp-json\/wp\/v2\/media?parent=30740"}],"curies":[{"name":"wp","href":"https:\/\/api.w.org\/{rel}","templated":true}]}}