{"id":30447,"date":"2017-10-06T11:01:49","date_gmt":"2017-10-06T15:01:49","guid":{"rendered":"http:\/\/www.ottawahospital.on.ca\/?page_id=30447"},"modified":"2024-06-25T10:11:48","modified_gmt":"2024-06-25T14:11:48","slug":"programmes-deducation","status":"publish","type":"page","link":"https:\/\/www.ottawahospital.on.ca\/fr\/patients-et-visiteurs\/soutien-et-suivi\/soins-spirituels\/programmes-deducation\/","title":{"rendered":"Programmes d&rsquo;\u00e9ducation"},"content":{"rendered":"<h2>Programme de\u00a0formation clinique en psycho-spirituel (FCP)<\/h2>\n<p><span class=\"ms-rteThemeForeColor-2-0\">Ce programme est g\u00e9n\u00e9ralement reconnu en Am\u00e9rique du Nord et en Grande-Bretagne comme une formation essentielle pour les personnes qui aspirent \u00e0 devenir intervenants en soins spirituels \/ aum\u00f4niers. Le programme est reconnu par l&rsquo;Association canadienne de soins spirituels (ACSS) et donne droit \u00e0 des cr\u00e9dits de formation \u00e0 l&rsquo;Universit\u00e9 Martin Luther.<\/span><\/p>\n<p><span class=\"ms-rteThemeForeColor-2-0\">La m\u00e9thode p\u00e9dagogique du programme est hautement fond\u00e9e sur l&rsquo;exp\u00e9rience et fortement ax\u00e9e sur l&rsquo;intelligence \u00e9motionnelle et l&rsquo;autor\u00e9flexion. Les rencontres avec des patients, des membres du personnel et d&rsquo;autres stagiaires sont autant d&rsquo;occasions d&rsquo;apprendre l&rsquo;art d&rsquo;entamer un dialogue ayant un sens profond et de fournir du soutien avec empathie. Pour ce faire, les stagiaires apprennent \u00e0 travailler \u00e0 partir de la vision du monde selon le patient, en aidant ce dernier \u00e0 exprimer et \u00e0 interpr\u00e9ter son exp\u00e9rience de la maladie selon ses propres valeurs et convictions spirituelles.<\/span><\/p>\n<p><span class=\"ms-rteThemeForeColor-2-0\">Les stagiaires passent la moiti\u00e9 de leur temps avec les patients et l&rsquo;autre moiti\u00e9 en s\u00e9ances didactiques et en interactions supervis\u00e9es en groupe avec leurs pairs. Chaque session de FCP\u00a0exige 400 heures au total, dont 200 heures de service clinique au sein d&rsquo;une \u00e9quipe de soins et 200 heures de s\u00e9ances didactiques et exp\u00e9rientiels de groupe. Une session FCP peut \u00eatre intensive\u00a0: environ 35 heures par semaine pendant 3 mois ou extensive\u00a0: environ 18 heures par semaine pendant 6 mois. Pour en savoir plus sur le programme de FCP et le processus de certification de l&rsquo;ACSS, consultez le site Web de l&rsquo;Association au\u00a0<\/span><a href=\"https:\/\/www.spiritualcare.ca\/\"><span class=\"ms-rteThemeForeColor-2-0\">www.spiritualcare.ca<\/span><\/a><span class=\"ms-rteThemeForeColor-2-0\">.<\/span><\/p>\n<p><span class=\"ms-rteThemeForeColor-2-0\">Prochaines sessions de FCP\u00a0et dates limites pour soumettre une demande\u00a0:<\/span><\/p>\n<div class=\"table-responsible\">\n<table style=\"font-weight: 400;\" data-tablestyle=\"MsoTableGrid\" data-tablelook=\"1184\" aria-rowcount=\"5\">\n<tbody>\n<tr aria-rowindex=\"1\">\n<td data-celllook=\"0\"><b><span data-contrast=\"auto\">Sessions de formation\u00a0<\/span><\/b><span data-ccp-props=\"{}\">\u00a0<\/span><\/td>\n<td data-celllook=\"0\"><b><span data-contrast=\"auto\">Nombre d\u2019heures \/ de jours<\/span><\/b><span data-ccp-props=\"{}\">\u00a0<\/span><\/td>\n<td data-celllook=\"0\"><b><span data-contrast=\"auto\">Dates<\/span><\/b><span data-ccp-props=\"{}\">\u00a0<\/span><\/td>\n<td data-celllook=\"0\"><b><span data-contrast=\"auto\">Date limite pour soumettre une demande<\/span><\/b><span data-ccp-props=\"{}\">\u00a0<\/span><\/td>\n<\/tr>\n<tr aria-rowindex=\"2\">\n<td data-celllook=\"0\"><strong>Le programme de FCP recommencera au printemps 2026<\/strong><\/td>\n<td data-celllook=\"0\"><span data-ccp-props=\"{}\">\u00a0<\/span><\/td>\n<td data-celllook=\"0\"><\/td>\n<td data-celllook=\"0\"><\/td>\n<\/tr>\n<tr aria-rowindex=\"3\">\n<td data-celllook=\"0\"><span data-ccp-props=\"{}\">\u00a0<\/span><\/td>\n<td data-celllook=\"0\"><\/td>\n<td data-celllook=\"0\"><\/td>\n<td data-celllook=\"0\"><\/td>\n<\/tr>\n<tr aria-rowindex=\"4\">\n<td data-celllook=\"256\"><span data-ccp-props=\"{}\">\u00a0<\/span><\/td>\n<td data-celllook=\"256\"><\/td>\n<td data-celllook=\"256\"><\/td>\n<td data-celllook=\"256\"><\/td>\n<\/tr>\n<\/tbody>\n<\/table>\n<\/div>\n<p><span class=\"ms-rteThemeForeColor-2-0\">Tous les stagiaires doivent passer une entrevue individuelle et d\u00e9montrer qu&rsquo;ils sont pr\u00eats \u00e0 entreprendre une introspection et un dialogue interpersonnel au niveau voulu pour apprendre l&rsquo;art et la science des soins spirituels dans un milieu multiconfessionnel. Pour les pr\u00e9requis, cliquez sur le lien suivant avant de soumettre votre demande\u00a0:\u00a0<\/span><strong class=\"ms-rteThemeForeColor-2-0\"><a href=\"https:\/\/theottawahospital.sharepoint.com\/sites\/myHospital\/en\/Dept\/SpiritualCare\/Education-Programs\/Documents\/CPE%20Instructions%20and%20pre-requisites%20Fr%20200513.docx\">Instructions et pr\u00e9requis pour FCP<\/a><\/strong><\/p>\n<p><span class=\"ms-rteThemeForeColor-2-0\">Si vous r\u00e9pondez \u00e0 tous les crit\u00e8res, veuillez t\u00e9l\u00e9charger le formulaire\u00a0<\/span><span class=\"ms-rteThemeForeColor-2-0\"><a href=\"https:\/\/theottawahospital.sharepoint.com\/sites\/myHospital\/en\/Dept\/SpiritualCare\/Education-Programs\/Documents\/CPE%20Application%20fr%20200513.docx\"><strong>Demande d&rsquo;admission au Programme de FCP<\/strong><\/a><\/span><\/p>\n<ul>\n<li>\u200b\u00a0<strong><strong class=\"ms-rteThemeForeColor-2-0\"><a href=\"https:\/\/theottawahospital.sharepoint.com\/sites\/myHospital\/en\/Dept\/SpiritualCare\/Education-Programs\/Documents\/CPE%20Instructions%20and%20pre-requisites%20Fr%20200513.docx\">Instructions et pr\u00e9requis pour la FCP<\/a><\/strong>\u200b<\/strong><\/li>\n<li><a href=\"https:\/\/theottawahospital.sharepoint.com\/sites\/myHospital\/en\/Dept\/SpiritualCare\/Education-Programs\/Documents\/CPE%20Application%20fr%20200513.docx\"><strong>Demande d&rsquo;admission au Programme de FCP<\/strong><\/a><\/li>\n<\/ul>\n<div class=\"card\">\n<h2 class=\"card-header h2-mock\">Renseignements<\/h2>\n<div class=\"card-body\">\n<div class=\"col-md-6\">\n<p><strong>Nicolas El-Kada L.Th., M.A., B.A.<\/strong><br \/>\nPsychoth\u00e9rapeute autoris\u00e9, OPAO<br \/>\nFPC superviseur-\u00e9ducateur certifi\u00e9<br \/>\nCoordonnateur de la pratique professionnelle<br \/>\nProfesseur adjoint<br \/>\nService des soins spirituels<br \/>\nL\u2019H\u00f4pital d\u2019Ottawa<br \/>\n<a href=\"mailto:nelkada@lho.ca\">nelkada@lho.ca<\/a><br \/>\nT\u00e9l: (613) 789-5555 poste: 19027<\/p>\n<\/div>\n<div class=\"col-md-6\">\n<p><strong>Vivian Stang, M.A.<\/strong><br \/>\nPsychoth\u00e9rapeute autoris\u00e9, OPAO<br \/>\nFPC superviseur-\u00e9ducatrice certifi\u00e9e<br \/>\nIntervenant en soins spirituels certifi\u00e9e<br \/>\nService des soins spirituels<br \/>\nL\u2019H\u00f4pital d\u2019Ottawa<br \/>\n<a href=\"mailto:vstang@lho.ca\">vstang@lho.ca<\/a><br \/>\nT\u00e9l: (613) 789-5555 poste: 75455<\/p>\n<\/div>\n<\/div>\n<\/div>\n<h2>Guide sur les services offerts par l\u2019\u00c9quipe d\u2019assistance spirituelle en cas d\u2019urgence (EASU)<\/h2>\n<p>En cas d\u2019urgence ou de catastrophe, divers syst\u00e8mes s\u2019activent pour r\u00e9pondre aux besoins vari\u00e9s qui surgissent. Bien entendu, la s\u00e9curit\u00e9 et les soins m\u00e9dicaux sont prioritaires. Cependant, des \u00e9tudes montrent que les besoins psychosociaux et spirituels sont aussi tr\u00e8s importants et n\u00e9cessitent \u00e9galement une intervention rapide pour une stabilisation imm\u00e9diate et pour faciliter la gu\u00e9rison \u00e0 long terme<a id=\"_ftnref1\" title=\"\" href=\"https:\/\/www.ottawahospital.on.ca\/fr\/patients-et-visiteurs\/soutien-et-suivi\/soins-spirituels\/programmes-deducation\/easu\/#_ftn1\" name=\"_ftnref1\">[1]<\/a>. Dans un h\u00f4pital, le personnel des soins spirituels suffit normalement pour r\u00e9pondre \u00e0 la demande au quotidien. Mais en cas d\u2019urgence ou de catastrophe, l\u2019arriv\u00e9e simultan\u00e9e d\u2019un grand nombre de patients entra\u00eene une surcharge, \u00e0 moins de prendre les mesures n\u00e9cessaires et de mobiliser des fournisseurs de soins spirituels additionnels, s\u00e9lectionn\u00e9s et form\u00e9s d\u2019avance pr\u00eats \u00e0 intervenir. \u00ab Une bonne planification est essentielle pour bien intervenir en situation d\u2019urgence, y compris sur le plan psychosocial (et spirituel) \u00bb<a id=\"_ftnref2\" title=\"\" href=\"https:\/\/www.ottawahospital.on.ca\/fr\/patients-et-visiteurs\/soutien-et-suivi\/soins-spirituels\/programmes-deducation\/easu\/#_ftn2\" name=\"_ftnref2\">[2]<\/a>. C\u2019est pour r\u00e9pondre \u00e0 ce besoin que l\u2019\u00c9quipe d\u2019assistance spirituelle en cas d\u2019urgence (EASU) de L\u2019H\u00f4pital d\u2019Ottawa a \u00e9t\u00e9 cr\u00e9\u00e9e.<\/p>\n<p>L\u2019EASU se compose des aum\u00f4niers de l\u2019H\u00f4pital, de chefs religieux de la communaut\u00e9 et de b\u00e9n\u00e9voles sp\u00e9cialement form\u00e9s pour donner des soins spirituels et qui sont dispos\u00e9s \u00e0 intervenir \u00e0 la demande du gestionnaire du Service des soins spirituels. L\u2019EASU fait partie du plan d\u2019urgence de l\u2019H\u00f4pital. L\u2019H\u00f4pital d\u2019Ottawa estime que le soutien religieux, multiconfessionnel et spirituel fait partie des soins quotidiens aux patients. L\u2019EASU lui permet de renforcer ses services de soins spirituels en mobilisant des ressources additionnelles bien form\u00e9es \u00e0 l\u2019endroit et au moment o\u00f9 on en a le plus besoin.<\/p>\n<p>Le guide de l\u2019EASU pr\u00e9sente la structure, les processus et les fonctions d\u2019une \u00e9quipe de soins spirituels avant, pendant et apr\u00e8s une catastrophe. Il contient notamment des renseignements sur les comit\u00e9s administratifs, le recrutement et la s\u00e9lection de b\u00e9n\u00e9voles, les ateliers de formation, ainsi que la communication entourant une catastrophe. Il d\u00e9crit dans ses grandes lignes la cr\u00e9ation et la mise en place d\u2019une \u00e9quipe d\u2019assistance spirituelle en cas d\u2019urgence dans un h\u00f4pital de n\u2019importe quelle taille en milieu urbain, suburbain, d\u00e9favoris\u00e9 ou rural. Le contenu du guide peut \u00eatre modifi\u00e9 selon les besoins et les ressources de chaque \u00e9tablissement.<\/p>\n<p>Pour obtenir un exemplaire du guide ou plus de renseignements, \u00e9crivez \u00e0\u00a0<a href=\"mailto:easu@lho.ca\">easu@lho.ca<\/a><\/p>\n<hr align=\"left\" size=\"1\" width=\"33%\" \/>\n<div id=\"ftn1\"><a id=\"_ftn1\" title=\"\" href=\"https:\/\/www.ottawahospital.on.ca\/fr\/patients-et-visiteurs\/soutien-et-suivi\/soins-spirituels\/programmes-deducation\/easu\/#_ftnref1\" name=\"_ftn1\">[1]<\/a>\u00a0Harris, J.I., S. Thornton, S. et B. Engdhal. \u00ab The psycho-spiritual impact of disaster \u00bb, dans Brenner G. H., D.H. Bush et J. Moses (dir.).\u00a0<em>Creating Spiritual and Psychological Resilience: Integrating Care in Disaster Relief Work<\/em>, New York, Routledge Taylor &amp; Francis Group, 2010, p. 83-93.<\/div>\n<div id=\"ftn2\"><a id=\"_ftn2\" title=\"\" href=\"https:\/\/www.ottawahospital.on.ca\/fr\/patients-et-visiteurs\/soutien-et-suivi\/soins-spirituels\/programmes-deducation\/easu\/#_ftnref2\" name=\"_ftn2\">[2]<\/a>\u00a02 National Emergency Psychosocial Advisory Consortium<\/div>\n","protected":false},"excerpt":{"rendered":"<p>Programme de\u00a0formation clinique en psycho-spirituel (FCP) Ce programme est g\u00e9n\u00e9ralement reconnu en Am\u00e9rique du Nord et en Grande-Bretagne comme une formation essentielle pour les personnes qui aspirent \u00e0 devenir intervenants en soins spirituels \/ aum\u00f4niers. Le programme est reconnu par l&rsquo;Association canadienne de soins spirituels (ACSS) et donne droit \u00e0 des cr\u00e9dits de formation \u00e0 [&hellip;]<\/p>\n","protected":false},"author":25,"featured_media":0,"parent":5029,"menu_order":5,"comment_status":"closed","ping_status":"closed","template":"","meta":{"_acf_changed":false,"_mc_calendar":[],"footnotes":""},"class_list":["post-30447","page","type-page","status-publish","hentry"],"acf":[],"wps_subtitle":"","_links":{"self":[{"href":"https:\/\/www.ottawahospital.on.ca\/fr\/wp-json\/wp\/v2\/pages\/30447","targetHints":{"allow":["GET"]}}],"collection":[{"href":"https:\/\/www.ottawahospital.on.ca\/fr\/wp-json\/wp\/v2\/pages"}],"about":[{"href":"https:\/\/www.ottawahospital.on.ca\/fr\/wp-json\/wp\/v2\/types\/page"}],"author":[{"embeddable":true,"href":"https:\/\/www.ottawahospital.on.ca\/fr\/wp-json\/wp\/v2\/users\/25"}],"replies":[{"embeddable":true,"href":"https:\/\/www.ottawahospital.on.ca\/fr\/wp-json\/wp\/v2\/comments?post=30447"}],"version-history":[{"count":0,"href":"https:\/\/www.ottawahospital.on.ca\/fr\/wp-json\/wp\/v2\/pages\/30447\/revisions"}],"up":[{"embeddable":true,"href":"https:\/\/www.ottawahospital.on.ca\/fr\/wp-json\/wp\/v2\/pages\/5029"}],"wp:attachment":[{"href":"https:\/\/www.ottawahospital.on.ca\/fr\/wp-json\/wp\/v2\/media?parent=30447"}],"curies":[{"name":"wp","href":"https:\/\/api.w.org\/{rel}","templated":true}]}}