{"id":29965,"date":"2017-09-08T11:33:01","date_gmt":"2017-09-08T15:33:01","guid":{"rendered":"http:\/\/www.ottawahospital.on.ca\/?page_id=29965"},"modified":"2022-06-17T14:27:40","modified_gmt":"2022-06-17T18:27:40","slug":"programme-de-la-transplantation-renal","status":"publish","type":"page","link":"https:\/\/www.ottawahospital.on.ca\/fr\/services-cliniques\/deptpgrmcs\/departements\/nephrologie\/cliniques-et-programmes\/programme-de-la-transplantation-renal\/","title":{"rendered":"Programme de la transplantation r\u00e9nal"},"content":{"rendered":"<h2>Programme de transplantation r\u00e9nale<\/h2>\n<p><strong>Andrea MacDonald<\/strong>, gestionnaire clinique<br \/>\n<strong>Jessica McDougall,<\/strong> responsable des soins cliniques<\/p>\n<h3>Aper\u00e7u<\/h3>\n<p>La transplantation r\u00e9nale demeure le meilleur traitement pour beaucoup de patients ayant une insuffisance r\u00e9nale terminale. La premi\u00e8re transplantation r\u00e9nale \u00e0 Ottawa a eu lieu au Campus Civic en 1966. Nous avons parcouru beaucoup de chemin depuis\u00a0: nous faisons une centaine de transplantations par ann\u00e9e au Campus G\u00e9n\u00e9ral et nous suivons plus de 1\u00a0000\u00a0patients greff\u00e9s du rein au Campus Riverside.<\/p>\n<p>Pr\u00e8s de la moiti\u00e9 de nos patients re\u00e7oivent un rein d\u2019un donneur vivant recrut\u00e9 par notre programme ou jumel\u00e9 par \u00e9change de b\u00e9n\u00e9ficiaires. Notre \u00e9quipe multidisciplinaire chevronn\u00e9e a \u00e0 c\u0153ur le mieux-\u00eatre de nos patients.<\/p>\n<p>Notre \u00e9quipe compte des chefs de file mondiaux de la recherche sur la transplantation r\u00e9nale. Nous offrons aussi aux m\u00e9decins qui veulent devenir n\u00e9phrologue ou chirurgien sp\u00e9cialis\u00e9 en transplantation des programmes de formation agr\u00e9\u00e9s par le Coll\u00e8ge Royal.<\/p>\n<p>Le Programme de don d\u2019organes de personnes vivantes de L\u2019H\u00f4pital d\u2019Ottawa est bien \u00e9tabli. Le don d\u2019organes de personnes vivantes comporte de nombreux avantages pour le receveur\u00a0: moins de temps en dialyse, transplantation mieux r\u00e9ussie et temps voulu pour planifier l\u2019intervention. Les donneurs vivants passent une \u00e9valuation rigoureuse r\u00e9alis\u00e9e par une \u00e9quipe ind\u00e9pendante. L\u2019objectif est de v\u00e9rifier que le don leur convient et nuira le moins possible \u00e0 leur sant\u00e9.<\/p>\n<ul>\n<li><a href=\"\/fr\/services-cliniques\/deptpgrmcs\/programmes\/dons-de-rein\/\">Pour en savoir plus sur notre Programme de dons d\u2019organes de personnes vivantes\u00a0<\/a><\/li>\n<li>Pour parler \u00e0 membre de l\u2019\u00e9quipe du Programme de dons d\u2019organes de personnes vivantes, composez le 613-738-8400, poste\u00a082719<\/li>\n<li>Pour en savoir plus sur le don d\u2019organes en g\u00e9n\u00e9ral, veuillez visiter le site du <a href=\"https:\/\/www.giftoflife.on.ca\/fr\/\" target=\"_blank\" rel=\"noopener\">R\u00e9seau Trillium pour le don de vie<\/a><\/li>\n<\/ul>\n","protected":false},"excerpt":{"rendered":"<p>Programme de transplantation r\u00e9nale Andrea MacDonald, gestionnaire clinique Jessica McDougall, responsable des soins cliniques Aper\u00e7u La transplantation r\u00e9nale demeure le meilleur traitement pour beaucoup de patients ayant une insuffisance r\u00e9nale terminale. La premi\u00e8re transplantation r\u00e9nale \u00e0 Ottawa a eu lieu au Campus Civic en 1966. Nous avons parcouru beaucoup de chemin depuis\u00a0: nous faisons une [&hellip;]<\/p>\n","protected":false},"author":25,"featured_media":0,"parent":11928,"menu_order":0,"comment_status":"closed","ping_status":"closed","template":"","meta":{"_acf_changed":false,"_mc_calendar":[],"footnotes":""},"class_list":["post-29965","page","type-page","status-publish","hentry"],"acf":[],"wps_subtitle":"","_links":{"self":[{"href":"https:\/\/www.ottawahospital.on.ca\/fr\/wp-json\/wp\/v2\/pages\/29965","targetHints":{"allow":["GET"]}}],"collection":[{"href":"https:\/\/www.ottawahospital.on.ca\/fr\/wp-json\/wp\/v2\/pages"}],"about":[{"href":"https:\/\/www.ottawahospital.on.ca\/fr\/wp-json\/wp\/v2\/types\/page"}],"author":[{"embeddable":true,"href":"https:\/\/www.ottawahospital.on.ca\/fr\/wp-json\/wp\/v2\/users\/25"}],"replies":[{"embeddable":true,"href":"https:\/\/www.ottawahospital.on.ca\/fr\/wp-json\/wp\/v2\/comments?post=29965"}],"version-history":[{"count":0,"href":"https:\/\/www.ottawahospital.on.ca\/fr\/wp-json\/wp\/v2\/pages\/29965\/revisions"}],"up":[{"embeddable":true,"href":"https:\/\/www.ottawahospital.on.ca\/fr\/wp-json\/wp\/v2\/pages\/11928"}],"wp:attachment":[{"href":"https:\/\/www.ottawahospital.on.ca\/fr\/wp-json\/wp\/v2\/media?parent=29965"}],"curies":[{"name":"wp","href":"https:\/\/api.w.org\/{rel}","templated":true}]}}