{"id":29956,"date":"2017-09-08T11:10:34","date_gmt":"2017-09-08T15:10:34","guid":{"rendered":"http:\/\/www.ottawahospital.on.ca\/?page_id=29956"},"modified":"2019-01-28T11:11:50","modified_gmt":"2019-01-28T16:11:50","slug":"programme-de-dialyse-domicile","status":"publish","type":"page","link":"https:\/\/www.ottawahospital.on.ca\/fr\/services-cliniques\/deptpgrmcs\/departements\/nephrologie\/cliniques-et-programmes\/programme-de-dialyse-domicile\/","title":{"rendered":"Programme de dialyse \u00e0 domicile"},"content":{"rendered":"<h2>Programme de dialyse \u00e0 domicile<\/h2>\n<p><strong>D<sup>r<\/sup> Brendan Mccormick<\/strong>, directeur m\u00e9dical<\/p>\n<p><strong>Marie Casey<\/strong>, Gestionnaire clinique<\/p>\n<h3>Aper\u00e7u<\/h3>\n<p>Le programme de dialyse \u00e0 domicile de L\u2019H\u00f4pital d\u2019Ottawa est l\u2019un des plus importants en Am\u00e9rique du Nord. Nous formons et appuyons les patients et leur famille qui choisissent une dialyse p\u00e9riton\u00e9ale ou une h\u00e9modialyse \u00e0 domicile. \u00c0 l\u2019heure actuelle, nous avons plus de 220 de ces patients. Notre \u00e9quipe comprend des n\u00e9phrologues, des infirmi\u00e8res, des di\u00e9t\u00e9tistes et des travailleuses sociales. Chaque patient a une infirmi\u00e8re comme gestionnaire de cas attitr\u00e9e et beaucoup re\u00e7oivent tous les jours la visite d\u2019une infirmi\u00e8re \u00e0 domicile. Tous les membres de notre \u00e9quipe de soins favorisent l\u2019autonomie du patient. Les deux types de dialyse \u00e0 domicile favorisent effectivement l\u2019autonomie des patients et leur prise en charge des soins, ce qui contribue \u00e0 am\u00e9liorer leur qualit\u00e9 de vie. La plupart des patients trouvent qu\u2019en recevant leur dialyse p\u00e9riton\u00e9ale ou leur h\u00e9modialyse \u00e0 domicile, ils ont moins de restrictions alimentaires et doivent se d\u00e9placer beaucoup moins pour des rendez-vous.<\/p>\n<p>La forme la plus courante de dialyse \u00e0 domicile est la dialyse p\u00e9riton\u00e9ale. Elle se fait par l\u2019infusion d\u2019un liquide sp\u00e9cial dans l\u2019abdomen \u00e0 l\u2019aide d\u2019une sonde. Ce processus consiste \u00e0 filtrer et \u00e0 nettoyer le sang pour en \u00e9liminer les toxines et \u00e0 retirer des liquides chez les patients atteints d\u2019insuffisance r\u00e9nale. La dialyse p\u00e9riton\u00e9ale est aussi efficace que l\u2019h\u00e9modialyse. Le patient ou un membre de sa famille peut facilement la faire \u00e0 domicile. L\u2019appareil de dialyse p\u00e9riton\u00e9ale \u00e9tant portable, les patients sont m\u00eame libres de partir en voyage ou d\u2019aller \u00e0 un chalet.<\/p>\n<p>\u00c0 la maison, le patient fait lui-m\u00eame l\u2019h\u00e9modialyse \u00e0 l\u2019aide d\u2019un appareil personnel. L\u2019h\u00e9modialyse \u00e0 domicile comporte des avantages importants comparativement \u00e0 l\u2019h\u00e9modialyse conventionnelle (qui se fait 3\u00a0fois par semaine pendant 4\u00a0heures dans un \u00e9tablissement). Les traitements s\u2019adaptent mieux aux besoins et \u00e0 l\u2019horaire du patient. Dans certains cas, l\u2019h\u00e9modialyse peut se faire la nuit pendant que le patient dort, ce qui d\u00e9range moins ses activit\u00e9s le jour. D\u2019autres s\u2019accommodent bien d\u2019un court traitement plusieurs jours par semaine. Les options d\u2019une h\u00e9modialyse \u00e0 domicile plus fr\u00e9quentes\/longues permettent d\u2019am\u00e9liorer la tension art\u00e9rielle et la structure et le fonctionnement cardiaques.<\/p>\n<p>Dans le cadre de notre programme de dialyse \u00e0 domicile, nous menons activement des travaux de recherche centr\u00e9s sur le patient. Les patients peuvent choisir de participer \u00e0 nos diverses \u00e9tudes m\u00e9dicales en cours. De plus, nous attirons des n\u00e9phrologues du monde entier qui viennent recevoir \u00e0 Ottawa une formation sp\u00e9cialis\u00e9e sur la dialyse \u00e0 domicile.<\/p>\n<p>Pour en savoir plus sur notre programme de dialyse \u00e0 domicile, veuillez nous appeler au 613-738-8400, poste\u00a088193.<\/p>\n","protected":false},"excerpt":{"rendered":"<p>Programme de dialyse \u00e0 domicile Dr Brendan Mccormick, directeur m\u00e9dical Marie Casey, Gestionnaire clinique Aper\u00e7u Le programme de dialyse \u00e0 domicile de L\u2019H\u00f4pital d\u2019Ottawa est l\u2019un des plus importants en Am\u00e9rique du Nord. Nous formons et appuyons les patients et leur famille qui choisissent une dialyse p\u00e9riton\u00e9ale ou une h\u00e9modialyse \u00e0 domicile. \u00c0 l\u2019heure actuelle, [&hellip;]<\/p>\n","protected":false},"author":25,"featured_media":0,"parent":11928,"menu_order":0,"comment_status":"closed","ping_status":"closed","template":"","meta":{"_acf_changed":false,"_mc_calendar":[],"footnotes":""},"class_list":["post-29956","page","type-page","status-publish","hentry"],"acf":[],"wps_subtitle":"","_links":{"self":[{"href":"https:\/\/www.ottawahospital.on.ca\/fr\/wp-json\/wp\/v2\/pages\/29956","targetHints":{"allow":["GET"]}}],"collection":[{"href":"https:\/\/www.ottawahospital.on.ca\/fr\/wp-json\/wp\/v2\/pages"}],"about":[{"href":"https:\/\/www.ottawahospital.on.ca\/fr\/wp-json\/wp\/v2\/types\/page"}],"author":[{"embeddable":true,"href":"https:\/\/www.ottawahospital.on.ca\/fr\/wp-json\/wp\/v2\/users\/25"}],"replies":[{"embeddable":true,"href":"https:\/\/www.ottawahospital.on.ca\/fr\/wp-json\/wp\/v2\/comments?post=29956"}],"version-history":[{"count":0,"href":"https:\/\/www.ottawahospital.on.ca\/fr\/wp-json\/wp\/v2\/pages\/29956\/revisions"}],"up":[{"embeddable":true,"href":"https:\/\/www.ottawahospital.on.ca\/fr\/wp-json\/wp\/v2\/pages\/11928"}],"wp:attachment":[{"href":"https:\/\/www.ottawahospital.on.ca\/fr\/wp-json\/wp\/v2\/media?parent=29956"}],"curies":[{"name":"wp","href":"https:\/\/api.w.org\/{rel}","templated":true}]}}