{"id":29931,"date":"2017-09-08T10:19:22","date_gmt":"2017-09-08T14:19:22","guid":{"rendered":"http:\/\/www.ottawahospital.on.ca\/?page_id=29931"},"modified":"2017-11-08T11:33:54","modified_gmt":"2017-11-08T16:33:54","slug":"programme-de-dialyse","status":"publish","type":"page","link":"https:\/\/www.ottawahospital.on.ca\/fr\/services-cliniques\/deptpgrmcs\/departements\/nephrologie\/cliniques-et-programmes\/programme-de-dialyse\/","title":{"rendered":"Programme de dialyse"},"content":{"rendered":"<ul>\n<li><a href=\"#hemodialyseencentrededialyse\">H\u00e9modialyse en centre de dialyse<\/a><\/li>\n<li><a href=\"#hemodialysenocturne\">H\u00e9modialyse nocturne en centre de dialyse<\/a><\/li>\n<\/ul>\n<h2 id=\"hemodialyseencentrededialyse\">H\u00e9modialyse en centre de dialyse<\/h2>\n<p><strong>D<sup>r<\/sup> Pierre Antoine Brown<\/strong>, directeur m\u00e9dical<br \/>\n<strong>Karen Gorle<\/strong>, gestionnaire clinique, campus G\u00e9n\u00e9ral<br \/>\n<strong>Marie Casey,<\/strong> gestionnaire clinique, campus Riverside<br \/>\n<strong>Vanessa McDonald<\/strong>, gestionnaire clinique, campus Civic<\/p>\n<h3>Aper\u00e7u<\/h3>\n<p>L\u2019h\u00e9modialyse est un proc\u00e9d\u00e9 qui permet de filtrer et de nettoyer le sang de toxines (d\u00e9chets) pour les patients dont les reins ne fonctionnent plus. La plupart de ces patients re\u00e7oivent des traitements d\u2019h\u00e9modialyse trois fois par semaine et chaque traitement dure en moyenne quatre heures.<\/p>\n<p>Des services d\u2019h\u00e9modialyse sont offerts 24\u00a0heures sur 24, 7\u00a0jours sur 7, aux campus Civic et G\u00e9n\u00e9ral. Il y a une autre unit\u00e9 d\u2019h\u00e9modialyse pour patients externes au Campus Riverside. Nous sommes engag\u00e9s \u00e0 r\u00e9pondre aux besoins sp\u00e9ciaux des patients ayant une insuffisance r\u00e9nale terminale et de ceux ayant des probl\u00e8mes li\u00e9s aux reins, aux fluides ou aux \u00e9lectrolytes.<\/p>\n<p>Nous avons actuellement plus de 650\u00a0patients en h\u00e9modialyse chronique et plus de 200\u00a0en dialyse chronique \u00e0 domicile, ce qui comprend la dialyse p\u00e9riton\u00e9ale et l\u2019h\u00e9modialyse. Les patients en dialyse \u00e0 domicile peuvent recevoir des traitements d\u2019h\u00e9modialyse le jour et la nuit. Au Campus G\u00e9n\u00e9ral, l\u2019Unit\u00e9 d\u2019h\u00e9modialyse offre aussi un service d\u2019h\u00e9modialyse nocturne sur place.<\/p>\n<p>Cinq unit\u00e9s satellites d\u2019h\u00e9modialyse dans la r\u00e9gion nous permettent d\u2019offrir l\u2019h\u00e9modialyse \u00e0 nos patients dans leur secteur. Ces unit\u00e9s se trouvent \u00e0 Soins continus Bruy\u00e8re, \u00e0 Cornwall, \u00e0 Hawkesbury, \u00e0 l\u2019H\u00f4pital Queensway Carleton et \u00e0 Winchester. Les patients qui re\u00e7oivent des traitements aux unit\u00e9s satellites obtiennent les m\u00eames soins que ceux prodigu\u00e9s dans l\u2019une des trois unit\u00e9s principales de l\u2019H\u00f4pital.<\/p>\n<p>Des membres de la Division de n\u00e9phrologie participent \u00e0 des \u00e9tudes de recherche sur des soins d\u2019h\u00e9modialyse novateurs.<\/p>\n<h3>Pour prendre rendez-vous<\/h3>\n<p>Il y a trois unit\u00e9s d\u2019h\u00e9modialyse ou de dialyse r\u00e9nale \u00e0 L\u2019H\u00f4pital d\u2019Ottawa.<\/p>\n<p>Les unit\u00e9s aux campus G\u00e9n\u00e9ral et Civic offrent des traitements aux patients hospitalis\u00e9s et externes qui font de l\u2019insuffisance r\u00e9nale et qui ont besoin d\u2019h\u00e9modialyse.<\/p>\n<p>L\u2019unit\u00e9 au Campus Riverside et les cinq unit\u00e9s satellites d\u2019h\u00e9modialyse traitent des patients externes dont l\u2019\u00e9tat est stable.<\/p>\n<p><strong>Campus Civic\u00a0:<\/strong> 613-761-4946 (Unit\u00e9\u00a0E6)<\/p>\n<ul>\n<li>Du lundi au samedi, de 6\u00a0h\u00a030 \u00e0 23\u00a0h\u00a030<\/li>\n<\/ul>\n<p><strong>Campus G\u00e9n\u00e9ral\u00a0:<\/strong> 613-737-8194 (Unit\u00e9 de dialyse)<\/p>\n<ul>\n<li>Du lundi au samedi, de 6\u00a0h \u00e0 23\u00a0h\u00a030 (et <a href=\"#hemodialysenocturne\">h\u00e9modialyse nocturne<\/a> sur place)<\/li>\n<\/ul>\n<p><strong>Campus Riverside\u00a0:<\/strong> 613-738-8400, poste\u00a082221 (Unit\u00e9 de dialyse, sous-sol)<\/p>\n<ul>\n<li>Du lundi au samedi, de 6\u00a0h\u00a030 \u00e0 23\u00a0h\u00a030<\/li>\n<\/ul>\n<h2 id=\"hemodialysenocturne\">H\u00e9modialyse nocturne en centre de dialyse<\/h2>\n<p><strong>D<sup>re<\/sup>\u00a0Ann Bugeja<\/strong>, directrice m\u00e9dicale<\/p>\n<h3>Aper\u00e7u<\/h3>\n<p>L\u2019h\u00e9modialyse nocturne en centre de dialyse se fait \u00e0 l\u2019h\u00f4pital pendant la nuit. Les personnes qui b\u00e9n\u00e9ficient d\u2019une dialyse plus longue et qui ne veulent pas faire de dialyse le jour ni la fin de semaine peuvent profiter de la flexibilit\u00e9 de ce service.<\/p>\n","protected":false},"excerpt":{"rendered":"<p>H\u00e9modialyse en centre de dialyse H\u00e9modialyse nocturne en centre de dialyse H\u00e9modialyse en centre de dialyse Dr Pierre Antoine Brown, directeur m\u00e9dical Karen Gorle, gestionnaire clinique, campus G\u00e9n\u00e9ral Marie Casey, gestionnaire clinique, campus Riverside Vanessa McDonald, gestionnaire clinique, campus Civic Aper\u00e7u L\u2019h\u00e9modialyse est un proc\u00e9d\u00e9 qui permet de filtrer et de nettoyer le sang de [&hellip;]<\/p>\n","protected":false},"author":25,"featured_media":0,"parent":11928,"menu_order":0,"comment_status":"closed","ping_status":"closed","template":"","meta":{"_acf_changed":false,"_mc_calendar":[],"footnotes":""},"class_list":["post-29931","page","type-page","status-publish","hentry"],"acf":[],"wps_subtitle":"","_links":{"self":[{"href":"https:\/\/www.ottawahospital.on.ca\/fr\/wp-json\/wp\/v2\/pages\/29931","targetHints":{"allow":["GET"]}}],"collection":[{"href":"https:\/\/www.ottawahospital.on.ca\/fr\/wp-json\/wp\/v2\/pages"}],"about":[{"href":"https:\/\/www.ottawahospital.on.ca\/fr\/wp-json\/wp\/v2\/types\/page"}],"author":[{"embeddable":true,"href":"https:\/\/www.ottawahospital.on.ca\/fr\/wp-json\/wp\/v2\/users\/25"}],"replies":[{"embeddable":true,"href":"https:\/\/www.ottawahospital.on.ca\/fr\/wp-json\/wp\/v2\/comments?post=29931"}],"version-history":[{"count":0,"href":"https:\/\/www.ottawahospital.on.ca\/fr\/wp-json\/wp\/v2\/pages\/29931\/revisions"}],"up":[{"embeddable":true,"href":"https:\/\/www.ottawahospital.on.ca\/fr\/wp-json\/wp\/v2\/pages\/11928"}],"wp:attachment":[{"href":"https:\/\/www.ottawahospital.on.ca\/fr\/wp-json\/wp\/v2\/media?parent=29931"}],"curies":[{"name":"wp","href":"https:\/\/api.w.org\/{rel}","templated":true}]}}