{"id":295,"date":"2015-10-02T14:46:58","date_gmt":"2015-10-02T18:46:58","guid":{"rendered":"http:\/\/toh.masm.ca\/fr\/?page_id=295"},"modified":"2016-09-30T17:10:56","modified_gmt":"2016-09-30T21:10:56","slug":"mettre-en-oeuvre","status":"publish","type":"page","link":"https:\/\/www.ottawahospital.on.ca\/fr\/qualite-et-securite\/mettre-en-oeuvre\/","title":{"rendered":"Mettre en oeuvre"},"content":{"rendered":"<p>\u00c0 L\u2019H\u00f4pital d\u2019Ottawa, la s\u00e9curit\u00e9 des patients fait partie de nos priorit\u00e9s. C\u2019est d\u2019ailleurs l\u2019un des quatre axes de notre Plan de la qualit\u00e9\u00a0:<\/p>\n<ol>\n<li>acc\u00e8s<\/li>\n<li>caract\u00e8re ad\u00e9quat (efficacit\u00e9 et efficience)<\/li>\n<li>s\u00e9curit\u00e9<\/li>\n<li>satisfaction.<\/li>\n<\/ol>\n<p>\u00c0 titre de chef de file dans ce domaine, L\u2019H\u00f4pital d\u2019Ottawa s\u2019efforce d\u2019\u00e9tablir une culture ax\u00e9e sur la s\u00e9curit\u00e9 des patients :<\/p>\n<ul>\n<li>en reconnaissant les nombreux risques et possibilit\u00e9s d\u2019erreur qui caract\u00e9risent ses activit\u00e9s<\/li>\n<li>en cr\u00e9ant un milieu ouvert o\u00f9 l\u2019on peut signaler les erreurs et les quasi-erreurs sans craindre de r\u00e9primandes ou de mesures disciplinaires<\/li>\n<li>en \u00e9tablissant un climat de collaboration \u00e0 tous les \u00e9chelons afin de trouver des solutions et de cr\u00e9er des plans d\u2019action<\/li>\n<li>en manifestant sa volont\u00e9 d\u2019affecter des ressources pour r\u00e9gler les questions de s\u00e9curit\u00e9.<\/li>\n<\/ul>\n<h2>Centre de la s\u00e9curit\u00e9 des patients<\/h2>\n<p>C\u2019est en 2005 que le Centre de la s\u00e9curit\u00e9 des patients a vu le jour \u00e0 L\u2019H\u00f4pital d\u2019Ottawa. Ce centre \u00ab virtuel \u00bb a pour mission d\u2019aider l\u2019H\u00f4pital \u00e0 offrir \u00e0 ses patients les soins les plus s\u00e9curitaires possible. On y propose des m\u00e9thodes de recherche, de formation et d\u2019\u00e9valuation reconnues \u00e0 l\u2019\u00e9chelle du pays.<\/p>\n<p>Le Centre est n\u00e9 de l\u2019engagement ferme de cliniciens et de chercheurs renomm\u00e9s au sein de notre h\u00f4pital et de notre organisme de recherche, l&rsquo;Institut de recherche de l&rsquo;H\u00f4pital d&rsquo;Ottawa, d\u2019am\u00e9liorer la s\u00e9curit\u00e9 des patients \u00e0 l\u2019H\u00f4pital.<\/p>\n","protected":false},"excerpt":{"rendered":"<p>\u00c0 L\u2019H\u00f4pital d\u2019Ottawa, la s\u00e9curit\u00e9 des patients fait partie de nos priorit\u00e9s. C\u2019est d\u2019ailleurs l\u2019un des quatre axes de notre Plan de la qualit\u00e9\u00a0: acc\u00e8s caract\u00e8re ad\u00e9quat (efficacit\u00e9 et efficience) s\u00e9curit\u00e9 satisfaction. \u00c0 titre de chef de file dans ce domaine, L\u2019H\u00f4pital d\u2019Ottawa s\u2019efforce d\u2019\u00e9tablir une culture ax\u00e9e sur la s\u00e9curit\u00e9 des patients : en [&hellip;]<\/p>\n","protected":false},"author":25,"featured_media":0,"parent":195,"menu_order":3,"comment_status":"closed","ping_status":"closed","template":"","meta":{"_acf_changed":false,"_mc_calendar":[],"footnotes":""},"class_list":["post-295","page","type-page","status-publish","hentry"],"acf":[],"wps_subtitle":"","_links":{"self":[{"href":"https:\/\/www.ottawahospital.on.ca\/fr\/wp-json\/wp\/v2\/pages\/295","targetHints":{"allow":["GET"]}}],"collection":[{"href":"https:\/\/www.ottawahospital.on.ca\/fr\/wp-json\/wp\/v2\/pages"}],"about":[{"href":"https:\/\/www.ottawahospital.on.ca\/fr\/wp-json\/wp\/v2\/types\/page"}],"author":[{"embeddable":true,"href":"https:\/\/www.ottawahospital.on.ca\/fr\/wp-json\/wp\/v2\/users\/25"}],"replies":[{"embeddable":true,"href":"https:\/\/www.ottawahospital.on.ca\/fr\/wp-json\/wp\/v2\/comments?post=295"}],"version-history":[{"count":0,"href":"https:\/\/www.ottawahospital.on.ca\/fr\/wp-json\/wp\/v2\/pages\/295\/revisions"}],"up":[{"embeddable":true,"href":"https:\/\/www.ottawahospital.on.ca\/fr\/wp-json\/wp\/v2\/pages\/195"}],"wp:attachment":[{"href":"https:\/\/www.ottawahospital.on.ca\/fr\/wp-json\/wp\/v2\/media?parent=295"}],"curies":[{"name":"wp","href":"https:\/\/api.w.org\/{rel}","templated":true}]}}