{"id":29,"date":"2015-09-07T20:21:37","date_gmt":"2015-09-08T00:21:37","guid":{"rendered":"http:\/\/toh.masm.ca\/fr\/?page_id=29"},"modified":"2023-10-23T16:48:11","modified_gmt":"2023-10-23T20:48:11","slug":"home-fr","status":"publish","type":"page","link":"https:\/\/www.ottawahospital.on.ca\/fr\/","title":{"rendered":"Accueil"},"content":{"rendered":"<div class=\"row1\">\n<div class=\"card-group\">\n<div class=\"col-md-6 col-sm-6 paddingbottom20\">\n<div class=\"card-home text-white text-center\"><img decoding=\"async\" class=\"alignnone wp-image-47475 size-full\" src=\"https:\/\/www.ottawahospital.on.ca\/wp-content\/uploads\/2019\/05\/NewCampus-HomePage.jpg\" alt=\"new campus\" width=\"335\" height=\"208\" srcset=\"https:\/\/www.ottawahospital.on.ca\/wp-content\/uploads\/2019\/05\/NewCampus-HomePage.jpg 335w, https:\/\/www.ottawahospital.on.ca\/wp-content\/uploads\/2019\/05\/NewCampus-HomePage-300x186.jpg 300w\" sizes=\"(max-width: 335px) 100vw, 335px\" \/><\/p>\n<div class=\"ovl\">\n<h2 class=\"card-title-home\">Nouveau campus de<br \/>L\u2019H\u00f4pital d\u2019Ottawa<\/h2>\n<p class=\"card-text\">Inspir\u00e9 par la recherche.<br \/>Guid\u00e9 par la compassion.<\/p>\n<p><a class=\"btn btn-primary\" href=\"https:\/\/mieuxensemble.ca\/\" target=\"_blank\" rel=\"noopener noreferrer\">En savoir plus<\/a><\/p>\n<\/div>\n<\/div>\n<\/div>\n<div class=\"col-md-6 paddingleft10 paddingbottom20 col-sm-6\">\n<div class=\"card-home text-white text-center\"><img decoding=\"async\" class=\"alignnone size-full wp-image-47476\" src=\"https:\/\/www.ottawahospital.on.ca\/wp-content\/uploads\/2019\/05\/MyChart-HomePage.jpg\" alt=\"MyChart\" width=\"335\" height=\"208\" srcset=\"https:\/\/www.ottawahospital.on.ca\/wp-content\/uploads\/2019\/05\/MyChart-HomePage.jpg 335w, https:\/\/www.ottawahospital.on.ca\/wp-content\/uploads\/2019\/05\/MyChart-HomePage-300x186.jpg 300w\" sizes=\"(max-width: 335px) 100vw, 335px\" \/><\/p>\n<div class=\"ovl\">\n<h2 class=\"card-title-home\">MyChart<\/h2>\n<p class=\"card-text\">Branch\u00e9 sur votre sant\u00e9.<\/p>\n<p><a class=\"btn btn-primary\" href=\"\/fr\/patients-et-visiteurs\/mychart\/\" target=\"_blank\" rel=\"noopener noreferrer\">En savoir plus<\/a><\/p>\n<\/div>\n<\/div>\n<\/div>\n<\/div>\n<\/div>\n<div class=\"col-xs-12 col-sm-6 paddingbottom20\"><a href=\"https:\/\/healthierwealthiersmarter.ca\/\" target=\"_blank\" rel=\"noopener noreferrer\"><img decoding=\"async\" class=\"alignnone wp-image-21828 size-full\" src=\"https:\/\/www.ottawahospital.on.ca\/wp-content\/uploads\/2015\/09\/HealthierWealthierSmarter_Banner_small_French.jpg\" alt=\"Plus Sain, Plus Riche, Plus Inform\u00e9 - Les h\u00f4pitaux de recherche facorisent un Ontario en meilleure sant\u00e9, plus riche et plus intelligent\" width=\"335\" height=\"67\" srcset=\"https:\/\/www.ottawahospital.on.ca\/wp-content\/uploads\/2015\/09\/HealthierWealthierSmarter_Banner_small_French.jpg 335w, https:\/\/www.ottawahospital.on.ca\/wp-content\/uploads\/2015\/09\/HealthierWealthierSmarter_Banner_small_French-300x60.jpg 300w\" sizes=\"(max-width: 335px) 100vw, 335px\" \/><\/a><\/div>\n<div class=\"col-xs-12 col-sm-6 paddingleft10 paddingbottom20 adjpaddingmobile\"><a href=\"https:\/\/fondationho.ca\/publications\/liens-vitaux\/\" target=\"_blank\" rel=\"noopener noreferrer\"><img decoding=\"async\" class=\"alignnone wp-image-26883 size-full\" src=\"https:\/\/www.ottawahospital.on.ca\/wp-content\/uploads\/2015\/09\/HomePage_Banners_Newsletter_v1_FR.jpg\" alt=\"Restez en contact et recevez les derni\u00e8res nouvelles et les mises \u00e0 jour dans votre bo\u00eete de r\u00e9ception\" width=\"335\" height=\"67\" srcset=\"https:\/\/www.ottawahospital.on.ca\/wp-content\/uploads\/2015\/09\/HomePage_Banners_Newsletter_v1_FR.jpg 335w, https:\/\/www.ottawahospital.on.ca\/wp-content\/uploads\/2015\/09\/HomePage_Banners_Newsletter_v1_FR-300x60.jpg 300w\" sizes=\"(max-width: 335px) 100vw, 335px\" \/><\/a><\/div>\n<div class=\"col-xs-12 col-sm-6 paddingbottom20\"><a href=\"https:\/\/www.ottawahospital.on.ca\/fr\/bons-voeux-formulaire\/\"><img decoding=\"async\" class=\"alignnone wp-image-10721 size-full\" src=\"https:\/\/www.ottawahospital.on.ca\/wp-content\/uploads\/2015\/09\/HomePage_Banners_Goodwishes_FR.jpg\" alt=\"Envoyez de bons v\u0153eux \u00e0 un proche qui est hospitalis\u00e9\" width=\"335\" height=\"67\" srcset=\"https:\/\/www.ottawahospital.on.ca\/wp-content\/uploads\/2015\/09\/HomePage_Banners_Goodwishes_FR.jpg 335w, https:\/\/www.ottawahospital.on.ca\/wp-content\/uploads\/2015\/09\/HomePage_Banners_Goodwishes_FR-300x60.jpg 300w\" sizes=\"(max-width: 335px) 100vw, 335px\" \/><\/a><\/div>\n<div class=\"col-xs-12 col-sm-6 paddingleft10 paddingbottom20 adjpaddingmobile\"><a href=\"\/fr\/patients-et-visiteurs\/interpretation\/\"><img decoding=\"async\" class=\"alignnone wp-image-53557 size-full\" src=\"https:\/\/www.ottawahospital.on.ca\/wp-content\/uploads\/2020\/06\/177542-ASL-Button.jpg\" alt=\"American Sign Language (ASL)\" width=\"335\" height=\"67\" srcset=\"https:\/\/www.ottawahospital.on.ca\/wp-content\/uploads\/2020\/06\/177542-ASL-Button.jpg 335w, https:\/\/www.ottawahospital.on.ca\/wp-content\/uploads\/2020\/06\/177542-ASL-Button-300x60.jpg 300w\" sizes=\"(max-width: 335px) 100vw, 335px\" \/><\/a><\/div>\n\n\n<p><\/p>\n","protected":false},"excerpt":{"rendered":"<p>Nouveau campus deL\u2019H\u00f4pital d\u2019Ottawa Inspir\u00e9 par la recherche.Guid\u00e9 par la compassion. En savoir plus MyChart Branch\u00e9 sur votre sant\u00e9. En savoir plus<\/p>\n","protected":false},"author":25,"featured_media":0,"parent":0,"menu_order":0,"comment_status":"closed","ping_status":"closed","template":"template_homepage.php","meta":{"_acf_changed":false,"_mc_calendar":[],"footnotes":""},"class_list":["post-29","page","type-page","status-publish","hentry"],"acf":[],"wps_subtitle":"","_links":{"self":[{"href":"https:\/\/www.ottawahospital.on.ca\/fr\/wp-json\/wp\/v2\/pages\/29","targetHints":{"allow":["GET"]}}],"collection":[{"href":"https:\/\/www.ottawahospital.on.ca\/fr\/wp-json\/wp\/v2\/pages"}],"about":[{"href":"https:\/\/www.ottawahospital.on.ca\/fr\/wp-json\/wp\/v2\/types\/page"}],"author":[{"embeddable":true,"href":"https:\/\/www.ottawahospital.on.ca\/fr\/wp-json\/wp\/v2\/users\/25"}],"replies":[{"embeddable":true,"href":"https:\/\/www.ottawahospital.on.ca\/fr\/wp-json\/wp\/v2\/comments?post=29"}],"version-history":[{"count":0,"href":"https:\/\/www.ottawahospital.on.ca\/fr\/wp-json\/wp\/v2\/pages\/29\/revisions"}],"wp:attachment":[{"href":"https:\/\/www.ottawahospital.on.ca\/fr\/wp-json\/wp\/v2\/media?parent=29"}],"curies":[{"name":"wp","href":"https:\/\/api.w.org\/{rel}","templated":true}]}}